{"id":3843,"date":"2022-08-20T09:31:02","date_gmt":"2022-08-20T07:31:02","guid":{"rendered":"http:\/\/tyditiao.com\/domov\/"},"modified":"2025-01-04T16:01:29","modified_gmt":"2025-01-04T14:01:29","slug":"domov","status":"publish","type":"page","link":"http:\/\/tyditiao.com\/cs\/","title":{"rendered":"Domov"},"content":{"rendered":"\n<div class=\"wp-block-cover is-light\" style=\"min-height:240px;aspect-ratio:unset;\"><span aria-hidden=\"true\" class=\"wp-block-cover__background has-background-dim-20 has-background-dim\" style=\"background-color:#b7ad73\"><\/span><img loading=\"lazy\" decoding=\"async\" width=\"1401\" height=\"539\" class=\"wp-block-cover__image-background wp-image-1576\" alt=\"\" src=\"http:\/\/tyditiao.com\/wp-content\/uploads\/2022\/06\/2022-06-13_182159.png\" data-object-fit=\"cover\" srcset=\"http:\/\/tyditiao.com\/wp-content\/uploads\/2022\/06\/2022-06-13_182159.png 1401w, http:\/\/tyditiao.com\/wp-content\/uploads\/2022\/06\/2022-06-13_182159-600x231.png 600w, http:\/\/tyditiao.com\/wp-content\/uploads\/2022\/06\/2022-06-13_182159-300x115.png 300w, http:\/\/tyditiao.com\/wp-content\/uploads\/2022\/06\/2022-06-13_182159-1024x394.png 1024w, http:\/\/tyditiao.com\/wp-content\/uploads\/2022\/06\/2022-06-13_182159-768x295.png 768w, http:\/\/tyditiao.com\/wp-content\/uploads\/2022\/06\/2022-06-13_182159-1320x508.png 1320w\" sizes=\"auto, (max-width: 1401px) 100vw, 1401px\" \/><div class=\"wp-block-cover__inner-container is-layout-constrained wp-block-cover-is-layout-constrained\">\n<div class=\"wp-block-columns is-layout-flex wp-container-core-columns-is-layout-9d6595d7 wp-block-columns-is-layout-flex\">\n<div class=\"wp-block-column is-layout-flow wp-block-column-is-layout-flow\" style=\"flex-basis:25%\"><\/div>\n\n\n\n<div class=\"wp-block-column is-layout-flow wp-block-column-is-layout-flow\" style=\"flex-basis:50%\">\n<div style=\"height:20px\" aria-hidden=\"true\" class=\"wp-block-spacer\"><\/div>\n\n\n\n<p class=\"has-text-align-center custom-style has-text-color has-link-color has-large-font-size wp-elements-89d39e93dbe2463e56135b73ce5afa61\" style=\"color:#ffffff\">Specializujeme se na v\u00fdrobu a prodej r\u016fzn\u00fdch styl\u016f taktick\u00fdch vojensk\u00fdch balistick\u00fdch p\u0159ileb<\/p>\n<\/div>\n\n\n\n<div class=\"wp-block-column is-layout-flow wp-block-column-is-layout-flow\" style=\"flex-basis:25%\"><\/div>\n<\/div>\n<\/div><\/div>\n\n<div style=\"height:50px\" aria-hidden=\"true\" class=\"wp-block-spacer\"><\/div>\n\n<div class=\"wp-block-columns is-layout-flex wp-container-core-columns-is-layout-9d6595d7 wp-block-columns-is-layout-flex\">\n<div class=\"wp-block-column is-layout-flow wp-block-column-is-layout-flow\" style=\"flex-basis:10%\"><\/div>\n\n\n\n<div class=\"wp-block-column is-layout-flow wp-block-column-is-layout-flow\">\n<h2 class=\"wp-block-heading has-text-align-center\">Prod\u00e1v\u00e1me balistick\u00e9 p\u0159ilby<\/h2>\n\n\n\n<figure class=\"wp-block-gallery has-nested-images columns-4 is-cropped wp-block-gallery-1 is-layout-flex wp-block-gallery-is-layout-flex\">\n<figure class=\"wp-block-image size-medium\"><img decoding=\"async\" data-id=\"5154\" src=\"https:\/\/tyditiao.com\/wp-content\/uploads\/2022\/10\/&#x672A;&#x6807;&#x9898;-51-300x300.png\" alt=\"Venkovn&#xED; taktick&#xE1; nepr&#x16F;st&#x159;eln&#xE1; vesta vybaven&#xE1; nepr&#x16F;st&#x159;eln&#xFD;m panelov&#xFD;m displejem\" class=\"wp-image-5154\"\/><\/figure>\n\n\n<figure class=\"wp-block-image size-medium\"><img loading=\"lazy\" decoding=\"async\" width=\"300\" height=\"300\" data-id=\"1343\" src=\"http:\/\/tyditiao.com\/wp-content\/uploads\/2022\/06\/7-300x300.jpg\" alt=\"\" class=\"wp-image-1343\" srcset=\"http:\/\/tyditiao.com\/wp-content\/uploads\/2022\/06\/7-300x300.jpg 300w, http:\/\/tyditiao.com\/wp-content\/uploads\/2022\/06\/7-100x100.jpg 100w, http:\/\/tyditiao.com\/wp-content\/uploads\/2022\/06\/7-600x600.jpg 600w, http:\/\/tyditiao.com\/wp-content\/uploads\/2022\/06\/7-1024x1024.jpg 1024w, http:\/\/tyditiao.com\/wp-content\/uploads\/2022\/06\/7-150x150.jpg 150w, http:\/\/tyditiao.com\/wp-content\/uploads\/2022\/06\/7-768x768.jpg 768w, http:\/\/tyditiao.com\/wp-content\/uploads\/2022\/06\/7.jpg 1200w\" sizes=\"auto, (max-width: 300px) 100vw, 300px\" \/><\/figure>\n\n\n<figure class=\"wp-block-image size-medium\"><img decoding=\"async\" data-id=\"4955\" src=\"https:\/\/tyditiao.com\/wp-content\/uploads\/2022\/10\/&#x672A;&#x6807;&#x9898;-3-300x300.png\" alt=\"NIJ IIIA Celoobli&#x10D;ejov&#xE1; taktick&#xE1; balistick&#xE1; maska &#x200B;&#x200B;&#x2013; sch&#xE9;ma\" class=\"wp-image-4955\"\/><\/figure>\n\n\n<figure class=\"wp-block-image size-medium\"><img decoding=\"async\" data-id=\"5396\" src=\"https:\/\/tyditiao.com\/wp-content\/uploads\/2022\/10\/SICPE&#xFF0C;NIJ-Level-IV&#xFF0C;23MM&#xFF0C;2.5KG-300x300.png\" alt=\"SIC+PE, NIJ Level IV, 23MM, 2,5KG, nepr&#x16F;st&#x159;eln&#xE1; n&#xE1;prsn&#xED; balistick&#xE1; vlo&#x17E;ka, 250X300MM\" class=\"wp-image-5396\"\/><\/figure><\/figure>\n\n\n\n<div style=\"height:50px\" aria-hidden=\"true\" class=\"wp-block-spacer\"><\/div>\n\n\n\n<h2 class=\"wp-block-heading has-text-align-center\">FAQ<\/h2>\n\n\n\n<div style=\"height:30px\" aria-hidden=\"true\" class=\"wp-block-spacer\"><\/div>\n\n\n\n<div class=\"wp-block-columns is-layout-flex wp-container-core-columns-is-layout-9d6595d7 wp-block-columns-is-layout-flex\">\n<div class=\"wp-block-column is-layout-flow wp-block-column-is-layout-flow\">\n<h6 class=\"wp-block-heading\">M\u00e1te fyzickou tov\u00e1rnu?<\/h6>\n\n\n\n<p>Ano!\nM\u00e1me fyzickou tov\u00e1rnu a poskytujeme velkoobchod pro evropsk\u00e9 a americk\u00e9 prodejce p\u0159ileb po dobu 6 let.\nKa\u017ed\u00fd den pos\u00edl\u00e1me velk\u00e9 mno\u017estv\u00ed p\u0159ileb po cel\u00e9m sv\u011bt\u011b a toto je n\u00e1\u0161 tov\u00e1rn\u00ed obchod.  <\/p>\n<\/div>\n\n\n\n<div class=\"wp-block-column is-layout-flow wp-block-column-is-layout-flow\">\n<h6 class=\"wp-block-heading\">Existuje sleva na n\u00e1kup p\u0159\u00edmo z tov\u00e1rny?<\/h6>\n\n\n\n<p>Zad\u00e1n\u00edm objedn\u00e1vky p\u0159\u00edmo z na\u0161ich tov\u00e1rn\u00edch str\u00e1nek m\u016f\u017eete samoz\u0159ejm\u011b u\u0161et\u0159it v\u00edce ne\u017e 20 % oproti prodejn\u00ed cen\u011b prodejce, proto\u017ee \u0161et\u0159\u00ed st\u0159edn\u00ed n\u00e1klady.\nZ\u00e1rove\u0148 tak\u00e9 hodl\u00e1me p\u0159in\u00e1\u0161et zisky koncov\u00fdm spot\u0159ebitel\u016fm, abychom roz\u0161\u00ed\u0159ili rozsah na\u0161eho maloobchodn\u00edho podnik\u00e1n\u00ed. <\/p>\n<\/div>\n<\/div>\n\n\n\n<div class=\"wp-block-columns is-layout-flex wp-container-core-columns-is-layout-9d6595d7 wp-block-columns-is-layout-flex\">\n<div class=\"wp-block-column is-layout-flow wp-block-column-is-layout-flow\">\n<h6 class=\"wp-block-heading\">Jak\u00e1 je cena dopravy za polo\u017eku? Jak brzy to mohu z\u00edskat?<\/h6>\n\n\n\n<p>Poplatky FedEx jsou zahrnuty ve v\u0161ech cen\u00e1ch p\u0159ileb, tak\u017ee nemus\u00edte platit nav\u00edc za dopravu.\nFEDEX Express v\u00e1m m\u016f\u017ee va\u0161i p\u0159ilbu doru\u010dit do 6\u201314 pracovn\u00edch dn\u016f a v\u00e1\u0161 m\u00edstn\u00ed p\u0159epravce Fedex v\u00e1m zavol\u00e1, jakmile bal\u00ed\u010dek doraz\u00ed do va\u0161eho m\u011bsta a za\u0161le v\u00e1m jej p\u0159\u00edmo k v\u00e1m. <\/p>\n<\/div>\n\n\n\n<div class=\"wp-block-column is-layout-flow wp-block-column-is-layout-flow\">\n<h6 class=\"wp-block-heading\">Odkud je objedn\u00e1vka odesl\u00e1na a jsem si jist\u00fd, \u017ee ji obdr\u017e\u00edm?<\/h6>\n\n\n\n<p>Odesl\u00e1n\u00edm z na\u0161eho tov\u00e1rn\u00edho skladu v \u010c\u00edn\u011b jsme prodali velk\u00e9 mno\u017estv\u00ed nepr\u016fst\u0159eln\u00fdch p\u0159ileb do Spojen\u00fdch st\u00e1t\u016f, Polska, N\u011bmecka, Japonska a mnoha dal\u0161\u00edch zem\u00ed, po doru\u010den\u00ed v\u00e1m za\u0161leme sledovac\u00ed \u010d\u00edslo po\u0161tou, m\u016f\u017eete zkontrolovat stav produktu stav odesl\u00e1n\u00ed kdykoli.<\/p>\n<\/div>\n<\/div>\n\n\n\n<div class=\"wp-block-columns is-layout-flex wp-container-core-columns-is-layout-9d6595d7 wp-block-columns-is-layout-flex\">\n<div class=\"wp-block-column is-layout-flow wp-block-column-is-layout-flow\">\n<h6 class=\"wp-block-heading\">Jak zadat objedn\u00e1vku a jak zaplatit<\/h6>\n\n\n\n<p>P\u0159ij\u00edm\u00e1me pouze platby za objedn\u00e1vky p\u0159es Paypal a Western Union. Pokud je\u0161t\u011b nem\u00e1te Paypal, zaregistrujte se zde na www.paypal.com a nakupujte a pla\u0165te bezpe\u010dn\u011b p\u0159es Paypal. Zvol\u00edte-li platbu prost\u0159ednictv\u00edm Western Union, kontaktujte n\u00e1s pro potvrzen\u00ed platebn\u00edch \u00fadaj\u016f.<\/p>\n<\/div>\n\n\n\n<div class=\"wp-block-column is-layout-flow wp-block-column-is-layout-flow\">\n<h6 class=\"wp-block-heading\">Pot\u0159ebuji koupit n\u011bkolik helem sou\u010dasn\u011b, mohu z\u00edskat dal\u0161\u00ed slevu?<\/h6>\n\n\n\n<p>Samoz\u0159ejm\u011b, pokud pot\u0159ebujete v\u00edce ne\u017e 5 helem pro vlastn\u00ed pot\u0159ebu nebo na prodej, kontaktujte n\u00e1s pros\u00edm p\u0159\u00edmo.\nZ\u00edsk\u00e1te lep\u0161\u00ed ceny ne\u017e n\u00e1\u0161 sou\u010dasn\u00fd internetov\u00fd obchod.\nNenechte si to uj\u00edt, u\u0161et\u0159\u00edte t\u00edm spoustu pen\u011bz.  <\/p>\n<\/div>\n<\/div>\n\n\n\n<div style=\"height:50px\" aria-hidden=\"true\" class=\"wp-block-spacer\"><\/div>\n\n\n\n<h2 class=\"wp-block-heading has-text-align-center\">Doprava zdarma do v\u0161ech oblast\u00ed<\/h2>\n\n\n\n<h4 class=\"wp-block-heading has-text-align-center\">oblast doru\u010den\u00ed<\/h4>\n\n\n\n<p class=\"has-text-align-center\"><strong>Evropa:<\/strong> Polsko, Litva, N\u011bmecko, Nizozemsko, Ma\u010farsko, Velk\u00e1 Brit\u00e1nie, Francie, It\u00e1lie, \u0160pan\u011blsko, Rakousko, Belgie, Lucembursko, Irsko, Bulharsko, Chorvatsko, \u010cesk\u00e1 republika, Estonsko, Finsko, Loty\u0161sko, Malta, Portugalsko, Rumunsko, Slovensko, Slovinsko , \u0160v\u00e9dsko, D\u00e1nsko, \u0158ecko, \u0160v\u00fdcarsko, Norsko, Kypr<\/p>\n\n\n\n<p class=\"has-text-align-center\"><strong>Asie:<\/strong> Tchaj-wan, Macao, Hong Kong, Singapur, Malajsie, Thajsko, Vietnam, Filip\u00edny, Izrael, Turecko, Korea, Japonsko, Bahrajn, Sa\u00fadsk\u00e1 Ar\u00e1bie, Libanon, Spojen\u00e9 arabsk\u00e9 emir\u00e1ty<\/p>\n\n\n\n<p class=\"has-text-align-center\"><strong>Severn\u00ed Amerika:<\/strong> Spojen\u00e9 st\u00e1ty americk\u00e9, Kanada, Mexiko<\/p>\n\n\n\n<p class=\"has-text-align-center\"><strong>Ji\u017en\u00ed Amerika:<\/strong> Braz\u00edlie, Chile, Kolumbie<\/p>\n\n\n\n<p class=\"has-text-align-center\"><strong>Oce\u00e1nie:<\/strong> Austr\u00e1lie, Nov\u00fd Z\u00e9land<\/p>\n\n\n\n<p class=\"has-text-align-center\"><strong>Afrika:<\/strong> Ji\u017en\u00ed Afrika<\/p>\n\n\n\n<p class=\"has-text-align-center\"><strong>Nov\u00fd region:<\/strong> Ukrajina (ve sporn\u00e9 oblasti neexistuje \u017e\u00e1dn\u00e1 doru\u010dovac\u00ed slu\u017eba a objedn\u00e1vka bude zru\u0161ena)<\/p>\n\n\n\n<h4 class=\"wp-block-heading has-text-align-center\">doprava zdarma<\/h4>\n\n\n\n<p class=\"has-text-align-center\">Abychom roz\u0161\u00ed\u0159ili rozsah maloobchodn\u00edho trhu, zav\u00e1d\u00edme z\u00e1sady bezplatn\u00e9ho doru\u010den\u00ed pro v\u00fd\u0161e uveden\u00e9 oblasti doru\u010den\u00ed, co\u017e znamen\u00e1, \u017ee nemus\u00edte platit po\u0161tovn\u00e9 nad r\u00e1mec ceny samotn\u00e9ho produktu.<\/p>\n\n\n\n<h4 class=\"wp-block-heading has-text-align-center\">dodac\u00ed lh\u016fta objedn\u00e1vky<\/h4>\n\n\n\n<p class=\"has-text-align-center\"><strong>Doba p\u0159\u00edpravy objedn\u00e1vky:<\/strong> do 1-6 pracovn\u00edch dn\u016f po obdr\u017een\u00ed platby (\u010d\u00edslo n\u00e1kladn\u00edho listu V\u00e1m za\u0161leme po p\u0159ed\u00e1n\u00ed bal\u00edku kur\u00fdrn\u00ed spole\u010dnosti)<\/p>\n\n\n\n<p class=\"has-text-align-center\"><strong>Expresn\u00ed dodac\u00ed lh\u016fta:<\/strong> 6-14 pracovn\u00edch dn\u016f<\/p>\n\n\n\n<div style=\"height:50px\" aria-hidden=\"true\" class=\"wp-block-spacer\"><\/div>\n\n\n\n<h2 class=\"wp-block-heading has-text-align-center\">platit<\/h2>\n\n\n\n<h4 class=\"wp-block-heading has-text-align-center\">Platebn\u00ed metody<\/h4>\n\n\n\n<p class=\"has-text-align-center\">Vstupte na str\u00e1nku pokladny a zapla\u0165te p\u0159edem p\u0159es PAYPAL nebo zapla\u0165te za objedn\u00e1vku prost\u0159ednictv\u00edm Western Union.<\/p>\n\n\n\n<p class=\"has-text-align-center\"><strong>A. P\u0159ejd\u011bte na str\u00e1nku pokladny a zapla\u0165te p\u0159edem p\u0159es PAYPAL<\/strong><br\/>1. P\u0159idejte produkt, kter\u00fd se v\u00e1m l\u00edb\u00ed, do ko\u0161\u00edku<br\/>2. Kliknut\u00edm na tla\u010d\u00edtko ko\u0161\u00edku v prav\u00e9m horn\u00edm rohu zobraz\u00edte a potvrd\u00edte mno\u017estv\u00ed produktu<br\/>3. Kliknut\u00edm na tla\u010d\u00edtko objednat p\u0159ejd\u011bte na str\u00e1nku pokladny, zadejte svou doru\u010dovac\u00ed adresu, e-mailovou adresu a dal\u0161\u00ed informace<br\/>4. Zapla\u0165te \u010d\u00e1stku objedn\u00e1vky p\u0159es PayPal<br\/>5. N\u00e1kup dokon\u010den, \u010dek\u00e1 se na vyzvednut\u00ed zbo\u017e\u00ed<\/p>\n\n\n\n<p class=\"has-text-align-center\"><strong>B. Platba Western Union za va\u0161i objedn\u00e1vku<\/strong><br\/>1. Komunikace prost\u0159ednictv\u00edm e-mailu vy\u017eaduje informace, jako je produkt a mno\u017estv\u00ed a tak\u00e9 adresa vyzvednut\u00ed<br\/>2. P\u0159evod k zaplacen\u00ed \u010d\u00e1stky objedn\u00e1vky<br\/>3. N\u00e1kup dokon\u010den, \u010dek\u00e1 se na vyzvednut\u00ed zbo\u017e\u00ed<\/p>\n\n\n\n<h4 class=\"wp-block-heading has-text-align-center\">Podpora m\u011bny<\/h4>\n\n\n\n<p class=\"has-text-align-center\">M\u016f\u017eeme p\u0159ijmout kteroukoli z n\u00e1sleduj\u00edc\u00edch m\u011bn, tak\u017ee si p\u0159i placen\u00ed m\u016f\u017eete vybrat m\u011bnu, kter\u00e1 v\u00e1m nejl\u00e9pe vyhovuje<\/p>\n\n\n\n<p class=\"has-text-align-center\">Nov\u00fd tchajwansk\u00fd dolar (NT$) \u2013 TWD<br\/>Polsk\u00fd zlot\u00fd (PLN) \u2013 PLN<br\/>Americk\u00fd dolar (US) ($) \u2013 USD<br\/>Libra \u0161terlink\u016f (\u00a3) \u2013 GBP<br\/>Euro (\u20ac) \u2013 EUR<br\/>Japonsk\u00fd jen (\u00a5) \u2013 JPY<br\/>Kanadsk\u00fd dolar ($) &#8211; CAD<br\/>\u010cesk\u00e1 koruna (K\u010d) &#8211; K\u010d<br\/>Mexick\u00e9 peso ($) \u2013 MXN<\/p>\n\n\n\n<div style=\"height:50px\" aria-hidden=\"true\" class=\"wp-block-spacer\"><\/div>\n\n\n\n<h2 class=\"wp-block-heading has-text-align-center\">30denn\u00ed z\u00e1sada vr\u00e1cen\u00ed<\/h2>\n\n\n\n<h4 class=\"wp-block-heading has-text-align-center\">Reklama\u010dn\u00ed \u0159\u00e1d<\/h4>\n\n\n\n<p class=\"has-text-align-center\">M\u00e1me 30denn\u00ed politiku vr\u00e1cen\u00ed, co\u017e znamen\u00e1, \u017ee m\u016f\u017eete po\u017e\u00e1dat o vr\u00e1cen\u00ed do 30 dn\u016f od obdr\u017een\u00ed polo\u017eky.<\/p>\n\n\n\n<p class=\"has-text-align-center\">Abyste m\u011bli n\u00e1rok na vr\u00e1cen\u00ed, mus\u00ed b\u00fdt polo\u017eka ve stejn\u00e9m stavu jako polo\u017eka, kterou jste obdr\u017eeli, neno\u0161en\u00e1 nebo nepou\u017eit\u00e1 a v p\u016fvodn\u00edm obalu.\nD\u00e1le budete pot\u0159ebovat \u00fa\u010dtenku nebo doklad o koupi. <\/p>\n\n\n\n<p class=\"has-text-align-center\">Chcete-li zah\u00e1jit vr\u00e1cen\u00ed, m\u016f\u017eete n\u00e1s kontaktovat na adrese <strong>tyditiao@gmail.com<\/strong>.\nPokud bude va\u0161e vr\u00e1cen\u00ed schv\u00e1leno, za\u0161leme v\u00e1m n\u00e1vratov\u00fd \u0161t\u00edtek s pokyny, jak a kam bal\u00ed\u010dek odeslat.\nPolo\u017eky zaslan\u00e9 zp\u011bt k n\u00e1m bez p\u0159edchoz\u00ed \u017e\u00e1dosti o vr\u00e1cen\u00ed nebudou p\u0159ijaty.  <\/p>\n\n\n\n<p class=\"has-text-align-center\">Pokud se na opl\u00e1tku vyskytne n\u011bjak\u00fd probl\u00e9m, m\u016f\u017eete n\u00e1s kdykoli kontaktovat na adrese <strong>tyditiao@gmail.com<\/strong>.<\/p>\n\n\n\n<h4 class=\"wp-block-heading has-text-align-center\">po\u0161kozen\u00ed a probl\u00e9my<\/h4>\n\n\n\n<p class=\"has-text-align-center\">Zkontrolujte pros\u00edm svou objedn\u00e1vku po jej\u00edm obdr\u017een\u00ed, pokud je polo\u017eka rozbit\u00e1, po\u0161kozen\u00e1 nebo jste obdr\u017eeli nespr\u00e1vnou polo\u017eku, okam\u017eit\u011b (<a href=\"https:\/\/tyditiao.com\/cs\/kontakt\/\">kontaktujte n\u00e1s<\/a>), abychom mohli naj\u00edt probl\u00e9m a okam\u017eit\u011b jej opravit.<\/p>\n\n\n\n<h4 class=\"wp-block-heading has-text-align-center\">v\u00fdm\u011bna<\/h4>\n\n\n\n<p class=\"has-text-align-center\">Nejrychlej\u0161\u00ed zp\u016fsob, jak se ujistit, \u017ee dostanete to, co chcete, je vr\u00e1tit polo\u017eku, kterou m\u00e1te, a po p\u0159ijet\u00ed vr\u00e1cen\u00ed koupit novou polo\u017eku samostatn\u011b.<\/p>\n\n\n\n<h4 class=\"wp-block-heading has-text-align-center\">vr\u00e1tit se<\/h4>\n\n\n\n<p class=\"has-text-align-center\">Jakmile bude va\u0161e vr\u00e1cen\u00e9 zbo\u017e\u00ed p\u0159ijato a zkontrolov\u00e1no, budeme v\u00e1s informovat a refundace bude automaticky vr\u00e1cena p\u016fvodn\u00ed platebn\u00ed metodou.\nM\u016f\u017ee v\u0161ak n\u011bjakou dobu trvat, ne\u017e va\u0161e banka nebo spole\u010dnost vyd\u00e1vaj\u00edc\u00ed kreditn\u00ed kartu zpracuje a provede platbu. <\/p>\n<\/div>\n\n\n\n<div class=\"wp-block-column is-layout-flow wp-block-column-is-layout-flow\" style=\"flex-basis:10%\"><\/div>\n<\/div>\n\n<p><\/p>\n","protected":false},"excerpt":{"rendered":"<p>Prod\u00e1v\u00e1me balistick\u00e9 p\u0159ilby FAQ M\u00e1te fyzickou tov\u00e1rnu? Ano! M\u00e1me fyzickou tov\u00e1rnu a poskytujeme velkoobchod pro evropsk\u00e9 a americk\u00e9 prodejce p\u0159ileb&#8230;<\/p>\n","protected":false},"author":1,"featured_media":0,"parent":0,"menu_order":0,"comment_status":"closed","ping_status":"closed","template":"","meta":{"footnotes":""},"class_list":["post-3843","page","type-page","status-publish","hentry"],"_links":{"self":[{"href":"http:\/\/tyditiao.com\/cs\/wp-json\/wp\/v2\/pages\/3843","targetHints":{"allow":["GET"]}}],"collection":[{"href":"http:\/\/tyditiao.com\/cs\/wp-json\/wp\/v2\/pages"}],"about":[{"href":"http:\/\/tyditiao.com\/cs\/wp-json\/wp\/v2\/types\/page"}],"author":[{"embeddable":true,"href":"http:\/\/tyditiao.com\/cs\/wp-json\/wp\/v2\/users\/1"}],"replies":[{"embeddable":true,"href":"http:\/\/tyditiao.com\/cs\/wp-json\/wp\/v2\/comments?post=3843"}],"version-history":[{"count":15,"href":"http:\/\/tyditiao.com\/cs\/wp-json\/wp\/v2\/pages\/3843\/revisions"}],"predecessor-version":[{"id":16382,"href":"http:\/\/tyditiao.com\/cs\/wp-json\/wp\/v2\/pages\/3843\/revisions\/16382"}],"wp:attachment":[{"href":"http:\/\/tyditiao.com\/cs\/wp-json\/wp\/v2\/media?parent=3843"}],"curies":[{"name":"wp","href":"https:\/\/api.w.org\/{rel}","templated":true}]}}