{"id":5127,"date":"2022-10-11T16:42:26","date_gmt":"2022-10-11T14:42:26","guid":{"rendered":"http:\/\/tyditiao.com\/product\/lehka-balisticka-aramidova-maska-takticka-neprustrelna-celooblicejova-maska-nij-iiia\/"},"modified":"2025-03-17T13:11:57","modified_gmt":"2025-03-17T11:11:57","slug":"balisticka-maska-aramid-nij-iiia-celooblicejova-takticka-neprustrelna-maska","status":"publish","type":"product","link":"http:\/\/tyditiao.com\/cs\/produkt\/balisticka-maska-aramid-nij-iiia-celooblicejova-takticka-neprustrelna-maska\/","title":{"rendered":"lehk\u00e1 balistick\u00e1 aramidov\u00e1 maska, taktick\u00e1 nepr\u016fst\u0159eln\u00e1 celoobli\u010dejov\u00e1 maska \u200b\u200bNIJ IIIA"},"content":{"rendered":"<p>Hmotnost: 0,85 kg<\/p>\n<p>Materi\u00e1l: Aramid<\/p>\n<p>Tlou\u0161\u0165ka: 8 mm siln\u00fd aramid a 1 mm povlak<\/p>\n<p>T\u0159\u00edda ochrany: NIJ 0101.06 \u00farove\u0148 IIIA<\/p>\n<p>Velikost: Jedna velikost padne v\u0161em<\/p>\n<p>Platnost: 5 let<\/p>\n<p>Pou\u017eiteln\u00e9 sc\u00e9n\u00e1\u0159e: ochrana domova, bezpe\u010dnost, policejn\u00ed vybaven\u00ed, skute\u010dn\u00fd boj, cosplay<\/p>\n<p>Slu\u017eba OEM\/ODM je k dispozici na vy\u017e\u00e1d\u00e1n\u00ed<\/p>\n<p>Seznam balen\u00ed: 1x celoobli\u010dejov\u00e1 nepr\u016fst\u0159eln\u00e1 maska<\/p>\n","protected":false},"excerpt":{"rendered":"<p>Chr\u00e1n\u00ed nejd\u016fle\u017eit\u011bj\u0161\u00ed oblasti s minim\u00e1ln\u00ed hmotnost\u00ed: pln\u00e9 zakryt\u00ed obli\u010deje nositele p\u0159i ur\u00e1\u017ece<\/p>\n<p>Materi\u00e1l: Vyrobeno z pokro\u010dil\u00fdch lehk\u00fdch kevlarov\u00fdch vl\u00e1ken, kter\u00e1 jsou 15kr\u00e1t pevn\u011bj\u0161\u00ed ne\u017e ocel, aby se minimalizovalo nebezpe\u010d\u00ed st\u0159ely<\/p>\n<p>Jedine\u010dn\u00fd ergonomick\u00fd design: 6bodov\u00e1 nastaviteln\u00e1 nylonov\u00e1 \u010delenka a extra polstrov\u00e1n\u00ed se hod\u00ed pro jak\u00fdkoli tvar hlavy a zlep\u0161uj\u00ed pohodl\u00ed p\u0159i no\u0161en\u00ed<\/p>\n<p>Pou\u017eiteln\u00e1 pou\u017eit\u00ed: ochrana domova, v\u00fdcvik v ter\u00e9nu, bodyguardi, person\u00e1l zapojen\u00fd do nebezpe\u010dn\u00fdch operac\u00ed v oblastech ciz\u00edch ozbrojen\u00fdch konflikt\u016f, arm\u00e1da, cosplay atd.<\/p>\n","protected":false},"featured_media":4958,"comment_status":"open","ping_status":"closed","template":"","meta":[],"product_brand":[],"product_cat":[201],"product_tag":[],"woo-feed-brand":[50],"class_list":{"0":"post-5127","1":"product","2":"type-product","3":"status-publish","4":"has-post-thumbnail","6":"product_cat-ballistic-mask-cs","7":"product_shipping_class-0-3-kg-cs","8":"woo-feed-brand-tyditiao","10":"first","11":"instock","12":"sale","13":"shipping-taxable","14":"purchasable","15":"product-type-simple"},"_links":{"self":[{"href":"http:\/\/tyditiao.com\/cs\/wp-json\/wp\/v2\/product\/5127","targetHints":{"allow":["GET"]}}],"collection":[{"href":"http:\/\/tyditiao.com\/cs\/wp-json\/wp\/v2\/product"}],"about":[{"href":"http:\/\/tyditiao.com\/cs\/wp-json\/wp\/v2\/types\/product"}],"replies":[{"embeddable":true,"href":"http:\/\/tyditiao.com\/cs\/wp-json\/wp\/v2\/comments?post=5127"}],"wp:featuredmedia":[{"embeddable":true,"href":"http:\/\/tyditiao.com\/cs\/wp-json\/wp\/v2\/media\/4958"}],"wp:attachment":[{"href":"http:\/\/tyditiao.com\/cs\/wp-json\/wp\/v2\/media?parent=5127"}],"wp:term":[{"taxonomy":"product_brand","embeddable":true,"href":"http:\/\/tyditiao.com\/cs\/wp-json\/wp\/v2\/product_brand?post=5127"},{"taxonomy":"product_cat","embeddable":true,"href":"http:\/\/tyditiao.com\/cs\/wp-json\/wp\/v2\/product_cat?post=5127"},{"taxonomy":"product_tag","embeddable":true,"href":"http:\/\/tyditiao.com\/cs\/wp-json\/wp\/v2\/product_tag?post=5127"},{"taxonomy":"woo-feed-brand","embeddable":true,"href":"http:\/\/tyditiao.com\/cs\/wp-json\/wp\/v2\/woo-feed-brand?post=5127"}],"curies":[{"name":"wp","href":"https:\/\/api.w.org\/{rel}","templated":true}]}}