{"id":5128,"date":"2022-10-12T08:35:45","date_gmt":"2022-10-12T06:35:45","guid":{"rendered":"http:\/\/tyditiao.com\/product\/transparentni-balisticka-maska-nij-iiia-odnimatelna-pro-prilby-s-listami-na-obou-stranach\/"},"modified":"2025-03-17T13:12:17","modified_gmt":"2025-03-17T11:12:17","slug":"transparentni-neprustrelna-maska-nij-iiia-odnimatelna-pro-prilbu-s-kolejnice-na-oboustranne-wendy-fast-atd","status":"publish","type":"product","link":"http:\/\/tyditiao.com\/cs\/produkt\/transparentni-neprustrelna-maska-nij-iiia-odnimatelna-pro-prilbu-s-kolejnice-na-oboustranne-wendy-fast-atd\/","title":{"rendered":"Transparentn\u00ed balistick\u00e1 maska \u200b\u200bNIJ IIIA odn\u00edmateln\u00e1 pro p\u0159ilby s li\u0161tami na obou stran\u00e1ch"},"content":{"rendered":"<p>Odn\u00edmateln\u00e1 balistick\u00e1 maska \u200b\u200bje nov\u00e1 balistick\u00e1 maska \u200b\u200bt\u0159\u00eddy IIIA, kter\u00e1 se p\u0159ipev\u0148uje k balistick\u00e9 p\u0159ilb\u011b.<\/p>\n<p>Tento produkt je vhodn\u00fd pro p\u0159ilby s kolejnicemi na obou stran\u00e1ch. Nap\u0159\u00edklad: WENDY, FAST atd.<\/p>\n<p>T\u0159\u00edda ochrany: \u00farove\u0148 NIJ IIIA<\/p>\n<p>Hmotnost: 1,50 kg (3,31 lb)<\/p>\n<p>Materi\u00e1l: PC, PMMA atd.<\/p>\n<p>Velikost: 350 mm (L) * 145 mm (H)<\/p>\n<p>Tlou\u0161\u0165ka masky: 22 mm<\/p>\n<p>Jas: 83,9 %<\/p>\n<p>Platnost: 5 let<\/p>\n<p>Pokud pot\u0159ebujete nepr\u016fst\u0159elnou p\u0159ilbu, p\u0159ejd\u011bte do na\u0161eho obchodu a zakupte si ji. D\u00edk!<\/p>\n<p>Podrobnosti o balen\u00ed: 1 * Nepr\u016fst\u0159eln\u00fd obli\u010dejov\u00fd \u0161t\u00edt (p\u0159ilba nen\u00ed sou\u010d\u00e1st\u00ed dod\u00e1vky)<\/p>\n","protected":false},"excerpt":{"rendered":"<p>Hlavn\u00ed materi\u00e1l je vyroben z vysoce kvalitn\u00ed pr\u016fhledn\u00e9 polykarbon\u00e1tov\u00e9 prysky\u0159ice PC a kompozitu sendvi\u010dov\u00e9ho typu akrylov\u00e9 desky, s vysok\u00fdm rozli\u0161en\u00edm, bez rozst\u0159iku, dobr\u00fdm nepr\u016fst\u0159eln\u00fdm efektem<\/p>\n<p>Dr\u017e\u00e1k nepr\u016fst\u0159eln\u00e9 masky je vyroben z oceli a vysoce pevn\u00fdch materi\u00e1l\u016f, kter\u00e9 lze stabiln\u011b nastavit do r\u016fzn\u00fdch \u00fahl\u016f<\/p>\n<p>Hluboce spolupracujeme s poskytovateli logistiky a m\u016f\u017eeme zaru\u010dit dod\u00e1n\u00ed zbo\u017e\u00ed t\u00e9m\u011b\u0159 do ka\u017ed\u00e9 zem\u011b a regionu a ve\u0161ker\u00e9 zbo\u017e\u00ed objednan\u00e9 na na\u0161ich tov\u00e1rn\u00edch webov\u00fdch str\u00e1nk\u00e1ch je bez po\u0161tovn\u00e9ho<\/p>\n","protected":false},"featured_media":5034,"comment_status":"open","ping_status":"closed","template":"","meta":[],"product_brand":[],"product_cat":[201],"product_tag":[],"woo-feed-brand":[50],"class_list":{"0":"post-5128","1":"product","2":"type-product","3":"status-publish","4":"has-post-thumbnail","6":"product_cat-ballistic-mask-cs","7":"product_shipping_class-0-3-kg-cs","8":"woo-feed-brand-tyditiao","10":"first","11":"instock","12":"sale","13":"shipping-taxable","14":"purchasable","15":"product-type-simple"},"_links":{"self":[{"href":"http:\/\/tyditiao.com\/cs\/wp-json\/wp\/v2\/product\/5128","targetHints":{"allow":["GET"]}}],"collection":[{"href":"http:\/\/tyditiao.com\/cs\/wp-json\/wp\/v2\/product"}],"about":[{"href":"http:\/\/tyditiao.com\/cs\/wp-json\/wp\/v2\/types\/product"}],"replies":[{"embeddable":true,"href":"http:\/\/tyditiao.com\/cs\/wp-json\/wp\/v2\/comments?post=5128"}],"wp:featuredmedia":[{"embeddable":true,"href":"http:\/\/tyditiao.com\/cs\/wp-json\/wp\/v2\/media\/5034"}],"wp:attachment":[{"href":"http:\/\/tyditiao.com\/cs\/wp-json\/wp\/v2\/media?parent=5128"}],"wp:term":[{"taxonomy":"product_brand","embeddable":true,"href":"http:\/\/tyditiao.com\/cs\/wp-json\/wp\/v2\/product_brand?post=5128"},{"taxonomy":"product_cat","embeddable":true,"href":"http:\/\/tyditiao.com\/cs\/wp-json\/wp\/v2\/product_cat?post=5128"},{"taxonomy":"product_tag","embeddable":true,"href":"http:\/\/tyditiao.com\/cs\/wp-json\/wp\/v2\/product_tag?post=5128"},{"taxonomy":"woo-feed-brand","embeddable":true,"href":"http:\/\/tyditiao.com\/cs\/wp-json\/wp\/v2\/woo-feed-brand?post=5128"}],"curies":[{"name":"wp","href":"https:\/\/api.w.org\/{rel}","templated":true}]}}