{"id":5722,"date":"2022-10-18T05:26:18","date_gmt":"2022-10-18T03:26:18","guid":{"rendered":"http:\/\/tyditiao.com\/product\/vnejsi-takticka-rychloupinaci-vesta-cs-takticka-vesta-s-neprustrelnym-platem-2xpe-iiia-10x12\/"},"modified":"2025-03-17T13:12:32","modified_gmt":"2025-03-17T11:12:32","slug":"zewnetrzna-takticka-vesta-s-rychloupinaci-takticka-vesta-cs-s-neprustrelnym-platem-2xpe-iiia-10x12","status":"publish","type":"product","link":"http:\/\/tyditiao.com\/cs\/produkt\/zewnetrzna-takticka-vesta-s-rychloupinaci-takticka-vesta-cs-s-neprustrelnym-platem-2xpe-iiia-10x12\/","title":{"rendered":"Vn\u011bj\u0161\u00ed taktick\u00e1 rychloup\u00ednac\u00ed vesta, CS taktick\u00e1 vesta s nepr\u016fst\u0159eln\u00fdm pl\u00e1tem 2XPE IIIA 10&#215;12"},"content":{"rendered":"<p>Boky a ramena tohoto produktu jsou nastaviteln\u00e9 pomoc\u00ed such\u00e9ho zipu, tak\u017ee jej mohou nosit u\u017eivatel\u00e9 jak\u00e9koli velikosti.<br \/>\nVnit\u0159n\u00ed vrstva: vysoce pevn\u00fd materi\u00e1l, vod\u011bodoln\u00fd, dlouh\u00e1 \u017eivotnost a stabiln\u00ed.<br \/>\nVn\u011bj\u0161\u00ed vrstva: Oxford, Bavlna nebo Nylon, Odoln\u00e1 proti od\u011bru, Odoln\u00e1 v\u016f\u010di skvrn\u00e1m a Trvanliv\u00e1.<br \/>\nBunda m\u016f\u017ee b\u00fdt vybavena balistick\u00fdmi vlo\u017ekami pro extra ochranu.<\/p>\n<p>\u00darove\u0148 obrany: V\u00fdchoz\u00ed nepr\u016fst\u0159eln\u00e1 deska z PE, NIJIIIA,<br \/>\nOchrann\u00e1 vlo\u017eka: UHMW-PE<br \/>\nTlou\u0161\u0165ka: \uff5e8 mm\/\uff5e0,3&#8242;<br \/>\nPlatnost: 5 let<br \/>\nTypy st\u0159el, proti kter\u00fdm se lze br\u00e1nit:<br \/>\n9mm celokovov\u00fd pl\u00e1\u0161\u0165 (FMJ) \/ kulat\u00e1 hlava (RN)<br \/>\n.44 Universal Jacket Hollow Point (JHP)<\/p>\n<p>C\u00edlov\u00e9 u\u017eivatele:<br \/>\nSkryt\u00e9 nepr\u016fst\u0159eln\u00e9 vesty NIJ t\u0159\u00eddy IIIA chr\u00e1n\u00ed p\u0159ed nebezpe\u010d\u00edm spojen\u00fdm se zbran\u00ed. A m\u00e1 v\u00edce dopl\u0148k\u016f a zab\u00edr\u00e1 v\u011bt\u0161\u00ed plochu. Velikost lze upravit pomoc\u00ed such\u00e9ho zipu na boc\u00edch a na ramenou. Na\u0161e produkty mohou b\u00fdt vybaveny ozbrojen\u00fdmi slo\u017ekami, agenturami SWAT, intern\u00edmi bezpe\u010dnostn\u00edmi agenturami, celn\u00edmi \u00fa\u0159ady a \u00fa\u0159ady ochrany hranic, imigra\u010dn\u00edmi kontroln\u00edmi \u00fa\u0159ady a dal\u0161\u00edmi \u00fa\u0159ady ohro\u017een\u00fdmi st\u0159eln\u00fdmi zbran\u011bmi. Lid\u00e9 maj\u00ed lep\u0161\u00ed v\u00fdsledky a m\u00e9n\u011b ob\u011bt\u00ed.<\/p>\n","protected":false},"excerpt":{"rendered":"<p>Uv\u011bdomte si rychl\u00e9 uvoln\u011bn\u00ed: Rychloup\u00ednac\u00ed p\u0159ezka v pase se snadno ovl\u00e1d\u00e1.<\/p>\n<p>Dostatek \u00falo\u017en\u00e9ho prostoru: Vestav\u011bn\u00e1 skr\u00fd\u0161 a praktickou kapsu lze nainstalovat nebo odstranit podle va\u0161ich pot\u0159eb.<\/p>\n<p>Vybaven p\u0159edn\u00edmi a zadn\u00edmi nepr\u016fst\u0159eln\u00fdmi pl\u00e1ty NIJ IIIA: dok\u00e1\u017ee si poradit s hrozbou st\u0159el z pistole.<\/p>\n<p>NASTAVITELN\u00c1 VELIKOST: Nastaviteln\u00e1 velikost pomoc\u00ed such\u00e9ho zipu na boc\u00edch a na ramenou.<\/p>\n","protected":false},"featured_media":5157,"comment_status":"open","ping_status":"closed","template":"","meta":[],"product_brand":[],"product_cat":[231],"product_tag":[],"woo-feed-brand":[50],"class_list":{"0":"post-5722","1":"product","2":"type-product","3":"status-publish","4":"has-post-thumbnail","6":"product_cat-tactical-vest-cs","7":"woo-feed-brand-tyditiao","9":"first","10":"instock","11":"sale","12":"shipping-taxable","13":"purchasable","14":"product-type-simple"},"_links":{"self":[{"href":"http:\/\/tyditiao.com\/cs\/wp-json\/wp\/v2\/product\/5722","targetHints":{"allow":["GET"]}}],"collection":[{"href":"http:\/\/tyditiao.com\/cs\/wp-json\/wp\/v2\/product"}],"about":[{"href":"http:\/\/tyditiao.com\/cs\/wp-json\/wp\/v2\/types\/product"}],"replies":[{"embeddable":true,"href":"http:\/\/tyditiao.com\/cs\/wp-json\/wp\/v2\/comments?post=5722"}],"wp:featuredmedia":[{"embeddable":true,"href":"http:\/\/tyditiao.com\/cs\/wp-json\/wp\/v2\/media\/5157"}],"wp:attachment":[{"href":"http:\/\/tyditiao.com\/cs\/wp-json\/wp\/v2\/media?parent=5722"}],"wp:term":[{"taxonomy":"product_brand","embeddable":true,"href":"http:\/\/tyditiao.com\/cs\/wp-json\/wp\/v2\/product_brand?post=5722"},{"taxonomy":"product_cat","embeddable":true,"href":"http:\/\/tyditiao.com\/cs\/wp-json\/wp\/v2\/product_cat?post=5722"},{"taxonomy":"product_tag","embeddable":true,"href":"http:\/\/tyditiao.com\/cs\/wp-json\/wp\/v2\/product_tag?post=5722"},{"taxonomy":"woo-feed-brand","embeddable":true,"href":"http:\/\/tyditiao.com\/cs\/wp-json\/wp\/v2\/woo-feed-brand?post=5722"}],"curies":[{"name":"wp","href":"https:\/\/api.w.org\/{rel}","templated":true}]}}