{"id":7081,"date":"2023-03-05T03:25:17","date_gmt":"2023-03-05T03:40:22","guid":{"rendered":"http:\/\/tyditiao.com\/product\/takticka-prilba-wendy-3a-lehka-specialni-sila-odolna-proti-vybuchu-prilba-specialni-velikosti-vlastni-barva-vyhrazeny-odkaz-na-nakup\/"},"modified":"2023-03-05T05:40:22","modified_gmt":"2023-03-05T03:40:22","slug":"wendy-takticka-helma-lehka-sila-specialni-3a-nevybusna-prilba-specialni-velikost-vlastni-barva-vyhrazena-odkaz-k-nakupu","status":"publish","type":"product","link":"http:\/\/tyditiao.com\/cs\/produkt\/wendy-takticka-helma-lehka-sila-specialni-3a-nevybusna-prilba-specialni-velikost-vlastni-barva-vyhrazena-odkaz-k-nakupu\/","title":{"rendered":"Taktick\u00e1 p\u0159ilba WENDY 3A lehk\u00e1 speci\u00e1ln\u00ed s\u00edla odoln\u00e1 proti v\u00fdbuchu p\u0159ilba speci\u00e1ln\u00ed velikosti vlastn\u00ed barva vyhrazen\u00fd odkaz na n\u00e1kup"},"content":{"rendered":"<p><strong>O velikosti nepr\u016fst\u0159eln\u00e9 p\u0159ilby WENDY:<\/strong> Pro tuto nepr\u016fst\u0159elnou p\u0159ilbu pro speci\u00e1ln\u00ed jednotky WENDY jsme p\u0159idali velk\u00e9 a mal\u00e9 v\u00fdrobn\u00ed formy, abychom vyhov\u011bli u\u017eivatel\u016fm s r\u016fzn\u00fdmi pot\u0159ebami. Velikost M je norm\u00e1ln\u00ed velikost, kter\u00e1 padne v\u011bt\u0161in\u011b lid\u00ed. Pokud si mysl\u00edte, \u017ee mal\u00e1 velikost m\u016f\u017ee l\u00e9pe vyhov\u011bt va\u0161im vlastn\u00edm po\u017eadavk\u016fm nebo zvyklostem p\u0159i no\u0161en\u00ed, zvolte pros\u00edm malou velikost, v opa\u010dn\u00e9m p\u0159\u00edpad\u011b zvolte velkou velikost.<\/p>\n<p><strong>O barv\u011b nepr\u016fst\u0159eln\u00e9 p\u0159ilby WENDY:<\/strong> Barvy, kter\u00e9 s\u00e9riov\u011b vyr\u00e1b\u00edme, jsou p\u0159edev\u0161\u00edm \u010dern\u00e1, sv\u011btle hn\u011bd\u00e1 a zelen\u00e1. Ale z\u00e1rove\u0148 m\u00e1me mo\u017enost vyrobit jakoukoliv barvu nebo r\u016fzn\u00e9 maskovac\u00ed vzory po\u017eadovan\u00e9 z\u00e1kazn\u00edky, jako je lesn\u00ed kamufl\u00e1\u017e, kamufl\u00e1\u017e d\u017eungle, pou\u0161tn\u00ed kamufl\u00e1\u017e, n\u00e1mo\u0159n\u00ed kamufl\u00e1\u017e, m\u011bstsk\u00e1 kamufl\u00e1\u017e atd. Pokud pl\u00e1nujete objednat v\u00edce ne\u017e 10 helem, kontaktujte n\u00e1s, tuto vlastn\u00ed barevnou slu\u017ebu z\u00edsk\u00e1te zdarma, sta\u010d\u00ed n\u00e1m poslat po\u017eadovan\u00fd barevn\u00fd vzor<\/p>\n<p><strong>Taktick\u00e1 p\u0159ilba WENDY \u00darove\u0148 nepr\u016fst\u0159elnosti:<\/strong> 0101.06 Standardn\u00ed \u00farove\u0148 IIIA<\/p>\n<p>POHODLN\u00c9 NA NOSEN\u00cd: Polstrov\u00e1n\u00ed z p\u011bny Zorbium m\u00e1 vodu odpuzuj\u00edc\u00ed pod\u0161\u00edvku s antimikrobi\u00e1ln\u00edm povlakem, kter\u00fd odv\u00e1d\u00ed vlhkost a udr\u017euje v\u00e1s v chladu a suchu.<\/p>\n<p>SNADN\u00c9 NASTAVEN\u00cd: Lehk\u00fd zap\u00ednac\u00ed syst\u00e9m CAM FIT vojensk\u00e9 t\u0159\u00eddy s uzav\u00edrac\u00edm syst\u00e9mem BOA pro bezpe\u010dn\u00e9 nastaven\u00ed jednou rukou pro p\u0159esn\u00e9 uchycen\u00ed.<\/p>\n<p>ROZ\u0160\u00cd\u0158ITELN\u00c9: Mont\u00e1\u017en\u00ed syst\u00e9m Rail 2.0 je kompatibiln\u00ed s ve\u0161ker\u00fdm p\u0159\u00edslu\u0161enstv\u00edm EXFIL Rail 2.0. Oboustrann\u00e1 mont\u00e1\u017en\u00ed li\u0161ta gimbal a dr\u017e\u00e1k gimbalu na \u010dele umo\u017e\u0148uj\u00ed Wendy vytvo\u0159it v\u00edce mo\u017enost\u00ed.<\/p>\n<p>Krom\u011b norm\u00e1ln\u00edho odpru\u017een\u00ed m\u00e1 helma t\u0159i n\u00e1razov\u00e9 podlo\u017eky a osm nastaviteln\u00fdch podlo\u017eek pro optim\u00e1ln\u00ed p\u0159izp\u016fsoben\u00ed a pohodl\u00ed<\/p>\n","protected":false},"excerpt":{"rendered":"<p>O velikosti nepr\u016fst\u0159eln\u00e9 p\u0159ilby WENDY: Pro tuto nepr\u016fst\u0159elnou p\u0159ilbu pro speci\u00e1ln\u00ed jednotky WENDY jsme p\u0159idali velk\u00e9 a mal\u00e9 v\u00fdrobn\u00ed formy,&#8230;<\/p>\n","protected":false},"featured_media":3319,"comment_status":"open","ping_status":"closed","template":"","meta":[],"product_brand":[],"product_cat":[344,178,168],"product_tag":[],"woo-feed-brand":[],"class_list":{"0":"post-7081","1":"product","2":"type-product","3":"status-publish","4":"has-post-thumbnail","6":"product_cat-neprustrelna-prilba","7":"product_cat-uncategorized-cs","8":"product_cat-wendy-cs","10":"first","11":"instock","12":"sale","13":"shipping-taxable","14":"purchasable","15":"product-type-variable","16":"has-default-attributes"},"_links":{"self":[{"href":"http:\/\/tyditiao.com\/cs\/wp-json\/wp\/v2\/product\/7081","targetHints":{"allow":["GET"]}}],"collection":[{"href":"http:\/\/tyditiao.com\/cs\/wp-json\/wp\/v2\/product"}],"about":[{"href":"http:\/\/tyditiao.com\/cs\/wp-json\/wp\/v2\/types\/product"}],"replies":[{"embeddable":true,"href":"http:\/\/tyditiao.com\/cs\/wp-json\/wp\/v2\/comments?post=7081"}],"wp:featuredmedia":[{"embeddable":true,"href":"http:\/\/tyditiao.com\/cs\/wp-json\/wp\/v2\/media\/3319"}],"wp:attachment":[{"href":"http:\/\/tyditiao.com\/cs\/wp-json\/wp\/v2\/media?parent=7081"}],"wp:term":[{"taxonomy":"product_brand","embeddable":true,"href":"http:\/\/tyditiao.com\/cs\/wp-json\/wp\/v2\/product_brand?post=7081"},{"taxonomy":"product_cat","embeddable":true,"href":"http:\/\/tyditiao.com\/cs\/wp-json\/wp\/v2\/product_cat?post=7081"},{"taxonomy":"product_tag","embeddable":true,"href":"http:\/\/tyditiao.com\/cs\/wp-json\/wp\/v2\/product_tag?post=7081"},{"taxonomy":"woo-feed-brand","embeddable":true,"href":"http:\/\/tyditiao.com\/cs\/wp-json\/wp\/v2\/woo-feed-brand?post=7081"}],"curies":[{"name":"wp","href":"https:\/\/api.w.org\/{rel}","templated":true}]}}