{"id":7247,"date":"2023-03-05T02:51:52","date_gmt":"2023-03-05T10:13:30","guid":{"rendered":"http:\/\/tyditiao.com\/product\/aramidova-vnejsi-kuze-nylonove-vnitrni-jadro-staticke-lano-venkovni-horolezecke-bezpecnostni-lano-68105-10m\/"},"modified":"2023-03-05T12:13:30","modified_gmt":"2023-03-05T10:13:30","slug":"kevlar-vnejsi-scoranylon-core-static-safety-rope-outdoor-68105-10m","status":"publish","type":"product","link":"http:\/\/tyditiao.com\/cs\/produkt\/kevlar-vnejsi-scoranylon-core-static-safety-rope-outdoor-68105-10m\/","title":{"rendered":"Aramidov\u00e1 vn\u011bj\u0161\u00ed k\u016f\u017ee + nylonov\u00e9 vnit\u0159n\u00ed j\u00e1dro statick\u00e9 lano venkovn\u00ed horolezeck\u00e9 bezpe\u010dnostn\u00ed lano 6,8,10,5 (10m)"},"content":{"rendered":"<p>Pokud pot\u0159ebujete koupit del\u0161\u00ed lano, nap\u0159. 80 metr\u016f, kupte si pros\u00edm 8*10 metr\u016f lana a pot\u00e9 zanechte prodejci zpr\u00e1vu, \u017ee pot\u0159ebujete cel\u00e9 lano 80 metr\u016f.<\/p>\n<p><strong>O karabin\u00e1ch na obou konc\u00edch statick\u00e9ho lana:<\/strong> Pokud d\u00e9lka v\u00e1mi zakoupen\u00e9ho lana p\u0159esahuje 10 metr\u016f, d\u00e1me v\u00e1m dv\u011b karabiny ozna\u010den\u00e9 na obr\u00e1zku. M\u016f\u017eete si vybrat, zda jej namontujete na oba konce lana, nebo jej nemus\u00edte montovat a pos\u00edlat s lanem v bal\u00ed\u010dku, sta\u010d\u00ed n\u00e1m napsat do pozn\u00e1mky a sd\u011blit n\u00e1m sv\u00e9 rozhodnut\u00ed<\/p>\n<p>N\u00e1zev produktu: Aramidov\u00e9 vl\u00e1kno + nylonov\u00e9 statick\u00e9 lano<br \/>\nBarva: Barva jako na obr\u00e1zku<br \/>\nPr\u016fm\u011br: 6mm 8mm 10mm<br \/>\n\u010cist\u00e1 hmotnost (\u00b15 %): 6 mm (27 g\/m) 8 mm (42 g\/m) 10 mm (65 g\/m)<br \/>\nTa\u017en\u00e1 s\u00edla: 6mm (7KN\/700KG) 8mm (16KN\/1600KG) 10mm (36KN\/3600KG)<br \/>\nVzhledov\u00fd materi\u00e1l: aramid<br \/>\nMateri\u00e1l j\u00e1dra: Nylon<br \/>\nCertifikace: CE EN1891:1998<br \/>\nMultifunk\u010dn\u00ed: lezen\u00ed, teleskopick\u00e9 pr\u00e1ce, ha\u0161en\u00ed po\u017e\u00e1r\u016f, pr\u00e1ce ve v\u00fd\u0161k\u00e1ch, je\u0159\u00e1by atd.<\/p>\n","protected":false},"excerpt":{"rendered":"<p>Pokud pot\u0159ebujete koupit del\u0161\u00ed lano, nap\u0159. 80 metr\u016f, kupte si pros\u00edm 8*10 metr\u016f lana a pot\u00e9 zanechte prodejci zpr\u00e1vu, \u017ee&#8230;<\/p>\n","protected":false},"featured_media":6473,"comment_status":"open","ping_status":"closed","template":"","meta":[],"product_brand":[],"product_cat":[355],"product_tag":[],"woo-feed-brand":[50],"class_list":{"0":"post-7247","1":"product","2":"type-product","3":"status-publish","4":"has-post-thumbnail","6":"product_cat-bezpecnostni-lano","7":"woo-feed-brand-tyditiao","9":"first","10":"instock","11":"shipping-taxable","12":"purchasable","13":"product-type-variable","14":"has-default-attributes"},"_links":{"self":[{"href":"http:\/\/tyditiao.com\/cs\/wp-json\/wp\/v2\/product\/7247","targetHints":{"allow":["GET"]}}],"collection":[{"href":"http:\/\/tyditiao.com\/cs\/wp-json\/wp\/v2\/product"}],"about":[{"href":"http:\/\/tyditiao.com\/cs\/wp-json\/wp\/v2\/types\/product"}],"replies":[{"embeddable":true,"href":"http:\/\/tyditiao.com\/cs\/wp-json\/wp\/v2\/comments?post=7247"}],"wp:featuredmedia":[{"embeddable":true,"href":"http:\/\/tyditiao.com\/cs\/wp-json\/wp\/v2\/media\/6473"}],"wp:attachment":[{"href":"http:\/\/tyditiao.com\/cs\/wp-json\/wp\/v2\/media?parent=7247"}],"wp:term":[{"taxonomy":"product_brand","embeddable":true,"href":"http:\/\/tyditiao.com\/cs\/wp-json\/wp\/v2\/product_brand?post=7247"},{"taxonomy":"product_cat","embeddable":true,"href":"http:\/\/tyditiao.com\/cs\/wp-json\/wp\/v2\/product_cat?post=7247"},{"taxonomy":"product_tag","embeddable":true,"href":"http:\/\/tyditiao.com\/cs\/wp-json\/wp\/v2\/product_tag?post=7247"},{"taxonomy":"woo-feed-brand","embeddable":true,"href":"http:\/\/tyditiao.com\/cs\/wp-json\/wp\/v2\/woo-feed-brand?post=7247"}],"curies":[{"name":"wp","href":"https:\/\/api.w.org\/{rel}","templated":true}]}}