{"id":13208,"date":"2022-10-11T16:42:26","date_gmt":"2022-10-11T14:42:26","guid":{"rendered":"http:\/\/tyditiao.com\/product\/let-ballistisk-aramid-maske-taktisk-skudsikker-nij-iiia-full-face-maske\/"},"modified":"2025-03-17T13:29:18","modified_gmt":"2025-03-17T11:29:18","slug":"ballistisk-maske-aramid-nij-iiia-full-face-taktisk-skudsikker-maske","status":"publish","type":"product","link":"http:\/\/tyditiao.com\/da\/vare\/ballistisk-maske-aramid-nij-iiia-full-face-taktisk-skudsikker-maske\/","title":{"rendered":"let ballistisk aramid maske, taktisk skudsikker NIJ IIIA Full Face maske"},"content":{"rendered":"<p>V\u00e6gt: 0,85 kg<\/p>\n<p>Materiale: Aramid<\/p>\n<p>Tykkelse: 8 mm tyk aramid og 1 mm bel\u00e6gning<\/p>\n<p>Beskyttelsesklasse: NIJ 0101.06 niveau IIIA<\/p>\n<p>St\u00f8rrelse: One size fits all<\/p>\n<p>Gyldighed: 5 \u00e5r<\/p>\n<p>G\u00e6ldende scenarier: hjemmebeskyttelse, sikkerhed, politiudstyr, faktisk kamp, cosplay<\/p>\n<p>OEM\/ODM service tilg\u00e6ngelig efter anmodning<\/p>\n<p>Pakkeliste: 1X Full Face Bulletproof Mask<\/p>\n","protected":false},"excerpt":{"rendered":"<p>Beskytter de vigtigste omr\u00e5der med minimal v\u00e6gt: fuld d\u00e6kning af b\u00e6rerens ansigt for kr\u00e6nkelse<\/p>\n<p>Materiale: Lavet af avancerede lette Kevlar-fibre, der er 15 gange st\u00e6rkere end st\u00e5l for at minimere truslen fra kugler<\/p>\n<p>Unikt ergonomisk design: 6-punkts justerbar nylon pandeb\u00e5nd og ekstra polstring passer til enhver hovedform og forbedrer b\u00e6rekomforten<\/p>\n<p>G\u00e6ldende anvendelser: hjemmebeskyttelse, felttr\u00e6ning, livvagter, personale involveret i farlige operationer i fremmede v\u00e6bnede konfliktomr\u00e5der, milit\u00e6r, cosplay osv.<\/p>\n","protected":false},"featured_media":11634,"comment_status":"open","ping_status":"closed","template":"","meta":[],"product_brand":[],"product_cat":[613],"product_tag":[],"woo-feed-brand":[50],"class_list":{"0":"post-13208","1":"product","2":"type-product","3":"status-publish","4":"has-post-thumbnail","6":"product_cat-ballistisk-maske-da","7":"product_shipping_class-0-3-kg-da","8":"woo-feed-brand-tyditiao","10":"first","11":"instock","12":"sale","13":"shipping-taxable","14":"purchasable","15":"product-type-simple"},"_links":{"self":[{"href":"http:\/\/tyditiao.com\/da\/wp-json\/wp\/v2\/product\/13208","targetHints":{"allow":["GET"]}}],"collection":[{"href":"http:\/\/tyditiao.com\/da\/wp-json\/wp\/v2\/product"}],"about":[{"href":"http:\/\/tyditiao.com\/da\/wp-json\/wp\/v2\/types\/product"}],"replies":[{"embeddable":true,"href":"http:\/\/tyditiao.com\/da\/wp-json\/wp\/v2\/comments?post=13208"}],"wp:featuredmedia":[{"embeddable":true,"href":"http:\/\/tyditiao.com\/da\/wp-json\/wp\/v2\/media\/11634"}],"wp:attachment":[{"href":"http:\/\/tyditiao.com\/da\/wp-json\/wp\/v2\/media?parent=13208"}],"wp:term":[{"taxonomy":"product_brand","embeddable":true,"href":"http:\/\/tyditiao.com\/da\/wp-json\/wp\/v2\/product_brand?post=13208"},{"taxonomy":"product_cat","embeddable":true,"href":"http:\/\/tyditiao.com\/da\/wp-json\/wp\/v2\/product_cat?post=13208"},{"taxonomy":"product_tag","embeddable":true,"href":"http:\/\/tyditiao.com\/da\/wp-json\/wp\/v2\/product_tag?post=13208"},{"taxonomy":"woo-feed-brand","embeddable":true,"href":"http:\/\/tyditiao.com\/da\/wp-json\/wp\/v2\/woo-feed-brand?post=13208"}],"curies":[{"name":"wp","href":"https:\/\/api.w.org\/{rel}","templated":true}]}}