{"id":14106,"date":"2022-10-18T05:26:18","date_gmt":"2022-10-18T03:26:18","guid":{"rendered":"http:\/\/tyditiao.com\/product\/udvendig-tactical-quick-release-vest-cs-tactical-vest-med-2xpe-iiia-10x12-skudsikker-plade\/"},"modified":"2025-03-17T13:29:46","modified_gmt":"2025-03-17T11:29:46","slug":"zewnetrzna-taktisk-vest-med-quick-release-taktisk-vest-cs-med-skudsikker-plade-2xpe-iiia-10x12","status":"publish","type":"product","link":"http:\/\/tyditiao.com\/da\/vare\/zewnetrzna-taktisk-vest-med-quick-release-taktisk-vest-cs-med-skudsikker-plade-2xpe-iiia-10x12\/","title":{"rendered":"Udvendig Tactical Quick Release Vest, CS Tactical Vest med 2XPE IIIA 10&#215;12 skudsikker plade"},"content":{"rendered":"<p>Siderne og skuldrene p\u00e5 dette produkt kan justeres med velcro, s\u00e5 brugere af enhver st\u00f8rrelse kan b\u00e6re det.<br \/>\nIndvendigt lag: h\u00f8jstyrkemateriale, vandt\u00e6t, lang levetid og stabil.<br \/>\nYdre lag: Oxford, bomuld eller nylon, slidbestandig, pletbestandig og holdbar.<br \/>\nJakken kan forsynes med ballistiske indl\u00e6g for ekstra beskyttelse.<\/p>\n<p>Forsvarsniveau: Standard PE skudsikker plade, NIJIIIA,<br \/>\nBeskyttelsesindsats: UHMW-PE<br \/>\nTykkelse: ~8mm\/~0,3&#8242;<br \/>\nGyldighed: 5 \u00e5r<br \/>\nTyper af projektiler, der kan forsvares mod:<br \/>\n9 mm fuld metaljakke (FMJ)\/rundt hoved (RN)<br \/>\n.44 Universal Jacket Hollow Point (JHP)<\/p>\n<p>M\u00e5lret brugere:<br \/>\nSkjulte NIJ Klasse IIIA skudsikre veste beskytter mod v\u00e5benrelaterede farer. Og den har mere tilbeh\u00f8r og fylder et st\u00f8rre omr\u00e5de. St\u00f8rrelsen kan justeres med velcro p\u00e5 sider og skuldre. Vores produkter kan udstyres med v\u00e6bnede styrker, SWAT-agenturer, interne sikkerhedsagenturer, told- og gr\u00e6nsebeskyttelsesagenturer, immigrationskontrolagenturer og andre agenturer, der risikerer skydev\u00e5ben. Folk f\u00e5r bedre resultater og f\u00e6rre ofre.<\/p>\n","protected":false},"excerpt":{"rendered":"<p>Realiser quick release: Talje quick release sp\u00e6ndet er let at betjene.<\/p>\n<p>Rigelig opbevaring: Indbygget opbevaringslomme, og v\u00e6rkt\u00f8jslommen kan installeres eller fjernes efter dine behov.<\/p>\n<p>Udstyret med front og bag NIJ IIIA skudsikre plader: kan h\u00e5ndtere truslen fra pistolkugler.<\/p>\n<p>JUSTERBAR ST\u00d8RRELSE: Justerbar st\u00f8rrelse med velcro p\u00e5 sider og skuldre.<\/p>\n","protected":false},"featured_media":11786,"comment_status":"open","ping_status":"closed","template":"","meta":[],"product_brand":[],"product_cat":[850],"product_tag":[],"woo-feed-brand":[50],"class_list":{"0":"post-14106","1":"product","2":"type-product","3":"status-publish","4":"has-post-thumbnail","6":"product_cat-taktisk-vest","7":"woo-feed-brand-tyditiao","9":"first","10":"instock","11":"sale","12":"shipping-taxable","13":"purchasable","14":"product-type-simple"},"_links":{"self":[{"href":"http:\/\/tyditiao.com\/da\/wp-json\/wp\/v2\/product\/14106","targetHints":{"allow":["GET"]}}],"collection":[{"href":"http:\/\/tyditiao.com\/da\/wp-json\/wp\/v2\/product"}],"about":[{"href":"http:\/\/tyditiao.com\/da\/wp-json\/wp\/v2\/types\/product"}],"replies":[{"embeddable":true,"href":"http:\/\/tyditiao.com\/da\/wp-json\/wp\/v2\/comments?post=14106"}],"wp:featuredmedia":[{"embeddable":true,"href":"http:\/\/tyditiao.com\/da\/wp-json\/wp\/v2\/media\/11786"}],"wp:attachment":[{"href":"http:\/\/tyditiao.com\/da\/wp-json\/wp\/v2\/media?parent=14106"}],"wp:term":[{"taxonomy":"product_brand","embeddable":true,"href":"http:\/\/tyditiao.com\/da\/wp-json\/wp\/v2\/product_brand?post=14106"},{"taxonomy":"product_cat","embeddable":true,"href":"http:\/\/tyditiao.com\/da\/wp-json\/wp\/v2\/product_cat?post=14106"},{"taxonomy":"product_tag","embeddable":true,"href":"http:\/\/tyditiao.com\/da\/wp-json\/wp\/v2\/product_tag?post=14106"},{"taxonomy":"woo-feed-brand","embeddable":true,"href":"http:\/\/tyditiao.com\/da\/wp-json\/wp\/v2\/woo-feed-brand?post=14106"}],"curies":[{"name":"wp","href":"https:\/\/api.w.org\/{rel}","templated":true}]}}