{"id":16785,"date":"2025-04-17T09:25:14","date_gmt":"2025-04-17T07:25:14","guid":{"rendered":"https:\/\/tyditiao.com\/product\/fast-ballistikhelm-mit-wendys-zorbium-einsatz-und-cam-fit-tragesystem-schutzstufe-nij-iiia\/"},"modified":"2025-04-21T13:51:20","modified_gmt":"2025-04-21T11:51:20","slug":"fast-ballistikhelm-mit-wendys-zorbium-einsatz-und-cam-fit-tragesystem-schutzstufe-nij-iiia","status":"publish","type":"product","link":"http:\/\/tyditiao.com\/de\/produkt\/fast-ballistikhelm-mit-wendys-zorbium-einsatz-und-cam-fit-tragesystem-schutzstufe-nij-iiia\/","title":{"rendered":"FAST-Ballistikhelm mit Wendy&#8217;s Zorbium-Einsatz und CAM FIT-Tragesystem, Schutzstufe NIJ IIIA"},"content":{"rendered":"<p><strong>Besondere Hinweise:<\/strong><\/p>\n<p>Dies ist unser neues Flaggschiffmodell, das hochwertige Verarbeitung mit h\u00f6chstem Komfort verbindet. Sofern nicht anders angegeben, ist die Standardkonfiguration wie folgt: Gr\u00f6\u00dfe L, gr\u00fcn, kugelsicherer FAST-Helm mit Zorbium-Schaumfutter und CAM FIT-Tragesystem, Schutzstufe NIJ IIIA. Dar\u00fcber hinaus bieten wir eine gro\u00dfe Auswahl an Farben (Gr\u00fcn, Sand, Schwarz) und Gr\u00f6\u00dfen (S, M, L, XL).<\/p>\n<p>Egal wo Sie sich befinden, Sie k\u00f6nnen \u00fcber diesen Link direkt Ihre Bestellung aufgeben und Ihren Einkauf problemlos abschlie\u00dfen. Geben Sie einfach im Bestellhinweis die gew\u00fcnschte Gr\u00f6\u00dfe und Farbe an (Beispiel: XL-Schwarz) und Sie erhalten Ihr Traum-Equipment. F\u00fcr die Auswahl anderer Farben und Gr\u00f6\u00dfen berechnen wir keine zus\u00e4tzlichen Geb\u00fchren.<\/p>\n<hr \/>\n<p><strong>Verteidigungsklasse:<\/strong><\/p>\n<p>Dieser kugelsichere Helm ist ein NIJ Level IIIA kugelsicherer Helm nach NIJ 0101.06 Standard, und der entsprechende Pr\u00fcfbericht kann zur Verf\u00fcgung gestellt werden.<\/p>\n<hr \/>\n<p><strong>Parameter des Verteidigungsprojektils:<\/strong><\/p>\n<p>.44 Mag SJHP<br \/>\n.357 SIG FMJ FN<br \/>\n9 mm Vollmantelgewehr RN<br \/>\n.357 Mag JSP<br \/>\n.40 S&amp;W FMJ<\/p>\n<p>Es bietet auch Schutz gegen die meisten Schusswaffengefahren sowie Gefahren der Klasse IIA und Klasse II<\/p>\n<hr \/>\n<p><strong>Parameter des kugelsicheren Helms:<\/strong><\/p>\n<p>Name: NIJ lllA FAST Milit\u00e4rischer kugelsicherer taktischer Helm aus Kevlar mit Wendy Zorbium-Schaumfutter + CAM FIT-Aufh\u00e4ngungssystem<\/p>\n<p>Material: hochfeste DuPont Kevlar-Aramidfaser<br \/>\nGr\u00f6\u00dfe: S, M, L, XL<br \/>\nFarbe: gr\u00fcn, sand, schwarz<br \/>\nOptionales Zubeh\u00f6r: kugelsichere Maske usw.<br \/>\nGarantiezeitraum: 5 Jahre Garantiezeitraum kann ausreichend Schutzf\u00e4higkeit haben, aber wenn es die Garantiezeit \u00fcberschreitet<br \/>\nDie Lebensqualit\u00e4t wird die F\u00e4higkeit zum Schutz verringern.<\/p>\n<p>&nbsp;<\/p>\n<hr \/>\n<p><strong>Details und Gr\u00f6\u00dfenvergleich kugelsicherer Helme:<\/strong><\/p>\n<p>&nbsp;<\/p>\n<table style=\"border-collapse: collapse;\" border=\"1\" cellspacing=\"0\" cellpadding=\"5\">\n<thead>\n<tr>\n<th>Ballistischer Helm Helmgr\u00f6\u00dfe<\/th>\n<th>S<\/th>\n<th>M<\/th>\n<th>L<\/th>\n<th>XL<\/th>\n<\/tr>\n<\/thead>\n<tbody>\n<tr>\n<td>Schichtdicke<\/td>\n<td>9.5<\/td>\n<td>9.5<\/td>\n<td>10 (9.5)<\/td>\n<td>10 (9.5)<\/td>\n<\/tr>\n<tr>\n<td>Schutzstufe<\/td>\n<td>3A.44<\/td>\n<td>3A.44<\/td>\n<td>3A.44<\/td>\n<td>3A.44<\/td>\n<\/tr>\n<tr>\n<td>Lange Achse (Lange Achse\/mm)<\/td>\n<td>235<\/td>\n<td>240<\/td>\n<td>247<\/td>\n<td>263<\/td>\n<\/tr>\n<tr>\n<td>Kurze Achse (Nebenachse\/mm)<\/td>\n<td>182<\/td>\n<td>185<\/td>\n<td>193<\/td>\n<td>205<\/td>\n<\/tr>\n<tr>\n<td>Innenh\u00f6he\/mm<\/td>\n<td>146<\/td>\n<td>153<\/td>\n<td>158<\/td>\n<td>161<\/td>\n<\/tr>\n<tr>\n<td>Kopfumfang (mit N\u00e4geln)<\/td>\n<td>53-59<\/td>\n<td>53-59<\/td>\n<td>56-59<\/td>\n<td>58-62<\/td>\n<\/tr>\n<tr>\n<td>Standardgewicht (Gewicht\/kg)<\/td>\n<td>1.24<\/td>\n<td>1.29<\/td>\n<td>1.32<\/td>\n<td>1.42<\/td>\n<\/tr>\n<tr>\n<td>Gewichtsabweichung\/kg<\/td>\n<td>0.05<\/td>\n<td>0.05<\/td>\n<td>0.05<\/td>\n<td>0.05<\/td>\n<\/tr>\n<tr>\n<td>Kartongewicht\/kg<\/td>\n<td>2<\/td>\n<td>2<\/td>\n<td>2<\/td>\n<td>2.1<\/td>\n<\/tr>\n<\/tbody>\n<\/table>\n","protected":false},"excerpt":{"rendered":"<p>Die Kombination der Vorteile des ballistischen FAST-Helms und des Wendy-Helms bietet hervorragenden Komfort und Schutz, sodass Sie bei jeder Aufgabe volle Mobilit\u00e4t und Sicherheit bewahren.<\/p>\n<p>Leichtes und komfortables Design: Der FAST-Helm mit seinem modernen Leichtbaudesign reduziert das Gewicht auf ein Minimum und ist somit ideal f\u00fcr langes Tragen unter anspruchsvollen Bedingungen. Bietet au\u00dfergew\u00f6hnlichen Komfort, auch bei intensiven Aktivit\u00e4ten.<\/p>\n<p>Pr\u00e4zisions-Tragesystem: Zorbium-Einsatz und CAM FIT-Tragesystem erm\u00f6glichen eine pr\u00e4zise Anpassung an die Kopfform und sorgen f\u00fcr einen stabilen, weichen und bequemen Sitz, der auch bei l\u00e4ngerem Tragen Komfort garantiert.<\/p>\n<p>Eine Selbstmontage ist nicht erforderlich, wodurch Sie Zeit und M\u00fche sparen und sofort \u00fcber eine komplette taktische Ausr\u00fcstung verf\u00fcgen.<\/p>\n","protected":false},"featured_media":16562,"comment_status":"open","ping_status":"closed","template":"","meta":[],"product_brand":[],"product_cat":[211,119,347],"product_tag":[],"woo-feed-brand":[50],"class_list":{"0":"post-16785","1":"product","2":"type-product","3":"status-publish","4":"has-post-thumbnail","6":"product_cat-ballistic-mask-de","7":"product_cat-fast-de-2","8":"product_cat-kugelsicherer-helm","9":"woo-feed-brand-tyditiao","11":"first","12":"instock","13":"sale","14":"shipping-taxable","15":"purchasable","16":"product-type-simple"},"_links":{"self":[{"href":"http:\/\/tyditiao.com\/de\/wp-json\/wp\/v2\/product\/16785","targetHints":{"allow":["GET"]}}],"collection":[{"href":"http:\/\/tyditiao.com\/de\/wp-json\/wp\/v2\/product"}],"about":[{"href":"http:\/\/tyditiao.com\/de\/wp-json\/wp\/v2\/types\/product"}],"replies":[{"embeddable":true,"href":"http:\/\/tyditiao.com\/de\/wp-json\/wp\/v2\/comments?post=16785"}],"wp:featuredmedia":[{"embeddable":true,"href":"http:\/\/tyditiao.com\/de\/wp-json\/wp\/v2\/media\/16562"}],"wp:attachment":[{"href":"http:\/\/tyditiao.com\/de\/wp-json\/wp\/v2\/media?parent=16785"}],"wp:term":[{"taxonomy":"product_brand","embeddable":true,"href":"http:\/\/tyditiao.com\/de\/wp-json\/wp\/v2\/product_brand?post=16785"},{"taxonomy":"product_cat","embeddable":true,"href":"http:\/\/tyditiao.com\/de\/wp-json\/wp\/v2\/product_cat?post=16785"},{"taxonomy":"product_tag","embeddable":true,"href":"http:\/\/tyditiao.com\/de\/wp-json\/wp\/v2\/product_tag?post=16785"},{"taxonomy":"woo-feed-brand","embeddable":true,"href":"http:\/\/tyditiao.com\/de\/wp-json\/wp\/v2\/woo-feed-brand?post=16785"}],"curies":[{"name":"wp","href":"https:\/\/api.w.org\/{rel}","templated":true}]}}