{"id":5142,"date":"2022-10-11T16:42:26","date_gmt":"2022-10-11T14:42:26","guid":{"rendered":"http:\/\/tyditiao.com\/product\/leichte-ballistische-aramidmaske-taktische-kugelsichere-nij-iiia-vollgesichtsmaske\/"},"modified":"2024-07-10T11:45:50","modified_gmt":"2024-07-10T09:45:50","slug":"ballistische-maske-aramid-nij-iiia-vollgesichts-taktische-kugelsichere-maske","status":"publish","type":"product","link":"http:\/\/tyditiao.com\/de\/produkt\/ballistische-maske-aramid-nij-iiia-vollgesichts-taktische-kugelsichere-maske\/","title":{"rendered":"leichte ballistische Aramidmaske, taktische kugelsichere NIJ IIIA Vollgesichtsmaske"},"content":{"rendered":"<p>Gewicht: 0,85 kg<\/p>\n<p>Material: Aramid<\/p>\n<p>Dicke: 8 mm dickes Aramid und 1 mm Beschichtung<\/p>\n<p>Schutzklasse: NIJ 0101.06 Stufe IIIA<\/p>\n<p>Gr\u00f6\u00dfe: Einheitsgr\u00f6\u00dfe<\/p>\n<p>G\u00fcltigkeit: 5 Jahre<\/p>\n<p>Anwendbare Szenarien: Hausschutz, Sicherheit, Polizeiausr\u00fcstung, tats\u00e4chlicher Kampf, Cosplay<\/p>\n<p>OEM\/ODM-Service auf Anfrage erh\u00e4ltlich<\/p>\n<p>Packliste: 1X kugelsichere Vollgesichtsmaske<\/p>\n","protected":false},"excerpt":{"rendered":"<p>Sch\u00fctzt die wichtigsten Bereiche bei minimalem Gewicht: volle Abdeckung des Gesichts des Tr\u00e4gers f\u00fcr Angriffe<\/p>\n<p>Material: Hergestellt aus fortschrittlichen, leichten Kevlar-Fasern, die 15-mal st\u00e4rker als Stahl sind, um die Bedrohung durch Kugeln zu minimieren<\/p>\n<p>Einzigartiges ergonomisches Design: 6-Punkt-verstellbarer Nylon-Kopfb\u00fcgel und zus\u00e4tzliche Polsterung passen sich jeder Kopfform an und verbessern den Tragekomfort<\/p>\n<p>Anwendbare Verwendungen: Heimschutz, Feldtraining, Leibw\u00e4chter, Personal, das an gef\u00e4hrlichen Operationen in ausl\u00e4ndischen bewaffneten Konfliktgebieten beteiligt ist, Milit\u00e4r, Cosplay usw.<\/p>\n","protected":false},"featured_media":4962,"comment_status":"open","ping_status":"closed","template":"","meta":[],"product_brand":[],"product_cat":[211],"product_tag":[],"woo-feed-brand":[50],"class_list":{"0":"post-5142","1":"product","2":"type-product","3":"status-publish","4":"has-post-thumbnail","6":"product_cat-ballistic-mask-de","7":"product_shipping_class-0-3-kg-de","8":"woo-feed-brand-tyditiao","10":"first","11":"instock","12":"sale","13":"shipping-taxable","14":"purchasable","15":"product-type-simple"},"_links":{"self":[{"href":"http:\/\/tyditiao.com\/de\/wp-json\/wp\/v2\/product\/5142","targetHints":{"allow":["GET"]}}],"collection":[{"href":"http:\/\/tyditiao.com\/de\/wp-json\/wp\/v2\/product"}],"about":[{"href":"http:\/\/tyditiao.com\/de\/wp-json\/wp\/v2\/types\/product"}],"replies":[{"embeddable":true,"href":"http:\/\/tyditiao.com\/de\/wp-json\/wp\/v2\/comments?post=5142"}],"wp:featuredmedia":[{"embeddable":true,"href":"http:\/\/tyditiao.com\/de\/wp-json\/wp\/v2\/media\/4962"}],"wp:attachment":[{"href":"http:\/\/tyditiao.com\/de\/wp-json\/wp\/v2\/media?parent=5142"}],"wp:term":[{"taxonomy":"product_brand","embeddable":true,"href":"http:\/\/tyditiao.com\/de\/wp-json\/wp\/v2\/product_brand?post=5142"},{"taxonomy":"product_cat","embeddable":true,"href":"http:\/\/tyditiao.com\/de\/wp-json\/wp\/v2\/product_cat?post=5142"},{"taxonomy":"product_tag","embeddable":true,"href":"http:\/\/tyditiao.com\/de\/wp-json\/wp\/v2\/product_tag?post=5142"},{"taxonomy":"woo-feed-brand","embeddable":true,"href":"http:\/\/tyditiao.com\/de\/wp-json\/wp\/v2\/woo-feed-brand?post=5142"}],"curies":[{"name":"wp","href":"https:\/\/api.w.org\/{rel}","templated":true}]}}