{"id":5713,"date":"2022-10-18T05:26:18","date_gmt":"2022-10-18T03:26:18","guid":{"rendered":"http:\/\/tyditiao.com\/product\/aeussere-taktische-schnellwechselweste-taktische-cs-weste-mit-2xpe-iiia-10x12-kugelsicherer-platte\/"},"modified":"2024-07-10T11:45:50","modified_gmt":"2024-07-10T09:45:50","slug":"zewnetrzna-taktische-weste-mit-schnellverschluss-taktische-weste-cs-mit-kugelsicherer-platte-2xpe-iiia-10x12","status":"publish","type":"product","link":"http:\/\/tyditiao.com\/de\/produkt\/zewnetrzna-taktische-weste-mit-schnellverschluss-taktische-weste-cs-mit-kugelsicherer-platte-2xpe-iiia-10x12\/","title":{"rendered":"\u00c4u\u00dfere taktische Schnellwechselweste, taktische CS-Weste mit 2XPE IIIA 10&#215;12 kugelsicherer Platte"},"content":{"rendered":"<p>Die Seiten und Schultern dieses Produkts sind mit Klettverschluss verstellbar, sodass Benutzer jeder Gr\u00f6\u00dfe es tragen k\u00f6nnen.<br \/>\nInnenschicht: hochfestes Material, wasserdicht, langlebig und stabil.<br \/>\nAu\u00dfenschicht: Oxford, Baumwolle oder Nylon, abriebfest, schmutzabweisend und langlebig.<br \/>\nDie Jacke kann f\u00fcr zus\u00e4tzlichen Schutz mit ballistischen Eins\u00e4tzen ausgestattet werden.<\/p>\n<p>Verteidigungsstufe: Standard PE kugelsichere Platte, NIJIIIA,<br \/>\nSchutzeinlage: UHMW-PE<br \/>\nDicke: ~8 mm\/~0,3&#8242;<br \/>\nG\u00fcltigkeit: 5 Jahre<br \/>\nArten von Projektilen, gegen die man sich verteidigen kann:<br \/>\n9 mm Vollmetallmantel (FMJ) \/ Rundkopf (RN)<br \/>\n.44 Universaljacke Hohlspitze (JHP)<\/p>\n<p>Zielbenutzer:<br \/>\nVerdeckte kugelsichere Westen der NIJ-Klasse IIIA sch\u00fctzen vor waffenbedingten Gefahren. Und es hat mehr Zubeh\u00f6r und nimmt eine gr\u00f6\u00dfere Fl\u00e4che ein. Gr\u00f6\u00dfenverstellbar mit Klettverschluss an den Seiten und Schultern. Unsere Produkte k\u00f6nnen mit Streitkr\u00e4ften, SWAT-Agenturen, internen Sicherheitsbeh\u00f6rden, Zoll- und Grenzschutzbeh\u00f6rden, Einwanderungskontrollbeh\u00f6rden und anderen von Schusswaffen bedrohten Beh\u00f6rden ausgestattet werden. Die Menschen erzielen bessere Ergebnisse und weniger Opfer.<\/p>\n","protected":false},"excerpt":{"rendered":"<p>Schnellverschluss realisieren: Die Taillen-Schnellverschlussschnalle ist einfach zu bedienen.<\/p>\n<p>Viel Stauraum: Eingebaute Aufbewahrungstasche und die Utility-Tasche k\u00f6nnen je nach Bedarf installiert oder entfernt werden.<\/p>\n<p>Ausgestattet mit kugelsicheren NIJ IIIA-Platten vorne und hinten: Kann mit der Bedrohung durch Pistolenkugeln fertig werden.<\/p>\n<p>EINSTELLBARE GR\u00d6SSE: Einstellbare Gr\u00f6\u00dfe mit Klettverschluss an den Seiten und Schultern.<\/p>\n","protected":false},"featured_media":5161,"comment_status":"open","ping_status":"closed","template":"","meta":[],"product_brand":[],"product_cat":[229],"product_tag":[],"woo-feed-brand":[50],"class_list":{"0":"post-5713","1":"product","2":"type-product","3":"status-publish","4":"has-post-thumbnail","6":"product_cat-tactical-vest-de","7":"woo-feed-brand-tyditiao","9":"first","10":"instock","11":"sale","12":"shipping-taxable","13":"purchasable","14":"product-type-simple"},"_links":{"self":[{"href":"http:\/\/tyditiao.com\/de\/wp-json\/wp\/v2\/product\/5713","targetHints":{"allow":["GET"]}}],"collection":[{"href":"http:\/\/tyditiao.com\/de\/wp-json\/wp\/v2\/product"}],"about":[{"href":"http:\/\/tyditiao.com\/de\/wp-json\/wp\/v2\/types\/product"}],"replies":[{"embeddable":true,"href":"http:\/\/tyditiao.com\/de\/wp-json\/wp\/v2\/comments?post=5713"}],"wp:featuredmedia":[{"embeddable":true,"href":"http:\/\/tyditiao.com\/de\/wp-json\/wp\/v2\/media\/5161"}],"wp:attachment":[{"href":"http:\/\/tyditiao.com\/de\/wp-json\/wp\/v2\/media?parent=5713"}],"wp:term":[{"taxonomy":"product_brand","embeddable":true,"href":"http:\/\/tyditiao.com\/de\/wp-json\/wp\/v2\/product_brand?post=5713"},{"taxonomy":"product_cat","embeddable":true,"href":"http:\/\/tyditiao.com\/de\/wp-json\/wp\/v2\/product_cat?post=5713"},{"taxonomy":"product_tag","embeddable":true,"href":"http:\/\/tyditiao.com\/de\/wp-json\/wp\/v2\/product_tag?post=5713"},{"taxonomy":"woo-feed-brand","embeddable":true,"href":"http:\/\/tyditiao.com\/de\/wp-json\/wp\/v2\/woo-feed-brand?post=5713"}],"curies":[{"name":"wp","href":"https:\/\/api.w.org\/{rel}","templated":true}]}}