{"id":8072,"date":"2023-05-20T16:43:17","date_gmt":"2023-05-20T14:43:17","guid":{"rendered":"http:\/\/tyditiao.com\/hogar\/"},"modified":"2025-01-04T16:01:29","modified_gmt":"2025-01-04T14:01:29","slug":"hogar","status":"publish","type":"page","link":"http:\/\/tyditiao.com\/es\/","title":{"rendered":"Hogar"},"content":{"rendered":"\n<div class=\"wp-block-cover is-light\" style=\"min-height:240px;aspect-ratio:unset;\"><span aria-hidden=\"true\" class=\"wp-block-cover__background has-background-dim-20 has-background-dim\" style=\"background-color:#b7ad73\"><\/span><img loading=\"lazy\" decoding=\"async\" width=\"1401\" height=\"539\" class=\"wp-block-cover__image-background wp-image-1576\" alt=\"\" src=\"http:\/\/tyditiao.com\/wp-content\/uploads\/2022\/06\/2022-06-13_182159.png\" data-object-fit=\"cover\" srcset=\"http:\/\/tyditiao.com\/wp-content\/uploads\/2022\/06\/2022-06-13_182159.png 1401w, http:\/\/tyditiao.com\/wp-content\/uploads\/2022\/06\/2022-06-13_182159-600x231.png 600w, http:\/\/tyditiao.com\/wp-content\/uploads\/2022\/06\/2022-06-13_182159-300x115.png 300w, http:\/\/tyditiao.com\/wp-content\/uploads\/2022\/06\/2022-06-13_182159-1024x394.png 1024w, http:\/\/tyditiao.com\/wp-content\/uploads\/2022\/06\/2022-06-13_182159-768x295.png 768w, http:\/\/tyditiao.com\/wp-content\/uploads\/2022\/06\/2022-06-13_182159-1320x508.png 1320w\" sizes=\"auto, (max-width: 1401px) 100vw, 1401px\" \/><div class=\"wp-block-cover__inner-container is-layout-constrained wp-block-cover-is-layout-constrained\">\n<div class=\"wp-block-columns is-layout-flex wp-container-core-columns-is-layout-9d6595d7 wp-block-columns-is-layout-flex\">\n<div class=\"wp-block-column is-layout-flow wp-block-column-is-layout-flow\" style=\"flex-basis:25%\"><\/div>\n\n\n\n<div class=\"wp-block-column is-layout-flow wp-block-column-is-layout-flow\" style=\"flex-basis:50%\">\n<div style=\"height:20px\" aria-hidden=\"true\" class=\"wp-block-spacer\"><\/div>\n\n\n\n<p class=\"has-text-align-center custom-style has-text-color has-link-color has-large-font-size wp-elements-2d4e7c663c34cf956dfc348cebb3b6d5\" style=\"color:#ffffff\">Nos especializamos en la producci\u00f3n y venta de varios estilos de casco bal\u00edstico militar t\u00e1ctico.<\/p>\n<\/div>\n\n\n\n<div class=\"wp-block-column is-layout-flow wp-block-column-is-layout-flow\" style=\"flex-basis:25%\"><\/div>\n<\/div>\n<\/div><\/div>\n\n<div style=\"height:50px\" aria-hidden=\"true\" class=\"wp-block-spacer\"><\/div>\n\n<div class=\"wp-block-columns is-layout-flex wp-container-core-columns-is-layout-9d6595d7 wp-block-columns-is-layout-flex\">\n<div class=\"wp-block-column is-layout-flow wp-block-column-is-layout-flow\" style=\"flex-basis:10%\"><\/div>\n\n\n\n<div class=\"wp-block-column is-layout-flow wp-block-column-is-layout-flow\">\n<h2 class=\"wp-block-heading has-text-align-center\">CASCOS BAL\u00cdSTICOS QUE VENDEMOS<\/h2>\n\n\n\n<figure class=\"wp-block-gallery has-nested-images columns-4 is-cropped wp-block-gallery-1 is-layout-flex wp-block-gallery-is-layout-flex\">\n<figure class=\"wp-block-image size-medium\"><img decoding=\"async\" data-id=\"5154\" src=\"https:\/\/tyditiao.com\/wp-content\/uploads\/2022\/10\/&#x672A;&#x6807;&#x9898;-51-300x300.png\" alt=\"Ballistisch tactisch vest voor buiten, uitgerust met een kogelvrij paneeldisplay\" class=\"wp-image-5154\"\/><\/figure>\n\n\n<figure class=\"wp-block-image size-medium\"><img loading=\"lazy\" decoding=\"async\" width=\"300\" height=\"300\" data-id=\"1343\" src=\"http:\/\/tyditiao.com\/wp-content\/uploads\/2022\/06\/7-300x300.jpg\" alt=\"\" class=\"wp-image-1343\" srcset=\"http:\/\/tyditiao.com\/wp-content\/uploads\/2022\/06\/7-300x300.jpg 300w, http:\/\/tyditiao.com\/wp-content\/uploads\/2022\/06\/7-100x100.jpg 100w, http:\/\/tyditiao.com\/wp-content\/uploads\/2022\/06\/7-600x600.jpg 600w, http:\/\/tyditiao.com\/wp-content\/uploads\/2022\/06\/7-1024x1024.jpg 1024w, http:\/\/tyditiao.com\/wp-content\/uploads\/2022\/06\/7-150x150.jpg 150w, http:\/\/tyditiao.com\/wp-content\/uploads\/2022\/06\/7-768x768.jpg 768w, http:\/\/tyditiao.com\/wp-content\/uploads\/2022\/06\/7.jpg 1200w\" sizes=\"auto, (max-width: 300px) 100vw, 300px\" \/><\/figure>\n\n\n<figure class=\"wp-block-image size-medium\"><img decoding=\"async\" data-id=\"4955\" src=\"https:\/\/tyditiao.com\/wp-content\/uploads\/2022\/10\/&#x672A;&#x6807;&#x9898;-3-300x300.png\" alt=\"NIJ IIIA tactisch ballistisch masker met volledig gezicht - schematisch\" class=\"wp-image-4955\"\/><\/figure>\n\n\n<figure class=\"wp-block-image size-medium\"><img decoding=\"async\" data-id=\"5396\" src=\"https:\/\/tyditiao.com\/wp-content\/uploads\/2022\/10\/SICPE&#xFF0C;NIJ-Level-IV&#xFF0C;23MM&#xFF0C;2.5KG-300x300.png\" alt=\"SIC+PE, NIJ Niveau IV, 23MM, 2,5KG, Kogelvrije borstplaat, 250X300MM\" class=\"wp-image-5396\"\/><\/figure><\/figure>\n\n\n\n<div style=\"height:50px\" aria-hidden=\"true\" class=\"wp-block-spacer\"><\/div>\n\n\n\n<h2 class=\"wp-block-heading has-text-align-center\">Preguntas m\u00e1s frecuentes<\/h2>\n\n\n\n<div style=\"height:30px\" aria-hidden=\"true\" class=\"wp-block-spacer\"><\/div>\n\n\n\n<div class=\"wp-block-columns is-layout-flex wp-container-core-columns-is-layout-9d6595d7 wp-block-columns-is-layout-flex\">\n<div class=\"wp-block-column is-layout-flow wp-block-column-is-layout-flow\">\n<h6 class=\"wp-block-heading\">\u00bfTienes una f\u00e1brica f\u00edsica?<\/h6>\n\n\n\n<p>\u00a1S\u00ed! Tenemos f\u00e1brica f\u00edsica y hemos estado proporcionando venta al por mayor a vendedores de cascos europeos y americanos durante 6 a\u00f1os. Enviamos toneladas de cascos a todo el mundo todos los d\u00edas y esta es nuestra tienda de f\u00e1brica.  <\/p>\n<\/div>\n\n\n\n<div class=\"wp-block-column is-layout-flow wp-block-column-is-layout-flow\">\n<h6 class=\"wp-block-heading\">\u00bfHay descuento por comprar directo de f\u00e1brica?<\/h6>\n\n\n\n<p>Por supuesto, al realizar el pedido directamente desde el sitio web de nuestra f\u00e1brica, puede ahorrar m\u00e1s del 20% en comparaci\u00f3n con el precio de venta del distribuidor, porque ahorra directamente sus costos indirectos. Al mismo tiempo, tambi\u00e9n pretendemos ofrecer beneficios al consumidor final para ampliar nuestro negocio minorista. <\/p>\n<\/div>\n<\/div>\n\n\n\n<div class=\"wp-block-columns is-layout-flex wp-container-core-columns-is-layout-9d6595d7 wp-block-columns-is-layout-flex\">\n<div class=\"wp-block-column is-layout-flow wp-block-column-is-layout-flow\">\n<h6 class=\"wp-block-heading\">\u00bfCu\u00e1l es el costo de env\u00edo de un art\u00edculo? \u00bfQu\u00e9 tan pronto puedo conseguirlo?<\/h6>\n\n\n\n<p>Las tarifas de FedEx est\u00e1n incluidas en todos los precios de los cascos, por lo que no tiene que pagar m\u00e1s por el env\u00edo. FEDEX Express puede entregarle el casco dentro de 6 a 14 d\u00edas h\u00e1biles y su transportista local de Fedex lo llamar\u00e1 tan pronto como el paquete llegue a su ciudad y se lo enviar\u00e1 directamente. <\/p>\n<\/div>\n\n\n\n<div class=\"wp-block-column is-layout-flow wp-block-column-is-layout-flow\">\n<h6 class=\"wp-block-heading\">\u00bfDesde d\u00f3nde se env\u00eda el pedido y definitivamente lo recibir\u00e9?<\/h6>\n\n\n\n<p>Env\u00edo desde nuestro almac\u00e9n de f\u00e1brica en China, hemos vendido una gran cantidad de cascos antibalas a los Estados Unidos, Polonia, Alemania, Jap\u00f3n y muchos otros pa\u00edses, y le enviaremos el n\u00famero de seguimiento por correo despu\u00e9s de que se env\u00eden los productos. comprobar el estado de la entrega en cualquier momento.<\/p>\n<\/div>\n<\/div>\n\n\n\n<div class=\"wp-block-columns is-layout-flex wp-container-core-columns-is-layout-9d6595d7 wp-block-columns-is-layout-flex\">\n<div class=\"wp-block-column is-layout-flow wp-block-column-is-layout-flow\">\n<h6 class=\"wp-block-heading\">C\u00f3mo hacer un pedido y c\u00f3mo pagar<\/h6>\n\n\n\n<p>Wij accepteren alleen betalingen voor bestellingen via Paypal en Western Union. Als u nog geen Paypal heeft, registreer u dan hier www.paypal.com om veilig via Paypal te kopen en te betalen. Als u ervoor kiest om via Western Union te betalen, neem dan contact met ons op om bevestig de informatie over de betaling.<\/p>\n<\/div>\n\n\n\n<div class=\"wp-block-column is-layout-flow wp-block-column-is-layout-flow\">\n<h6 class=\"wp-block-heading\">Necesito comprar varios cascos a la vez, \u00bfpuedo obtener un descuento adicional?<\/h6>\n\n\n\n<p>Por supuesto, si necesita m\u00e1s de 5 cascos para su propio uso o para su mayorista local, cont\u00e1ctenos directamente. Recibir\u00e1 precios a\u00fan mejores que en nuestras tiendas en l\u00ednea actuales. No te lo pierdas, porque te ahorrar\u00e1 importantes costes.  <\/p>\n<\/div>\n<\/div>\n\n\n\n<div style=\"height:50px\" aria-hidden=\"true\" class=\"wp-block-spacer\"><\/div>\n\n\n\n<h2 class=\"wp-block-heading has-text-align-center\">Env\u00edo gratis a todas las \u00e1reas<\/h2>\n\n\n\n<h4 class=\"wp-block-heading has-text-align-center\">\u00e1rea de entrega<\/h4>\n\n\n\n<p class=\"has-text-align-center\"><strong>Europa: <\/strong>Polonia, Lituania, Alemania, Pa\u00edses Bajos, Hungr\u00eda, Reino Unido, Francia, Italia, Espa\u00f1a, Austria, B\u00e9lgica, Luxemburgo, Irlanda, Bulgaria, Croacia, Rep\u00fablica Checa, Estonia, Finlandia, Letonia, Malta, Portugal, Ruman\u00eda, Eslovaquia, Eslovenia, Suecia, Dinamarca, Grecia, Suiza, Noruega, Chipre<\/p>\n\n\n\n<p class=\"has-text-align-center\"><strong>Asia: <\/strong>Taiw\u00e1n, Macao, Hong Kong, Singapur, Malasia, Tailandia, Vietnam, Filipinas, Israel, Turqu\u00eda, Corea, Jap\u00f3n, Bar\u00e9in, Arabia Saudita, L\u00edbano, Emiratos \u00c1rabes Unidos<\/p>\n\n\n\n<p class=\"has-text-align-center\"><strong>Am\u00e9rica del Norte: <\/strong>Estados Unidos, Canad\u00e1, M\u00e9xico<\/p>\n\n\n\n<p class=\"has-text-align-center\"><strong>Am\u00e9rica del Sur:<\/strong> Brasil, Chile, Colombia<\/p>\n\n\n\n<p class=\"has-text-align-center\"><strong>Ocean\u00eda: <\/strong>Australia, Nueva Zelanda<\/p>\n\n\n\n<p class=\"has-text-align-center\"><strong>\u00c1frica: <\/strong>Sud\u00e1frica<\/p>\n\n\n\n<p class=\"has-text-align-center\"><strong>Nueva regi\u00f3n: <\/strong>Ucrania (no hay servicio de entrega en la zona en disputa y el pedido ser\u00e1 cancelado)<\/p>\n\n\n\n<h4 class=\"wp-block-heading has-text-align-center\">env\u00edo gratis<\/h4>\n\n\n\n<p class=\"has-text-align-center\">Para ampliar el tama\u00f1o del mercado minorista, implementamos una pol\u00edtica de env\u00edo gratuito para todos los pa\u00edses y regiones mencionados anteriormente, lo que significa que no tiene que pagar ning\u00fan cargo de env\u00edo aparte del precio del producto en s\u00ed.<\/p>\n\n\n\n<h4 class=\"wp-block-heading has-text-align-center\">plazo de entrega del pedido<\/h4>\n\n\n\n<p class=\"has-text-align-center\"><strong>Tiempo de procesamiento del pedido:<\/strong> entre 1 y 6 d\u00edas h\u00e1biles despu\u00e9s de recibir el pago (le enviaremos el n\u00famero de env\u00edo despu\u00e9s de entregar el env\u00edo a la empresa de mensajer\u00eda)<\/p>\n\n\n\n<p class=\"has-text-align-center\"><strong>Tiempo de env\u00edo expr\u00e9s: <\/strong>6-14 d\u00edas h\u00e1biles<\/p>\n\n\n\n<div style=\"height:50px\" aria-hidden=\"true\" class=\"wp-block-spacer\"><\/div>\n\n\n\n<h2 class=\"wp-block-heading has-text-align-center\">pagar<\/h2>\n\n\n\n<h4 class=\"wp-block-heading has-text-align-center\">M\u00e9todos de pago<\/h4>\n\n\n\n<p class=\"has-text-align-center\">Ga naar de afrekenpagina om vooraf te betalen via PAYPAL of betaal uw bestelling via Western Union.<\/p>\n\n\n\n<p class=\"has-text-align-center\"><strong>A. Ga naar de afrekenpagina en betaal vooraf via PAYPAL<\/strong><br\/>1. Voeg het gewenste product toe aan uw winkelwagen<br\/>2. Klik op de winkelwagenknop in de rechterbovenhoek om het productaantal te bekijken en te bevestigen<br\/>3. Klik op de bestelknop om naar de afrekenpagina te gaan, geef uw afleveradres, e-mailadres en andere informatie op<br\/>4. Betaal het orderbedrag via PayPal<br\/>5. Winkelen voltooid, wachtend tot de goederen zijn opgehaald<\/p>\n\n\n\n<p class=\"has-text-align-center\"><strong>B. Western Union-betaling voor uw bestelling<\/strong><br\/>1. Voor communicatie via e-mail zijn informatie nodig zoals product en hoeveelheid, evenals het afhaaladres<br\/>2. Maak over om het orderbedrag te betalen<br\/>3. Winkelen voltooid, wachtend tot de goederen zijn opgehaald<\/p>\n\n\n\n<h4 class=\"wp-block-heading has-text-align-center\">Moneda de soporte<\/h4>\n\n\n\n<p class=\"has-text-align-center\">Wij accepteren elk van de volgende valuta, dus u kunt bij het betalen de valuta kiezen die het beste bij u past<\/p>\n\n\n\n<p class=\"has-text-align-center\">Nieuwe Taiwanese dollar (NT$) &#8211; TWD<br\/>Poolse zloty (PLN) &#8211; PLN<br\/>Amerikaanse dollar (VS) ($) &#8211; USD<br\/>Pond sterling (\u00a3) &#8211; GBP<br\/>Euro (\u20ac) &#8211; EUR<br\/>Japanse yen (\u00a5) &#8211; JPY<br\/>Canadese dollar ($) &#8211; CAD<br\/>Tsjechische kroon (K\u010d) &#8211; CZK<br\/>Mexicaanse peso ($) &#8211; MXN<\/p>\n\n\n\n<div style=\"height:50px\" aria-hidden=\"true\" class=\"wp-block-spacer\"><\/div>\n\n\n\n<h2 class=\"wp-block-heading has-text-align-center\">pol\u00edtica de devoluci\u00f3n de 30 d\u00edas<\/h2>\n\n\n\n<h4 class=\"wp-block-heading has-text-align-center\">pol\u00edtica de devoluciones<\/h4>\n\n\n\n<p class=\"has-text-align-center\">Wij hanteren een retourbeleid van 30 dagen, wat betekent dat u binnen 30 dagen na ontvangst van uw artikel een retour kunt aanvragen.<\/p>\n\n\n\n<p class=\"has-text-align-center\">Om in aanmerking te komen voor retournering moet het artikel in dezelfde staat verkeren als het artikel dat je hebt ontvangen, ongedragen of ongebruikt, en in de originele verpakking. Daarnaast heeft u een kassabon of aankoopbewijs nodig. <\/p>\n\n\n\n<p class=\"has-text-align-center\">Om een retourzending te starten, kunt u contact met ons opnemen via <strong>tyditiao@gmail.com<\/strong>. Als uw retourzending wordt geaccepteerd, sturen wij u een retourlabel met instructies over hoe en waar u uw pakket kunt verzenden. Artikelen die zonder voorafgaand verzoek tot retourzending aan ons worden geretourneerd, worden niet geaccepteerd.  <\/p>\n\n\n\n<p class=\"has-text-align-center\">U kunt altijd contact met ons opnemen via <strong>tyditiao@gmail.com<\/strong> voor eventuele retourproblemen.<\/p>\n\n\n\n<h4 class=\"wp-block-heading has-text-align-center\">da\u00f1os y problemas<\/h4>\n\n\n\n<p class=\"has-text-align-center\">Controleer uw bestelling na ontvangst. Als het artikel beschadigd of defect is of als u het verkeerde artikel heeft ontvangen, neem dan onmiddellijk contact met ons op (<a href=\"https:\/\/tyditiao.com\/es\/contacto\/\">neem contact met ons op via<\/a>), zodat we het probleem kunnen vinden en onmiddellijk kunnen oplossen.<\/p>\n\n\n\n<h4 class=\"wp-block-heading has-text-align-center\">intercambio<\/h4>\n\n\n\n<p class=\"has-text-align-center\">De snelste manier om ervoor te zorgen dat u krijgt wat u wilt, is door het artikel dat u al heeft te retourneren. Zodra uw retourzending is geaccepteerd, koopt u het nieuwe artikel afzonderlijk.<\/p>\n\n\n\n<h4 class=\"wp-block-heading has-text-align-center\">devolver<\/h4>\n\n\n\n<p class=\"has-text-align-center\">We zullen u op de hoogte stellen zodra uw retourzending is ontvangen en ge\u00efnspecteerd, en uw terugbetaling wordt automatisch terugbetaald via uw oorspronkelijke betaalmethode. Het kan echter enige tijd duren voordat uw bank of creditcardmaatschappij de terugvordering heeft verwerkt en uitgevoerd. <\/p>\n<\/div>\n\n\n\n<div class=\"wp-block-column is-layout-flow wp-block-column-is-layout-flow\" style=\"flex-basis:10%\"><\/div>\n<\/div>\n\n<p><\/p>\n","protected":false},"excerpt":{"rendered":"<p>CASCOS BAL\u00cdSTICOS QUE VENDEMOS Preguntas m\u00e1s frecuentes \u00bfTienes una f\u00e1brica f\u00edsica? \u00a1S\u00ed! Tenemos f\u00e1brica f\u00edsica y hemos estado proporcionando venta&#8230;<\/p>\n","protected":false},"author":1,"featured_media":0,"parent":0,"menu_order":0,"comment_status":"closed","ping_status":"closed","template":"","meta":{"footnotes":""},"class_list":["post-8072","page","type-page","status-publish","hentry"],"_links":{"self":[{"href":"http:\/\/tyditiao.com\/es\/wp-json\/wp\/v2\/pages\/8072","targetHints":{"allow":["GET"]}}],"collection":[{"href":"http:\/\/tyditiao.com\/es\/wp-json\/wp\/v2\/pages"}],"about":[{"href":"http:\/\/tyditiao.com\/es\/wp-json\/wp\/v2\/types\/page"}],"author":[{"embeddable":true,"href":"http:\/\/tyditiao.com\/es\/wp-json\/wp\/v2\/users\/1"}],"replies":[{"embeddable":true,"href":"http:\/\/tyditiao.com\/es\/wp-json\/wp\/v2\/comments?post=8072"}],"version-history":[{"count":4,"href":"http:\/\/tyditiao.com\/es\/wp-json\/wp\/v2\/pages\/8072\/revisions"}],"predecessor-version":[{"id":16386,"href":"http:\/\/tyditiao.com\/es\/wp-json\/wp\/v2\/pages\/8072\/revisions\/16386"}],"wp:attachment":[{"href":"http:\/\/tyditiao.com\/es\/wp-json\/wp\/v2\/media?parent=8072"}],"curies":[{"name":"wp","href":"https:\/\/api.w.org\/{rel}","templated":true}]}}