{"id":8121,"date":"2023-03-05T03:08:59","date_gmt":"2023-05-20T15:03:13","guid":{"rendered":"http:\/\/tyditiao.com\/product\/cuerda-estatica-completa-de-kevlar-cuerda-de-escalada-en-paracaidas-cuerda-de-seguridad-contra-incendios-8-105-mm-10-m\/"},"modified":"2023-05-20T17:03:13","modified_gmt":"2023-05-20T15:03:13","slug":"completo-electrostatica-kevlar-escalada-seguridad-contra-incendios-paraguas-cuerda-8-105-mm-10m","status":"publish","type":"product","link":"http:\/\/tyditiao.com\/es\/producto\/completo-electrostatica-kevlar-escalada-seguridad-contra-incendios-paraguas-cuerda-8-105-mm-10m\/","title":{"rendered":"Cuerda est\u00e1tica completa de Kevlar, cuerda de escalada en paraca\u00eddas, cuerda de seguridad contra incendios, 8, 10,5 mm (10 m)"},"content":{"rendered":"<p>Si desea comprar una cuerda m\u00e1s larga, como 50 metros, compre 5*10 metros de cuerda y luego deje un mensaje al vendedor de que necesita una cuerda completa de 50 metros.<\/p>\n<p><strong>Sobre los mosquetones:<\/strong> Si compras la cuerda de m\u00e1s de 10 metros de largo, te regalamos dos mosquetones como marca la imagen. Puede instalarlo en ambos extremos de la cuerda, o puede dejarlo solo y est\u00e1 incluido en el paquete. Simplemente escr\u00edbanos y h\u00e1ganos saber su decisi\u00f3n.<\/p>\n<p>Nombre del producto: Cuerda est\u00e1tica completa de Kevlar<br \/>\nMaterial: Kevlar<br \/>\nColor: Color como se muestra en la imagen<br \/>\nDi\u00e1metro: 10,5 mm, 8 mm<br \/>\nPeso neto (\u00b15%): 10,5 mm (75 g\/m2) 8 mm (43 g\/m2)<br \/>\nFuerza de tracci\u00f3n: 10,5 mm (40 kN\/4000 kg) 8 mm (28 kN\/2800 kg)<br \/>\nCertificaci\u00f3n: CE EN1891:1998<br \/>\nCaracter\u00edsticas: alta resistencia, resistencia a altas temperaturas, buena tenacidad, fuerte resistencia al desgarro<br \/>\nMultifunci\u00f3n: escalada, ampliaci\u00f3n, extinci\u00f3n de incendios, trabajos a\u00e9reos, espeleolog\u00eda, colgado, etc.<\/p>\n<p>Recordatorio amistoso: cuando trabaje o juegue en alturas, verifique y mantenga su equipo para evitar el peligro causado por el mal uso<\/p>\n","protected":false},"excerpt":{"rendered":"<p>Si desea comprar una cuerda m\u00e1s larga, como 50 metros, compre 5*10 metros de cuerda y luego deje un mensaje&#8230;<\/p>\n","protected":false},"featured_media":6503,"comment_status":"open","ping_status":"closed","template":"","meta":[],"product_brand":[],"product_cat":[474],"product_tag":[],"woo-feed-brand":[],"class_list":{"0":"post-8121","1":"product","2":"type-product","3":"status-publish","4":"has-post-thumbnail","6":"product_cat-cuerda-de-seguridad","8":"first","9":"instock","10":"shipping-taxable","11":"purchasable","12":"product-type-variable","13":"has-default-attributes"},"_links":{"self":[{"href":"http:\/\/tyditiao.com\/es\/wp-json\/wp\/v2\/product\/8121","targetHints":{"allow":["GET"]}}],"collection":[{"href":"http:\/\/tyditiao.com\/es\/wp-json\/wp\/v2\/product"}],"about":[{"href":"http:\/\/tyditiao.com\/es\/wp-json\/wp\/v2\/types\/product"}],"replies":[{"embeddable":true,"href":"http:\/\/tyditiao.com\/es\/wp-json\/wp\/v2\/comments?post=8121"}],"wp:featuredmedia":[{"embeddable":true,"href":"http:\/\/tyditiao.com\/es\/wp-json\/wp\/v2\/media\/6503"}],"wp:attachment":[{"href":"http:\/\/tyditiao.com\/es\/wp-json\/wp\/v2\/media?parent=8121"}],"wp:term":[{"taxonomy":"product_brand","embeddable":true,"href":"http:\/\/tyditiao.com\/es\/wp-json\/wp\/v2\/product_brand?post=8121"},{"taxonomy":"product_cat","embeddable":true,"href":"http:\/\/tyditiao.com\/es\/wp-json\/wp\/v2\/product_cat?post=8121"},{"taxonomy":"product_tag","embeddable":true,"href":"http:\/\/tyditiao.com\/es\/wp-json\/wp\/v2\/product_tag?post=8121"},{"taxonomy":"woo-feed-brand","embeddable":true,"href":"http:\/\/tyditiao.com\/es\/wp-json\/wp\/v2\/woo-feed-brand?post=8121"}],"curies":[{"name":"wp","href":"https:\/\/api.w.org\/{rel}","templated":true}]}}