{"id":8139,"date":"2022-10-11T16:42:26","date_gmt":"2022-10-11T14:42:26","guid":{"rendered":"http:\/\/tyditiao.com\/product\/mascara-de-aramida-balistica-ligera-mascara-tactica-a-prueba-de-balas-nij-iiia-full-face\/"},"modified":"2026-04-08T13:30:35","modified_gmt":"2026-04-08T11:30:35","slug":"balistic-mask-aramid-nij-iiia-full-face-tactical-bulletproof-mask","status":"publish","type":"product","link":"http:\/\/tyditiao.com\/es\/producto\/balistic-mask-aramid-nij-iiia-full-face-tactical-bulletproof-mask\/","title":{"rendered":"m\u00e1scara de aramida bal\u00edstica ligera, m\u00e1scara t\u00e1ctica a prueba de balas NIJ IIIA Full Face"},"content":{"rendered":"<p>Peso: 0,85 kg<\/p>\n<p>Material: Aramida<\/p>\n<p>Espesor: aramida de 8 mm de espesor y revestimiento de 1 mm<\/p>\n<p>Clase de protecci\u00f3n: NIJ 0101.06 nivel IIIA<\/p>\n<p>Tama\u00f1o: talla \u00fanica<\/p>\n<p>Validez: 5 a\u00f1os<\/p>\n<p>Escenarios aplicables: protecci\u00f3n del hogar, seguridad, equipo policial, combate real, cosplay<\/p>\n<p>Servicio OEM\/ODM disponible a pedido<\/p>\n<p>Lista de embalaje: 1 m\u00e1scara antibalas de cara completa.<\/p>\n","protected":false},"excerpt":{"rendered":"<p>Protege las \u00e1reas m\u00e1s importantes con un peso m\u00ednimo: cobertura completa de la cara del usuario para ofender<\/p>\n<p>Material: fabricado con fibras de Kevlar ligeras y avanzadas que son 15 veces m\u00e1s fuertes que el acero para minimizar la amenaza de las balas<\/p>\n<p>Dise\u00f1o ergon\u00f3mico \u00fanico: diadema de nailon ajustable de 6 puntos y acolchado adicional que se adaptan a cualquier forma de cabeza y mejoran la comodidad de uso<\/p>\n<p>Usos aplicables: protecci\u00f3n del hogar, entrenamiento de campo, guardaespaldas, personal involucrado en operaciones peligrosas en \u00e1reas de conflicto armado extranjero, militar, cosplay, etc.<\/p>\n","protected":false},"featured_media":4970,"comment_status":"open","ping_status":"closed","template":"","meta":[],"product_brand":[],"product_cat":[478],"product_tag":[],"woo-feed-brand":[50],"class_list":{"0":"post-8139","1":"product","2":"type-product","3":"status-publish","4":"has-post-thumbnail","6":"product_cat-mascara-balistica","7":"product_shipping_class-0-3-kg-es","8":"woo-feed-brand-tyditiao","10":"first","11":"instock","12":"sale","13":"shipping-taxable","14":"purchasable","15":"product-type-simple"},"_links":{"self":[{"href":"http:\/\/tyditiao.com\/es\/wp-json\/wp\/v2\/product\/8139","targetHints":{"allow":["GET"]}}],"collection":[{"href":"http:\/\/tyditiao.com\/es\/wp-json\/wp\/v2\/product"}],"about":[{"href":"http:\/\/tyditiao.com\/es\/wp-json\/wp\/v2\/types\/product"}],"replies":[{"embeddable":true,"href":"http:\/\/tyditiao.com\/es\/wp-json\/wp\/v2\/comments?post=8139"}],"wp:featuredmedia":[{"embeddable":true,"href":"http:\/\/tyditiao.com\/es\/wp-json\/wp\/v2\/media\/4970"}],"wp:attachment":[{"href":"http:\/\/tyditiao.com\/es\/wp-json\/wp\/v2\/media?parent=8139"}],"wp:term":[{"taxonomy":"product_brand","embeddable":true,"href":"http:\/\/tyditiao.com\/es\/wp-json\/wp\/v2\/product_brand?post=8139"},{"taxonomy":"product_cat","embeddable":true,"href":"http:\/\/tyditiao.com\/es\/wp-json\/wp\/v2\/product_cat?post=8139"},{"taxonomy":"product_tag","embeddable":true,"href":"http:\/\/tyditiao.com\/es\/wp-json\/wp\/v2\/product_tag?post=8139"},{"taxonomy":"woo-feed-brand","embeddable":true,"href":"http:\/\/tyditiao.com\/es\/wp-json\/wp\/v2\/woo-feed-brand?post=8139"}],"curies":[{"name":"wp","href":"https:\/\/api.w.org\/{rel}","templated":true}]}}