{"id":14131,"date":"2022-10-11T12:39:23","date_gmt":"2022-10-11T10:39:23","guid":{"rendered":"http:\/\/tyditiao.com\/product\/kevlar-nij-iiia-kuulikindel-poolmask-aramiidkuulikindel-naomask-taktikalise-kuulikindla-kiivri-jaoks\/"},"modified":"2026-01-25T19:45:56","modified_gmt":"2026-01-25T17:45:56","slug":"ballistiline-kevlar-nij-iiia-aramiid-ballistic-mask-sobiv-taktikalise-ballistilise-kiiver-wendy-kiire-michigani-fit","status":"publish","type":"product","link":"http:\/\/tyditiao.com\/et\/toode\/ballistiline-kevlar-nij-iiia-aramiid-ballistic-mask-sobiv-taktikalise-ballistilise-kiiver-wendy-kiire-michigani-fit\/","title":{"rendered":"Kevlar NIJ IIIA kuulikindel poolmask, aramiidkuulikindel n\u00e4omask taktikalise kuulikindla kiivri jaoks"},"content":{"rendered":"<p>Kaal: 0,68 kg<\/p>\n<p>Materjal: aramiid<\/p>\n<p>Paksus: 8 mm paksune aramiid ja 1 mm kate<\/p>\n<p>Kaitseklass: NIJ 0101.06 tase IIIA<\/p>\n<p>Suurus: \u00fcks suurus sobib k\u00f5igile<\/p>\n<p>Kehtivusaeg: 5 aastat<\/p>\n<p>Kohaldatavad stsenaariumid: kodukaitse, turvalisus, politseivarustus, tegelik v\u00f5itlus, cosplay<\/p>\n<p>OEM\/ODM-teenus on saadaval n\u00f5udmisel<\/p>\n<p>&nbsp;<\/p>\n<p>Pakendiloend: 1X poole n\u00e4oga kuulikindel mask<\/p>\n","protected":false},"excerpt":{"rendered":"<p>Materjal: valmistatud t\u00e4iustatud kergetest kevlarkiududest, mis on 15 korda tugevamad kui teras, et minimeerida kuulide ohtu<\/p>\n<p>Ainulaadne ergonoomiline disain: 6-punktiliselt reguleeritav nailonist peapael ja t\u00e4iendav polsterdus sobivad iga peakujuga ja parandavad kandmismugavust<\/p>\n<p>Hea kohanemisv\u00f5ime: saab kasutada FAST, WENDY, MICH ja teiste kuulikindlate kiivritega, kattes t\u00e4ielikult kandja n\u00e4o<\/p>\n<p>Kohaldatavad kasutusalad: kodukaitse, s\u00f5jav\u00e4elased, ohtlikel operatsioonidel osalevad t\u00f6\u00f6tajad, v\u00e4liv\u00e4lja\u00f5pe, ihukaitsjad, v\u00e4lisriikide relvakonfliktipiirkondades ohtlikel operatsioonidel osalevad t\u00f6\u00f6tajad<\/p>\n","protected":false},"featured_media":11559,"comment_status":"open","ping_status":"closed","template":"","meta":[],"product_brand":[],"product_cat":[615],"product_tag":[],"woo-feed-brand":[50],"class_list":{"0":"post-14131","1":"product","2":"type-product","3":"status-publish","4":"has-post-thumbnail","6":"product_cat-ballistiline-mask","7":"product_shipping_class-0-3-kg-et","8":"woo-feed-brand-tyditiao","10":"first","11":"instock","12":"sale","13":"shipping-taxable","14":"purchasable","15":"product-type-simple"},"_links":{"self":[{"href":"http:\/\/tyditiao.com\/et\/wp-json\/wp\/v2\/product\/14131","targetHints":{"allow":["GET"]}}],"collection":[{"href":"http:\/\/tyditiao.com\/et\/wp-json\/wp\/v2\/product"}],"about":[{"href":"http:\/\/tyditiao.com\/et\/wp-json\/wp\/v2\/types\/product"}],"replies":[{"embeddable":true,"href":"http:\/\/tyditiao.com\/et\/wp-json\/wp\/v2\/comments?post=14131"}],"wp:featuredmedia":[{"embeddable":true,"href":"http:\/\/tyditiao.com\/et\/wp-json\/wp\/v2\/media\/11559"}],"wp:attachment":[{"href":"http:\/\/tyditiao.com\/et\/wp-json\/wp\/v2\/media?parent=14131"}],"wp:term":[{"taxonomy":"product_brand","embeddable":true,"href":"http:\/\/tyditiao.com\/et\/wp-json\/wp\/v2\/product_brand?post=14131"},{"taxonomy":"product_cat","embeddable":true,"href":"http:\/\/tyditiao.com\/et\/wp-json\/wp\/v2\/product_cat?post=14131"},{"taxonomy":"product_tag","embeddable":true,"href":"http:\/\/tyditiao.com\/et\/wp-json\/wp\/v2\/product_tag?post=14131"},{"taxonomy":"woo-feed-brand","embeddable":true,"href":"http:\/\/tyditiao.com\/et\/wp-json\/wp\/v2\/woo-feed-brand?post=14131"}],"curies":[{"name":"wp","href":"https:\/\/api.w.org\/{rel}","templated":true}]}}