{"id":12856,"date":"2023-05-22T09:15:23","date_gmt":"2023-05-22T07:15:23","guid":{"rendered":"http:\/\/tyditiao.com\/koti\/"},"modified":"2025-01-04T16:01:30","modified_gmt":"2025-01-04T14:01:30","slug":"koti","status":"publish","type":"page","link":"http:\/\/tyditiao.com\/fi\/","title":{"rendered":"Home"},"content":{"rendered":"\n<div class=\"wp-block-cover is-light\" style=\"min-height:240px;aspect-ratio:unset;\"><span aria-hidden=\"true\" class=\"wp-block-cover__background has-background-dim-20 has-background-dim\" style=\"background-color:#b7ad73\"><\/span><img loading=\"lazy\" decoding=\"async\" width=\"1401\" height=\"539\" class=\"wp-block-cover__image-background wp-image-1576\" alt=\"\" src=\"http:\/\/tyditiao.com\/wp-content\/uploads\/2022\/06\/2022-06-13_182159.png\" data-object-fit=\"cover\" srcset=\"http:\/\/tyditiao.com\/wp-content\/uploads\/2022\/06\/2022-06-13_182159.png 1401w, http:\/\/tyditiao.com\/wp-content\/uploads\/2022\/06\/2022-06-13_182159-600x231.png 600w, http:\/\/tyditiao.com\/wp-content\/uploads\/2022\/06\/2022-06-13_182159-300x115.png 300w, http:\/\/tyditiao.com\/wp-content\/uploads\/2022\/06\/2022-06-13_182159-1024x394.png 1024w, http:\/\/tyditiao.com\/wp-content\/uploads\/2022\/06\/2022-06-13_182159-768x295.png 768w, http:\/\/tyditiao.com\/wp-content\/uploads\/2022\/06\/2022-06-13_182159-1320x508.png 1320w\" sizes=\"auto, (max-width: 1401px) 100vw, 1401px\" \/><div class=\"wp-block-cover__inner-container is-layout-constrained wp-block-cover-is-layout-constrained\">\n<div class=\"wp-block-columns is-layout-flex wp-container-core-columns-is-layout-9d6595d7 wp-block-columns-is-layout-flex\">\n<div class=\"wp-block-column is-layout-flow wp-block-column-is-layout-flow\" style=\"flex-basis:25%\"><\/div>\n\n\n\n<div class=\"wp-block-column is-layout-flow wp-block-column-is-layout-flow\" style=\"flex-basis:50%\">\n<div style=\"height:20px\" aria-hidden=\"true\" class=\"wp-block-spacer\"><\/div>\n\n\n\n<p class=\"has-text-align-center custom-style has-text-color has-link-color has-large-font-size wp-elements-501959256756239abd34a68893cbcbb3\" style=\"color:#ffffff\">Olemme erikoistuneet erityyppisten taktisten sotilaallisten ballististen kyp\u00e4r\u00e4n tuotantoon ja myyntiin<\/p>\n<\/div>\n\n\n\n<div class=\"wp-block-column is-layout-flow wp-block-column-is-layout-flow\" style=\"flex-basis:25%\"><\/div>\n<\/div>\n<\/div><\/div>\n\n<div style=\"height:50px\" aria-hidden=\"true\" class=\"wp-block-spacer\"><\/div>\n\n<div class=\"wp-block-columns is-layout-flex wp-container-core-columns-is-layout-9d6595d7 wp-block-columns-is-layout-flex\">\n<div class=\"wp-block-column is-layout-flow wp-block-column-is-layout-flow\" style=\"flex-basis:10%\"><\/div>\n\n\n\n<div class=\"wp-block-column is-layout-flow wp-block-column-is-layout-flow\">\n<h2 class=\"wp-block-heading has-text-align-center\">MYYT\u00c4MME BALLISTISET KYP\u00c4R\u00c4T<\/h2>\n\n\n\n<figure class=\"wp-block-gallery has-nested-images columns-4 is-cropped wp-block-gallery-1 is-layout-flex wp-block-gallery-is-layout-flex\">\n<figure class=\"wp-block-image size-medium\"><img decoding=\"async\" data-id=\"5154\" src=\"https:\/\/tyditiao.com\/wp-content\/uploads\/2022\/10\/&#x672A;&#x6807;&#x9898;-51-300x300.png\" alt=\"Ballistinen taktinen ulkoliivi, jossa on luodinkest&#xE4;v&#xE4; n&#xE4;ytt&#xF6;\" class=\"wp-image-5154\"\/><\/figure>\n\n\n<figure class=\"wp-block-image size-medium\"><img loading=\"lazy\" decoding=\"async\" width=\"300\" height=\"300\" data-id=\"1343\" src=\"http:\/\/tyditiao.com\/wp-content\/uploads\/2022\/06\/7-300x300.jpg\" alt=\"\" class=\"wp-image-1343\" srcset=\"http:\/\/tyditiao.com\/wp-content\/uploads\/2022\/06\/7-300x300.jpg 300w, http:\/\/tyditiao.com\/wp-content\/uploads\/2022\/06\/7-100x100.jpg 100w, http:\/\/tyditiao.com\/wp-content\/uploads\/2022\/06\/7-600x600.jpg 600w, http:\/\/tyditiao.com\/wp-content\/uploads\/2022\/06\/7-1024x1024.jpg 1024w, http:\/\/tyditiao.com\/wp-content\/uploads\/2022\/06\/7-150x150.jpg 150w, http:\/\/tyditiao.com\/wp-content\/uploads\/2022\/06\/7-768x768.jpg 768w, http:\/\/tyditiao.com\/wp-content\/uploads\/2022\/06\/7.jpg 1200w\" sizes=\"auto, (max-width: 300px) 100vw, 300px\" \/><\/figure>\n\n\n<figure class=\"wp-block-image size-medium\"><img decoding=\"async\" data-id=\"4955\" src=\"https:\/\/tyditiao.com\/wp-content\/uploads\/2022\/10\/&#x672A;&#x6807;&#x9898;-3-300x300.png\" alt=\"NIJ IIIA koko kasvojen taktinen ballistinen naamio - Kaavamainen\" class=\"wp-image-4955\"\/><\/figure>\n\n\n<figure class=\"wp-block-image size-medium\"><img decoding=\"async\" data-id=\"5396\" src=\"https:\/\/tyditiao.com\/wp-content\/uploads\/2022\/10\/SICPE&#xFF0C;NIJ-Level-IV&#xFF0C;23MM&#xFF0C;2.5KG-300x300.png\" alt=\"SIC+PE, NIJ Level IV, 23 mm, 2,5 kg, luodinkest&#xE4;v&#xE4; rintakilpi, 250 x 300 mm\" class=\"wp-image-5396\"\/><\/figure><\/figure>\n\n\n\n<div style=\"height:50px\" aria-hidden=\"true\" class=\"wp-block-spacer\"><\/div>\n\n\n\n<h2 class=\"wp-block-heading has-text-align-center\">FAQ<\/h2>\n\n\n\n<div style=\"height:30px\" aria-hidden=\"true\" class=\"wp-block-spacer\"><\/div>\n\n\n\n<div class=\"wp-block-columns is-layout-flex wp-container-core-columns-is-layout-9d6595d7 wp-block-columns-is-layout-flex\">\n<div class=\"wp-block-column is-layout-flow wp-block-column-is-layout-flow\">\n<h6 class=\"wp-block-heading\">Onko sinulla fyysinen tehdas?<\/h6>\n\n\n\n<p>Kyll\u00e4! Meill\u00e4 on fyysinen tehdas ja olemme tarjonneet tukkumyynti\u00e4 eurooppalaisille ja amerikkalaisille kyp\u00e4ramyyjille 6 vuoden ajan. L\u00e4het\u00e4mme p\u00e4ivitt\u00e4in tonnia kyp\u00e4ri\u00e4 ymp\u00e4ri maailmaa, ja t\u00e4m\u00e4 on tehdasmyym\u00e4l\u00e4mme.  <\/p>\n<\/div>\n\n\n\n<div class=\"wp-block-column is-layout-flow wp-block-column-is-layout-flow\">\n<h6 class=\"wp-block-heading\">Saako suoraan tehtaalta ostettaessa alennusta?<\/h6>\n\n\n\n<p>Tietysti tilaamalla suoraan tehtaamme verkkosivuilta voit s\u00e4\u00e4st\u00e4\u00e4 yli 20% j\u00e4lleenmyyj\u00e4n myyntihintaan verrattuna, koska se s\u00e4\u00e4st\u00e4\u00e4 suoraan v\u00e4lillisi\u00e4 kulujasi. Samalla aiomme antaa voittoa loppukuluttajalle v\u00e4hitt\u00e4iskauppamme laajentamiseksi. <\/p>\n<\/div>\n<\/div>\n\n\n\n<div class=\"wp-block-columns is-layout-flex wp-container-core-columns-is-layout-9d6595d7 wp-block-columns-is-layout-flex\">\n<div class=\"wp-block-column is-layout-flow wp-block-column-is-layout-flow\">\n<h6 class=\"wp-block-heading\">Mik\u00e4 on tuotteen toimituskulut? Kuinka pian saan sen?<\/h6>\n\n\n\n<p>FedEx-maksut sis\u00e4ltyv\u00e4t kaikkiin kyp\u00e4r\u00e4n hintoihin, joten sinun ei tarvitse maksaa ylim\u00e4\u00e4r\u00e4ist\u00e4 toimituksesta. FEDEX Express voi toimittaa kyp\u00e4r\u00e4n sinulle 6\u201314 arkip\u00e4iv\u00e4n kuluessa, ja paikallinen Fedex-rahdinantaja soittaa sinulle heti, kun paketti saapuu kaupunkiin ja l\u00e4hett\u00e4\u00e4 sen suoraan sinulle. <\/p>\n<\/div>\n\n\n\n<div class=\"wp-block-column is-layout-flow wp-block-column-is-layout-flow\">\n<h6 class=\"wp-block-heading\">Mist\u00e4 tilaus l\u00e4hetet\u00e4\u00e4n ja olenko varma, ett\u00e4 saan sen?<\/h6>\n\n\n\n<p>Toimitus tehtaan varastostamme Kiinassa, olemme myyneet suuren m\u00e4\u00e4r\u00e4n luodinkest\u00e4vi\u00e4 kyp\u00e4ri\u00e4 Yhdysvaltoihin, Puolaan, Saksaan, Japaniin ja moniin muihin maihin, ja l\u00e4het\u00e4mme sinulle seurantanumeron postitse, kun tavarat on l\u00e4hetetty, voit tarkista toimituksen tila milloin tahansa.<\/p>\n<\/div>\n<\/div>\n\n\n\n<div class=\"wp-block-columns is-layout-flex wp-container-core-columns-is-layout-9d6595d7 wp-block-columns-is-layout-flex\">\n<div class=\"wp-block-column is-layout-flow wp-block-column-is-layout-flow\">\n<h6 class=\"wp-block-heading\">Kuinka tehd\u00e4 tilaus ja kuinka maksaa<\/h6>\n\n\n\n<p>Hyv\u00e4ksymme maksut vain tilauksista Paypalin ja Western Unionin kautta.Jos sinulla ei viel\u00e4 ole Paypalia, rekister\u00f6idy t\u00e4\u00e4ll\u00e4 www.paypal.com ostaaksesi ja maksaaksesi turvallisesti Paypalin kautta\u3002Jos p\u00e4\u00e4t\u00e4t maksaa Western Unionin kautta, ota meihin yhteytt\u00e4. vahvista maksutiedot.<\/p>\n<\/div>\n\n\n\n<div class=\"wp-block-column is-layout-flow wp-block-column-is-layout-flow\">\n<h6 class=\"wp-block-heading\">Minun t\u00e4ytyy ostaa useita kyp\u00e4ri\u00e4 samanaikaisesti, voinko saada lis\u00e4alennuksen?<\/h6>\n\n\n\n<p>Tietysti, jos tarvitset enemm\u00e4n kuin 5 kyp\u00e4r\u00e4\u00e4 omaan k\u00e4ytt\u00f6\u00f6n tai paikalliseen tukkuliikkeeseen, ota meihin yhteytt\u00e4 suoraan. Saat viel\u00e4 paremmat hinnat kuin nykyiset verkkokaupastamme. \u00c4l\u00e4 missaa sit\u00e4, sill\u00e4 se s\u00e4\u00e4st\u00e4\u00e4 huomattavia kuluja.  <\/p>\n<\/div>\n<\/div>\n\n\n\n<div style=\"height:50px\" aria-hidden=\"true\" class=\"wp-block-spacer\"><\/div>\n\n\n\n<h2 class=\"wp-block-heading has-text-align-center\">Ilmainen toimitus kaikille alueille<\/h2>\n\n\n\n<h4 class=\"wp-block-heading has-text-align-center\">toimitusalue<\/h4>\n\n\n\n<p class=\"has-text-align-center\"><strong>Eurooppa:<\/strong> Puola, Liettua, Saksa, Alankomaat, Unkari, Iso-Britannia, Ranska, Italia, Espanja, It\u00e4valta, Belgia, Luxemburg, Irlanti, Bulgaria, Kroatia, T\u0161ekki, Viro, Suomi, Latvia, Malta, Portugali, Romania, Slovakia, Slovenia, Ruotsi, Tanska, Kreikka, Sveitsi, Norja, Kypros<\/p>\n\n\n\n<p class=\"has-text-align-center\"><strong>Aasia: <\/strong>Taiwan, Macao, Hongkong, Singapore, Malesia, Thaimaa, Vietnam, Filippiinit, Israel, Turkki, Korea, Japani, Bahrain, Saudi-Arabia, Libanon, Yhdistyneet arabiemiirikunnat<\/p>\n\n\n\n<p class=\"has-text-align-center\"><strong>Pohjois-Amerikka: <\/strong>Yhdysvallat, Kanada, Meksiko<\/p>\n\n\n\n<p class=\"has-text-align-center\"><strong>Etel\u00e4-Amerikka:<\/strong> Brasilia, Chile, Kolumbia<\/p>\n\n\n\n<p class=\"has-text-align-center\"><strong>Oseania: <\/strong>Australia, Uusi-Seelanti<\/p>\n\n\n\n<p class=\"has-text-align-center\"><strong>Afrikka: <\/strong>Etel\u00e4-Afrikka<\/p>\n\n\n\n<p class=\"has-text-align-center\"><strong>Uusi alue: <\/strong>Ukraina (kiistanalaisella alueella ei ole toimituspalvelua ja tilaus peruutetaan)<\/p>\n\n\n\n<h4 class=\"wp-block-heading has-text-align-center\">ilmainen toimitus<\/h4>\n\n\n\n<p class=\"has-text-align-center\">Laajentaaksemme v\u00e4hitt\u00e4ismarkkinoiden kokoa otamme k\u00e4ytt\u00f6\u00f6n ilmaisen toimitusk\u00e4yt\u00e4nn\u00f6n kaikkiin yll\u00e4 oleviin maihin ja alueisiin, mik\u00e4 tarkoittaa, ett\u00e4 sinun ei tarvitse maksaa muita toimituskuluja kuin itse tuotteen hinta.<\/p>\n\n\n\n<h4 class=\"wp-block-heading has-text-align-center\">tilauksen toimitusaika<\/h4>\n\n\n\n<p class=\"has-text-align-center\"><strong>Tilauksen k\u00e4sittelyaika: <\/strong>1-6 arkip\u00e4iv\u00e4n sis\u00e4ll\u00e4 maksun vastaanottamisesta (l\u00e4het\u00e4mme l\u00e4hetysnumeron l\u00e4hetyksen luovuttamisen j\u00e4lkeen kuriiriyritykselle)<\/p>\n\n\n\n<p class=\"has-text-align-center\"><strong>Pikatoimitusaika:<\/strong> 6-14 arkip\u00e4iv\u00e4\u00e4<\/p>\n\n\n\n<div style=\"height:50px\" aria-hidden=\"true\" class=\"wp-block-spacer\"><\/div>\n\n\n\n<h2 class=\"wp-block-heading has-text-align-center\">maksaa<\/h2>\n\n\n\n<h4 class=\"wp-block-heading has-text-align-center\">Maksutavat<\/h4>\n\n\n\n<p class=\"has-text-align-center\">Vieraile kassasivulla maksaaksesi ennakkoon PAYPALin kautta tai maksaaksesi tilauksesi Western Unionin kautta.<\/p>\n\n\n\n<p class=\"has-text-align-center\"><strong>A. Siirry kassasivulle ja maksa ennakkoon PAYPAL:in kautta<\/strong><br\/>1. Lis\u00e4\u00e4 haluamasi tuote ostoskoriin<br\/>2. Napsauta ostoskoripainiketta oikeassa yl\u00e4kulmassa n\u00e4hd\u00e4ksesi ja vahvistaaksesi tuotteen m\u00e4\u00e4r\u00e4n<br\/>3. Napsauta tilauspainiketta siirty\u00e4ksesi kassasivulle, anna toimitusosoitteesi, s\u00e4hk\u00f6postiosoitteesi ja muut tiedot<br\/>4. Maksa tilaussumma PayPalin kautta<br\/>5. Ostokset suoritettu, odottamassa tavaroiden noutoa<\/p>\n\n\n\n<p class=\"has-text-align-center\"><strong>B. Western Union -maksu tilauksestasi<\/strong><br\/>1. S\u00e4hk\u00f6postiviestint\u00e4\u00e4n tarvitaan tietoja, kuten tuote ja m\u00e4\u00e4r\u00e4 sek\u00e4 noutoosoite<br\/>2. Siirto tilauksen summan maksamiseksi<br\/>3. Ostokset suoritettu, odottamassa tavaroiden noutoa<\/p>\n\n\n\n<h4 class=\"wp-block-heading has-text-align-center\">Tukivaluutta<\/h4>\n\n\n\n<p class=\"has-text-align-center\">Hyv\u00e4ksymme mink\u00e4 tahansa seuraavista valuutoista, joten voit valita sinulle parhaiten sopivan valuutan maksaessasi<\/p>\n\n\n\n<p class=\"has-text-align-center\">Uusi Taiwanin dollari (NT$) &#8211; TWD<br\/>Puolan zloty (PLN) &#8211; PLN<br\/>Yhdysvaltain dollari (US) ($) &#8211; USD<br\/>Englannin punta (\u00a3) &#8211; GBP<br\/>Euro (\u20ac) &#8211; EUR<br\/>Japanin jeni (\u00a5) &#8211; JPY<br\/>Kanadan dollari ($) &#8211; CAD<br\/>T\u0161ekin koruna (K\u010d) &#8211; CZK<br\/>Meksikon peso ($) &#8211; MXN<\/p>\n\n\n\n<div style=\"height:50px\" aria-hidden=\"true\" class=\"wp-block-spacer\"><\/div>\n\n\n\n<h2 class=\"wp-block-heading has-text-align-center\">30 p\u00e4iv\u00e4n palautusoikeus<\/h2>\n\n\n\n<h4 class=\"wp-block-heading has-text-align-center\">PALAUTUSK\u00c4YT\u00c4NT\u00d6<\/h4>\n\n\n\n<p class=\"has-text-align-center\">Meill\u00e4 on 30 p\u00e4iv\u00e4n palautusoikeus, mik\u00e4 tarkoittaa, ett\u00e4 voit pyyt\u00e4\u00e4 palautusta 30 p\u00e4iv\u00e4n kuluessa tuotteen vastaanottamisesta.<\/p>\n\n\n\n<p class=\"has-text-align-center\">Palautuksen edellytyksen\u00e4 on, ett\u00e4 tuotteen on oltava samassa kunnossa kuin vastaanottamasi tuote, k\u00e4ytt\u00e4m\u00e4t\u00f6n tai k\u00e4ytt\u00e4m\u00e4t\u00f6n ja alkuper\u00e4isess\u00e4 pakkauksessa. Tarvitset my\u00f6s ostokuitin tai kuitin. <\/p>\n\n\n\n<p class=\"has-text-align-center\">Palautuksen aloittamiseksi voit ottaa meihin yhteytt\u00e4 osoitteeseen <strong>tyditiao@gmail.com<\/strong>. Jos palautuksesi hyv\u00e4ksyt\u00e4\u00e4n, l\u00e4het\u00e4mme sinulle palautuslipun, jossa on ohjeet paketin l\u00e4hett\u00e4misest\u00e4 ja minne. Ilman etuk\u00e4teist\u00e4 palautuspyynt\u00f6\u00e4 meille palautettuja tuotteita ei oteta vastaan.  <\/p>\n\n\n\n<p class=\"has-text-align-center\">Voit aina ottaa meihin yhteytt\u00e4 osoitteeseen<strong> tyditiao@gmail.com<\/strong> palautusasioissa.<\/p>\n\n\n\n<h4 class=\"wp-block-heading has-text-align-center\">vaurioita ja ongelmia<\/h4>\n\n\n\n<p class=\"has-text-align-center\">Sprawd\u017a swoje zam\u00f3wienie po jego otrzymaniu, je\u015bli przedmiot jest uszkodzony, uszkodzony lub otrzyma\u0142e\u015b niew\u0142a\u015bciwy przedmiot, natychmiast (<a href=\"https:\/\/tyditiao.com\/fi\/ottaa-yhteytta\/\">skontaktuj si\u0119 z nami<\/a>), aby\u015bmy mogli znale\u017a\u0107 problem i natychmiast go naprawi\u0107.<\/p>\n\n\n\n<h4 class=\"wp-block-heading has-text-align-center\">vaihto<\/h4>\n\n\n\n<p class=\"has-text-align-center\">Nopein tapa varmistaa, ett\u00e4 saat mit\u00e4 haluat, on palauttaa jo olemassa oleva tuote, ja kun palautuksesi on hyv\u00e4ksytty, osta uusi tuote erikseen.<\/p>\n\n\n\n<h4 class=\"wp-block-heading has-text-align-center\">palata<\/h4>\n\n\n\n<p class=\"has-text-align-center\">Ilmoitamme sinulle, kun palautuksesi on vastaanotettu ja tarkastettu, ja palautuksesi palautetaan automaattisesti alkuper\u00e4iselle maksutavallesi. Pankiltasi tai luottokorttiyhti\u00f6lt\u00e4si voi kuitenkin kest\u00e4\u00e4 jonkin aikaa, ennen kuin se k\u00e4sittelee ja tekee takaisinveloituksen. <\/p>\n<\/div>\n\n\n\n<div class=\"wp-block-column is-layout-flow wp-block-column-is-layout-flow\" style=\"flex-basis:10%\"><\/div>\n<\/div>\n\n<p><\/p>\n","protected":false},"excerpt":{"rendered":"<p>MYYT\u00c4MME BALLISTISET KYP\u00c4R\u00c4T FAQ Onko sinulla fyysinen tehdas? Kyll\u00e4! Meill\u00e4 on fyysinen tehdas ja olemme tarjonneet tukkumyynti\u00e4 eurooppalaisille ja amerikkalaisille&#8230;<\/p>\n","protected":false},"author":1,"featured_media":0,"parent":0,"menu_order":0,"comment_status":"closed","ping_status":"closed","template":"","meta":{"footnotes":""},"class_list":["post-12856","page","type-page","status-publish","hentry"],"_links":{"self":[{"href":"http:\/\/tyditiao.com\/fi\/wp-json\/wp\/v2\/pages\/12856","targetHints":{"allow":["GET"]}}],"collection":[{"href":"http:\/\/tyditiao.com\/fi\/wp-json\/wp\/v2\/pages"}],"about":[{"href":"http:\/\/tyditiao.com\/fi\/wp-json\/wp\/v2\/types\/page"}],"author":[{"embeddable":true,"href":"http:\/\/tyditiao.com\/fi\/wp-json\/wp\/v2\/users\/1"}],"replies":[{"embeddable":true,"href":"http:\/\/tyditiao.com\/fi\/wp-json\/wp\/v2\/comments?post=12856"}],"version-history":[{"count":7,"href":"http:\/\/tyditiao.com\/fi\/wp-json\/wp\/v2\/pages\/12856\/revisions"}],"predecessor-version":[{"id":16388,"href":"http:\/\/tyditiao.com\/fi\/wp-json\/wp\/v2\/pages\/12856\/revisions\/16388"}],"wp:attachment":[{"href":"http:\/\/tyditiao.com\/fi\/wp-json\/wp\/v2\/media?parent=12856"}],"curies":[{"name":"wp","href":"https:\/\/api.w.org\/{rel}","templated":true}]}}