{"id":13266,"date":"2023-03-05T03:25:17","date_gmt":"2023-05-22T13:52:58","guid":{"rendered":"http:\/\/tyditiao.com\/product\/wendy-taktinen-kypara-3a-kevyt-erikoisjoukkojen-rajahdyssuojattu-kypara-erikoiskokoinen-mukautetun-varin-oma-ostolinkki\/"},"modified":"2023-05-22T15:52:58","modified_gmt":"2023-05-22T13:52:58","slug":"wendy-tactical-helm-light-forces-special-3a-rajahdyssuojattu-ruori-erikoiskoko-muokattu-vari-omistettu-linkki-ostokseen","status":"publish","type":"product","link":"http:\/\/tyditiao.com\/fi\/tuote\/wendy-tactical-helm-light-forces-special-3a-rajahdyssuojattu-ruori-erikoiskoko-muokattu-vari-omistettu-linkki-ostokseen\/","title":{"rendered":"WENDY taktinen kyp\u00e4r\u00e4 3A kevyt erikoisjoukkojen r\u00e4j\u00e4hdyssuojattu kyp\u00e4r\u00e4 erikoiskokoinen mukautetun v\u00e4rin oma ostolinkki"},"content":{"rendered":"<p><strong>Tietoja WENDY:n luodinkest\u00e4v\u00e4st\u00e4 kyp\u00e4r\u00e4koosta:<\/strong> T\u00e4h\u00e4n WENDY-erityisjoukkojen luodinkest\u00e4v\u00e4\u00e4n kyp\u00e4r\u00e4\u00e4n olemme lis\u00e4nneet suurikokoisia ja pieni\u00e4 tuotantomuotteja vastaamaan k\u00e4ytt\u00e4ji\u00e4 erilaisiin tarpeisiin. Koko M on normaali koko, joka sopii useimmille ihmisille. Jos luulet, ett\u00e4 pieni koko vastaa paremmin omia vaatimuksiasi tai k\u00e4ytt\u00f6tottumuksiasi, valitse pieni koko, muussa tapauksessa valitse suuri koko.<\/p>\n<p><strong>Tietoja WENDY luodinkest\u00e4v\u00e4n kyp\u00e4r\u00e4n v\u00e4rist\u00e4:<\/strong> Massatuotannossamme ovat p\u00e4\u00e4asiassa mustat, vaaleanruskeat ja vihre\u00e4t. Mutta samalla pystymme valmistamaan mit\u00e4 tahansa v\u00e4ri\u00e4 tai erilaisia asiakkaiden vaatimia naamiointikuvioita, kuten mets\u00e4n naamiointi, viidakon naamiointi, aavikon naamiointi, merinaamiointi, kaupunkinaamiointi jne. Jos aiot tilata yli 10 kyp\u00e4r\u00e4\u00e4 , ota meihin yhteytt\u00e4, saat t\u00e4m\u00e4n mukautetun v\u00e4ripalvelun ilmaiseksi, l\u00e4het\u00e4 meille vain haluamasi v\u00e4rikuvio<\/p>\n<p><strong>WENDY taktisen kyp\u00e4r\u00e4n luodinkest\u00e4v\u00e4 taso:<\/strong> 0101.06 standardi IIIA-taso<\/p>\n<p>MUKAVA K\u00c4YTT\u00c4\u00c4: Zorbium-vaahtomuovipehmusteessa on vett\u00e4 hylkiv\u00e4 vuori antimikrobisella pinnoitteella, joka siirt\u00e4\u00e4 kosteutta pois ja pit\u00e4\u00e4 sinut viile\u00e4n\u00e4 ja kuivana.<\/p>\n<p>HELPPO S\u00c4\u00c4T\u00d6: Kevyt sotilasluokan CAM FIT -kiinnitysj\u00e4rjestelm\u00e4 BOA-kiinnitysj\u00e4rjestelm\u00e4ll\u00e4 turvalliseen, yhdell\u00e4 k\u00e4dell\u00e4 s\u00e4\u00e4t\u00e4miseen tarkan istuvuuden takaamiseksi.<\/p>\n<p>LAAJENNETTAVA: Rail 2.0 -kiinnitysj\u00e4rjestelm\u00e4 on yhteensopiva kaikkien EXFIL Rail 2.0 -lis\u00e4varusteiden kanssa. K\u00e4\u00e4nnett\u00e4v\u00e4 kardaanikiinnityskisko ja kardaanikiinnike otsassa antavat Wendylle mahdollisuuden luoda lis\u00e4\u00e4 mahdollisuuksia.<\/p>\n<p>Normaalin jousituksen lis\u00e4ksi kyp\u00e4r\u00e4ss\u00e4 on kolme iskutyyny\u00e4 ja kahdeksan s\u00e4\u00e4dett\u00e4v\u00e4\u00e4 pehmustetta optimaalisen istuvuuden ja mukavuuden takaamiseksi<\/p>\n","protected":false},"excerpt":{"rendered":"<p>Tietoja WENDY:n luodinkest\u00e4v\u00e4st\u00e4 kyp\u00e4r\u00e4koosta: T\u00e4h\u00e4n WENDY-erityisjoukkojen luodinkest\u00e4v\u00e4\u00e4n kyp\u00e4r\u00e4\u00e4n olemme lis\u00e4nneet suurikokoisia ja pieni\u00e4 tuotantomuotteja vastaamaan k\u00e4ytt\u00e4ji\u00e4 erilaisiin tarpeisiin. Koko M&#8230;<\/p>\n","protected":false},"featured_media":10610,"comment_status":"open","ping_status":"closed","template":"","meta":[],"product_brand":[],"product_cat":[665,663,664],"product_tag":[],"woo-feed-brand":[],"class_list":{"0":"post-13266","1":"product","2":"type-product","3":"status-publish","4":"has-post-thumbnail","6":"product_cat-luodinkestava-kypara","7":"product_cat-luokittelematon","8":"product_cat-wendy-fi","10":"first","11":"instock","12":"sale","13":"shipping-taxable","14":"purchasable","15":"product-type-variable","16":"has-default-attributes"},"_links":{"self":[{"href":"http:\/\/tyditiao.com\/fi\/wp-json\/wp\/v2\/product\/13266","targetHints":{"allow":["GET"]}}],"collection":[{"href":"http:\/\/tyditiao.com\/fi\/wp-json\/wp\/v2\/product"}],"about":[{"href":"http:\/\/tyditiao.com\/fi\/wp-json\/wp\/v2\/types\/product"}],"replies":[{"embeddable":true,"href":"http:\/\/tyditiao.com\/fi\/wp-json\/wp\/v2\/comments?post=13266"}],"wp:featuredmedia":[{"embeddable":true,"href":"http:\/\/tyditiao.com\/fi\/wp-json\/wp\/v2\/media\/10610"}],"wp:attachment":[{"href":"http:\/\/tyditiao.com\/fi\/wp-json\/wp\/v2\/media?parent=13266"}],"wp:term":[{"taxonomy":"product_brand","embeddable":true,"href":"http:\/\/tyditiao.com\/fi\/wp-json\/wp\/v2\/product_brand?post=13266"},{"taxonomy":"product_cat","embeddable":true,"href":"http:\/\/tyditiao.com\/fi\/wp-json\/wp\/v2\/product_cat?post=13266"},{"taxonomy":"product_tag","embeddable":true,"href":"http:\/\/tyditiao.com\/fi\/wp-json\/wp\/v2\/product_tag?post=13266"},{"taxonomy":"woo-feed-brand","embeddable":true,"href":"http:\/\/tyditiao.com\/fi\/wp-json\/wp\/v2\/woo-feed-brand?post=13266"}],"curies":[{"name":"wp","href":"https:\/\/api.w.org\/{rel}","templated":true}]}}