{"id":13859,"date":"2023-03-05T02:51:52","date_gmt":"2023-05-22T14:17:15","guid":{"rendered":"http:\/\/tyditiao.com\/product\/aramidi-ulkokuori-nylon-sisaydin-staattinen-koysi-ulkovuorikiipeilyn-turvakoysi-6810-5-10m\/"},"modified":"2023-05-22T16:17:15","modified_gmt":"2023-05-22T14:17:15","slug":"kevlar-ulko-scoranylon-ydin-staattinen-turvakoysi-ulko-6810-5-10m","status":"publish","type":"product","link":"http:\/\/tyditiao.com\/fi\/tuote\/kevlar-ulko-scoranylon-ydin-staattinen-turvakoysi-ulko-6810-5-10m\/","title":{"rendered":"Aramidi ulkokuori + nylon sis\u00e4ydin staattinen k\u00f6ysi ulkovuorikiipeilyn turvak\u00f6ysi 6,8,10.5 (10m)"},"content":{"rendered":"<p>Jos haluat ostaa pidemm\u00e4n k\u00f6yden, esim. 80 metri\u00e4, osta 8*10 metri\u00e4 k\u00f6ytt\u00e4 ja j\u00e4t\u00e4 sitten myyj\u00e4lle viesti, ett\u00e4 tarvitset koko 80 metrin k\u00f6yden.<\/p>\n<p><strong>Tietoja staattisen k\u00f6yden molemmissa p\u00e4iss\u00e4 olevista karabiineista:<\/strong> Jos ostamasi k\u00f6yden pituus ylitt\u00e4\u00e4 10 metri\u00e4, annamme sinulle kaksi kuvaan merkitty\u00e4 karabiinia. Voit asentaa sen k\u00f6yden molempiin p\u00e4ihin, tai sinun ei tarvitse asentaa sit\u00e4 ja l\u00e4hett\u00e4\u00e4 sit\u00e4 pakkauksessa olevan k\u00f6yden kanssa, laita meille viesti ja kerro meille p\u00e4\u00e4t\u00f6ksesi<\/p>\n<p>Tuotteen nimi: Aramidikuitu + nylon staattinen k\u00f6ysi<br \/>\nV\u00e4ri: kuvan mukainen v\u00e4ri<br \/>\nHalkaisija: 6mm 8mm 10mm<br \/>\nNettopaino (\u00b15 %): 6mm (27g\/m) 8mm (42g\/m) 10mm (65g\/m)<br \/>\nVetovoima: 6mm (7KN\/700KG) 8mm (16KN\/1600KG) 10mm (36KN\/3600KG)<br \/>\nUlkon\u00e4k\u00f6 materiaali: aramidi<br \/>\nYdinmateriaali: Nylon<br \/>\nSertifiointi: CE EN1891:1998<br \/>\nMonik\u00e4ytt\u00f6inen: kiipeily, teleskooppi, palontorjunta, ty\u00f6skentely korkeuksissa, nosturit jne.<\/p>\n","protected":false},"excerpt":{"rendered":"<p>Jos haluat ostaa pidemm\u00e4n k\u00f6yden, esim. 80 metri\u00e4, osta 8*10 metri\u00e4 k\u00f6ytt\u00e4 ja j\u00e4t\u00e4 sitten myyj\u00e4lle viesti, ett\u00e4 tarvitset koko&#8230;<\/p>\n","protected":false},"featured_media":12548,"comment_status":"open","ping_status":"closed","template":"","meta":[],"product_brand":[],"product_cat":[833],"product_tag":[],"woo-feed-brand":[50],"class_list":{"0":"post-13859","1":"product","2":"type-product","3":"status-publish","4":"has-post-thumbnail","6":"product_cat-turvakoysi","7":"woo-feed-brand-tyditiao","9":"first","10":"instock","11":"shipping-taxable","12":"purchasable","13":"product-type-variable","14":"has-default-attributes"},"_links":{"self":[{"href":"http:\/\/tyditiao.com\/fi\/wp-json\/wp\/v2\/product\/13859","targetHints":{"allow":["GET"]}}],"collection":[{"href":"http:\/\/tyditiao.com\/fi\/wp-json\/wp\/v2\/product"}],"about":[{"href":"http:\/\/tyditiao.com\/fi\/wp-json\/wp\/v2\/types\/product"}],"replies":[{"embeddable":true,"href":"http:\/\/tyditiao.com\/fi\/wp-json\/wp\/v2\/comments?post=13859"}],"wp:featuredmedia":[{"embeddable":true,"href":"http:\/\/tyditiao.com\/fi\/wp-json\/wp\/v2\/media\/12548"}],"wp:attachment":[{"href":"http:\/\/tyditiao.com\/fi\/wp-json\/wp\/v2\/media?parent=13859"}],"wp:term":[{"taxonomy":"product_brand","embeddable":true,"href":"http:\/\/tyditiao.com\/fi\/wp-json\/wp\/v2\/product_brand?post=13859"},{"taxonomy":"product_cat","embeddable":true,"href":"http:\/\/tyditiao.com\/fi\/wp-json\/wp\/v2\/product_cat?post=13859"},{"taxonomy":"product_tag","embeddable":true,"href":"http:\/\/tyditiao.com\/fi\/wp-json\/wp\/v2\/product_tag?post=13859"},{"taxonomy":"woo-feed-brand","embeddable":true,"href":"http:\/\/tyditiao.com\/fi\/wp-json\/wp\/v2\/woo-feed-brand?post=13859"}],"curies":[{"name":"wp","href":"https:\/\/api.w.org\/{rel}","templated":true}]}}