{"id":16799,"date":"2025-04-17T09:25:14","date_gmt":"2025-04-17T07:25:14","guid":{"rendered":"https:\/\/tyditiao.com\/product\/casque-balistique-avec-visiere-et-mentonniere-tdtm-3-protection-integrale-nij-iiia-vue-cote-droit\/"},"modified":"2026-01-25T19:51:16","modified_gmt":"2026-01-25T17:51:16","slug":"casque-balistique-avec-visiere-et-mentonniere-tdtm-3-protection-integrale-nij-iiia-vue-cote-droit","status":"publish","type":"product","link":"http:\/\/tyditiao.com\/fi\/tuote\/casque-balistique-avec-visiere-et-mentonniere-tdtm-3-protection-integrale-nij-iiia-vue-cote-droit\/","title":{"rendered":"Casque balistique avec visi\u00e8re et mentonni\u00e8re, TDTM-3, protection int\u00e9grale NIJ IIIA &#8211; Vue c\u00f4t\u00e9 droit"},"content":{"rendered":"<p><strong>Erityishuomioita:<\/strong><\/p>\n<p>T\u00e4m\u00e4 on uusi lippulaivamallimme, jossa yhdistyv\u00e4t korkealaatuinen ammattitaito ja korkein mukavuus. Ellei toisin mainita, oletuskokoonpano on seuraava: koko L, vihre\u00e4, FAST luodinkest\u00e4v\u00e4 kyp\u00e4r\u00e4 Zorbium-vaahtomuovivuorella ja CAM FIT -jousitusj\u00e4rjestelm\u00e4ll\u00e4, suojaustaso NIJ IIIA. Lis\u00e4ksi tarjoamme laajan valikoiman v\u00e4rej\u00e4 (vihre\u00e4, hiekka, musta) ja kokoja (S, M, L, XL).<\/p>\n<p>Miss\u00e4 tahansa oletkin, voit tehd\u00e4 tilauksesi suoraan t\u00e4m\u00e4n linkin kautta ja tehd\u00e4 ostoksesi ilman ongelmia. Ilmoita vain tilaustietoihin tarvitsemasi koko ja v\u00e4ri (esim.: XL-musta) ja saat unelmiesi varusteesi. Emme veloita lis\u00e4kuluja muiden v\u00e4rien ja kokojen valinnasta.<\/p>\n<hr \/>\n<p><strong>Puolustustaso:<\/strong><\/p>\n<p>T\u00e4m\u00e4 luodinkest\u00e4v\u00e4 kyp\u00e4r\u00e4 on NIJ Level IIIA luodinkest\u00e4v\u00e4 kyp\u00e4r\u00e4 NIJ 0101.06 -standardin mukaisesti. Asiaankuuluvat testiraportit voidaan toimittaa.<\/p>\n<hr \/>\n<p><strong>Puolustavan ammuksen parametrit:<\/strong><\/p>\n<p>.44 Mag SJHP<br \/>\n.357 SIG FMJ FN<br \/>\n9mm FMJ RN<br \/>\n.357 Mag JSP<br \/>\n.40 S&amp;W FMJ<\/p>\n<p>Se tarjoaa my\u00f6s suojan useimpia ampuma-aseuhkia vastaan \u200b\u200bsek\u00e4 luokan IIA ja II uhkia vastaan.<\/p>\n<hr \/>\n<p><strong>Luodinkest\u00e4v\u00e4n kyp\u00e4r\u00e4n parametrit:<\/strong><\/p>\n<p>Nimi: NIJ lllA FAST Military Bulletproof Tactical Kyp\u00e4r\u00e4 Kevlar Wendy Zorbium Foam vuorauksella + CAM FIT -jousitusj\u00e4rjestelm\u00e4<\/p>\n<p>Materiaali: eritt\u00e4in luja DuPont Kevlar-aramidikuitu<br \/>\nKoot: S, M, L, XL<br \/>\nV\u00e4ri: vihre\u00e4, hiekka, musta<br \/>\nValinnaiset lis\u00e4varusteet: luodinkest\u00e4v\u00e4 maski jne.<br \/>\nTakuuaika: 5 vuoden takuulla voi olla riitt\u00e4v\u00e4 suojauskyky, mutta jos se ylitt\u00e4\u00e4 takuuajan<br \/>\nEl\u00e4m\u00e4nlaatu heikent\u00e4\u00e4 kyky\u00e4 suojautua.<\/p>\n<p>&nbsp;<\/p>\n<hr \/>\n<p><strong>Luodinkest\u00e4v\u00e4n kyp\u00e4r\u00e4n tiedot ja kokovertailu:<\/strong><\/p>\n<p>&nbsp;<\/p>\n<table style=\"border-collapse: collapse;\" border=\"1\" cellspacing=\"0\" cellpadding=\"5\">\n<thead>\n<tr>\n<th>Ballistinen kyp\u00e4r\u00e4 Kyp\u00e4r\u00e4n koko<\/th>\n<th>S<\/th>\n<th>M<\/th>\n<th>L<\/th>\n<th>XL<\/th>\n<\/tr>\n<\/thead>\n<tbody>\n<tr>\n<td>Pinnoitteen paksuus<\/td>\n<td>9.5<\/td>\n<td>9.5<\/td>\n<td>10 (9.5)<\/td>\n<td>10 (9.5)<\/td>\n<\/tr>\n<tr>\n<td>Suojaustaso<\/td>\n<td>3A.44<\/td>\n<td>3A.44<\/td>\n<td>3A.44<\/td>\n<td>3A.44<\/td>\n<\/tr>\n<tr>\n<td>Pitk\u00e4 akseli (pitk\u00e4 akseli\/mm)<\/td>\n<td>235<\/td>\n<td>240<\/td>\n<td>247<\/td>\n<td>263<\/td>\n<\/tr>\n<tr>\n<td>Lyhyt akseli (pieni akseli\/mm)<\/td>\n<td>182<\/td>\n<td>185<\/td>\n<td>193<\/td>\n<td>205<\/td>\n<\/tr>\n<tr>\n<td>Sis\u00e4korkeus\/mm<\/td>\n<td>146<\/td>\n<td>153<\/td>\n<td>158<\/td>\n<td>161<\/td>\n<\/tr>\n<tr>\n<td>P\u00e4\u00e4n ymp\u00e4rysmitta (kynsien kanssa)<\/td>\n<td>53-59<\/td>\n<td>53-59<\/td>\n<td>56-59<\/td>\n<td>58-62<\/td>\n<\/tr>\n<tr>\n<td>Vakiopaino (paino\/kg)<\/td>\n<td>1.24<\/td>\n<td>1.29<\/td>\n<td>1.32<\/td>\n<td>1.42<\/td>\n<\/tr>\n<tr>\n<td>Painopoikkeama\/kg<\/td>\n<td>0.05<\/td>\n<td>0.05<\/td>\n<td>0.05<\/td>\n<td>0.05<\/td>\n<\/tr>\n<tr>\n<td>Laatikon paino\/kg<\/td>\n<td>2<\/td>\n<td>2<\/td>\n<td>2<\/td>\n<td>2.1<\/td>\n<\/tr>\n<\/tbody>\n<\/table>\n","protected":false},"excerpt":{"rendered":"<p>FAST ballistisen kyp\u00e4r\u00e4n ja Wendy-kyp\u00e4r\u00e4n etujen yhdistelm\u00e4 tarjoaa erinomaisen mukavuuden ja suojan, jolloin voit s\u00e4ilytt\u00e4\u00e4 t\u00e4yden liikkuvuuden ja turvallisuuden miss\u00e4 tahansa teht\u00e4v\u00e4ss\u00e4.<\/p>\n<p>Kevyt ja mukava muotoilu: FAST-kyp\u00e4r\u00e4n moderni kevyt muotoilu v\u00e4hent\u00e4\u00e4 painon minimiin, mik\u00e4 tekee siit\u00e4 ihanteellisen pitk\u00e4aikaiseen k\u00e4ytt\u00f6\u00f6n vaativissa olosuhteissa. Tarjoaa poikkeuksellisen mukavuuden my\u00f6s intensiivisen toiminnan aikana.<\/p>\n<p>Precision Suspension System: Zorbium-insertti ja CAM FIT -jousitusj\u00e4rjestelm\u00e4 mahdollistavat tarkan s\u00e4\u00e4t\u00e4misen p\u00e4\u00e4n muotoon, mik\u00e4 tarjoaa vakaan, pehme\u00e4n ja mukavan istuvuuden, mik\u00e4 takaa mukavuuden pitki\u00e4 aikoja k\u00e4ytett\u00e4ess\u00e4.<\/p>\n<p>Itsekokoamista ei tarvita, mink\u00e4 ansiosta voit s\u00e4\u00e4st\u00e4\u00e4 aikaa ja vaivaa ja nauttia v\u00e4litt\u00f6m\u00e4sti t\u00e4ydellisest\u00e4 taktisesta varusteesta.<\/p>\n","protected":false},"featured_media":16560,"comment_status":"open","ping_status":"closed","template":"","meta":[],"product_brand":[],"product_cat":[617,665,814],"product_tag":[],"woo-feed-brand":[50],"class_list":{"0":"post-16799","1":"product","2":"type-product","3":"status-publish","4":"has-post-thumbnail","6":"product_cat-ballistinen-naamio","7":"product_cat-luodinkestava-kypara","8":"product_cat-nopeasti","9":"woo-feed-brand-tyditiao","11":"first","12":"instock","13":"sale","14":"shipping-taxable","15":"purchasable","16":"product-type-simple"},"_links":{"self":[{"href":"http:\/\/tyditiao.com\/fi\/wp-json\/wp\/v2\/product\/16799","targetHints":{"allow":["GET"]}}],"collection":[{"href":"http:\/\/tyditiao.com\/fi\/wp-json\/wp\/v2\/product"}],"about":[{"href":"http:\/\/tyditiao.com\/fi\/wp-json\/wp\/v2\/types\/product"}],"replies":[{"embeddable":true,"href":"http:\/\/tyditiao.com\/fi\/wp-json\/wp\/v2\/comments?post=16799"}],"wp:featuredmedia":[{"embeddable":true,"href":"http:\/\/tyditiao.com\/fi\/wp-json\/wp\/v2\/media\/16560"}],"wp:attachment":[{"href":"http:\/\/tyditiao.com\/fi\/wp-json\/wp\/v2\/media?parent=16799"}],"wp:term":[{"taxonomy":"product_brand","embeddable":true,"href":"http:\/\/tyditiao.com\/fi\/wp-json\/wp\/v2\/product_brand?post=16799"},{"taxonomy":"product_cat","embeddable":true,"href":"http:\/\/tyditiao.com\/fi\/wp-json\/wp\/v2\/product_cat?post=16799"},{"taxonomy":"product_tag","embeddable":true,"href":"http:\/\/tyditiao.com\/fi\/wp-json\/wp\/v2\/product_tag?post=16799"},{"taxonomy":"woo-feed-brand","embeddable":true,"href":"http:\/\/tyditiao.com\/fi\/wp-json\/wp\/v2\/woo-feed-brand?post=16799"}],"curies":[{"name":"wp","href":"https:\/\/api.w.org\/{rel}","templated":true}]}}