{"id":16800,"date":"2025-04-17T11:28:35","date_gmt":"2025-04-17T09:28:35","guid":{"rendered":"https:\/\/tyditiao.com\/product\/ballistinen-kypara-kasvosuojalla-ja-leukasuojalla-tdtm-3-taydellinen-nij-iiia-suoja-ihanteellinen-aarimmaisiin-taktisiin-olosuhteisiin\/"},"modified":"2025-04-19T15:51:34","modified_gmt":"2025-04-19T13:51:34","slug":"ballistinen-kypara-kasvosuojalla-ja-leukasuojalla-tdtm-3-taydellinen-nij-iiia-suoja-ihanteellinen-aarimmaisiin-taktisiin-olosuhteisiin","status":"publish","type":"product","link":"http:\/\/tyditiao.com\/fi\/tuote\/ballistinen-kypara-kasvosuojalla-ja-leukasuojalla-tdtm-3-taydellinen-nij-iiia-suoja-ihanteellinen-aarimmaisiin-taktisiin-olosuhteisiin\/","title":{"rendered":"ballistinen kyp\u00e4r\u00e4 kasvosuojalla ja leukasuojalla, TDTM-3, t\u00e4ydellinen NIJ IIIA -suoja, ihanteellinen \u00e4\u00e4rimm\u00e4isiin taktisiin olosuhteisiin"},"content":{"rendered":"<p>Eritt\u00e4in luja luodinkest\u00e4v\u00e4 lasi: Korkealaatuinen luodinkest\u00e4v\u00e4 lasi suojaa kasvojasi tehokkaasti r\u00e4j\u00e4hdyksen tai t\u00f6rm\u00e4yksen sattuessa ja varmistaa samalla erinomaisen n\u00e4kyvyyden.<\/p>\n<p>Jaw Guard Module: Moduuli, joka on suunniteltu erityisesti suojaamaan leuka-aluetta, joka tarjoaa lis\u00e4suojaa leualle ja suojaa vammoitta taktisten operaatioiden aikana.<\/p>\n<p>Mukava s\u00e4\u00e4t\u00f6j\u00e4rjestelm\u00e4: Varustettu s\u00e4\u00e4dett\u00e4v\u00e4ll\u00e4 jousitusj\u00e4rjestelm\u00e4ll\u00e4 ja tihe\u00e4ll\u00e4 muistivaahtomuovipehmusteella, joka tarjoaa pehmusteen, imee kosteutta ja hike\u00e4 ja v\u00e4hent\u00e4\u00e4 v\u00e4symyst\u00e4 pitk\u00e4aikaisen k\u00e4yt\u00f6n aikana. Eri kokojen (S, M, L, XL) saatavuus takaa mukavan istuvuuden p\u00e4\u00e4n muotoon. <\/p>\n<p>Taktisten lis\u00e4varusteiden asennus: Kyp\u00e4r\u00e4ss\u00e4 on useita kiinnityspisteit\u00e4, jotka mahdollistavat pime\u00e4n\u00e4\u00f6n, viestint\u00e4laitteiden ja muiden taktisten lis\u00e4varusteiden nopean asennuksen, mik\u00e4 t\u00e4ytt\u00e4\u00e4 erikoistuneiden taisteluoperaatioiden vaatimukset.<\/p>\n<p><strong>Erityishuomioita:<\/strong><\/p>\n<p>T\u00e4m\u00e4 NIJ IIIA -luokan ballistinen kyp\u00e4r\u00e4 tarjoaa kattavan p\u00e4\u00e4nsuojan taktisten operaatioiden aikana. Se on erityisesti suunniteltu varmistamaan sotilaiden turvallisuus \u00e4\u00e4rimm\u00e4isiss\u00e4 olosuhteissa. Olipa kyseess\u00e4 luodinkest\u00e4v\u00e4 lasi edess\u00e4 tai luodinkest\u00e4v\u00e4t moduulit leuassa, ne tarjoavat vertaansa vailla olevan suojan sirpaleita, sirpaleita ja iskuvaurioita vastaan. Hyvin harkittu muotoilu ja mukavuuden s\u00e4\u00e4t\u00f6j\u00e4rjestelm\u00e4 takaavat maksimaalisen mukavuuden pitk\u00e4n taistelun aikana. Olipa kyseess\u00e4 taistelukent\u00e4ll\u00e4, lainvalvontaoperaatiossa tai koulutusymp\u00e4rist\u00f6ss\u00e4, voimme tarjota sinulle vankkaa tukea.    <\/p>\n<p>Jos erityist\u00e4 huomautusta ei ole, oletusasetus on: koko L, v\u00e4ri vihre\u00e4. Lis\u00e4ksi tarjoamme laajan valikoiman v\u00e4rej\u00e4 (hiekka\/musta\/vihre\u00e4\/MC-naamiointi\/sudenruskea) ja kokoja (S, M, L, XL). <\/p>\n<p>Miss\u00e4 tahansa oletkin, voit tehd\u00e4 tilauksesi suoraan t\u00e4m\u00e4n linkin kautta ja tehd\u00e4 ostoksesi ilman ongelmia. Ilmoita vain tilaustietoihin tarvitsemasi koko ja v\u00e4ri (esim.: XL-musta) ja saat unelmiesi varusteesi. Emme veloita lis\u00e4kuluja muiden v\u00e4rien ja kokojen valinnasta.  <\/p>\n<hr>\n<p><strong>Mit\u00e4 tulee skenaarioihin:<\/strong><\/p>\n<p>Erikoisoperaatiojoukot<br \/>\nT\u00e4yt\u00e4nt\u00f6\u00f6npano korkean riskin ymp\u00e4rist\u00f6iss\u00e4<br \/>\nTaktiset ulkoilu- ja ammuntaharjoitukset<br \/>\nPelastus- ja mellakantorjuntateht\u00e4v\u00e4t<\/p>\n<hr>\n<p><strong>Puolustavan ammuksen parametrit:<\/strong><\/p>\n<p>.44 Mag SJHP<br \/>\n.357 SIG FMJ FN<br \/>\n9mm FMJ RN<br \/>\n.357 Mag JSP<br \/>\n.40 S&amp;W FMJ<\/p>\n<p>Se tarjoaa my\u00f6s suojan useimpia ampuma-aseuhkia vastaan \u200b\u200bsek\u00e4 luokan IIA ja II uhkia vastaan.<\/p>\n<hr>\n<p><strong>parametri:<\/strong><\/p>\n<p>Kyp\u00e4r\u00e4n malli: TDTM-3<br \/>\nMateriaali: Kyp\u00e4r\u00e4 ja suusuoja on valmistettu UHMWPE:st\u00e4<br \/>\nPaino: noin 2,8 kg (luodinkest\u00e4v\u00e4 kyp\u00e4r\u00e4 + luodinkest\u00e4v\u00e4 maski + suusuoja)<br \/>\nKoot: S (53-59cm), M (53-59cm), L (56-59cm), L (58-62cm)<br \/>\nV\u00e4ri: musta\/vihre\u00e4\/MC Camo\/Wolf Brown<br \/>\nRakenne: Kyp\u00e4r\u00e4n vartalon ja kasvojen suojaosat (irrotettavat)<br \/>\nSuoja-alue: kyp\u00e4r\u00e4n runko \u2265 0,125 mm, suojalasit \u2265 0,025 m, otsa \u2265 0,04 m<\/p>\n<p>&nbsp;<\/p>\n","protected":false},"excerpt":{"rendered":"<p>Kattava suoja: Yhdist\u00e4\u00e4 luodinkest\u00e4v\u00e4n kasvosuojan ja leukasuojamoduulin, joka tarjoaa 360 asteen suojan koko p\u00e4\u00e4lle, mik\u00e4 takaa t\u00e4ydellisen turvallisuuden riskialttiissa ymp\u00e4rist\u00f6ss\u00e4.<\/p>\n<p>Optimoitu painopiste, vakaa istuvuus: Tarkasti suunniteltu kyp\u00e4r\u00e4n rakenne varmistaa painopisteen j\u00e4rkev\u00e4n jakautumisen ja eliminoi iskuja juostessa tai hypp\u00e4\u00e4ess\u00e4. T\u00e4m\u00e4n avulla voit s\u00e4ilytt\u00e4\u00e4 joustavuuden ja vapauden t\u00e4ht\u00e4\u00e4ess\u00e4si seisoma-asennossa, ampuessasi, suorittaessasi taktisia liikkeit\u00e4 ja muita toimintoja. Kokonaispaino on v\u00e4hennetty suurimmalle mahdolliselle tasolle s\u00e4ilytt\u00e4en samalla t\u00e4yden suojan.  <\/p>\n<p>NIJ IIIA -suojausstandardi: T\u00e4ytt\u00e4\u00e4 NIJ IIIA -standardit ja suojaa tehokkaasti matalan tai keskitason uhkatekij\u00f6ilt\u00e4, \u200b\u200bkuten k\u00e4siaseiden luoteja ja sirpaleita vastaan, mik\u00e4 parantaa taktista turvallisuutta.<\/p>\n","protected":false},"featured_media":16753,"comment_status":"open","ping_status":"closed","template":"","meta":[],"product_brand":[],"product_cat":[617,665],"product_tag":[],"woo-feed-brand":[50],"class_list":{"0":"post-16800","1":"product","2":"type-product","3":"status-publish","4":"has-post-thumbnail","6":"product_cat-ballistinen-naamio","7":"product_cat-luodinkestava-kypara","8":"woo-feed-brand-tyditiao","10":"first","11":"instock","12":"sale","13":"shipping-taxable","14":"purchasable","15":"product-type-simple"},"_links":{"self":[{"href":"http:\/\/tyditiao.com\/fi\/wp-json\/wp\/v2\/product\/16800","targetHints":{"allow":["GET"]}}],"collection":[{"href":"http:\/\/tyditiao.com\/fi\/wp-json\/wp\/v2\/product"}],"about":[{"href":"http:\/\/tyditiao.com\/fi\/wp-json\/wp\/v2\/types\/product"}],"replies":[{"embeddable":true,"href":"http:\/\/tyditiao.com\/fi\/wp-json\/wp\/v2\/comments?post=16800"}],"wp:featuredmedia":[{"embeddable":true,"href":"http:\/\/tyditiao.com\/fi\/wp-json\/wp\/v2\/media\/16753"}],"wp:attachment":[{"href":"http:\/\/tyditiao.com\/fi\/wp-json\/wp\/v2\/media?parent=16800"}],"wp:term":[{"taxonomy":"product_brand","embeddable":true,"href":"http:\/\/tyditiao.com\/fi\/wp-json\/wp\/v2\/product_brand?post=16800"},{"taxonomy":"product_cat","embeddable":true,"href":"http:\/\/tyditiao.com\/fi\/wp-json\/wp\/v2\/product_cat?post=16800"},{"taxonomy":"product_tag","embeddable":true,"href":"http:\/\/tyditiao.com\/fi\/wp-json\/wp\/v2\/product_tag?post=16800"},{"taxonomy":"woo-feed-brand","embeddable":true,"href":"http:\/\/tyditiao.com\/fi\/wp-json\/wp\/v2\/woo-feed-brand?post=16800"}],"curies":[{"name":"wp","href":"https:\/\/api.w.org\/{rel}","templated":true}]}}