{"id":13813,"date":"2023-03-05T03:08:59","date_gmt":"2023-05-22T14:12:47","guid":{"rendered":"http:\/\/tyditiao.com\/product\/tead-statach-iomlan-kevlar-ropa-dreapadoireachta-paraisiuit-ropa-sabhailteachta-doiteain-8-10-5mm-10m\/"},"modified":"2023-05-22T16:12:47","modified_gmt":"2023-05-22T14:12:47","slug":"lan-leictreastatach-kevlar-dreapadoireachta-sabhailteacht-doiteain-scath-ropa-8-105-mm-10m","status":"publish","type":"product","link":"http:\/\/tyditiao.com\/ga\/product\/lan-leictreastatach-kevlar-dreapadoireachta-sabhailteacht-doiteain-scath-ropa-8-105-mm-10m\/","title":{"rendered":"T\u00e9ad statach ioml\u00e1n Kevlar, r\u00f3pa dreapad\u00f3ireachta paraisi\u00fait, r\u00f3pa s\u00e1bh\u00e1ilteachta d\u00f3ite\u00e1in, 8, 10.5mm (10m)"},"content":{"rendered":"<p>M\u00e1s mian leat r\u00f3pa n\u00edos faide a cheannach, mar shampla 50 m\u00e9adar, le do thoil 5 * 10 m\u00e9adar de r\u00f3pa a cheannach, agus ansin f\u00e1g teachtaireacht chuig an d\u00edolt\u00f3ir go dteasta\u00edonn r\u00f3pa ioml\u00e1n 50 m\u00e9adar uait.<\/p>\n<p><strong>Maidir leis na carabiners:<\/strong> M\u00e1 cheanna\u00edonn t\u00fa an r\u00f3pa n\u00edos m\u00f3 n\u00e1 10 m\u00e9adar ar fad, tabharfaimid dh\u00e1 charab\u00f3ir duit mar at\u00e1 marc\u00e1ilte sa phicti\u00far. Is f\u00e9idir leat \u00e9 a shuite\u00e1il ar dh\u00e1 cheann an r\u00f3pa, n\u00f3 is f\u00e9idir leat \u00e9 a fh\u00e1g\u00e1il ina n-aonar agus t\u00e1 s\u00e9 san \u00e1ireamh sa phac\u00e1iste. N\u00edl le d\u00e9anamh ach glaoch a chur chugainn agus do chinneadh a chur in i\u00fal d\u00fainn<\/p>\n<p>Ainm T\u00e1irge: Rope Statach Ioml\u00e1n Kevlar<br \/>\n\u00c1bhar: Kevlar<br \/>\nDath: Dath mar phicti\u00far a thaispe\u00e1ntar<br \/>\nTrastomhas: 10.5mm, 8mm<br \/>\nMe\u00e1chan glan (\u00b15%): 10.5mm (75g\/m) 8mm (43g\/m)<br \/>\nF\u00f3rsa tarraingthe: 10.5mm (40kN\/4000kg) 8mm (28kN\/2800kg)<br \/>\nDeimhni\u00fa: CE EN1891:1998<br \/>\nGn\u00e9ithe: neart ard, friota\u00edocht teocht ard, toughness maith, friota\u00edocht l\u00e1idir cuimilt<br \/>\nIlfheidhm: dreapad\u00f3ireacht, leathn\u00fa, comhrac d\u00f3ite\u00e1in, obair \u00f3n aer, uaimh, crochta, etc.<\/p>\n<p>Meabhr\u00fach\u00e1n cairdi\u00fail: Agus t\u00fa ag obair n\u00f3 ag imirt ar airde, seice\u00e1il le do thoil agus coinnigh do threalamh chun an chont\u00fairt de bharr m\u00ed-\u00fas\u00e1ide a sheachaint<\/p>\n","protected":false},"excerpt":{"rendered":"<p>M\u00e1s mian leat r\u00f3pa n\u00edos faide a cheannach, mar shampla 50 m\u00e9adar, le do thoil 5 * 10 m\u00e9adar de&#8230;<\/p>\n","protected":false},"featured_media":12572,"comment_status":"open","ping_status":"closed","template":"","meta":[],"product_brand":[],"product_cat":[838],"product_tag":[],"woo-feed-brand":[],"class_list":{"0":"post-13813","1":"product","2":"type-product","3":"status-publish","4":"has-post-thumbnail","6":"product_cat-ropa-sabhailteachta","8":"first","9":"instock","10":"shipping-taxable","11":"purchasable","12":"product-type-variable","13":"has-default-attributes"},"_links":{"self":[{"href":"http:\/\/tyditiao.com\/ga\/wp-json\/wp\/v2\/product\/13813","targetHints":{"allow":["GET"]}}],"collection":[{"href":"http:\/\/tyditiao.com\/ga\/wp-json\/wp\/v2\/product"}],"about":[{"href":"http:\/\/tyditiao.com\/ga\/wp-json\/wp\/v2\/types\/product"}],"replies":[{"embeddable":true,"href":"http:\/\/tyditiao.com\/ga\/wp-json\/wp\/v2\/comments?post=13813"}],"wp:featuredmedia":[{"embeddable":true,"href":"http:\/\/tyditiao.com\/ga\/wp-json\/wp\/v2\/media\/12572"}],"wp:attachment":[{"href":"http:\/\/tyditiao.com\/ga\/wp-json\/wp\/v2\/media?parent=13813"}],"wp:term":[{"taxonomy":"product_brand","embeddable":true,"href":"http:\/\/tyditiao.com\/ga\/wp-json\/wp\/v2\/product_brand?post=13813"},{"taxonomy":"product_cat","embeddable":true,"href":"http:\/\/tyditiao.com\/ga\/wp-json\/wp\/v2\/product_cat?post=13813"},{"taxonomy":"product_tag","embeddable":true,"href":"http:\/\/tyditiao.com\/ga\/wp-json\/wp\/v2\/product_tag?post=13813"},{"taxonomy":"woo-feed-brand","embeddable":true,"href":"http:\/\/tyditiao.com\/ga\/wp-json\/wp\/v2\/woo-feed-brand?post=13813"}],"curies":[{"name":"wp","href":"https:\/\/api.w.org\/{rel}","templated":true}]}}