{"id":13879,"date":"2023-03-05T02:51:52","date_gmt":"2023-05-22T14:18:51","guid":{"rendered":"http:\/\/tyditiao.com\/product\/craiceann-seachtrach-aramid-ropa-statach-croi-istigh-niolon-ropa-sabhailteachta-sleibhteoireachta-lasmuigh-6810-5-10m\/"},"modified":"2023-05-22T16:18:51","modified_gmt":"2023-05-22T14:18:51","slug":"kevlar-outer-scoranylon-croi-sabhailteacht-statach-ropa-amuigh-faoin-aer-6810-5-10m","status":"publish","type":"product","link":"http:\/\/tyditiao.com\/ga\/product\/kevlar-outer-scoranylon-croi-sabhailteacht-statach-ropa-amuigh-faoin-aer-6810-5-10m\/","title":{"rendered":"Craiceann seachtrach Aramid + r\u00f3pa statach cro\u00ed istigh n\u00edol\u00f3n r\u00f3pa s\u00e1bh\u00e1ilteachta sl\u00e9ibhteoireachta lasmuigh 6,8,10.5 (10m)"},"content":{"rendered":"<p>M\u00e1s g\u00e1 duit r\u00f3pa n\u00edos faide a cheannach, mar shampla 80 m\u00e9adar, le do thoil 8 * 10 m\u00e9adar de r\u00f3pa a cheannach, agus ansin f\u00e1g teachtaireacht chuig an d\u00edolt\u00f3ir go bhfuil r\u00f3pa ioml\u00e1n 80 m\u00e9adar de dh\u00edth ort.<\/p>\n<p><strong>Maidir leis na carabiners ag an d\u00e1 cheann den r\u00f3pa statach:<\/strong> M\u00e1 t\u00e1 fad an r\u00f3pa a cheannaigh t\u00fa n\u00edos m\u00f3 n\u00e1 10 m\u00e9adar, tabharfaimid dh\u00e1 charb\u00e1n duit at\u00e1 marc\u00e1ilte sa phicti\u00far. Is f\u00e9idir leat \u00e9 a roghn\u00fa ar dh\u00e1 thaobh an r\u00f3pa, n\u00f3 n\u00ed g\u00e1 duit \u00e9 a shuite\u00e1il agus \u00e9 a sheoladh leis an r\u00f3pa sa phac\u00e1iste, n\u00edl le d\u00e9anamh ach n\u00f3ta a chur chugainn agus do chinneadh a chur in i\u00fal d\u00fainn<\/p>\n<p>Ainm an t\u00e1irge: Sn\u00e1ith\u00edn Aramid + r\u00f3pa statach n\u00edol\u00f3n<br \/>\nDath: Dath mar phicti\u00far a thaispe\u00e1ntar<br \/>\nTrastomhas: 6mm 8mm 10mm<br \/>\nMe\u00e1chan glan (\u00b15%): 6mm (27g\/m) 8mm (42g\/m) 10mm (65g\/m)<br \/>\nF\u00f3rsa tarraingthe: 6mm(7KN\/700KG) 8mm(16KN\/1600KG) 10mm(36KN\/3600KG)<br \/>\n\u00c1bhar Dealramh: aramid<br \/>\n\u00c1bhar L\u00e1rnach: n\u00edol\u00f3n<br \/>\nDeimhni\u00fa: CE EN1891:1998<br \/>\nIlfheidhm: dreapad\u00f3ireacht, teileasc\u00f3pacht, comhrac d\u00f3ite\u00e1in, oibri\u00fa ar airde, craenacha, etc.<\/p>\n","protected":false},"excerpt":{"rendered":"<p>M\u00e1s g\u00e1 duit r\u00f3pa n\u00edos faide a cheannach, mar shampla 80 m\u00e9adar, le do thoil 8 * 10 m\u00e9adar de&#8230;<\/p>\n","protected":false},"featured_media":12553,"comment_status":"open","ping_status":"closed","template":"","meta":[],"product_brand":[],"product_cat":[838],"product_tag":[],"woo-feed-brand":[50],"class_list":{"0":"post-13879","1":"product","2":"type-product","3":"status-publish","4":"has-post-thumbnail","6":"product_cat-ropa-sabhailteachta","7":"woo-feed-brand-tyditiao","9":"first","10":"instock","11":"shipping-taxable","12":"purchasable","13":"product-type-variable","14":"has-default-attributes"},"_links":{"self":[{"href":"http:\/\/tyditiao.com\/ga\/wp-json\/wp\/v2\/product\/13879","targetHints":{"allow":["GET"]}}],"collection":[{"href":"http:\/\/tyditiao.com\/ga\/wp-json\/wp\/v2\/product"}],"about":[{"href":"http:\/\/tyditiao.com\/ga\/wp-json\/wp\/v2\/types\/product"}],"replies":[{"embeddable":true,"href":"http:\/\/tyditiao.com\/ga\/wp-json\/wp\/v2\/comments?post=13879"}],"wp:featuredmedia":[{"embeddable":true,"href":"http:\/\/tyditiao.com\/ga\/wp-json\/wp\/v2\/media\/12553"}],"wp:attachment":[{"href":"http:\/\/tyditiao.com\/ga\/wp-json\/wp\/v2\/media?parent=13879"}],"wp:term":[{"taxonomy":"product_brand","embeddable":true,"href":"http:\/\/tyditiao.com\/ga\/wp-json\/wp\/v2\/product_brand?post=13879"},{"taxonomy":"product_cat","embeddable":true,"href":"http:\/\/tyditiao.com\/ga\/wp-json\/wp\/v2\/product_cat?post=13879"},{"taxonomy":"product_tag","embeddable":true,"href":"http:\/\/tyditiao.com\/ga\/wp-json\/wp\/v2\/product_tag?post=13879"},{"taxonomy":"woo-feed-brand","embeddable":true,"href":"http:\/\/tyditiao.com\/ga\/wp-json\/wp\/v2\/woo-feed-brand?post=13879"}],"curies":[{"name":"wp","href":"https:\/\/api.w.org\/{rel}","templated":true}]}}