{"id":16848,"date":"2025-04-17T09:25:14","date_gmt":"2025-04-17T07:25:14","guid":{"rendered":"https:\/\/tyditiao.com\/product\/clogad-ballistic-fast-le-linear-zorbium-wendy-agus-coras-fionrai-cam-fit-leibheal-cosanta-nij-iiia\/"},"modified":"2026-01-26T09:17:50","modified_gmt":"2026-01-26T07:17:50","slug":"clogad-ballistic-fast-le-linear-zorbium-wendy-agus-coras-fionrai-cam-fit-leibheal-cosanta-nij-iiia","status":"publish","type":"product","link":"http:\/\/tyditiao.com\/ga\/product\/clogad-ballistic-fast-le-linear-zorbium-wendy-agus-coras-fionrai-cam-fit-leibheal-cosanta-nij-iiia\/","title":{"rendered":"Clogad ballistic FAST, le l\u00edn\u00e9ar Zorbium Wendy agus c\u00f3ras fionra\u00ed CAM FIT, leibh\u00e9al cosanta NIJ IIIA"},"content":{"rendered":"<p><strong>N\u00f3ta\u00ed Speisialta:<\/strong><\/p>\n<p>Is \u00e9 seo \u00e1r m\u00fanla pr\u00edomhthionscadal nua, a chomhcheangla\u00edonn cearda\u00edocht ardchaighde\u00e1in leis an chompord is airde. Mura dtugtar a mhalairt faoi deara, is \u00e9 seo a leanas an chumra\u00edocht r\u00e9amhshocraithe: m\u00e9id L, glas, clogad bulletproof FAST le l\u00edne\u00e1il c\u00far Zorbium agus c\u00f3ras fionra\u00ed CAM FIT, leibh\u00e9al cosanta NIJ IIIA. Ina theannta sin, cuirimid raon leathan dathanna ar f\u00e1il (glas, gaineamh, dubh) agus m\u00e9ideanna (S, M, L, XL) a roghn\u00fa as.<\/p>\n<p>Is cuma c\u00e1 bhfuil t\u00fa, is f\u00e9idir leat d&#8217;ord\u00fa a dh\u00e9anamh go d\u00edreach tr\u00edd an nasc seo agus do cheannach a dh\u00e9anamh gan aon fhadhb. Sonraigh an m\u00e9id agus an dath a theasta\u00edonn uait sna n\u00f3ta\u00ed ord\u00fa (mar shampla: XL-dubh) agus gheobhaidh t\u00fa do threalamh aisling. N\u00ed ghearrfaimid aon t\u00e1ill\u00ed breise as dathanna agus m\u00e9ideanna eile a roghn\u00fa.<\/p>\n<hr \/>\n<p><strong>Leibh\u00e9al Cosanta:<\/strong><\/p>\n<p>Is clogad bulletproof NIJ Leibh\u00e9al IIIA \u00e9 an clogad bulletproof seo de r\u00e9ir caighde\u00e1n NIJ 0101.06, Is f\u00e9idir tuarasc\u00e1lacha t\u00e1st\u00e1la \u00e1bhartha a shol\u00e1thar.<\/p>\n<hr \/>\n<p><strong>Paraim\u00e9adair teilgean cosanta:<\/strong><\/p>\n<p>.44 Mag SJHP<br \/>\n.357 SIG FMJ FN<br \/>\n9mm FMJ RN<br \/>\n.357 Mag JSP<br \/>\n.40 S&amp;W FMJ<\/p>\n<p>Sol\u00e1thra\u00edonn s\u00e9 cosaint freisin ar fhormh\u00f3r na mbagairt\u00ed arm tine, chomh maith le bagairt\u00ed Aicme IIA agus II.<\/p>\n<hr \/>\n<p><strong>Paraim\u00e9adair clogad bulletproof:<\/strong><\/p>\n<p>Ainm: NIJ lllA clogad oirbhearta\u00edochta bulletproof m\u00edleata FAST d\u00e9anta as Kevlar le l\u00edne\u00e1il c\u00far Wendy Zorbium + c\u00f3ras fionra\u00ed CAM FIT<\/p>\n<p>\u00c1bhar: sn\u00e1ith\u00edn ard-neart DuPont Kevlar-aramid<br \/>\nM\u00e9id: S, M, L, XL<br \/>\nDath: glas, gaineamh, dubh<br \/>\nGabh\u00e1lais roghnacha: masc bulletproof, etc.<br \/>\nTr\u00e9imhse bhar\u00e1ntas: Is f\u00e9idir go mbeadh cumas cosanta leordh\u00f3thanach ag tr\u00e9imhse bhar\u00e1ntas 5 bliana, ach m\u00e1 sh\u00e1ra\u00edonn s\u00e9 an tr\u00e9imhse bhar\u00e1nta<br \/>\nLaghd\u00f3idh c\u00e1il\u00edocht na beatha an cumas cosanta.<\/p>\n<p>&nbsp;<\/p>\n<hr \/>\n<p><strong>Sonra\u00ed agus compar\u00e1id idir mh\u00e9id na gclogaid urchair:<\/strong><\/p>\n<p>&nbsp;<\/p>\n<table style=\"border-collapse: collapse;\" border=\"1\" cellspacing=\"0\" cellpadding=\"5\">\n<thead>\n<tr>\n<th>M\u00e9id clogad clogad ballistic<\/th>\n<th>S<\/th>\n<th>M<\/th>\n<th>L<\/th>\n<th>XL<\/th>\n<\/tr>\n<\/thead>\n<tbody>\n<tr>\n<td>Ti\u00fas sciath<\/td>\n<td>9.5<\/td>\n<td>9.5<\/td>\n<td>10 (9.5)<\/td>\n<td>10 (9.5)<\/td>\n<\/tr>\n<tr>\n<td>Leibh\u00e9al cosanta<\/td>\n<td>3A.44<\/td>\n<td>3A.44<\/td>\n<td>3A.44<\/td>\n<td>3A.44<\/td>\n<\/tr>\n<tr>\n<td>Ais Fada (Ais fhada\/mm)<\/td>\n<td>235<\/td>\n<td>240<\/td>\n<td>247<\/td>\n<td>263<\/td>\n<\/tr>\n<tr>\n<td>Ais Ghearr (Mion-Ais\/mm)<\/td>\n<td>182<\/td>\n<td>185<\/td>\n<td>193<\/td>\n<td>205<\/td>\n<\/tr>\n<tr>\n<td>Airde Istigh\/mm<\/td>\n<td>146<\/td>\n<td>153<\/td>\n<td>158<\/td>\n<td>161<\/td>\n<\/tr>\n<tr>\n<td>Iml\u00edne Cinn (Le Tairn\u00ed)<\/td>\n<td>53-59<\/td>\n<td>53-59<\/td>\n<td>56-59<\/td>\n<td>58-62<\/td>\n<\/tr>\n<tr>\n<td>Me\u00e1chan Caighde\u00e1nach (Me\u00e1chan\/Kg)<\/td>\n<td>1.24<\/td>\n<td>1.29<\/td>\n<td>1.32<\/td>\n<td>1.42<\/td>\n<\/tr>\n<tr>\n<td>Diall Me\u00e1chan\/Kg<\/td>\n<td>0.05<\/td>\n<td>0.05<\/td>\n<td>0.05<\/td>\n<td>0.05<\/td>\n<\/tr>\n<tr>\n<td>Me\u00e1chan Bosca\/KG<\/td>\n<td>2<\/td>\n<td>2<\/td>\n<td>2<\/td>\n<td>2.1<\/td>\n<\/tr>\n<\/tbody>\n<\/table>\n","protected":false},"excerpt":{"rendered":"<p>Sol\u00e1thra\u00edonn an measc\u00e1n de na bunt\u00e1ist\u00ed a bhaineann le clogad ballistic FAST agus clogad Wendy compord agus cosaint den scoth, rud a ligeann duit soghluaisteacht agus s\u00e1bh\u00e1ilteacht ioml\u00e1n a choinne\u00e1il le linn aon tasc.<\/p>\n<p>Dearadh \u00e9adrom agus compordach: Laghda\u00edonn an clogad FAST lena dhearadh \u00e9adrom nua-aimseartha me\u00e1chan go h\u00edosmh\u00e9id, rud a fh\u00e1gann go bhfuil s\u00e9 oiri\u00fanach le haghaidh caitheamh fadt\u00e9armach i gcoinn\u00edollacha \u00e9ilitheacha. Sol\u00e1thra\u00edonn compord eisceacht\u00fail, fi\u00fa le linn gn\u00edomha\u00edochta\u00ed dian.<\/p>\n<p>C\u00f3ras fionra\u00ed beachtais: Ceada\u00edonn cuir isteach Zorbium agus c\u00f3ras fionra\u00ed CAM FIT do choigeart\u00fa beacht ar chruth an chinn, ag sol\u00e1thar oiri\u00fanach cobhsa\u00ed, bog agus compordach, a r\u00e1tha\u00edonn compord nuair a chaitear ar feadh tr\u00e9imhs\u00ed fada.<\/p>\n<p>N\u00edl g\u00e1 le f\u00e9in-thion\u00f3l, rud a ligeann duit am agus iarracht a sh\u00e1bh\u00e1il agus taitneamh a bhaint as trealamh ioml\u00e1n oirbhearta\u00edochta l\u00e1ithreach.<\/p>\n","protected":false},"featured_media":16568,"comment_status":"open","ping_status":"closed","template":"","meta":[],"product_brand":[],"product_cat":[710,819,589],"product_tag":[],"woo-feed-brand":[50],"class_list":{"0":"post-16848","1":"product","2":"type-product","3":"status-publish","4":"has-post-thumbnail","6":"product_cat-clogad-bulletproof","7":"product_cat-fast-ga","8":"product_cat-masc-ballistic","9":"woo-feed-brand-tyditiao","11":"first","12":"instock","13":"sale","14":"shipping-taxable","15":"purchasable","16":"product-type-simple"},"_links":{"self":[{"href":"http:\/\/tyditiao.com\/ga\/wp-json\/wp\/v2\/product\/16848","targetHints":{"allow":["GET"]}}],"collection":[{"href":"http:\/\/tyditiao.com\/ga\/wp-json\/wp\/v2\/product"}],"about":[{"href":"http:\/\/tyditiao.com\/ga\/wp-json\/wp\/v2\/types\/product"}],"replies":[{"embeddable":true,"href":"http:\/\/tyditiao.com\/ga\/wp-json\/wp\/v2\/comments?post=16848"}],"wp:featuredmedia":[{"embeddable":true,"href":"http:\/\/tyditiao.com\/ga\/wp-json\/wp\/v2\/media\/16568"}],"wp:attachment":[{"href":"http:\/\/tyditiao.com\/ga\/wp-json\/wp\/v2\/media?parent=16848"}],"wp:term":[{"taxonomy":"product_brand","embeddable":true,"href":"http:\/\/tyditiao.com\/ga\/wp-json\/wp\/v2\/product_brand?post=16848"},{"taxonomy":"product_cat","embeddable":true,"href":"http:\/\/tyditiao.com\/ga\/wp-json\/wp\/v2\/product_cat?post=16848"},{"taxonomy":"product_tag","embeddable":true,"href":"http:\/\/tyditiao.com\/ga\/wp-json\/wp\/v2\/product_tag?post=16848"},{"taxonomy":"woo-feed-brand","embeddable":true,"href":"http:\/\/tyditiao.com\/ga\/wp-json\/wp\/v2\/woo-feed-brand?post=16848"}],"curies":[{"name":"wp","href":"https:\/\/api.w.org\/{rel}","templated":true}]}}