{"id":13236,"date":"2023-03-05T03:25:17","date_gmt":"2023-05-22T13:52:00","guid":{"rendered":"http:\/\/tyditiao.com\/product\/wendy-takticka-kaciga-3a-lagana-specijalna-kaciga-otporna-na-eksploziju-posebna-velicina-prilagodene-boje-veza-za-kupnju\/"},"modified":"2023-05-22T15:52:00","modified_gmt":"2023-05-22T13:52:00","slug":"wendy-tactical-helm-light-forces-special-3a-explosion-proof-helm-special-size-custom-color-dedicated-link-to-purchase","status":"publish","type":"product","link":"http:\/\/tyditiao.com\/hr\/proizvod\/wendy-tactical-helm-light-forces-special-3a-explosion-proof-helm-special-size-custom-color-dedicated-link-to-purchase\/","title":{"rendered":"WENDY takti\u010dka kaciga 3A lagana specijalna kaciga otporna na eksploziju posebna veli\u010dina prilago\u0111ene boje veza za kupnju"},"content":{"rendered":"<p><strong>O veli\u010dini kacige otporne na metke WENDY:<\/strong> Za ovu kacigu otpornu na metke specijalnih snaga WENDY dodali smo proizvodne kalupe velike i male veli\u010dine kako bismo zadovoljili korisnike s razli\u010ditim potrebama. Veli\u010dina M je normalna veli\u010dina koja odgovara ve\u0107ini ljudi. Ako mislite da mala veli\u010dina mo\u017ee bolje zadovoljiti va\u0161e potrebe ili navike no\u0161enja, odaberite malu veli\u010dinu, u suprotnom odaberite veliku veli\u010dinu.<\/p>\n<p><strong>O boji WENDY neprobojne kacige:<\/strong> Boje koje masovno proizvodimo su uglavnom crna, svijetlosme\u0111a i zelena. Ali u isto vrijeme, imamo mogu\u0107nost proizvesti bilo koju boju ili razli\u010dite maskirne uzorke koje zahtijevaju kupci, kao \u0161to su \u0161umska kamufla\u017ea, kamufla\u017ea d\u017eungle, pustinjska kamufla\u017ea, pomorska kamufla\u017ea, urbana kamufla\u017ea, itd. Ako planirate naru\u010diti vi\u0161e od 10 kaciga , kontaktirajte nas, dobit \u0107ete ovu uslugu prilago\u0111ene boje besplatno, samo nam po\u0161aljite uzorak boje koji \u017eelite<\/p>\n<p><strong>WENDY takti\u010dka kaciga otporna na metke, razina:<\/strong> 0101.06 standardna IIIA razina<\/p>\n<p>UDOBNO ZA NO\u0160ENJE: Jastuk od Zorbium pjene ima vodoodbojnu podstavu s antimikrobnim premazom koji odvodi vlagu kako biste bili hladni i suhi.<\/p>\n<p>LAGANO PRILAGO\u0110AVANJE: Lagani vojni sustav za pri\u010dvr\u0161\u0107ivanje CAM FIT s BOA sustavom zatvaranja za sigurno pode\u0161avanje jednom rukom za precizno pristajanje.<\/p>\n<p>PRO\u0160IRIV: Sustav za monta\u017eu Rail 2.0 kompatibilan je sa svim dodacima EXFIL Rail 2.0. Reverzibilna monta\u017ena tra\u010dnica kardana i nosa\u010d kardana na \u010delu omogu\u0107uju Wendy stvaranje vi\u0161e mogu\u0107nosti.<\/p>\n<p>Uz normalan ovjes, kaciga ima tri udarna jastu\u010di\u0107a i osam podesivih jastu\u010di\u0107a za optimalno pristajanje i udobnost<\/p>\n","protected":false},"excerpt":{"rendered":"<p>O veli\u010dini kacige otporne na metke WENDY: Za ovu kacigu otpornu na metke specijalnih snaga WENDY dodali smo proizvodne kalupe&#8230;<\/p>\n","protected":false},"featured_media":10607,"comment_status":"open","ping_status":"closed","template":"","meta":[],"product_brand":[],"product_cat":[638,636,637],"product_tag":[],"woo-feed-brand":[],"class_list":{"0":"post-13236","1":"product","2":"type-product","3":"status-publish","4":"has-post-thumbnail","6":"product_cat-kaciga-otporna-na-metke","7":"product_cat-nekategorizirano","8":"product_cat-wendy-hr","10":"first","11":"instock","12":"sale","13":"shipping-taxable","14":"purchasable","15":"product-type-variable","16":"has-default-attributes"},"_links":{"self":[{"href":"http:\/\/tyditiao.com\/hr\/wp-json\/wp\/v2\/product\/13236","targetHints":{"allow":["GET"]}}],"collection":[{"href":"http:\/\/tyditiao.com\/hr\/wp-json\/wp\/v2\/product"}],"about":[{"href":"http:\/\/tyditiao.com\/hr\/wp-json\/wp\/v2\/types\/product"}],"replies":[{"embeddable":true,"href":"http:\/\/tyditiao.com\/hr\/wp-json\/wp\/v2\/comments?post=13236"}],"wp:featuredmedia":[{"embeddable":true,"href":"http:\/\/tyditiao.com\/hr\/wp-json\/wp\/v2\/media\/10607"}],"wp:attachment":[{"href":"http:\/\/tyditiao.com\/hr\/wp-json\/wp\/v2\/media?parent=13236"}],"wp:term":[{"taxonomy":"product_brand","embeddable":true,"href":"http:\/\/tyditiao.com\/hr\/wp-json\/wp\/v2\/product_brand?post=13236"},{"taxonomy":"product_cat","embeddable":true,"href":"http:\/\/tyditiao.com\/hr\/wp-json\/wp\/v2\/product_cat?post=13236"},{"taxonomy":"product_tag","embeddable":true,"href":"http:\/\/tyditiao.com\/hr\/wp-json\/wp\/v2\/product_tag?post=13236"},{"taxonomy":"woo-feed-brand","embeddable":true,"href":"http:\/\/tyditiao.com\/hr\/wp-json\/wp\/v2\/woo-feed-brand?post=13236"}],"curies":[{"name":"wp","href":"https:\/\/api.w.org\/{rel}","templated":true}]}}