{"id":14105,"date":"2022-10-18T05:26:18","date_gmt":"2022-10-18T03:26:18","guid":{"rendered":"http:\/\/tyditiao.com\/product\/vanjski-takticki-prsluk-s-brzim-otpustanjem-cs-takticki-prsluk-s-2xpe-iiia-10x12-neprobojnom-plocom\/"},"modified":"2025-03-17T11:55:49","modified_gmt":"2025-03-17T09:55:49","slug":"zewnetrzna-takticki-prsluk-sa-brzim-otkidanjem-takticki-prsluk-cs-s-probojnom-plocom-2xpe-iiia-10x12","status":"publish","type":"product","link":"http:\/\/tyditiao.com\/hr\/proizvod\/zewnetrzna-takticki-prsluk-sa-brzim-otkidanjem-takticki-prsluk-cs-s-probojnom-plocom-2xpe-iiia-10x12\/","title":{"rendered":"Vanjski takti\u010dki prsluk s brzim otpu\u0161tanjem, CS takti\u010dki prsluk s 2XPE IIIA 10&#215;12 neprobojnom plo\u010dom"},"content":{"rendered":"<p>Bo\u010dne strane i ramena ovog proizvoda podesivi su pomo\u0107u \u010di\u010dak trake, tako da ga mogu nositi korisnici bilo koje veli\u010dine.<br \/>\nUnutarnji sloj: materijal visoke \u010dvrsto\u0107e, vodootporan, dugotrajan i stabilan.<br \/>\nVanjski sloj: Oxford, pamuk ili najlon, otporan na abraziju, mrlje i izdr\u017eljiv.<br \/>\nJakna se mo\u017ee opremiti balisti\u010dkim umetcima za dodatnu za\u0161titu.<\/p>\n<p>Razina obrane: Zadana PE neprobojna plo\u010da, NIJIIIA,<br \/>\nZa\u0161titni umetak: UHMW-PE<br \/>\nDebljina:\uff5e8mm\/\uff5e0.3&#8242;<br \/>\nRok valjanosti: 5 godina<br \/>\nVrste projektila od kojih se mo\u017ee obraniti:<br \/>\n9 mm puni metalni omota\u010d (FMJ) \/ okrugla glava (RN)<br \/>\n.44 univerzalna \u0161uplja jakna (JHP)<\/p>\n<p>Ciljani korisnici:<br \/>\nSkriveni NIJ pancirni prsluci klase IIIA \u0161tite od opasnosti povezanih s oru\u017ejem. I ima vi\u0161e dodataka i zauzima ve\u0107u povr\u0161inu. Veli\u010dina se mo\u017ee prilagoditi pomo\u0107u \u010di\u010dak traka sa strane i ramena. Na\u0161im proizvodima mogu se opremiti oru\u017eane snage, SWAT agencije, agencije za unutarnju sigurnost, agencije za carinu i za\u0161titu granica, agencije za imigracijsku kontrolu i druge agencije u opasnosti od vatrenog oru\u017eja. Ljudi dobivaju bolje rezultate i manje \u017ertava.<\/p>\n","protected":false},"excerpt":{"rendered":"<p>Ostvarite brzo otpu\u0161tanje: kop\u010dom za brzo otpu\u0161tanje oko struka jednostavno je rukovati.<\/p>\n<p>Dovoljno prostora za pohranu: Ugra\u0111eni d\u017eep za zalihe, a pomo\u0107ni d\u017eep se mo\u017ee postaviti ili ukloniti prema va\u0161im potrebama.<\/p>\n<p>Opremljen prednjim i stra\u017enjim NIJ IIIA plo\u010dama otpornim na metke: mo\u017ee se nositi s prijetnjom od pi\u0161toljskih metaka.<\/p>\n<p>PODESIVA VELI\u010cINA: Prilagodljiva veli\u010dina s \u010di\u010dak trakom na bokovima i ramenima.<\/p>\n","protected":false},"featured_media":11785,"comment_status":"open","ping_status":"closed","template":"","meta":[],"product_brand":[],"product_cat":[849],"product_tag":[],"woo-feed-brand":[50],"class_list":{"0":"post-14105","1":"product","2":"type-product","3":"status-publish","4":"has-post-thumbnail","6":"product_cat-takticki-prsluk","7":"woo-feed-brand-tyditiao","9":"first","10":"instock","11":"sale","12":"shipping-taxable","13":"purchasable","14":"product-type-simple"},"_links":{"self":[{"href":"http:\/\/tyditiao.com\/hr\/wp-json\/wp\/v2\/product\/14105","targetHints":{"allow":["GET"]}}],"collection":[{"href":"http:\/\/tyditiao.com\/hr\/wp-json\/wp\/v2\/product"}],"about":[{"href":"http:\/\/tyditiao.com\/hr\/wp-json\/wp\/v2\/types\/product"}],"replies":[{"embeddable":true,"href":"http:\/\/tyditiao.com\/hr\/wp-json\/wp\/v2\/comments?post=14105"}],"wp:featuredmedia":[{"embeddable":true,"href":"http:\/\/tyditiao.com\/hr\/wp-json\/wp\/v2\/media\/11785"}],"wp:attachment":[{"href":"http:\/\/tyditiao.com\/hr\/wp-json\/wp\/v2\/media?parent=14105"}],"wp:term":[{"taxonomy":"product_brand","embeddable":true,"href":"http:\/\/tyditiao.com\/hr\/wp-json\/wp\/v2\/product_brand?post=14105"},{"taxonomy":"product_cat","embeddable":true,"href":"http:\/\/tyditiao.com\/hr\/wp-json\/wp\/v2\/product_cat?post=14105"},{"taxonomy":"product_tag","embeddable":true,"href":"http:\/\/tyditiao.com\/hr\/wp-json\/wp\/v2\/product_tag?post=14105"},{"taxonomy":"woo-feed-brand","embeddable":true,"href":"http:\/\/tyditiao.com\/hr\/wp-json\/wp\/v2\/woo-feed-brand?post=14105"}],"curies":[{"name":"wp","href":"https:\/\/api.w.org\/{rel}","templated":true}]}}