{"id":14124,"date":"2022-10-12T08:35:45","date_gmt":"2022-10-12T06:35:45","guid":{"rendered":"http:\/\/tyditiao.com\/product\/prozirna-balisticka-maska-nij-iiia-koja-se-skida-za-kacige-s-sinama-s-obje-strane\/"},"modified":"2025-03-17T11:55:30","modified_gmt":"2025-03-17T09:55:30","slug":"prozirna-neprobojna-maska-nij-iiia-uklonjiva-za-helmow-sa-sinama-na-obje-strane-wendy-fast-etc","status":"publish","type":"product","link":"http:\/\/tyditiao.com\/hr\/proizvod\/prozirna-neprobojna-maska-nij-iiia-uklonjiva-za-helmow-sa-sinama-na-obje-strane-wendy-fast-etc\/","title":{"rendered":"Prozirna balisti\u010dka maska NIJ IIIA koja se skida za kacige s \u0161inama s obje strane"},"content":{"rendered":"<p>Removable Ballistic Mask je nova balisti\u010dka maska klase IIIA koja se pri\u010dvr\u0161\u0107uje na balisti\u010dku kacigu.<\/p>\n<p>Ovaj proizvod je prikladan za kacige s \u0161inama s obje strane. Na primjer: WENDY, FAST, itd.<\/p>\n<p>Klasa za\u0161tite: NIJ IIIA razina<\/p>\n<p>Te\u017eina: 1,50 kg (3,31 lb)<\/p>\n<p>Materijal: PC, PMMA, itd.<\/p>\n<p>Veli\u010dina: 350 mm (D) * 145 mm (V)<\/p>\n<p>Debljina maske: 22 mm<\/p>\n<p>Svjetlina: 83,9%<\/p>\n<p>Rok valjanosti: 5 godina<\/p>\n<p>Ako vam je potrebna neprobojna kaciga, molimo vas da je kupite u na\u0161oj trgovini. Hvala!<\/p>\n<p>Pojedinosti o pakiranju: 1 * \u0161titnik za lice otporan na metke (kaciga nije uklju\u010dena)<\/p>\n","protected":false},"excerpt":{"rendered":"<p>Glavni materijal izra\u0111en je od visokokvalitetne prozirne polikarbonatne smole PC i kompozita sendvi\u010d tipa akrilne plo\u010de, visoke rezolucije, bez prskanja, s dobrim efektom otpornosti na metke<\/p>\n<p>Nosa\u010d maske otporne na metke izra\u0111en je od \u010delika i materijala visoke \u010dvrsto\u0107e, koji se mo\u017ee stabilno namjestiti pod razli\u010ditim kutovima<\/p>\n<p>Duboko smo sura\u0111ivali s pru\u017eateljima logisti\u010dkih usluga i mo\u017eemo jam\u010diti isporuku robe u gotovo svaku zemlju i regiju, a sva roba naru\u010dena na web stranici na\u0161e tvornice ne pla\u0107a po\u0161tarinu<\/p>\n","protected":false},"featured_media":11709,"comment_status":"open","ping_status":"closed","template":"","meta":[],"product_brand":[],"product_cat":[611],"product_tag":[],"woo-feed-brand":[50],"class_list":{"0":"post-14124","1":"product","2":"type-product","3":"status-publish","4":"has-post-thumbnail","6":"product_cat-balisticka-maska","7":"product_shipping_class-0-3-kg-hr","8":"woo-feed-brand-tyditiao","10":"first","11":"instock","12":"sale","13":"shipping-taxable","14":"purchasable","15":"product-type-simple"},"_links":{"self":[{"href":"http:\/\/tyditiao.com\/hr\/wp-json\/wp\/v2\/product\/14124","targetHints":{"allow":["GET"]}}],"collection":[{"href":"http:\/\/tyditiao.com\/hr\/wp-json\/wp\/v2\/product"}],"about":[{"href":"http:\/\/tyditiao.com\/hr\/wp-json\/wp\/v2\/types\/product"}],"replies":[{"embeddable":true,"href":"http:\/\/tyditiao.com\/hr\/wp-json\/wp\/v2\/comments?post=14124"}],"wp:featuredmedia":[{"embeddable":true,"href":"http:\/\/tyditiao.com\/hr\/wp-json\/wp\/v2\/media\/11709"}],"wp:attachment":[{"href":"http:\/\/tyditiao.com\/hr\/wp-json\/wp\/v2\/media?parent=14124"}],"wp:term":[{"taxonomy":"product_brand","embeddable":true,"href":"http:\/\/tyditiao.com\/hr\/wp-json\/wp\/v2\/product_brand?post=14124"},{"taxonomy":"product_cat","embeddable":true,"href":"http:\/\/tyditiao.com\/hr\/wp-json\/wp\/v2\/product_cat?post=14124"},{"taxonomy":"product_tag","embeddable":true,"href":"http:\/\/tyditiao.com\/hr\/wp-json\/wp\/v2\/product_tag?post=14124"},{"taxonomy":"woo-feed-brand","embeddable":true,"href":"http:\/\/tyditiao.com\/hr\/wp-json\/wp\/v2\/woo-feed-brand?post=14124"}],"curies":[{"name":"wp","href":"https:\/\/api.w.org\/{rel}","templated":true}]}}