{"id":14129,"date":"2022-10-11T12:39:23","date_gmt":"2022-10-11T10:39:23","guid":{"rendered":"http:\/\/tyditiao.com\/product\/kevlar-nij-iiia-neprobojna-polumaska-aramidna-neprobojna-maska-za-lice-za-takticku-kacigu-otpornu-na-metke\/"},"modified":"2025-03-17T11:55:05","modified_gmt":"2025-03-17T09:55:05","slug":"balisticki-kevlar-nij-iiia-aramidna-balisticka-maska-fit-s-taktickom-balistickom-kacigom-wendy-quick-michigan-fit","status":"publish","type":"product","link":"http:\/\/tyditiao.com\/hr\/proizvod\/balisticki-kevlar-nij-iiia-aramidna-balisticka-maska-fit-s-taktickom-balistickom-kacigom-wendy-quick-michigan-fit\/","title":{"rendered":"Kevlar NIJ IIIA neprobojna polumaska, aramidna neprobojna maska za lice za takti\u010dku kacigu otpornu na metke"},"content":{"rendered":"<p>Te\u017eina: 0,68 kg<\/p>\n<p>Materijal: Aramid<\/p>\n<p>Debljina: aramid debljine 8 mm i premaz debljine 1 mm<\/p>\n<p>Klasa za\u0161tite: NIJ 0101.06 razina IIIA<\/p>\n<p>Veli\u010dina: Jedna veli\u010dina odgovara svima<\/p>\n<p>Rok valjanosti: 5 godina<\/p>\n<p>Primjenjivi scenariji: za\u0161tita doma, sigurnost, policijska oprema, stvarna borba, cosplay<\/p>\n<p>OEM\/ODM usluga dostupna na zahtjev<\/p>\n<p>&nbsp;<\/p>\n<p>Popis pakiranja: 1x maska otporna na metke s pola lica<\/p>\n","protected":false},"excerpt":{"rendered":"<p>Materijal: Izra\u0111en od naprednih laganih Kevlar vlakana koja su 15 puta ja\u010da od \u010delika kako bi se smanjila opasnost od metaka<\/p>\n<p>Jedinstveni ergonomski dizajn: najlonska traka za glavu podesiva u 6 to\u010daka i dodatna podstava odgovaraju svakom obliku glave i pobolj\u0161avaju udobnost no\u0161enja<\/p>\n<p>Dobra prilagodljivost: mo\u017ee se koristiti s FAST, WENDY, MICH i drugim kacigama otpornim na metke, potpuno pokrivaju\u0107i lice nositelja<\/p>\n<p>Primjenjiva upotreba: za\u0161tita doma, vojska, osoblje anga\u017eirano u opasnim operacijama, obuka na terenu, tjelohranitelji, osoblje anga\u017eirano u opasnim operacijama u podru\u010djima stranih oru\u017eanih sukoba<\/p>\n","protected":false},"featured_media":11557,"comment_status":"open","ping_status":"closed","template":"","meta":[],"product_brand":[],"product_cat":[611],"product_tag":[],"woo-feed-brand":[50],"class_list":{"0":"post-14129","1":"product","2":"type-product","3":"status-publish","4":"has-post-thumbnail","6":"product_cat-balisticka-maska","7":"product_shipping_class-0-3-kg-hr","8":"woo-feed-brand-tyditiao","10":"first","11":"instock","12":"sale","13":"shipping-taxable","14":"purchasable","15":"product-type-simple"},"_links":{"self":[{"href":"http:\/\/tyditiao.com\/hr\/wp-json\/wp\/v2\/product\/14129","targetHints":{"allow":["GET"]}}],"collection":[{"href":"http:\/\/tyditiao.com\/hr\/wp-json\/wp\/v2\/product"}],"about":[{"href":"http:\/\/tyditiao.com\/hr\/wp-json\/wp\/v2\/types\/product"}],"replies":[{"embeddable":true,"href":"http:\/\/tyditiao.com\/hr\/wp-json\/wp\/v2\/comments?post=14129"}],"wp:featuredmedia":[{"embeddable":true,"href":"http:\/\/tyditiao.com\/hr\/wp-json\/wp\/v2\/media\/11557"}],"wp:attachment":[{"href":"http:\/\/tyditiao.com\/hr\/wp-json\/wp\/v2\/media?parent=14129"}],"wp:term":[{"taxonomy":"product_brand","embeddable":true,"href":"http:\/\/tyditiao.com\/hr\/wp-json\/wp\/v2\/product_brand?post=14129"},{"taxonomy":"product_cat","embeddable":true,"href":"http:\/\/tyditiao.com\/hr\/wp-json\/wp\/v2\/product_cat?post=14129"},{"taxonomy":"product_tag","embeddable":true,"href":"http:\/\/tyditiao.com\/hr\/wp-json\/wp\/v2\/product_tag?post=14129"},{"taxonomy":"woo-feed-brand","embeddable":true,"href":"http:\/\/tyditiao.com\/hr\/wp-json\/wp\/v2\/woo-feed-brand?post=14129"}],"curies":[{"name":"wp","href":"https:\/\/api.w.org\/{rel}","templated":true}]}}