{"id":16819,"date":"2025-04-17T09:25:14","date_gmt":"2025-04-17T07:25:14","guid":{"rendered":"https:\/\/tyditiao.com\/product\/%e0%b8%ab%e0%b8%a1%e0%b8%a7%e0%b8%81%e0%b8%81%e0%b8%b1%e0%b8%99%e0%b8%99%e0%b9%87%e0%b8%ad%e0%b8%84%e0%b8%81%e0%b8%b1%e0%b8%99%e0%b8%81%e0%b8%a3%e0%b8%b0%e0%b8%aa%e0%b8%b8%e0%b8%99-fast-%e0%b8%9e\/"},"modified":"2025-04-21T13:56:21","modified_gmt":"2025-04-21T11:56:21","slug":"%e0%b8%ab%e0%b8%a1%e0%b8%a7%e0%b8%81%e0%b8%81%e0%b8%b1%e0%b8%99%e0%b8%99%e0%b9%87%e0%b8%ad%e0%b8%84%e0%b8%81%e0%b8%b1%e0%b8%99%e0%b8%81%e0%b8%a3%e0%b8%b0%e0%b8%aa%e0%b8%b8%e0%b8%99-fast-%e0%b8%9e","status":"publish","type":"product","link":"http:\/\/tyditiao.com\/hr\/proizvod\/%e0%b8%ab%e0%b8%a1%e0%b8%a7%e0%b8%81%e0%b8%81%e0%b8%b1%e0%b8%99%e0%b8%99%e0%b9%87%e0%b8%ad%e0%b8%84%e0%b8%81%e0%b8%b1%e0%b8%99%e0%b8%81%e0%b8%a3%e0%b8%b0%e0%b8%aa%e0%b8%b8%e0%b8%99-fast-%e0%b8%9e\/","title":{"rendered":"\u0e2b\u0e21\u0e27\u0e01\u0e01\u0e31\u0e19\u0e19\u0e47\u0e2d\u0e04\u0e01\u0e31\u0e19\u0e01\u0e23\u0e30\u0e2a\u0e38\u0e19 FAST \u0e1e\u0e23\u0e49\u0e2d\u0e21\u0e0b\u0e31\u0e1a\u0e43\u0e19 Wendy&#8217;s Zorbium \u0e41\u0e25\u0e30\u0e23\u0e30\u0e1a\u0e1a\u0e01\u0e31\u0e19\u0e01\u0e23\u0e30\u0e41\u0e17\u0e01 CAM FIT \u0e23\u0e30\u0e14\u0e31\u0e1a\u0e01\u0e32\u0e23\u0e1b\u0e49\u0e2d\u0e07\u0e01\u0e31\u0e19 NIJ IIIA"},"content":{"rendered":"<p><strong>Posebne napomene:<\/strong><\/p>\n<p>Ovo je na\u0161 novi vode\u0107i model, koji kombinira visokokvalitetnu izradu s najve\u0107om udobno\u0161\u0107u. Osim ako nije druga\u010dije navedeno, zadana konfiguracija je sljede\u0107a: veli\u010dina L, zelena, FAST neprobojna kaciga s podstavom od Zorbium pjene i CAM FIT sustavom ovjesa, NIJ IIIA razina za\u0161tite. Osim toga, nudimo \u0161irok raspon boja (zelena, pijesak, crna) i veli\u010dina (S, M, L, XL) na izbor.<\/p>\n<p>Bez obzira gdje se nalazite, mo\u017eete naru\u010diti izravno putem ove poveznice i obaviti kupnju bez ikakvih problema. Samo navedite veli\u010dinu i boju koja vam je potrebna u napomenama narud\u017ebe (na primjer: XL-crna) i dobit \u0107ete opremu iz snova. Ne\u0107emo naplatiti nikakve dodatne naknade za odabir drugih boja i veli\u010dina.<\/p>\n<hr \/>\n<p><strong>Razina obrane:<\/strong><\/p>\n<p>Ova neprobojna kaciga je NIJ razine IIIA otporna na metke u skladu sa standardom NIJ 0101.06, Relevantna izvje\u0161\u0107a o ispitivanju mogu se dostaviti.<\/p>\n<hr \/>\n<p><strong>Parametri obrambenog projektila:<\/strong><\/p>\n<p>.44 Mag SJHP<br \/>\n.357 SIG FMJ FN<br \/>\n9mm FMJ RN<br \/>\n.357 Mag JSP<br \/>\n.40 S&amp;W FMJ<\/p>\n<p>Tako\u0111er pru\u017ea za\u0161titu od ve\u0107ine prijetnji vatrenim oru\u017ejem, kao i prijetnji klase IIA i II.<\/p>\n<hr \/>\n<p><strong>Parametri kacige otporne na metke:<\/strong><\/p>\n<p>Naziv: NIJ lllA FAST vojna pancirna takti\u010dka kaciga izra\u0111ena od kevlara s postavom od Wendy Zorbium pjene + CAM FIT sustav ovjesa<\/p>\n<p>Materijal: DuPont kevlar-aramidno vlakno visoke \u010dvrsto\u0107e<br \/>\nVeli\u010dina: S, M, L, XL<br \/>\nBoja: zelena, pijesak, crna<br \/>\nDodatna oprema: maska \u200b\u200botporna na metke, itd.<br \/>\nJamstveni rok: Jamstveni rok od 5 godina mo\u017ee imati odgovaraju\u0107u sposobnost za\u0161tite, ali ako prelazi jamstveni rok<br \/>\nKvaliteta \u017eivota smanjit \u0107e sposobnost za\u0161tite.<\/p>\n<p>&nbsp;<\/p>\n<hr \/>\n<p><strong>Pojedinosti i usporedba veli\u010dina neprobojnih kaciga:<\/strong><\/p>\n<p>&nbsp;<\/p>\n<table style=\"border-collapse: collapse;\" border=\"1\" cellspacing=\"0\" cellpadding=\"5\">\n<thead>\n<tr>\n<th>Balisti\u010dka kaciga Veli\u010dina kacige<\/th>\n<th>S<\/th>\n<th>M<\/th>\n<th>L<\/th>\n<th>XL<\/th>\n<\/tr>\n<\/thead>\n<tbody>\n<tr>\n<td>Debljina premaza<\/td>\n<td>9.5<\/td>\n<td>9.5<\/td>\n<td>10 (9.5)<\/td>\n<td>10 (9.5)<\/td>\n<\/tr>\n<tr>\n<td>Razina za\u0161tite<\/td>\n<td>3A.44<\/td>\n<td>3A.44<\/td>\n<td>3A.44<\/td>\n<td>3A.44<\/td>\n<\/tr>\n<tr>\n<td>Duga os (duga os\/mm)<\/td>\n<td>235<\/td>\n<td>240<\/td>\n<td>247<\/td>\n<td>263<\/td>\n<\/tr>\n<tr>\n<td>Kratka os (sporedna os\/mm)<\/td>\n<td>182<\/td>\n<td>185<\/td>\n<td>193<\/td>\n<td>205<\/td>\n<\/tr>\n<tr>\n<td>Unutarnja visina\/mm<\/td>\n<td>146<\/td>\n<td>153<\/td>\n<td>158<\/td>\n<td>161<\/td>\n<\/tr>\n<tr>\n<td>Opseg glave (s noktima)<\/td>\n<td>53-59<\/td>\n<td>53-59<\/td>\n<td>56-59<\/td>\n<td>58-62<\/td>\n<\/tr>\n<tr>\n<td>Standardna te\u017eina (te\u017eina\/kg)<\/td>\n<td>1.24<\/td>\n<td>1.29<\/td>\n<td>1.32<\/td>\n<td>1.42<\/td>\n<\/tr>\n<tr>\n<td>Odstupanje te\u017eine\/kg<\/td>\n<td>0.05<\/td>\n<td>0.05<\/td>\n<td>0.05<\/td>\n<td>0.05<\/td>\n<\/tr>\n<tr>\n<td>Te\u017eina kutije\/KG<\/td>\n<td>2<\/td>\n<td>2<\/td>\n<td>2<\/td>\n<td>2.1<\/td>\n<\/tr>\n<\/tbody>\n<\/table>\n","protected":false},"excerpt":{"rendered":"<p>Kombinacija prednosti balisti\u010dke kacige FAST i kacige Wendy pru\u017ea izvrsnu udobnost i za\u0161titu, omogu\u0107uju\u0107i vam da zadr\u017eite punu mobilnost i sigurnost tijekom bilo kojeg zadatka.<\/p>\n<p>Lagan i udoban dizajn: kaciga FAST sa svojim modernim laganim dizajnom smanjuje te\u017einu na minimum, \u0161to je \u010dini idealnom za dugotrajno no\u0161enje u zahtjevnim uvjetima. Pru\u017ea iznimnu udobnost, \u010dak i tijekom intenzivnih aktivnosti.<\/p>\n<p>Precizni sustav ovjesa: Zorbium umetak i CAM FIT sustav ovjesa omogu\u0107uju precizno prilago\u0111avanje obliku glave, osiguravaju\u0107i stabilno, meko i udobno pristajanje, \u0161to jam\u010di udobnost pri dugotrajnom no\u0161enju.<\/p>\n<p>Nema potrebe za samomonta\u017eom, \u0161to vam omogu\u0107uje da u\u0161tedite vrijeme i trud i odmah u\u017eivate u kompletnoj takti\u010dkoj opremi.<\/p>\n","protected":false},"featured_media":16554,"comment_status":"open","ping_status":"closed","template":"","meta":[],"product_brand":[],"product_cat":[611,811,638],"product_tag":[],"woo-feed-brand":[50],"class_list":{"0":"post-16819","1":"product","2":"type-product","3":"status-publish","4":"has-post-thumbnail","6":"product_cat-balisticka-maska","7":"product_cat-brzo","8":"product_cat-kaciga-otporna-na-metke","9":"woo-feed-brand-tyditiao","11":"first","12":"instock","13":"sale","14":"shipping-taxable","15":"purchasable","16":"product-type-simple"},"_links":{"self":[{"href":"http:\/\/tyditiao.com\/hr\/wp-json\/wp\/v2\/product\/16819","targetHints":{"allow":["GET"]}}],"collection":[{"href":"http:\/\/tyditiao.com\/hr\/wp-json\/wp\/v2\/product"}],"about":[{"href":"http:\/\/tyditiao.com\/hr\/wp-json\/wp\/v2\/types\/product"}],"replies":[{"embeddable":true,"href":"http:\/\/tyditiao.com\/hr\/wp-json\/wp\/v2\/comments?post=16819"}],"wp:featuredmedia":[{"embeddable":true,"href":"http:\/\/tyditiao.com\/hr\/wp-json\/wp\/v2\/media\/16554"}],"wp:attachment":[{"href":"http:\/\/tyditiao.com\/hr\/wp-json\/wp\/v2\/media?parent=16819"}],"wp:term":[{"taxonomy":"product_brand","embeddable":true,"href":"http:\/\/tyditiao.com\/hr\/wp-json\/wp\/v2\/product_brand?post=16819"},{"taxonomy":"product_cat","embeddable":true,"href":"http:\/\/tyditiao.com\/hr\/wp-json\/wp\/v2\/product_cat?post=16819"},{"taxonomy":"product_tag","embeddable":true,"href":"http:\/\/tyditiao.com\/hr\/wp-json\/wp\/v2\/product_tag?post=16819"},{"taxonomy":"woo-feed-brand","embeddable":true,"href":"http:\/\/tyditiao.com\/hr\/wp-json\/wp\/v2\/woo-feed-brand?post=16819"}],"curies":[{"name":"wp","href":"https:\/\/api.w.org\/{rel}","templated":true}]}}