{"id":4654,"date":"2022-10-08T10:59:02","date_gmt":"2022-10-08T08:59:02","guid":{"rendered":"http:\/\/tyditiao.com\/rol-rol\/"},"modified":"2025-01-05T05:00:54","modified_gmt":"2025-01-05T03:00:54","slug":"rol-rol","status":"publish","type":"page","link":"http:\/\/tyditiao.com\/hu\/rol-rol\/","title":{"rendered":"R\u00f3l r\u0151l"},"content":{"rendered":"\n<div class=\"wp-block-cover\" style=\"min-height:240px;aspect-ratio:unset;\"><span aria-hidden=\"true\" class=\"wp-block-cover__background has-background-dim\" style=\"background-color:#1a6b92\"><\/span><img loading=\"lazy\" decoding=\"async\" width=\"1945\" height=\"643\" class=\"wp-block-cover__image-background wp-image-1572\" alt=\"\" src=\"http:\/\/tyditiao.com\/wp-content\/uploads\/2022\/06\/2022-06-13_181459.png\" data-object-fit=\"cover\" srcset=\"http:\/\/tyditiao.com\/wp-content\/uploads\/2022\/06\/2022-06-13_181459.png 1945w, http:\/\/tyditiao.com\/wp-content\/uploads\/2022\/06\/2022-06-13_181459-600x198.png 600w, http:\/\/tyditiao.com\/wp-content\/uploads\/2022\/06\/2022-06-13_181459-300x99.png 300w, http:\/\/tyditiao.com\/wp-content\/uploads\/2022\/06\/2022-06-13_181459-1024x339.png 1024w, http:\/\/tyditiao.com\/wp-content\/uploads\/2022\/06\/2022-06-13_181459-768x254.png 768w, http:\/\/tyditiao.com\/wp-content\/uploads\/2022\/06\/2022-06-13_181459-1536x508.png 1536w, http:\/\/tyditiao.com\/wp-content\/uploads\/2022\/06\/2022-06-13_181459-1320x436.png 1320w\" sizes=\"auto, (max-width: 1945px) 100vw, 1945px\" \/><div class=\"wp-block-cover__inner-container is-layout-constrained wp-block-cover-is-layout-constrained\">\n<p class=\"has-text-align-center custom-style-2 has-woostify-heading-1-font-size\">r\u00f3lunk<\/p>\n<\/div><\/div>\n\n<div style=\"height:50px\" aria-hidden=\"true\" class=\"wp-block-spacer\"><\/div>\n\n<div class=\"wp-block-columns is-layout-flex wp-container-core-columns-is-layout-9d6595d7 wp-block-columns-is-layout-flex\">\n<div class=\"wp-block-column is-layout-flow wp-block-column-is-layout-flow\" style=\"flex-basis:10%\"><\/div>\n\n\n\n<div class=\"wp-block-column is-layout-flow wp-block-column-is-layout-flow\">\n<h4 class=\"wp-block-heading has-text-align-center\">sisak a gy\u00e1rt\u00e1sban<\/h4>\n\n\n\n<div style=\"height:30px\" aria-hidden=\"true\" class=\"wp-block-spacer\"><\/div>\n\n\n\n<figure class=\"wp-block-gallery has-nested-images columns-5 is-cropped wp-block-gallery-1 is-layout-flex wp-block-gallery-is-layout-flex\">\n<figure class=\"wp-block-image size-medium\"><img loading=\"lazy\" decoding=\"async\" width=\"300\" height=\"300\" data-id=\"1795\" src=\"https:\/\/tyditiao.com\/wp-content\/uploads\/2022\/07\/IMG_5611-300x300.jpeg\" alt=\"taktikai v&#xE9;d&#x151;sisak katonai bolt - Kevlar goly&#xF3;&#xE1;ll&#xF3; sisak gy&#xE1;rt&#xE1;sban\" class=\"wp-image-1795\" srcset=\"http:\/\/tyditiao.com\/wp-content\/uploads\/2022\/07\/IMG_5611-300x300.jpeg 300w, http:\/\/tyditiao.com\/wp-content\/uploads\/2022\/07\/IMG_5611-100x100.jpeg 100w, http:\/\/tyditiao.com\/wp-content\/uploads\/2022\/07\/IMG_5611-600x600.jpeg 600w, http:\/\/tyditiao.com\/wp-content\/uploads\/2022\/07\/IMG_5611-150x150.jpeg 150w, http:\/\/tyditiao.com\/wp-content\/uploads\/2022\/07\/IMG_5611.jpeg 614w\" sizes=\"auto, (max-width: 300px) 100vw, 300px\" \/><\/figure>\n\n\n<figure class=\"wp-block-image size-medium\"><img loading=\"lazy\" decoding=\"async\" width=\"300\" height=\"300\" data-id=\"1656\" src=\"https:\/\/tyditiao.com\/wp-content\/uploads\/2022\/06\/2022-06-15_162614-1-300x300.png\" alt=\"\" class=\"wp-image-1656\" srcset=\"http:\/\/tyditiao.com\/wp-content\/uploads\/2022\/06\/2022-06-15_162614-1-300x300.png 300w, http:\/\/tyditiao.com\/wp-content\/uploads\/2022\/06\/2022-06-15_162614-1-100x100.png 100w, http:\/\/tyditiao.com\/wp-content\/uploads\/2022\/06\/2022-06-15_162614-1-150x150.png 150w, http:\/\/tyditiao.com\/wp-content\/uploads\/2022\/06\/2022-06-15_162614-1.png 475w\" sizes=\"auto, (max-width: 300px) 100vw, 300px\" \/><\/figure>\n\n\n<figure class=\"wp-block-image size-medium\"><img loading=\"lazy\" decoding=\"async\" width=\"300\" height=\"300\" data-id=\"1657\" src=\"https:\/\/tyditiao.com\/wp-content\/uploads\/2022\/06\/2022-06-15_162211-1-300x300.png\" alt=\"taktikai v&#xE9;d&#x151;sisak katonai bolt - Szerelt goly&#xF3;&#xE1;ll&#xF3; sisak\" class=\"wp-image-1657\" srcset=\"http:\/\/tyditiao.com\/wp-content\/uploads\/2022\/06\/2022-06-15_162211-1-300x300.png 300w, http:\/\/tyditiao.com\/wp-content\/uploads\/2022\/06\/2022-06-15_162211-1-100x100.png 100w, http:\/\/tyditiao.com\/wp-content\/uploads\/2022\/06\/2022-06-15_162211-1-600x600.png 600w, http:\/\/tyditiao.com\/wp-content\/uploads\/2022\/06\/2022-06-15_162211-1-150x150.png 150w, http:\/\/tyditiao.com\/wp-content\/uploads\/2022\/06\/2022-06-15_162211-1-768x768.png 768w, http:\/\/tyditiao.com\/wp-content\/uploads\/2022\/06\/2022-06-15_162211-1.png 780w\" sizes=\"auto, (max-width: 300px) 100vw, 300px\" \/><\/figure>\n\n\n<figure class=\"wp-block-image size-medium\"><img loading=\"lazy\" decoding=\"async\" width=\"300\" height=\"300\" data-id=\"1794\" src=\"https:\/\/tyditiao.com\/wp-content\/uploads\/2022\/07\/IMG_5607-300x300.jpeg\" alt=\"taktikai v&#xE9;d&#x151;sisak katonai bolt - A fest&#xE9;si folyamat ut&#xE1;n\" class=\"wp-image-1794\" srcset=\"http:\/\/tyditiao.com\/wp-content\/uploads\/2022\/07\/IMG_5607-300x300.jpeg 300w, http:\/\/tyditiao.com\/wp-content\/uploads\/2022\/07\/IMG_5607-100x100.jpeg 100w, http:\/\/tyditiao.com\/wp-content\/uploads\/2022\/07\/IMG_5607-600x600.jpeg 600w, http:\/\/tyditiao.com\/wp-content\/uploads\/2022\/07\/IMG_5607-1024x1024.jpeg 1024w, http:\/\/tyditiao.com\/wp-content\/uploads\/2022\/07\/IMG_5607-150x150.jpeg 150w, http:\/\/tyditiao.com\/wp-content\/uploads\/2022\/07\/IMG_5607-768x768.jpeg 768w, http:\/\/tyditiao.com\/wp-content\/uploads\/2022\/07\/IMG_5607.jpeg 1034w\" sizes=\"auto, (max-width: 300px) 100vw, 300px\" \/><\/figure>\n\n\n<figure class=\"wp-block-image size-medium\"><img loading=\"lazy\" decoding=\"async\" width=\"300\" height=\"300\" data-id=\"1658\" src=\"https:\/\/tyditiao.com\/wp-content\/uploads\/2022\/06\/2022-06-15_162306-1-300x300.png\" alt=\"taktikai v&#xE9;d&#x151;sisak katonai bolt - A fest&#xE9;si folyamat ut&#xE1;n MICH\" class=\"wp-image-1658\" srcset=\"http:\/\/tyditiao.com\/wp-content\/uploads\/2022\/06\/2022-06-15_162306-1-300x300.png 300w, http:\/\/tyditiao.com\/wp-content\/uploads\/2022\/06\/2022-06-15_162306-1-100x100.png 100w, http:\/\/tyditiao.com\/wp-content\/uploads\/2022\/06\/2022-06-15_162306-1-600x600.png 600w, http:\/\/tyditiao.com\/wp-content\/uploads\/2022\/06\/2022-06-15_162306-1-150x150.png 150w, http:\/\/tyditiao.com\/wp-content\/uploads\/2022\/06\/2022-06-15_162306-1-768x768.png 768w, http:\/\/tyditiao.com\/wp-content\/uploads\/2022\/06\/2022-06-15_162306-1.png 880w\" sizes=\"auto, (max-width: 300px) 100vw, 300px\" \/><\/figure><\/figure>\n\n\n\n<div style=\"height:50px\" aria-hidden=\"true\" class=\"wp-block-spacer\"><\/div>\n<\/div>\n\n\n\n<div class=\"wp-block-column is-layout-flow wp-block-column-is-layout-flow\" style=\"flex-basis:10%\"><\/div>\n<\/div>\n\n<div class=\"wp-block-columns is-layout-flex wp-container-core-columns-is-layout-9d6595d7 wp-block-columns-is-layout-flex\">\n<div class=\"wp-block-column is-layout-flow wp-block-column-is-layout-flow\" style=\"flex-basis:15%\"><\/div>\n\n\n\n<div class=\"wp-block-column is-layout-flow wp-block-column-is-layout-flow\" style=\"flex-basis:70%\">\n<p class=\"has-text-align-center\">C\u00e9g\u00fcnk elk\u00f6telezett amellett, hogy \u00fcgyfeleit professzion\u00e1lis goly\u00f3\u00e1ll\u00f3 sisakokkal l\u00e1ssa el, \u00e9s m\u00e1ra a <a href=\"http:\/\/tyditiao.com\/shop\/\">goly\u00f3\u00e1ll\u00f3 sisakok<\/a> j\u00f3l ismert \u00e9s technol\u00f3giailag vezet\u0151 gy\u00e1rt\u00f3j\u00e1v\u00e1 v\u00e1lt az ipar\u00e1gban. Minden term\u00e9k\u00fcnket az NIJ0101.06 szabv\u00e1ny szerint tesztelt\u00fck.<\/p>\n\n\n\n<p class=\"has-text-align-center\">Az elm\u00falt \u00e9vekben sz\u00e1mos \u00fcgyfelet szolg\u00e1ltunk ki Lengyelorsz\u00e1gban, N\u00e9metorsz\u00e1gban, Sv\u00e9dorsz\u00e1gban, a K\u00f6zel-Keleten, Spanyolorsz\u00e1gban, D\u00e9l-Kore\u00e1ban \u00e9s m\u00e1s orsz\u00e1gokban \u00e9s r\u00e9gi\u00f3kban, \u00e9s hossz\u00fa t\u00e1v\u00fa egy\u00fcttm\u0171k\u00f6d\u00e9si kapcsolatokat \u00e9p\u00edtett\u00fcnk ki vel\u00fck.\nEzek az eszk\u00f6z\u00f6k sz\u00e1mtalan \u00e9let \u00e9s csal\u00e1d boldogs\u00e1g\u00e1t v\u00e9dt\u00e9k meg, amelyekre a legb\u00fcszk\u00e9bbek vagyunk<br\/>Ez vez\u00e9rel benn\u00fcnket a j\u00f6v\u0151ben. <\/p>\n\n\n\n<p class=\"has-text-align-center\">K\u00fcl\u00f6nf\u00e9le m\u00e9ret\u0171 gy\u00e1rt\u00f3berendez\u00e9sekkel \u00e9s t\u00f6k\u00e9letes termel\u00e9sir\u00e1ny\u00edt\u00e1si rendszerrel rendelkez\u00fcnk.\nA term\u00e9k saj\u00e1toss\u00e1gaib\u00f3l ad\u00f3d\u00f3an nagy jelent\u0151s\u00e9get tulajdon\u00edtunk a term\u00e9k min\u0151s\u00e9g\u00e9nek, \u00e9s a gy\u00e1rt\u00e1s minden szakasz\u00e1ban tesztel\u00e9st v\u00e9gz\u00fcnk, hogy megel\u0151zz\u00fck a nem megfelel\u0151 term\u00e9keket.\n\u201eEls\u0151 a min\u0151s\u00e9g, els\u0151 a h\u00edrn\u00e9v\u201d \u2013 ez az eg\u00e9sz csapatunk filoz\u00f3fi\u00e1ja \u00e9s v\u00e1gya.\nA K+F-t\u0151l a gy\u00e1rt\u00e1son \u00e1t a min\u0151s\u00e9g-ellen\u0151rz\u00e9sig minden l\u00e1ncszemben a kiv\u00e1l\u00f3s\u00e1gra t\u00f6reksz\u00fcnk a megb\u00edzhat\u00f3 \u00e9s kiv\u00e1l\u00f3 min\u0151s\u00e9g\u0171 term\u00e9kek biztos\u00edt\u00e1sa \u00e9rdek\u00e9ben.   <\/p>\n<\/div>\n\n\n\n<div class=\"wp-block-column is-layout-flow wp-block-column-is-layout-flow\" style=\"flex-basis:15%\"><\/div>\n<\/div>\n","protected":false},"excerpt":{"rendered":"<p>sisak a gy\u00e1rt\u00e1sban C\u00e9g\u00fcnk elk\u00f6telezett amellett, hogy \u00fcgyfeleit professzion\u00e1lis goly\u00f3\u00e1ll\u00f3 sisakokkal l\u00e1ssa el, \u00e9s m\u00e1ra a goly\u00f3\u00e1ll\u00f3 sisakok j\u00f3l ismert&#8230;<\/p>\n","protected":false},"author":1,"featured_media":0,"parent":0,"menu_order":0,"comment_status":"closed","ping_status":"closed","template":"","meta":{"footnotes":""},"class_list":["post-4654","page","type-page","status-publish","hentry"],"_links":{"self":[{"href":"http:\/\/tyditiao.com\/hu\/wp-json\/wp\/v2\/pages\/4654","targetHints":{"allow":["GET"]}}],"collection":[{"href":"http:\/\/tyditiao.com\/hu\/wp-json\/wp\/v2\/pages"}],"about":[{"href":"http:\/\/tyditiao.com\/hu\/wp-json\/wp\/v2\/types\/page"}],"author":[{"embeddable":true,"href":"http:\/\/tyditiao.com\/hu\/wp-json\/wp\/v2\/users\/1"}],"replies":[{"embeddable":true,"href":"http:\/\/tyditiao.com\/hu\/wp-json\/wp\/v2\/comments?post=4654"}],"version-history":[{"count":3,"href":"http:\/\/tyditiao.com\/hu\/wp-json\/wp\/v2\/pages\/4654\/revisions"}],"predecessor-version":[{"id":16479,"href":"http:\/\/tyditiao.com\/hu\/wp-json\/wp\/v2\/pages\/4654\/revisions\/16479"}],"wp:attachment":[{"href":"http:\/\/tyditiao.com\/hu\/wp-json\/wp\/v2\/media?parent=4654"}],"curies":[{"name":"wp","href":"https:\/\/api.w.org\/{rel}","templated":true}]}}