{"id":5120,"date":"2022-10-11T16:42:26","date_gmt":"2022-10-11T14:42:26","guid":{"rendered":"http:\/\/tyditiao.com\/product\/konnyu-ballisztikus-aramid-maszk-taktikai-golyoallo-nij-iiia-teljes-arcmaszk\/"},"modified":"2025-03-17T11:45:54","modified_gmt":"2025-03-17T09:45:54","slug":"ballistic-mask-aramid-nij-iiia-teljes-arcu-taktikai-golyoallo-maszk","status":"publish","type":"product","link":"http:\/\/tyditiao.com\/hu\/termek\/ballistic-mask-aramid-nij-iiia-teljes-arcu-taktikai-golyoallo-maszk\/","title":{"rendered":"k\u00f6nny\u0171 ballisztikus aramid maszk, taktikai goly\u00f3\u00e1ll\u00f3 NIJ IIIA teljes arcmaszk"},"content":{"rendered":"<p>S\u00faly: 0,85 kg<\/p>\n<p>Anyaga: aramid<\/p>\n<p>Vastags\u00e1g: 8 mm vastag aramid \u00e9s 1 mm bevonat<\/p>\n<p>V\u00e9delmi oszt\u00e1ly: NIJ 0101.06 IIIA szint<\/p>\n<p>M\u00e9ret: Egy m\u00e9ret mindenkinek megfelel<\/p>\n<p>\u00c9rv\u00e9nyess\u00e9g: 5 \u00e9v<\/p>\n<p>Alkalmazhat\u00f3 forgat\u00f3k\u00f6nyvek: otthonv\u00e9delem, biztons\u00e1g, rend\u0151rs\u00e9gi felszerel\u00e9s, t\u00e9nyleges harc, cosplay<\/p>\n<p>OEM\/ODM szolg\u00e1ltat\u00e1s k\u00e9r\u00e9sre el\u00e9rhet\u0151<\/p>\n<p>Csomagol\u00e1si lista: 1X teljes arcra goly\u00f3\u00e1ll\u00f3 maszk<\/p>\n","protected":false},"excerpt":{"rendered":"<p>Minim\u00e1lis s\u00fallyal v\u00e9di a legfontosabb ter\u00fcleteket: teljes eltakarja visel\u0151je arc\u00e1t a s\u00e9rt\u00e9s\u00e9rt<\/p>\n<p>Anyaga: fejlett, k\u00f6nny\u0171 Kevlar sz\u00e1lakb\u00f3l k\u00e9sz\u00fclt, amelyek 15-sz\u00f6r er\u0151sebbek, mint az ac\u00e9l, hogy minim\u00e1lisra cs\u00f6kkents\u00e9k a goly\u00f3k vesz\u00e9ly\u00e9t<\/p>\n<p>Egyed\u00fcl\u00e1ll\u00f3 ergonomikus kialak\u00edt\u00e1s: 6 ponton \u00e1ll\u00edthat\u00f3 nylon fejp\u00e1nt \u00e9s extra p\u00e1rn\u00e1z\u00e1s b\u00e1rmilyen fejform\u00e1hoz illeszkedik, \u00e9s jav\u00edtja a visel\u00e9si k\u00e9nyelmet<\/p>\n<p>Alkalmazhat\u00f3 felhaszn\u00e1l\u00e1si ter\u00fcletek: otthonv\u00e9delem, terepgyakorlat, test\u0151rs\u00e9g, k\u00fclf\u00f6ldi fegyveres konfliktuster\u00fcleteken vesz\u00e9lyes m\u0171veleteket v\u00e9gz\u0151 szem\u00e9lyzet, katonas\u00e1g, cosplay stb.<\/p>\n","protected":false},"featured_media":4963,"comment_status":"open","ping_status":"closed","template":"","meta":[],"product_brand":[],"product_cat":[197],"product_tag":[],"woo-feed-brand":[50],"class_list":{"0":"post-5120","1":"product","2":"type-product","3":"status-publish","4":"has-post-thumbnail","6":"product_cat-ballistic-mask-hu","7":"product_shipping_class-0-3-kg-hu","8":"woo-feed-brand-tyditiao","10":"first","11":"instock","12":"sale","13":"shipping-taxable","14":"purchasable","15":"product-type-simple"},"_links":{"self":[{"href":"http:\/\/tyditiao.com\/hu\/wp-json\/wp\/v2\/product\/5120","targetHints":{"allow":["GET"]}}],"collection":[{"href":"http:\/\/tyditiao.com\/hu\/wp-json\/wp\/v2\/product"}],"about":[{"href":"http:\/\/tyditiao.com\/hu\/wp-json\/wp\/v2\/types\/product"}],"replies":[{"embeddable":true,"href":"http:\/\/tyditiao.com\/hu\/wp-json\/wp\/v2\/comments?post=5120"}],"wp:featuredmedia":[{"embeddable":true,"href":"http:\/\/tyditiao.com\/hu\/wp-json\/wp\/v2\/media\/4963"}],"wp:attachment":[{"href":"http:\/\/tyditiao.com\/hu\/wp-json\/wp\/v2\/media?parent=5120"}],"wp:term":[{"taxonomy":"product_brand","embeddable":true,"href":"http:\/\/tyditiao.com\/hu\/wp-json\/wp\/v2\/product_brand?post=5120"},{"taxonomy":"product_cat","embeddable":true,"href":"http:\/\/tyditiao.com\/hu\/wp-json\/wp\/v2\/product_cat?post=5120"},{"taxonomy":"product_tag","embeddable":true,"href":"http:\/\/tyditiao.com\/hu\/wp-json\/wp\/v2\/product_tag?post=5120"},{"taxonomy":"woo-feed-brand","embeddable":true,"href":"http:\/\/tyditiao.com\/hu\/wp-json\/wp\/v2\/woo-feed-brand?post=5120"}],"curies":[{"name":"wp","href":"https:\/\/api.w.org\/{rel}","templated":true}]}}