{"id":5121,"date":"2022-10-12T08:35:45","date_gmt":"2022-10-12T06:35:45","guid":{"rendered":"http:\/\/tyditiao.com\/product\/konnyu-ballisztikus-aramid-maszk-taktikai-golyoallo-nij-iiia-teljes-arcmaszk\/"},"modified":"2025-03-17T11:46:06","modified_gmt":"2025-03-17T09:46:06","slug":"atlatszo-golyoallo-maszk-nij-iiia-leveheto-sisakhoz-mindket-oldalon-sinekkel-wendy-fast-stb","status":"publish","type":"product","link":"http:\/\/tyditiao.com\/hu\/termek\/atlatszo-golyoallo-maszk-nij-iiia-leveheto-sisakhoz-mindket-oldalon-sinekkel-wendy-fast-stb\/","title":{"rendered":"k\u00f6nny\u0171 ballisztikus aramid maszk, taktikai goly\u00f3\u00e1ll\u00f3 NIJ IIIA teljes arcmaszk"},"content":{"rendered":"<p>A Levehet\u0151 ballisztikus maszk egy \u00faj, IIIA oszt\u00e1ly\u00fa ballisztikus maszk, amely ballisztikus sisakhoz r\u00f6gz\u00edthet\u0151.<\/p>\n<p>Ez a term\u00e9k olyan sisakokhoz haszn\u00e1lhat\u00f3, amelyek mindk\u00e9t oldal\u00e1n s\u00ednek vannak. P\u00e9ld\u00e1ul: WENDY, FAST stb.<\/p>\n<p>V\u00e9delmi oszt\u00e1ly: NIJ IIIA szint<\/p>\n<p>S\u00faly: 1,50 kg (3,31 font)<\/p>\n<p>Anyaga: PC, PMMA, stb.<\/p>\n<p>M\u00e9ret: 350mm (H)*145mm (H)<\/p>\n<p>Maszk vastags\u00e1ga: 22 mm<\/p>\n<p>F\u00e9nyer\u0151: 83,9%<\/p>\n<p>\u00c9rv\u00e9nyess\u00e9g: 5 \u00e9v<\/p>\n<p>Ha goly\u00f3\u00e1ll\u00f3 sisakra van sz\u00fcks\u00e9ge, k\u00e9rj\u00fck, l\u00e1togasson el \u00fczlet\u00fcnkbe \u00e9s v\u00e1s\u00e1rolja meg. K\u00f6sz!<\/p>\n<p>Csomagol\u00e1s r\u00e9szletei: 1 * Goly\u00f3\u00e1ll\u00f3 arcv\u00e9d\u0151 (a sisak nem tartoz\u00e9k)<\/p>\n","protected":false},"excerpt":{"rendered":"<p>A f\u0151 anyag kiv\u00e1l\u00f3 min\u0151s\u00e9g\u0171 \u00e1tl\u00e1tsz\u00f3 polikarbon\u00e1t gyanta PC \u00e9s akrillemez szendvics t\u00edpus\u00fa kompozitb\u00f3l k\u00e9sz\u00fcl, nagy felbont\u00e1s\u00fa, fr\u00f6ccsen\u00e9smentes, j\u00f3 goly\u00f3\u00e1ll\u00f3 hat\u00e1ssal<\/p>\n<p>A goly\u00f3\u00e1ll\u00f3 maszk tart\u00f3 ac\u00e9lb\u00f3l \u00e9s nagy szil\u00e1rds\u00e1g\u00fa anyagokb\u00f3l k\u00e9sz\u00fcl, amely stabilan \u00e1ll\u00edthat\u00f3 k\u00fcl\u00f6nb\u00f6z\u0151 sz\u00f6gekbe<\/p>\n<p>M\u00e9lyen egy\u00fcttm\u0171k\u00f6d\u00fcnk a logisztikai szolg\u00e1ltat\u00f3kkal, \u00e9s szinte minden orsz\u00e1gba \u00e9s r\u00e9gi\u00f3ba garant\u00e1lni tudjuk az \u00e1ruk kisz\u00e1ll\u00edt\u00e1s\u00e1t, valamint a gy\u00e1ri weboldalunkon megrendelt \u00e1ruk postamentesek.<\/p>\n","protected":false},"featured_media":5039,"comment_status":"open","ping_status":"closed","template":"","meta":[],"product_brand":[],"product_cat":[197],"product_tag":[],"woo-feed-brand":[50],"class_list":{"0":"post-5121","1":"product","2":"type-product","3":"status-publish","4":"has-post-thumbnail","6":"product_cat-ballistic-mask-hu","7":"product_shipping_class-0-3-kg-hu","8":"woo-feed-brand-tyditiao","10":"first","11":"instock","12":"sale","13":"shipping-taxable","14":"purchasable","15":"product-type-simple"},"_links":{"self":[{"href":"http:\/\/tyditiao.com\/hu\/wp-json\/wp\/v2\/product\/5121","targetHints":{"allow":["GET"]}}],"collection":[{"href":"http:\/\/tyditiao.com\/hu\/wp-json\/wp\/v2\/product"}],"about":[{"href":"http:\/\/tyditiao.com\/hu\/wp-json\/wp\/v2\/types\/product"}],"replies":[{"embeddable":true,"href":"http:\/\/tyditiao.com\/hu\/wp-json\/wp\/v2\/comments?post=5121"}],"wp:featuredmedia":[{"embeddable":true,"href":"http:\/\/tyditiao.com\/hu\/wp-json\/wp\/v2\/media\/5039"}],"wp:attachment":[{"href":"http:\/\/tyditiao.com\/hu\/wp-json\/wp\/v2\/media?parent=5121"}],"wp:term":[{"taxonomy":"product_brand","embeddable":true,"href":"http:\/\/tyditiao.com\/hu\/wp-json\/wp\/v2\/product_brand?post=5121"},{"taxonomy":"product_cat","embeddable":true,"href":"http:\/\/tyditiao.com\/hu\/wp-json\/wp\/v2\/product_cat?post=5121"},{"taxonomy":"product_tag","embeddable":true,"href":"http:\/\/tyditiao.com\/hu\/wp-json\/wp\/v2\/product_tag?post=5121"},{"taxonomy":"woo-feed-brand","embeddable":true,"href":"http:\/\/tyditiao.com\/hu\/wp-json\/wp\/v2\/woo-feed-brand?post=5121"}],"curies":[{"name":"wp","href":"https:\/\/api.w.org\/{rel}","templated":true}]}}