{"id":6045,"date":"2023-01-16T12:36:49","date_gmt":"2023-01-16T10:36:49","guid":{"rendered":"http:\/\/tyditiao.com\/product\/elrejtheto-pancelzat-golyoallo-melleny-nij-iiia-vedelmi-szinttel-szemelyes-kulteri-biztonsagi-felszereles\/"},"modified":"2025-03-17T11:46:49","modified_gmt":"2025-03-17T09:46:49","slug":"elrejtheto-golyoallo-melleny-golyoallo-melleny-ni-iiia-vedelmi-szinttel-szemelyi-biztonsagi-szabadteri","status":"publish","type":"product","link":"http:\/\/tyditiao.com\/hu\/termek\/elrejtheto-golyoallo-melleny-golyoallo-melleny-ni-iiia-vedelmi-szinttel-szemelyi-biztonsagi-szabadteri\/","title":{"rendered":"Elrejthet\u0151 p\u00e1nc\u00e9lzat, goly\u00f3\u00e1ll\u00f3 mell\u00e9ny NIJ IIIA v\u00e9delmi szinttel, szem\u00e9lyes k\u00fclt\u00e9ri biztons\u00e1gi felszerel\u00e9s"},"content":{"rendered":"<p>Anyaga: ultramagas polimer PE anyag, amely t\u00f6bb l\u00f6v\u00e9st is kib\u00edr, mik\u00f6zben meg\u0151rzi a rugalmass\u00e1got. K\u00f6nny\u0171s\u00e9ge, puhas\u00e1ga, k\u00e9nyelme, kiv\u00e1l\u00f3 UV-\u00e1ll\u00f3s\u00e1ga, alacsony nedvess\u00e9g\u00e9rz\u00e9kenys\u00e9ge \u00e9s v\u00edz\u00e1ll\u00f3s\u00e1ga jellemzi.<\/p>\n<p>V\u00e9detts\u00e9g: NIJ IIIA v\u00e9delem el\u00f6l \u00e9s h\u00e1tul<\/p>\n<p>Blokkolhat\u00f3 goly\u00f3k:<br \/>\n.44 Magnum<br \/>\n.40 S&amp;W, .357 Magnum, .45<br \/>\n9 mm-es g\u00e9ppisztoly<br \/>\nF\u00e9lk\u00f6peny\u0171 \u00fcreges hegy\u0171 (SJHP) goly\u00f3k<br \/>\nTeljes f\u00e9ml\u00f6ved\u00e9k kalibr\u00e1l\u00e1sa 9 mm-es, f\u00e9mbevonat\u00fa goly\u00f3 8,0 g (124 g) n\u00e9vleges t\u00f6meggel \u00e9s 426 m\/s (1400 l\u00e1b\/s) vagy kisebb becsap\u00f3d\u00e1si sebess\u00e9ggel<br \/>\nEzenk\u00edv\u00fcl v\u00e9delmet ny\u00fajt a legt\u00f6bb k\u00e9zifegyverrel, valamint a IIA \u00e9s II oszt\u00e1ly\u00fa fenyeget\u00e9sekkel szemben<\/p>\n<p>Sz\u00edn: fekete<br \/>\nNem: Uniszex<br \/>\nRuh\u00e1zat t\u00edpusa: mell\u00e9ny, fels\u0151<br \/>\nUjj t\u00edpusa: Ujjatlan<br \/>\nFunkci\u00f3: Goly\u00f3\u00e1ll\u00f3<br \/>\nm\u00e9ret: egy m\u00e9ret<br \/>\nS\u00faly: 2,5 kg<br \/>\nMos\u00e1s: A bels\u0151 b\u00e9l\u00e9s \u00e9s a fels\u0151ruh\u00e1zat sz\u00e9tv\u00e1laszthat\u00f3, a bels\u0151 goly\u00f3\u00e1ll\u00f3 r\u00e9teg nem moshat\u00f3, csak a k\u00fcls\u0151 r\u00e9teget tiszt\u00edtsa meg<\/p>\n<p>Csomag: 1 x goly\u00f3\u00e1ll\u00f3 mell\u00e9ny (NIJ IIIA)<\/p>\n","protected":false},"excerpt":{"rendered":"<p>Puha \u00e9s k\u00f6nny\u0171: rugalmas, k\u00e9nyelmes viselet, alapvet\u0151en nem befoly\u00e1solja az emberi testet a fut\u00e1sban vagy a guggol\u00e1sban<\/p>\n<p>Nagyszer\u0171 elrejt\u00e9s: 4 k\u00fcl\u00f6nb\u00f6z\u0151 ponton \u00e1ll\u00edthat\u00f3 t\u00e9p\u0151z\u00e1ras p\u00e1ntokkal, hogy k\u00f6nnyen elrejtse a ruh\u00e1ja al\u00e1<\/p>\n<p>NIJ IIIA v\u00e9delem: a jelenleg el\u00e9rhet\u0151 legmagasabb szint\u0171 v\u00e9delem a goly\u00f3\u00e1ll\u00f3 mell\u00e9nyekhez<\/p>\n<p>J\u00f3 b\u0151v\u00edt\u00e9si teljes\u00edtm\u00e9ny: az els\u0151 \u00e9s a h\u00e1ts\u00f3 p\u00e1nc\u00e9lzsebek goly\u00f3\u00e1ll\u00f3 ac\u00e9llemezekkel r\u00f6gz\u00edthet\u0151k, hogy saj\u00e1t ig\u00e9nyeik szerint tov\u00e1bbi v\u00e9delmet ny\u00fajtsanak<\/p>\n<p>Alkalmazhat\u00f3 szem\u00e9lyek: Az \u00fajs\u00e1g\u00edr\u00f3k \u00e9s a katonai szem\u00e9lyzet h\u00e1bor\u00fa s\u00fajtotta ter\u00fcleteken utazik, \u00e9s otthoni v\u00e9dekez\u00e9sre is haszn\u00e1lhat\u00f3, hogy megv\u00e9dj\u00e9k saj\u00e1t biztons\u00e1gukat \u00e9s test\u00fcket a goly\u00f3kt\u00f3l \u00e9s t\u00f6rmel\u00e9kekt\u0151l<\/p>\n","protected":false},"featured_media":6024,"comment_status":"open","ping_status":"closed","template":"","meta":[],"product_brand":[],"product_cat":[235],"product_tag":[],"woo-feed-brand":[50],"class_list":{"0":"post-6045","1":"product","2":"type-product","3":"status-publish","4":"has-post-thumbnail","6":"product_cat-tactical-vest-hu","7":"woo-feed-brand-tyditiao","9":"first","10":"instock","11":"sale","12":"shipping-taxable","13":"purchasable","14":"product-type-simple"},"_links":{"self":[{"href":"http:\/\/tyditiao.com\/hu\/wp-json\/wp\/v2\/product\/6045","targetHints":{"allow":["GET"]}}],"collection":[{"href":"http:\/\/tyditiao.com\/hu\/wp-json\/wp\/v2\/product"}],"about":[{"href":"http:\/\/tyditiao.com\/hu\/wp-json\/wp\/v2\/types\/product"}],"replies":[{"embeddable":true,"href":"http:\/\/tyditiao.com\/hu\/wp-json\/wp\/v2\/comments?post=6045"}],"wp:featuredmedia":[{"embeddable":true,"href":"http:\/\/tyditiao.com\/hu\/wp-json\/wp\/v2\/media\/6024"}],"wp:attachment":[{"href":"http:\/\/tyditiao.com\/hu\/wp-json\/wp\/v2\/media?parent=6045"}],"wp:term":[{"taxonomy":"product_brand","embeddable":true,"href":"http:\/\/tyditiao.com\/hu\/wp-json\/wp\/v2\/product_brand?post=6045"},{"taxonomy":"product_cat","embeddable":true,"href":"http:\/\/tyditiao.com\/hu\/wp-json\/wp\/v2\/product_cat?post=6045"},{"taxonomy":"product_tag","embeddable":true,"href":"http:\/\/tyditiao.com\/hu\/wp-json\/wp\/v2\/product_tag?post=6045"},{"taxonomy":"woo-feed-brand","embeddable":true,"href":"http:\/\/tyditiao.com\/hu\/wp-json\/wp\/v2\/woo-feed-brand?post=6045"}],"curies":[{"name":"wp","href":"https:\/\/api.w.org\/{rel}","templated":true}]}}