{"id":7268,"date":"2023-03-05T02:51:52","date_gmt":"2023-03-05T12:27:07","guid":{"rendered":"http:\/\/tyditiao.com\/product\/aramid-kulso-boritas-nylon-belso-mag-statikus-kotel-kulteri-hegymaszo-biztonsagi-kotel-68105-10m\/"},"modified":"2023-03-05T14:27:07","modified_gmt":"2023-03-05T12:27:07","slug":"kevlar-kulso-scoranylon-core-static-safety-rope-outdoor-6810-5-10m","status":"publish","type":"product","link":"http:\/\/tyditiao.com\/hu\/termek\/kevlar-kulso-scoranylon-core-static-safety-rope-outdoor-6810-5-10m\/","title":{"rendered":"Aramid k\u00fcls\u0151 bor\u00edt\u00e1s + nylon bels\u0151 mag statikus k\u00f6t\u00e9l k\u00fclt\u00e9ri hegym\u00e1sz\u00f3 biztons\u00e1gi k\u00f6t\u00e9l 6,8,10,5 (10m)"},"content":{"rendered":"<p>Ha hosszabb, p\u00e9ld\u00e1ul 80 m\u00e9teres k\u00f6telet szeretne v\u00e1s\u00e1rolni, k\u00e9rj\u00fck, vegyen 8*10 m\u00e9teres k\u00f6telet, majd hagyjon \u00fczenetet az elad\u00f3nak, hogy egy teljes, 80 m\u00e9teres k\u00f6t\u00e9lre van sz\u00fcks\u00e9ge.<\/p>\n<p><strong>A statikus k\u00f6t\u00e9l mindk\u00e9t v\u00e9g\u00e9n tal\u00e1lhat\u00f3 karabinerekr\u0151l:<\/strong> Ha az \u00d6n \u00e1ltal v\u00e1s\u00e1rolt k\u00f6t\u00e9l hossza meghaladja a 10 m\u00e9tert, a k\u00e9pen jel\u00f6lt k\u00e9t karabinert adunk. V\u00e1laszthat, hogy a k\u00f6t\u00e9l mindk\u00e9t v\u00e9g\u00e9re r\u00f6gz\u00edti, vagy nem kell felszerelnie, \u00e9s a csomagban l\u00e9v\u0151 k\u00f6t\u00e9llel egy\u00fctt elk\u00fcldi, csak \u00edrjon nek\u00fcnk, \u00e9s tudassa vel\u00fcnk d\u00f6nt\u00e9s\u00e9t<\/p>\n<p>Term\u00e9k neve: Aramid sz\u00e1l + nylon statikus k\u00f6t\u00e9l<br \/>\nSz\u00edn: a k\u00e9pen l\u00e1that\u00f3 sz\u00edn<br \/>\n\u00c1tm\u00e9r\u0151: 6mm 8mm 10mm<br \/>\nNett\u00f3 t\u00f6meg (\u00b15%): 6mm (27g\/m) 8mm (42g\/m) 10mm (65g\/m)<br \/>\nH\u00faz\u00f3er\u0151: 6mm (7KN\/700KG) 8mm (16KN\/1600KG) 10mm (36KN\/3600KG)<br \/>\nMegjelen\u00e9si anyag: aramid<br \/>\nAlapanyag: Nylon<br \/>\nTan\u00fas\u00edtv\u00e1ny: CE EN1891:1998<br \/>\nT\u00f6bbfunkci\u00f3s: hegym\u00e1sz\u00e1s, teleszk\u00f3poz\u00e1s, t\u0171zolt\u00e1s, magasban v\u00e9gzett munka, daruk stb.<\/p>\n","protected":false},"excerpt":{"rendered":"<p>Ha hosszabb, p\u00e9ld\u00e1ul 80 m\u00e9teres k\u00f6telet szeretne v\u00e1s\u00e1rolni, k\u00e9rj\u00fck, vegyen 8*10 m\u00e9teres k\u00f6telet, majd hagyjon \u00fczenetet az elad\u00f3nak, hogy egy&#8230;<\/p>\n","protected":false},"featured_media":6478,"comment_status":"open","ping_status":"closed","template":"","meta":[],"product_brand":[],"product_cat":[359],"product_tag":[],"woo-feed-brand":[50],"class_list":{"0":"post-7268","1":"product","2":"type-product","3":"status-publish","4":"has-post-thumbnail","6":"product_cat-biztonsagi-kotel","7":"woo-feed-brand-tyditiao","9":"first","10":"instock","11":"shipping-taxable","12":"purchasable","13":"product-type-variable","14":"has-default-attributes"},"_links":{"self":[{"href":"http:\/\/tyditiao.com\/hu\/wp-json\/wp\/v2\/product\/7268","targetHints":{"allow":["GET"]}}],"collection":[{"href":"http:\/\/tyditiao.com\/hu\/wp-json\/wp\/v2\/product"}],"about":[{"href":"http:\/\/tyditiao.com\/hu\/wp-json\/wp\/v2\/types\/product"}],"replies":[{"embeddable":true,"href":"http:\/\/tyditiao.com\/hu\/wp-json\/wp\/v2\/comments?post=7268"}],"wp:featuredmedia":[{"embeddable":true,"href":"http:\/\/tyditiao.com\/hu\/wp-json\/wp\/v2\/media\/6478"}],"wp:attachment":[{"href":"http:\/\/tyditiao.com\/hu\/wp-json\/wp\/v2\/media?parent=7268"}],"wp:term":[{"taxonomy":"product_brand","embeddable":true,"href":"http:\/\/tyditiao.com\/hu\/wp-json\/wp\/v2\/product_brand?post=7268"},{"taxonomy":"product_cat","embeddable":true,"href":"http:\/\/tyditiao.com\/hu\/wp-json\/wp\/v2\/product_cat?post=7268"},{"taxonomy":"product_tag","embeddable":true,"href":"http:\/\/tyditiao.com\/hu\/wp-json\/wp\/v2\/product_tag?post=7268"},{"taxonomy":"woo-feed-brand","embeddable":true,"href":"http:\/\/tyditiao.com\/hu\/wp-json\/wp\/v2\/woo-feed-brand?post=7268"}],"curies":[{"name":"wp","href":"https:\/\/api.w.org\/{rel}","templated":true}]}}