{"id":7272,"date":"2023-03-05T03:08:59","date_gmt":"2023-03-05T12:30:24","guid":{"rendered":"http:\/\/tyditiao.com\/product\/teljes-kevlar-statikus-kotel-ejtoernyos-maszokotel-tuzbiztonsagi-kotel-8-105-mm-10-m\/"},"modified":"2023-03-05T14:30:24","modified_gmt":"2023-03-05T12:30:24","slug":"teljesen-elektrosztatikus-kevlar-maszo-tuzbiztonsagi-esernyokotel-8-105-mm-10m","status":"publish","type":"product","link":"http:\/\/tyditiao.com\/hu\/termek\/teljesen-elektrosztatikus-kevlar-maszo-tuzbiztonsagi-esernyokotel-8-105-mm-10m\/","title":{"rendered":"Teljes Kevlar statikus k\u00f6t\u00e9l, ejt\u0151erny\u0151s m\u00e1sz\u00f3k\u00f6t\u00e9l, t\u0171zbiztons\u00e1gi k\u00f6t\u00e9l, 8, 10,5 mm (10 m)"},"content":{"rendered":"<p>Ha hosszabb, p\u00e9ld\u00e1ul 50 m\u00e9teres k\u00f6telet szeretne v\u00e1s\u00e1rolni, k\u00e9rj\u00fck, vegyen 5*10 m\u00e9teres k\u00f6telet, majd hagyjon \u00fczenetet az elad\u00f3nak, hogy egy teljes, 50 m\u00e9teres k\u00f6t\u00e9lre van sz\u00fcks\u00e9ge.<\/p>\n<p><strong>A karabinerekr\u0151l:<\/strong> 10 m\u00e9tern\u00e9l hosszabb k\u00f6t\u00e9l v\u00e1s\u00e1rl\u00e1sa eset\u00e9n a k\u00e9pen l\u00e1that\u00f3 k\u00e9t karabinert adunk. Felszerelheti a k\u00f6t\u00e9l mindk\u00e9t v\u00e9g\u00e9re, vagy mag\u00e1ra is hagyhatja, \u00e9s a csomag tartalmazza. Csak \u00edrjon nek\u00fcnk, \u00e9s tudassa vel\u00fcnk d\u00f6nt\u00e9s\u00e9t<\/p>\n<p>Term\u00e9k neve: Teljes Kevlar statikus k\u00f6t\u00e9l<br \/>\nAnyaga: Kevlar<br \/>\nSz\u00edn: a k\u00e9pen l\u00e1that\u00f3 sz\u00edn<br \/>\n\u00c1tm\u00e9r\u0151: 10,5mm, 8mm<br \/>\nNett\u00f3 t\u00f6meg (\u00b15%): 10,5 mm (75 g\/m) 8 mm (43 g\/m)<br \/>\nH\u00faz\u00f3er\u0151: 10,5 mm (40 kN\/4000 kg) 8 mm (28 kN\/2800 kg)<br \/>\nTan\u00fas\u00edtv\u00e1ny: CE EN1891:1998<br \/>\nJellemz\u0151k: nagy szil\u00e1rds\u00e1g, magas h\u0151m\u00e9rs\u00e9klet-\u00e1ll\u00f3s\u00e1g, j\u00f3 sz\u00edv\u00f3ss\u00e1g, er\u0151s szak\u00edt\u00f3szil\u00e1rds\u00e1g<br \/>\nT\u00f6bbfunkci\u00f3s: hegym\u00e1sz\u00e1s, b\u0151v\u00edt\u00e9s, t\u0171zolt\u00e1s, l\u00e9gi munka, barlang\u00e1szat, akaszt\u00e1s stb.<\/p>\n<p>Bar\u00e1ts\u00e1gos eml\u00e9keztet\u0151: Ha magasban dolgozik vagy j\u00e1tszik, k\u00e9rj\u00fck, ellen\u0151rizze \u00e9s tartsa karban felszerel\u00e9s\u00e9t, hogy elker\u00fclje a helytelen haszn\u00e1latb\u00f3l ered\u0151 vesz\u00e9lyeket<\/p>\n","protected":false},"excerpt":{"rendered":"<p>Ha hosszabb, p\u00e9ld\u00e1ul 50 m\u00e9teres k\u00f6telet szeretne v\u00e1s\u00e1rolni, k\u00e9rj\u00fck, vegyen 5*10 m\u00e9teres k\u00f6telet, majd hagyjon \u00fczenetet az elad\u00f3nak, hogy egy&#8230;<\/p>\n","protected":false},"featured_media":6496,"comment_status":"open","ping_status":"closed","template":"","meta":[],"product_brand":[],"product_cat":[359],"product_tag":[],"woo-feed-brand":[],"class_list":{"0":"post-7272","1":"product","2":"type-product","3":"status-publish","4":"has-post-thumbnail","6":"product_cat-biztonsagi-kotel","8":"first","9":"instock","10":"shipping-taxable","11":"purchasable","12":"product-type-variable","13":"has-default-attributes"},"_links":{"self":[{"href":"http:\/\/tyditiao.com\/hu\/wp-json\/wp\/v2\/product\/7272","targetHints":{"allow":["GET"]}}],"collection":[{"href":"http:\/\/tyditiao.com\/hu\/wp-json\/wp\/v2\/product"}],"about":[{"href":"http:\/\/tyditiao.com\/hu\/wp-json\/wp\/v2\/types\/product"}],"replies":[{"embeddable":true,"href":"http:\/\/tyditiao.com\/hu\/wp-json\/wp\/v2\/comments?post=7272"}],"wp:featuredmedia":[{"embeddable":true,"href":"http:\/\/tyditiao.com\/hu\/wp-json\/wp\/v2\/media\/6496"}],"wp:attachment":[{"href":"http:\/\/tyditiao.com\/hu\/wp-json\/wp\/v2\/media?parent=7272"}],"wp:term":[{"taxonomy":"product_brand","embeddable":true,"href":"http:\/\/tyditiao.com\/hu\/wp-json\/wp\/v2\/product_brand?post=7272"},{"taxonomy":"product_cat","embeddable":true,"href":"http:\/\/tyditiao.com\/hu\/wp-json\/wp\/v2\/product_cat?post=7272"},{"taxonomy":"product_tag","embeddable":true,"href":"http:\/\/tyditiao.com\/hu\/wp-json\/wp\/v2\/product_tag?post=7272"},{"taxonomy":"woo-feed-brand","embeddable":true,"href":"http:\/\/tyditiao.com\/hu\/wp-json\/wp\/v2\/woo-feed-brand?post=7272"}],"curies":[{"name":"wp","href":"https:\/\/api.w.org\/{rel}","templated":true}]}}