{"id":12864,"date":"2023-05-22T09:16:40","date_gmt":"2023-05-22T07:16:40","guid":{"rendered":"http:\/\/tyditiao.com\/heim\/"},"modified":"2025-01-04T16:53:11","modified_gmt":"2025-01-04T14:53:11","slug":"heim","status":"publish","type":"page","link":"http:\/\/tyditiao.com\/is\/","title":{"rendered":"Home"},"content":{"rendered":"\n<div class=\"wp-block-cover is-light\" style=\"min-height:240px;aspect-ratio:unset;\"><span aria-hidden=\"true\" class=\"wp-block-cover__background has-background-dim-20 has-background-dim\" style=\"background-color:#b7ad73\"><\/span><img loading=\"lazy\" decoding=\"async\" width=\"1401\" height=\"539\" class=\"wp-block-cover__image-background wp-image-1576\" alt=\"\" src=\"http:\/\/tyditiao.com\/wp-content\/uploads\/2022\/06\/2022-06-13_182159.png\" data-object-fit=\"cover\" srcset=\"http:\/\/tyditiao.com\/wp-content\/uploads\/2022\/06\/2022-06-13_182159.png 1401w, http:\/\/tyditiao.com\/wp-content\/uploads\/2022\/06\/2022-06-13_182159-600x231.png 600w, http:\/\/tyditiao.com\/wp-content\/uploads\/2022\/06\/2022-06-13_182159-300x115.png 300w, http:\/\/tyditiao.com\/wp-content\/uploads\/2022\/06\/2022-06-13_182159-1024x394.png 1024w, http:\/\/tyditiao.com\/wp-content\/uploads\/2022\/06\/2022-06-13_182159-768x295.png 768w, http:\/\/tyditiao.com\/wp-content\/uploads\/2022\/06\/2022-06-13_182159-1320x508.png 1320w\" sizes=\"auto, (max-width: 1401px) 100vw, 1401px\" \/><div class=\"wp-block-cover__inner-container is-layout-constrained wp-block-cover-is-layout-constrained\">\n<div class=\"wp-block-columns is-layout-flex wp-container-core-columns-is-layout-9d6595d7 wp-block-columns-is-layout-flex\">\n<div class=\"wp-block-column is-layout-flow wp-block-column-is-layout-flow\" style=\"flex-basis:25%\"><\/div>\n\n\n\n<div class=\"wp-block-column is-layout-flow wp-block-column-is-layout-flow\" style=\"flex-basis:50%\">\n<div style=\"height:20px\" aria-hidden=\"true\" class=\"wp-block-spacer\"><\/div>\n\n\n\n<p class=\"has-text-align-center custom-style has-text-color has-link-color has-large-font-size wp-elements-67a07d4e77fa6cfeb41a58bb384da605\" style=\"color:#ffffff\">Vi\u00f0 s\u00e9rh\u00e6fum okkur \u00ed framlei\u00f0slu og s\u00f6lu \u00e1 \u00fdmsum st\u00edlum af takt\u00edskum herna\u00f0arhj\u00e1lmum<\/p>\n<\/div>\n\n\n\n<div class=\"wp-block-column is-layout-flow wp-block-column-is-layout-flow\" style=\"flex-basis:25%\"><\/div>\n<\/div>\n<\/div><\/div>\n\n<div style=\"height:50px\" aria-hidden=\"true\" class=\"wp-block-spacer\"><\/div>\n\n<div class=\"wp-block-columns is-layout-flex wp-container-core-columns-is-layout-9d6595d7 wp-block-columns-is-layout-flex\">\n<div class=\"wp-block-column is-layout-flow wp-block-column-is-layout-flow\" style=\"flex-basis:10%\"><\/div>\n\n\n\n<div class=\"wp-block-column is-layout-flow wp-block-column-is-layout-flow\">\n<h2 class=\"wp-block-heading has-text-align-center\">BALLISTIC HJ\u00c1LMAR VI\u00d0 SELUM<\/h2>\n\n\n\n<figure class=\"wp-block-gallery has-nested-images columns-4 is-cropped wp-block-gallery-1 is-layout-flex wp-block-gallery-is-layout-flex\">\n<figure class=\"wp-block-image size-medium\"><img decoding=\"async\" data-id=\"5154\" src=\"https:\/\/tyditiao.com\/wp-content\/uploads\/2022\/10\/&#x672A;&#x6807;&#x9898;-51-300x300.png\" alt=\"Ball&#xED;skt takt&#xED;skt vesti utandyra b&#xFA;i&#xF0; skotheldri skj&#xE1;\" class=\"wp-image-5154\"\/><\/figure>\n\n\n<figure class=\"wp-block-image size-medium\"><img loading=\"lazy\" decoding=\"async\" width=\"300\" height=\"300\" data-id=\"1343\" src=\"http:\/\/tyditiao.com\/wp-content\/uploads\/2022\/06\/7-300x300.jpg\" alt=\"\" class=\"wp-image-1343\" srcset=\"http:\/\/tyditiao.com\/wp-content\/uploads\/2022\/06\/7-300x300.jpg 300w, http:\/\/tyditiao.com\/wp-content\/uploads\/2022\/06\/7-100x100.jpg 100w, http:\/\/tyditiao.com\/wp-content\/uploads\/2022\/06\/7-600x600.jpg 600w, http:\/\/tyditiao.com\/wp-content\/uploads\/2022\/06\/7-1024x1024.jpg 1024w, http:\/\/tyditiao.com\/wp-content\/uploads\/2022\/06\/7-150x150.jpg 150w, http:\/\/tyditiao.com\/wp-content\/uploads\/2022\/06\/7-768x768.jpg 768w, http:\/\/tyditiao.com\/wp-content\/uploads\/2022\/06\/7.jpg 1200w\" sizes=\"auto, (max-width: 300px) 100vw, 300px\" \/><\/figure>\n\n\n<figure class=\"wp-block-image size-medium\"><img decoding=\"async\" data-id=\"4955\" src=\"https:\/\/tyditiao.com\/wp-content\/uploads\/2022\/10\/&#x672A;&#x6807;&#x9898;-3-300x300.png\" alt=\"NIJ IIIA Full Face Tactical Ballistic Mask - Sk&#xFD;ringarmynd\" class=\"wp-image-4955\"\/><\/figure>\n\n\n<figure class=\"wp-block-image size-medium\"><img decoding=\"async\" data-id=\"5396\" src=\"https:\/\/tyditiao.com\/wp-content\/uploads\/2022\/10\/SICPE&#xFF0C;NIJ-Level-IV&#xFF0C;23MM&#xFF0C;2.5KG-300x300.png\" alt=\"SIC+PE&#xFF0C;NIJ Level IV&#xFF0C;23MM&#xFF0C;2.5KG, skotheld brynja, 250X300MM\" class=\"wp-image-5396\"\/><\/figure><\/figure>\n\n\n\n<div style=\"height:50px\" aria-hidden=\"true\" class=\"wp-block-spacer\"><\/div>\n\n\n\n<h2 class=\"wp-block-heading has-text-align-center\">Algengar spurningar<\/h2>\n\n\n\n<div style=\"height:30px\" aria-hidden=\"true\" class=\"wp-block-spacer\"><\/div>\n\n\n\n<div class=\"wp-block-columns is-layout-flex wp-container-core-columns-is-layout-9d6595d7 wp-block-columns-is-layout-flex\">\n<div class=\"wp-block-column is-layout-flow wp-block-column-is-layout-flow\">\n<h6 class=\"wp-block-heading\">Ertu me\u00f0 l\u00edkamlega verksmi\u00f0ju?<\/h6>\n\n\n\n<p>J\u00e1! Vi\u00f0 erum me\u00f0 l\u00edkamlega verksmi\u00f0ju og h\u00f6fum veitt heilds\u00f6lu til evr\u00f3pskra og amer\u00edskra hj\u00e1lmsala \u00ed 6 \u00e1r. Vi\u00f0 sendum tonn af hj\u00e1lmum um allan heim \u00e1 hverjum degi og \u00feetta er verksmi\u00f0juverslunin okkar.  <\/p>\n<\/div>\n\n\n\n<div class=\"wp-block-column is-layout-flow wp-block-column-is-layout-flow\">\n<h6 class=\"wp-block-heading\">Er afsl\u00e1ttur fyrir a\u00f0 kaupa beint fr\u00e1 verksmi\u00f0junni?<\/h6>\n\n\n\n<p>Au\u00f0vita\u00f0, me\u00f0 \u00fev\u00ed a\u00f0 panta beint af vefs\u00ed\u00f0u verksmi\u00f0junnar okkar, getur\u00f0u spara\u00f0 meira en 20% mi\u00f0a\u00f0 vi\u00f0 s\u00f6luver\u00f0 s\u00f6lua\u00f0ila, \u00fev\u00ed \u00fea\u00f0 sparar beint \u00f3beinan kostna\u00f0 \u00feinn. \u00c1 sama t\u00edma \u00e6tlum vi\u00f0 einnig a\u00f0 gefa hagna\u00f0 til endaneytenda til a\u00f0 auka sm\u00e1s\u00f6lustarfsemi okkar. <\/p>\n<\/div>\n<\/div>\n\n\n\n<div class=\"wp-block-columns is-layout-flex wp-container-core-columns-is-layout-9d6595d7 wp-block-columns-is-layout-flex\">\n<div class=\"wp-block-column is-layout-flow wp-block-column-is-layout-flow\">\n<h6 class=\"wp-block-heading\">Hver er sendingarkostna\u00f0ur fyrir v\u00f6ru? Hversu flj\u00f3tt get \u00e9g fengi\u00f0 \u00fea\u00f0?<\/h6>\n\n\n\n<p>FedEx gj\u00f6ld eru innifalin \u00ed \u00f6llu hj\u00e1lmver\u00f0i, svo \u00fe\u00fa \u00fearft ekki a\u00f0 borga aukalega fyrir sendingu. FEDEX Express getur afhent hj\u00e1lminn \u00feinn innan 6-14 virkra daga og sta\u00f0bundinn Fedex sendandi mun hringja \u00ed \u00feig um lei\u00f0 og pakkinn \u00feinn kemur til \u00fe\u00edn og senda hann beint til \u00fe\u00edn. <\/p>\n<\/div>\n\n\n\n<div class=\"wp-block-column is-layout-flow wp-block-column-is-layout-flow\">\n<h6 class=\"wp-block-heading\">Hva\u00f0an er p\u00f6ntunin send og er \u00e9g viss um a\u00f0 \u00e9g f\u00e1i hana?<\/h6>\n\n\n\n<p>Sending fr\u00e1 verksmi\u00f0juv\u00f6ruh\u00fasi okkar \u00ed K\u00edna, vi\u00f0 h\u00f6fum selt mikinn fj\u00f6lda skotheldra hj\u00e1lma til Bandar\u00edkjanna, P\u00f3llands, \u00de\u00fdskalands, Japans og margra annarra landa, og vi\u00f0 munum senda \u00fe\u00e9r rakningarn\u00fameri\u00f0 me\u00f0 p\u00f3sti eftir a\u00f0 varan hefur veri\u00f0 send, \u00fe\u00fa getur athuga\u00f0u afhendingarst\u00f6\u00f0u hven\u00e6r sem er.<\/p>\n<\/div>\n<\/div>\n\n\n\n<div class=\"wp-block-columns is-layout-flex wp-container-core-columns-is-layout-9d6595d7 wp-block-columns-is-layout-flex\">\n<div class=\"wp-block-column is-layout-flow wp-block-column-is-layout-flow\">\n<h6 class=\"wp-block-heading\">Hvernig \u00e1 a\u00f0 leggja inn p\u00f6ntun og hvernig \u00e1 a\u00f0 borga<\/h6>\n\n\n\n<p>Vi\u00f0 t\u00f6kum a\u00f0eins vi\u00f0 grei\u00f0slum fyrir pantanir \u00ed gegnum Paypal og Western Union\u3002Ef \u00fe\u00fa ert ekki me\u00f0 Paypal enn\u00fe\u00e1, vinsamlegast skr\u00e1\u00f0u \u00feig h\u00e9r www.paypal.com til a\u00f0 kaupa og borga \u00e1 \u00f6ruggan h\u00e1tt \u00ed gegnum Paypal\u3002Ef \u00fe\u00fa velur a\u00f0 borga \u00ed gegnum Western Union, vinsamlegast haf\u00f0u samband vi\u00f0 okkur til a\u00f0 sta\u00f0festa uppl\u00fdsingar um grei\u00f0slu.<\/p>\n<\/div>\n\n\n\n<div class=\"wp-block-column is-layout-flow wp-block-column-is-layout-flow\">\n<h6 class=\"wp-block-heading\">\u00c9g \u00fearf a\u00f0 kaupa nokkra hj\u00e1lma \u00e1 sama t\u00edma, get \u00e9g fengi\u00f0 aukaafsl\u00e1tt?<\/h6>\n\n\n\n<p>Au\u00f0vita\u00f0, ef \u00fe\u00fa \u00fearft fleiri en 5 hj\u00e1lma til eigin nota e\u00f0a sta\u00f0bundinnar heildsala, vinsamlegast haf\u00f0u samband vi\u00f0 okkur beint. \u00de\u00fa f\u00e6r\u00f0 enn betra ver\u00f0 en n\u00faverandi netverslanir okkar. Ekki missa af \u00fev\u00ed, \u00fev\u00ed \u00fea\u00f0 mun spara \u00fe\u00e9r verulegan kostna\u00f0.  <\/p>\n<\/div>\n<\/div>\n\n\n\n<div style=\"height:50px\" aria-hidden=\"true\" class=\"wp-block-spacer\"><\/div>\n\n\n\n<h2 class=\"wp-block-heading has-text-align-center\">\u00d3keypis sending \u00e1 \u00f6llum sv\u00e6\u00f0um<\/h2>\n\n\n\n<h4 class=\"wp-block-heading has-text-align-center\">afhendingarsv\u00e6\u00f0i<\/h4>\n\n\n\n<p class=\"has-text-align-center\"><strong>Evr\u00f3pa: <\/strong>P\u00f3lland, Lith\u00e1en, \u00de\u00fdskaland, Holland, Ungverjaland, Bretland, Frakkland, \u00cdtal\u00eda, Sp\u00e1nn, Austurr\u00edki, Belg\u00eda, L\u00faxemborg, \u00cdrland, B\u00falgar\u00eda, Kr\u00f3at\u00eda, T\u00e9kkland, Eistland, Finnland, Lettland, Malta, Port\u00fagal, R\u00famen\u00eda, Sl\u00f3vak\u00eda, Sl\u00f3ven\u00eda, Sv\u00ed\u00fej\u00f3\u00f0, Danm\u00f6rk, Grikkland, Sviss, Noregur, K\u00fdpur<\/p>\n\n\n\n<p class=\"has-text-align-center\"><strong>As\u00eda: <\/strong>Ta\u00edvan, Maka\u00f3, Hong Kong, Singap\u00far, Malas\u00eda, T\u00e6land, V\u00edetnam, Filippseyjar, \u00cdsrael, Tyrkland, K\u00f3rea, Japan, Barein, S\u00e1di Arab\u00eda, L\u00edbanon, Sameinu\u00f0u arab\u00edsku furstad\u00e6min<\/p>\n\n\n\n<p class=\"has-text-align-center\"><strong>Nor\u00f0ur Amer\u00edka:<\/strong> Bandar\u00edkin, Kanada, Mex\u00edk\u00f3<\/p>\n\n\n\n<p class=\"has-text-align-center\"><strong>Su\u00f0ur-Amer\u00edka: <\/strong>Brasil\u00eda, Chile, K\u00f3lumb\u00eda<\/p>\n\n\n\n<p class=\"has-text-align-center\"><strong>Eyja\u00e1lfa: <\/strong>\u00c1stral\u00eda, N\u00fdja Sj\u00e1land<\/p>\n\n\n\n<p class=\"has-text-align-center\"><strong>Afr\u00edka:<\/strong> Su\u00f0ur-Afr\u00edka<\/p>\n\n\n\n<p class=\"has-text-align-center\"><strong>N\u00fdtt sv\u00e6\u00f0i: <\/strong>\u00dakra\u00edna (engin sendingar\u00fej\u00f3nusta er \u00e1 umdeilda sv\u00e6\u00f0inu og p\u00f6ntunin ver\u00f0ur afturk\u00f6llu\u00f0)<\/p>\n\n\n\n<h4 class=\"wp-block-heading has-text-align-center\">\u00f3keypis sendingarkostna\u00f0ur<\/h4>\n\n\n\n<p class=\"has-text-align-center\">Til \u00feess a\u00f0 st\u00e6kka sm\u00e1s\u00f6lumarka\u00f0inn, innlei\u00f0um vi\u00f0 \u00f3keypis sendingarstefnu fyrir \u00f6ll ofangreind l\u00f6nd og sv\u00e6\u00f0i, sem \u00fe\u00fd\u00f0ir a\u00f0 \u00fe\u00fa \u00fearft ekki a\u00f0 grei\u00f0a nein sendingarkostna\u00f0 anna\u00f0 en ver\u00f0 v\u00f6runnar sj\u00e1lfrar.<\/p>\n\n\n\n<h4 class=\"wp-block-heading has-text-align-center\">p\u00f6ntunart\u00edma<\/h4>\n\n\n\n<p class=\"has-text-align-center\"><strong>Afgrei\u00f0slut\u00edmi p\u00f6ntunar: <\/strong>innan 1-6 virkra daga eftir a\u00f0 grei\u00f0slan hefur borist (vi\u00f0 munum senda sendingarn\u00fameri\u00f0 eftir a\u00f0 hafa afhent sendinguna til hra\u00f0bo\u00f0afyrirt\u00e6kisins)<\/p>\n\n\n\n<p class=\"has-text-align-center\"><strong>Hra\u00f0sendingart\u00edmi: <\/strong>6-14 virkir dagar<\/p>\n\n\n\n<div style=\"height:50px\" aria-hidden=\"true\" class=\"wp-block-spacer\"><\/div>\n\n\n\n<h2 class=\"wp-block-heading has-text-align-center\">a\u00f0 grei\u00f0a<\/h2>\n\n\n\n<h4 class=\"wp-block-heading has-text-align-center\">Grei\u00f0slum\u00e1ta<\/h4>\n\n\n\n<p class=\"has-text-align-center\">Far\u00f0u \u00e1 grei\u00f0slus\u00ed\u00f0una til a\u00f0 grei\u00f0a fyrirfram \u00ed gegnum PAYPAL e\u00f0a borga fyrir p\u00f6ntunina \u00fe\u00edna \u00ed gegnum Western Union.<\/p>\n\n\n\n<p class=\"has-text-align-center\"><strong>A. Far\u00f0u \u00e1 grei\u00f0slus\u00ed\u00f0una og greiddu fyrirfram \u00ed gegnum PAYPAL<\/strong><br\/>1. B\u00e6ttu v\u00f6runni sem \u00fe\u00e9r l\u00edkar vi\u00f0 \u00ed k\u00f6rfuna \u00fe\u00edna<br\/>2. Smelltu \u00e1 k\u00f6rfuhnappinn \u00ed efra h\u00e6gra horninu til a\u00f0 sko\u00f0a og sta\u00f0festa v\u00f6rumagni\u00f0<br\/>3. Smelltu \u00e1 p\u00f6ntunarhnappinn til a\u00f0 fara inn \u00e1 grei\u00f0slus\u00ed\u00f0una, gefa upp afhendingarfang, netfang og a\u00f0rar uppl\u00fdsingar<br\/>4. Borga\u00f0u p\u00f6ntunarupph\u00e6\u00f0ina me\u00f0 PayPal<br\/>5. Innkaupum loki\u00f0, b\u00ed\u00f0ur eftir a\u00f0 v\u00f6rurnar ver\u00f0i s\u00f3ttar<\/p>\n\n\n\n<p class=\"has-text-align-center\"><strong>B. Western Union grei\u00f0sla fyrir p\u00f6ntunina \u00fe\u00edna<\/strong><br\/>1. Samskipti \u00ed gegnum t\u00f6lvup\u00f3st krefjast uppl\u00fdsinga eins og v\u00f6ru og magns auk heimilisfangs fyrir afhendingu<br\/>2. Millif\u00e6rsla til a\u00f0 grei\u00f0a p\u00f6ntunarupph\u00e6\u00f0ina<br\/>3. Innkaupum loki\u00f0, b\u00ed\u00f0ur eftir a\u00f0 v\u00f6rurnar ver\u00f0i s\u00f3ttar<\/p>\n\n\n\n<h4 class=\"wp-block-heading has-text-align-center\">Stu\u00f0ningur gjaldmi\u00f0ill<\/h4>\n\n\n\n<p class=\"has-text-align-center\">Vi\u00f0 t\u00f6kum vi\u00f0 einhverjum af eftirfarandi gjaldmi\u00f0lum, \u00feannig a\u00f0 \u00fe\u00fa getur vali\u00f0 \u00feann gjaldmi\u00f0il sem hentar \u00fe\u00e9r best \u00feegar \u00fe\u00fa borgar<\/p>\n\n\n\n<p class=\"has-text-align-center\">N\u00fdr ta\u00edvanskur dalur (NT$) &#8211; TWD<br\/>P\u00f3lskur zloty (PLN) &#8211; PLN<br\/>Bandar\u00edkjadalur (US) ($) &#8211; USD<br\/>Sterlingspund (\u00a3) &#8211; GBP<br\/>Evra (\u20ac) &#8211; EUR<br\/>Jap\u00f6nsk jen (\u00a5) &#8211; JPY<br\/>Kanadadalur ($) &#8211; CAD<br\/>T\u00e9kkneskar kr\u00f3nur (K\u010d) &#8211; CZK<br\/>Mex\u00edk\u00f3skur pesi ($) &#8211; MXN<\/p>\n\n\n\n<div style=\"height:50px\" aria-hidden=\"true\" class=\"wp-block-spacer\"><\/div>\n\n\n\n<h2 class=\"wp-block-heading has-text-align-center\">30 daga skilar\u00e9ttur<\/h2>\n\n\n\n<h4 class=\"wp-block-heading has-text-align-center\">skilastefnu<\/h4>\n\n\n\n<p class=\"has-text-align-center\">Vi\u00f0 h\u00f6fum 30 daga skilastefnu, sem \u00fe\u00fd\u00f0ir a\u00f0 \u00fe\u00fa getur be\u00f0i\u00f0 um skil innan 30 daga fr\u00e1 \u00fev\u00ed a\u00f0 \u00fe\u00fa f\u00e6r\u00f0 v\u00f6runa \u00fe\u00edna.<\/p>\n\n\n\n<p class=\"has-text-align-center\">Til a\u00f0 vera gjaldgengur fyrir skil \u00fearf varan a\u00f0 vera \u00ed sama \u00e1standi og varan sem \u00fe\u00fa f\u00e9kkst, \u00f3slitin e\u00f0a \u00f3notu\u00f0, og \u00ed upprunalegum umb\u00fa\u00f0um. \u00de\u00fa \u00fearft einnig kvittun e\u00f0a s\u00f6nnun fyrir kaupum. <\/p>\n\n\n\n<p class=\"has-text-align-center\">Til a\u00f0 hefja skil getur\u00f0u haft samband vi\u00f0 okkur \u00e1 <strong>tyditiao@gmail.com<\/strong>. Ef skila\u00f0 er sam\u00feykkt sendum vi\u00f0 \u00fe\u00e9r skilami\u00f0a me\u00f0 lei\u00f0beiningum um hvernig og hvert \u00e1 a\u00f0 senda pakkann. Hlutum sem skila\u00f0 er til okkar \u00e1n undangenginnar bei\u00f0ni um skil ver\u00f0ur ekki teki\u00f0 vi\u00f0.  <\/p>\n\n\n\n<p class=\"has-text-align-center\">\u00de\u00fa getur alltaf haft samband vi\u00f0 okkur \u00e1 <strong>tyditiao@gmail.com<\/strong> fyrir \u00f6ll skilavandam\u00e1l.<\/p>\n\n\n\n<h4 class=\"wp-block-heading has-text-align-center\">skemmdir og vandam\u00e1l<\/h4>\n\n\n\n<p class=\"has-text-align-center\">Sprawd\u017a swoje zam\u00f3wienie po jego otrzymaniu, je\u015bli przedmiot jest uszkodzony, uszkodzony lub otrzyma\u0142e\u015b niew\u0142a\u015bciwy przedmiot, natychmiast (<a href=\"https:\/\/tyditiao.com\/is\/hafdu-samband\/\">skontaktuj si\u0119 z nami<\/a>), aby\u015bmy mogli znale\u017a\u0107 problem i natychmiast go naprawi\u0107.<\/p>\n\n\n\n<h4 class=\"wp-block-heading has-text-align-center\">skipti<\/h4>\n\n\n\n<p class=\"has-text-align-center\">Flj\u00f3tlegasta lei\u00f0in til a\u00f0 ganga \u00far skugga um a\u00f0 \u00fe\u00fa f\u00e1ir \u00fea\u00f0 sem \u00fe\u00fa vilt er a\u00f0 skila hlutnum sem \u00fe\u00fa ert n\u00fa \u00feegar me\u00f0 og \u00feegar \u00fe\u00fa hefur teki\u00f0 vi\u00f0 skilum \u00fe\u00ednum skaltu kaupa n\u00fdja hlutinn s\u00e9rstaklega.<\/p>\n\n\n\n<h4 class=\"wp-block-heading has-text-align-center\">skila<\/h4>\n\n\n\n<p class=\"has-text-align-center\">Vi\u00f0 munum l\u00e1ta \u00feig vita \u00feegar skil hefur veri\u00f0 m\u00f3ttekin og sko\u00f0u\u00f0 og endurgrei\u00f0sla \u00fe\u00edn ver\u00f0ur sj\u00e1lfkrafa endurgreidd \u00e1 upprunalegan grei\u00f0slum\u00e1ta. Hins vegar g\u00e6ti teki\u00f0 nokkurn t\u00edma fyrir bankann \u00feinn e\u00f0a kreditkortafyrirt\u00e6ki\u00f0 a\u00f0 vinna \u00far og gefa \u00fat endurgrei\u00f0slu. <\/p>\n<\/div>\n\n\n\n<div class=\"wp-block-column is-layout-flow wp-block-column-is-layout-flow\" style=\"flex-basis:10%\"><\/div>\n<\/div>\n\n<p><\/p>\n","protected":false},"excerpt":{"rendered":"<p>BALLISTIC HJ\u00c1LMAR VI\u00d0 SELUM Algengar spurningar Ertu me\u00f0 l\u00edkamlega verksmi\u00f0ju? J\u00e1! Vi\u00f0 erum me\u00f0 l\u00edkamlega verksmi\u00f0ju og h\u00f6fum veitt heilds\u00f6lu&#8230;<\/p>\n","protected":false},"author":1,"featured_media":0,"parent":0,"menu_order":0,"comment_status":"closed","ping_status":"closed","template":"","meta":{"footnotes":""},"class_list":["post-12864","page","type-page","status-publish","hentry"],"_links":{"self":[{"href":"http:\/\/tyditiao.com\/is\/wp-json\/wp\/v2\/pages\/12864","targetHints":{"allow":["GET"]}}],"collection":[{"href":"http:\/\/tyditiao.com\/is\/wp-json\/wp\/v2\/pages"}],"about":[{"href":"http:\/\/tyditiao.com\/is\/wp-json\/wp\/v2\/types\/page"}],"author":[{"embeddable":true,"href":"http:\/\/tyditiao.com\/is\/wp-json\/wp\/v2\/users\/1"}],"replies":[{"embeddable":true,"href":"http:\/\/tyditiao.com\/is\/wp-json\/wp\/v2\/comments?post=12864"}],"version-history":[{"count":5,"href":"http:\/\/tyditiao.com\/is\/wp-json\/wp\/v2\/pages\/12864\/revisions"}],"predecessor-version":[{"id":16405,"href":"http:\/\/tyditiao.com\/is\/wp-json\/wp\/v2\/pages\/12864\/revisions\/16405"}],"wp:attachment":[{"href":"http:\/\/tyditiao.com\/is\/wp-json\/wp\/v2\/media?parent=12864"}],"curies":[{"name":"wp","href":"https:\/\/api.w.org\/{rel}","templated":true}]}}