{"id":13195,"date":"2022-10-12T08:35:45","date_gmt":"2022-10-12T06:35:45","guid":{"rendered":"http:\/\/tyditiao.com\/product\/gegnsaett-ballistic-maska-nij-iiia-faeranlegur-fyrir-hjalma-med-teinum-a-badum-hlidum\/"},"modified":"2026-01-26T09:13:46","modified_gmt":"2026-01-26T07:13:46","slug":"gagnsae-skotheld-grima-nij-iiia-fjarlaeganleg-fyrir-helming-med-teinum-a-badar-hlidar-wendy-fast-o-s-frv","status":"publish","type":"product","link":"http:\/\/tyditiao.com\/is\/product\/gagnsae-skotheld-grima-nij-iiia-fjarlaeganleg-fyrir-helming-med-teinum-a-badar-hlidar-wendy-fast-o-s-frv\/","title":{"rendered":"Gegns\u00e6tt ballistic maska NIJ IIIA f\u00e6ranlegur fyrir hj\u00e1lma me\u00f0 teinum \u00e1 b\u00e1\u00f0um hli\u00f0um"},"content":{"rendered":"<p>The Removable Ballistic Mask er n\u00fdr flokki IIIA ballistic maska sem festist \u00e1 ballistic hj\u00e1lm.<\/p>\n<p>\u00deessi vara er hentugur fyrir hj\u00e1lma me\u00f0 teinum \u00e1 b\u00e1\u00f0um hli\u00f0um. Til d\u00e6mis: WENDY, FAST, osfrv.<\/p>\n<p>Verndarflokkur: NIJ IIIA stig<\/p>\n<p>\u00deyngd: 1,50 kg (3,31 lb)<\/p>\n<p>Efni: PC, PMMA osfrv.<\/p>\n<p>St\u00e6r\u00f0: 350mm(L)*145mm(H)<\/p>\n<p>Gr\u00edmu\u00feykkt: 22mm<\/p>\n<p>Birtustig: 83,9%<\/p>\n<p>Gildist\u00edmi: 5 \u00e1r<\/p>\n<p>Ef \u00fe\u00fa \u00fearft skotheldan hj\u00e1lm, vinsamlegast far\u00f0u \u00ed verslun okkar til a\u00f0 kaupa hann. Takk!<\/p>\n<p>Uppl\u00fdsingar um umb\u00fa\u00f0ir: 1 * Skotheld andlitshl\u00edf (hj\u00e1lmur ekki innifalinn)<\/p>\n","protected":false},"excerpt":{"rendered":"<p>A\u00f0alefni\u00f0 er gert \u00far h\u00e1g\u00e6\u00f0a gagns\u00e6jum polycarbonate plastefni PC og akr\u00fdl bor\u00f0 samloku ger\u00f0 samloku ger\u00f0, me\u00f0 h\u00e1skerpu, engin skvetta, g\u00f3\u00f0 skotheld \u00e1hrif<\/p>\n<p>Skotheld gr\u00edmufestingin er \u00far st\u00e1li og sterku efni, sem h\u00e6gt er a\u00f0 stilla st\u00f6\u00f0ugt \u00ed mismunandi sj\u00f3narhorn<\/p>\n<p>Vi\u00f0 h\u00f6fum \u00e1tt \u00ed dj\u00fapu samstarfi vi\u00f0 flutningsa\u00f0ila og getum tryggt afhendingu v\u00f6ru til n\u00e6stum allra landa og landshluta og allar v\u00f6rur sem panta\u00f0ar eru \u00e1 verksmi\u00f0juvef okkar eru bur\u00f0arlausar<\/p>\n","protected":false},"featured_media":11716,"comment_status":"open","ping_status":"closed","template":"","meta":[],"product_brand":[],"product_cat":[587],"product_tag":[],"woo-feed-brand":[50],"class_list":{"0":"post-13195","1":"product","2":"type-product","3":"status-publish","4":"has-post-thumbnail","6":"product_cat-ballistic-grima","7":"product_shipping_class-0-3-kg-is","8":"woo-feed-brand-tyditiao","10":"first","11":"instock","12":"sale","13":"shipping-taxable","14":"purchasable","15":"product-type-simple"},"_links":{"self":[{"href":"http:\/\/tyditiao.com\/is\/wp-json\/wp\/v2\/product\/13195","targetHints":{"allow":["GET"]}}],"collection":[{"href":"http:\/\/tyditiao.com\/is\/wp-json\/wp\/v2\/product"}],"about":[{"href":"http:\/\/tyditiao.com\/is\/wp-json\/wp\/v2\/types\/product"}],"replies":[{"embeddable":true,"href":"http:\/\/tyditiao.com\/is\/wp-json\/wp\/v2\/comments?post=13195"}],"wp:featuredmedia":[{"embeddable":true,"href":"http:\/\/tyditiao.com\/is\/wp-json\/wp\/v2\/media\/11716"}],"wp:attachment":[{"href":"http:\/\/tyditiao.com\/is\/wp-json\/wp\/v2\/media?parent=13195"}],"wp:term":[{"taxonomy":"product_brand","embeddable":true,"href":"http:\/\/tyditiao.com\/is\/wp-json\/wp\/v2\/product_brand?post=13195"},{"taxonomy":"product_cat","embeddable":true,"href":"http:\/\/tyditiao.com\/is\/wp-json\/wp\/v2\/product_cat?post=13195"},{"taxonomy":"product_tag","embeddable":true,"href":"http:\/\/tyditiao.com\/is\/wp-json\/wp\/v2\/product_tag?post=13195"},{"taxonomy":"woo-feed-brand","embeddable":true,"href":"http:\/\/tyditiao.com\/is\/wp-json\/wp\/v2\/woo-feed-brand?post=13195"}],"curies":[{"name":"wp","href":"https:\/\/api.w.org\/{rel}","templated":true}]}}