{"id":13214,"date":"2022-10-11T16:42:26","date_gmt":"2022-10-11T14:42:26","guid":{"rendered":"http:\/\/tyditiao.com\/product\/lettur-ballistic-aramid-maski-taktisk-skotheldur-nij-iiia-full-face-maski\/"},"modified":"2026-01-26T09:14:01","modified_gmt":"2026-01-26T07:14:01","slug":"ballistic-mask-aramid-nij-iiia-full-andlit-taktisk-skotheld-grima","status":"publish","type":"product","link":"http:\/\/tyditiao.com\/is\/product\/ballistic-mask-aramid-nij-iiia-full-andlit-taktisk-skotheld-grima\/","title":{"rendered":"l\u00e9ttur ballistic aramid maski, takt\u00edsk skotheldur NIJ IIIA Full Face maski"},"content":{"rendered":"<p>\u00deyngd: 0,85 kg<\/p>\n<p>Efni: Aramid<\/p>\n<p>\u00deykkt: 8mm \u00feykkt aram\u00ed\u00f0 og 1mm h\u00fa\u00f0un<\/p>\n<p>Verndarflokkur: NIJ 0101.06 stig IIIA<\/p>\n<p>St\u00e6r\u00f0: Ein st\u00e6r\u00f0 passar \u00f6llum<\/p>\n<p>Gildist\u00edmi: 5 \u00e1r<\/p>\n<p>Vi\u00f0eigandi a\u00f0st\u00e6\u00f0ur: heimilisvernd, \u00f6ryggi, l\u00f6greglub\u00fana\u00f0ur, raunverulegur bardagi, cosplay<\/p>\n<p>OEM \/ ODM \u00fej\u00f3nusta \u00ed bo\u00f0i s\u00e9 \u00feess \u00f3ska\u00f0<\/p>\n<p>P\u00f6kkunarlisti: 1X skotheldur gr\u00edma fyrir andlit<\/p>\n","protected":false},"excerpt":{"rendered":"<p>Verndar mikilv\u00e6gustu sv\u00e6\u00f0in me\u00f0 l\u00e1gmarks\u00feyngd: fulla \u00feekju \u00e1 andliti notandans fyrir brot<\/p>\n<p>Efni: B\u00fai\u00f0 til \u00far h\u00e1\u00fer\u00f3u\u00f0um l\u00e9ttum Kevlar trefjum sem eru 15 sinnum sterkari en st\u00e1l til a\u00f0 l\u00e1gmarka h\u00e6ttu \u00e1 skotum<\/p>\n<p>Einst\u00f6k vinnuvistfr\u00e6\u00f0ileg h\u00f6nnun: 6 punkta stillanlegt nylon h\u00f6fu\u00f0band og auka b\u00f3lstrun passa vi\u00f0 hva\u00f0a h\u00f6fu\u00f0form sem er og b\u00e6ta \u00fe\u00e6gindi<\/p>\n<p>Gildandi notkun: Heimilisvernd, vettvangs\u00fej\u00e1lfun, l\u00edfver\u00f0ir, starfsf\u00f3lk sem tekur \u00fe\u00e1tt \u00ed h\u00e6ttulegum a\u00f0ger\u00f0um \u00e1 erlendum vopnu\u00f0um \u00e1takasv\u00e6\u00f0um, her, cosplay o.fl.<\/p>\n","protected":false},"featured_media":11640,"comment_status":"open","ping_status":"closed","template":"","meta":[],"product_brand":[],"product_cat":[587],"product_tag":[],"woo-feed-brand":[50],"class_list":{"0":"post-13214","1":"product","2":"type-product","3":"status-publish","4":"has-post-thumbnail","6":"product_cat-ballistic-grima","7":"product_shipping_class-0-3-kg-is","8":"woo-feed-brand-tyditiao","10":"first","11":"instock","12":"sale","13":"shipping-taxable","14":"purchasable","15":"product-type-simple"},"_links":{"self":[{"href":"http:\/\/tyditiao.com\/is\/wp-json\/wp\/v2\/product\/13214","targetHints":{"allow":["GET"]}}],"collection":[{"href":"http:\/\/tyditiao.com\/is\/wp-json\/wp\/v2\/product"}],"about":[{"href":"http:\/\/tyditiao.com\/is\/wp-json\/wp\/v2\/types\/product"}],"replies":[{"embeddable":true,"href":"http:\/\/tyditiao.com\/is\/wp-json\/wp\/v2\/comments?post=13214"}],"wp:featuredmedia":[{"embeddable":true,"href":"http:\/\/tyditiao.com\/is\/wp-json\/wp\/v2\/media\/11640"}],"wp:attachment":[{"href":"http:\/\/tyditiao.com\/is\/wp-json\/wp\/v2\/media?parent=13214"}],"wp:term":[{"taxonomy":"product_brand","embeddable":true,"href":"http:\/\/tyditiao.com\/is\/wp-json\/wp\/v2\/product_brand?post=13214"},{"taxonomy":"product_cat","embeddable":true,"href":"http:\/\/tyditiao.com\/is\/wp-json\/wp\/v2\/product_cat?post=13214"},{"taxonomy":"product_tag","embeddable":true,"href":"http:\/\/tyditiao.com\/is\/wp-json\/wp\/v2\/product_tag?post=13214"},{"taxonomy":"woo-feed-brand","embeddable":true,"href":"http:\/\/tyditiao.com\/is\/wp-json\/wp\/v2\/woo-feed-brand?post=13214"}],"curies":[{"name":"wp","href":"https:\/\/api.w.org\/{rel}","templated":true}]}}