{"id":13306,"date":"2023-03-05T03:25:17","date_gmt":"2023-05-22T13:54:15","guid":{"rendered":"http:\/\/tyditiao.com\/product\/wendy-taktisk-hjalmur-3a-lettur-sprengiheldur-hjalmur-serstakur-serstaerd-sersnidinn-litur-serstakur-kauptengill\/"},"modified":"2023-05-22T15:54:15","modified_gmt":"2023-05-22T13:54:15","slug":"wendy-taktisk-hjalm-ljos-kraftar-serstakt-3a-sprengingar-heldur-hjalmur-serstok-staerd-sersnidin-litur-einkadur-tengil-til-kaupa","status":"publish","type":"product","link":"http:\/\/tyditiao.com\/is\/product\/wendy-taktisk-hjalm-ljos-kraftar-serstakt-3a-sprengingar-heldur-hjalmur-serstok-staerd-sersnidin-litur-einkadur-tengil-til-kaupa\/","title":{"rendered":"WENDY takt\u00edsk hj\u00e1lmur 3A l\u00e9ttur sprengiheldur hj\u00e1lmur s\u00e9rstakur s\u00e9rst\u00e6r\u00f0 s\u00e9rsni\u00f0inn litur s\u00e9rstakur kauptengill"},"content":{"rendered":"<p><strong>Um WENDY skotheldan hj\u00e1lmst\u00e6r\u00f0:<\/strong> Fyrir \u00feennan skothelda hj\u00e1lm WENDY s\u00e9rsveitarmanna h\u00f6fum vi\u00f0 b\u00e6tt vi\u00f0 st\u00f3rum og litlum framlei\u00f0slum\u00f3tum til a\u00f0 m\u00e6ta notendum me\u00f0 mismunandi \u00fearfir. St\u00e6r\u00f0 M er venjuleg st\u00e6r\u00f0 sem passar flestum. Ef \u00fe\u00fa heldur a\u00f0 l\u00edtil st\u00e6r\u00f0 geti betur m\u00e6tt eigin \u00fe\u00f6rfum \u00fe\u00ednum e\u00f0a kl\u00e6\u00f0astvenjum, vinsamlegast veldu litla st\u00e6r\u00f0, annars veldu st\u00f3ra st\u00e6r\u00f0.<\/p>\n<p><strong>Um litinn \u00e1 WENDY skotheldum hj\u00e1lm:<\/strong> Litirnir sem vi\u00f0 fj\u00f6ldaframlei\u00f0um eru a\u00f0allega svartir, lj\u00f3sbr\u00fanir og gr\u00e6nir. En \u00e1 sama t\u00edma h\u00f6fum vi\u00f0 getu til a\u00f0 framlei\u00f0a hva\u00f0a lit sem er e\u00f0a \u00fdmis felulitur sem vi\u00f0skiptavinir krefjast, svo sem sk\u00f3glendisfelulitur, frumsk\u00f3garfelulitur, ey\u00f0imerkurfelulitur, sj\u00e1varfelulitur, borgarfelulitur osfrv. Ef \u00fe\u00fa \u00e6tlar a\u00f0 panta meira en 10 hj\u00e1lma , vinsamlegast haf\u00f0u samband vi\u00f0 okkur, \u00fe\u00fa f\u00e6r\u00f0 \u00feessa s\u00e9rsni\u00f0nu lita\u00fej\u00f3nustu \u00f3keypis, sendu okkur bara litamynstri\u00f0 sem \u00fe\u00fa vilt<\/p>\n<p><strong>WENDY Tactical Helmet skotheldur stig:<\/strong> 0101.06 Standard IIIA Level<\/p>\n<p>\u00de\u00e6gilegt a\u00f0 kl\u00e6\u00f0ast: Zorbium fro\u00f0up\u00fa\u00f0i er me\u00f0 vatnsfr\u00e1hrindandi f\u00f3\u00f0ri me\u00f0 \u00f6rveruey\u00f0andi h\u00fa\u00f0 sem hrindir fr\u00e1 \u00fe\u00e9r raka til a\u00f0 halda \u00fe\u00e9r k\u00f6ldum og \u00feurrum.<\/p>\n<p>Au\u00f0veld A\u00d0L\u00d6GUN: L\u00e9tt CAM FIT festingarkerfi af herna\u00f0argr\u00e1\u00f0u me\u00f0 BOA lokunarkerfi fyrir \u00f6rugga stillingu me\u00f0 einni hendi fyrir n\u00e1kv\u00e6ma passa.<\/p>\n<p>St\u00e6kkanlegt: Rail 2.0 festingarkerfi\u00f0 er samh\u00e6ft \u00f6llum EXFIL Rail 2.0 fylgihlutum. Afturkr\u00e6fa gimbal festingartein og gimbal krappi \u00e1 enninu gera Wendy kleift a\u00f0 skapa fleiri m\u00f6guleika.<\/p>\n<p>Auk venjulegrar fj\u00f6\u00f0runar er hj\u00e1lmurinn me\u00f0 \u00feremur h\u00f6ggp\u00fa\u00f0um og \u00e1tta stillanlegum p\u00fa\u00f0um fyrir bestu passa og \u00fe\u00e6gindi<\/p>\n","protected":false},"excerpt":{"rendered":"<p>Um WENDY skotheldan hj\u00e1lmst\u00e6r\u00f0: Fyrir \u00feennan skothelda hj\u00e1lm WENDY s\u00e9rsveitarmanna h\u00f6fum vi\u00f0 b\u00e6tt vi\u00f0 st\u00f3rum og litlum framlei\u00f0slum\u00f3tum til a\u00f0&#8230;<\/p>\n","protected":false},"featured_media":10614,"comment_status":"open","ping_status":"closed","template":"","meta":[],"product_brand":[],"product_cat":[699,701,700],"product_tag":[],"woo-feed-brand":[],"class_list":{"0":"post-13306","1":"product","2":"type-product","3":"status-publish","4":"has-post-thumbnail","6":"product_cat-oflokkad","7":"product_cat-skotheldur-hjalmur","8":"product_cat-wendy-is","10":"first","11":"instock","12":"sale","13":"shipping-taxable","14":"purchasable","15":"product-type-variable","16":"has-default-attributes"},"_links":{"self":[{"href":"http:\/\/tyditiao.com\/is\/wp-json\/wp\/v2\/product\/13306","targetHints":{"allow":["GET"]}}],"collection":[{"href":"http:\/\/tyditiao.com\/is\/wp-json\/wp\/v2\/product"}],"about":[{"href":"http:\/\/tyditiao.com\/is\/wp-json\/wp\/v2\/types\/product"}],"replies":[{"embeddable":true,"href":"http:\/\/tyditiao.com\/is\/wp-json\/wp\/v2\/comments?post=13306"}],"wp:featuredmedia":[{"embeddable":true,"href":"http:\/\/tyditiao.com\/is\/wp-json\/wp\/v2\/media\/10614"}],"wp:attachment":[{"href":"http:\/\/tyditiao.com\/is\/wp-json\/wp\/v2\/media?parent=13306"}],"wp:term":[{"taxonomy":"product_brand","embeddable":true,"href":"http:\/\/tyditiao.com\/is\/wp-json\/wp\/v2\/product_brand?post=13306"},{"taxonomy":"product_cat","embeddable":true,"href":"http:\/\/tyditiao.com\/is\/wp-json\/wp\/v2\/product_cat?post=13306"},{"taxonomy":"product_tag","embeddable":true,"href":"http:\/\/tyditiao.com\/is\/wp-json\/wp\/v2\/product_tag?post=13306"},{"taxonomy":"woo-feed-brand","embeddable":true,"href":"http:\/\/tyditiao.com\/is\/wp-json\/wp\/v2\/woo-feed-brand?post=13306"}],"curies":[{"name":"wp","href":"https:\/\/api.w.org\/{rel}","templated":true}]}}