{"id":13676,"date":"2023-03-05T03:17:44","date_gmt":"2023-05-22T14:06:23","guid":{"rendered":"http:\/\/tyditiao.com\/product\/fast-skotheldur-hjalmur-nij-iiia-ljos-skotheldur-hjalmur-serstaerd-sersnidinn-litur-serstakur-kauptengil\/"},"modified":"2023-05-22T16:06:23","modified_gmt":"2023-05-22T14:06:23","slug":"hradvirkur-skotheldur-nij-iiia-ljos-ballistic-hjalmur-serstok-staerd-sersnidin-litur-einkadur-kaupahlekkur","status":"publish","type":"product","link":"http:\/\/tyditiao.com\/is\/product\/hradvirkur-skotheldur-nij-iiia-ljos-ballistic-hjalmur-serstok-staerd-sersnidin-litur-einkadur-kaupahlekkur\/","title":{"rendered":"FAST skotheldur hj\u00e1lmur, NIJ IIIA lj\u00f3s skotheldur hj\u00e1lmur, s\u00e9rst\u00e6r\u00f0, s\u00e9rsni\u00f0inn litur, s\u00e9rstakur kauptengil"},"content":{"rendered":"<p><strong>FAST skotheldur hj\u00e1lmst\u00e6r\u00f0:<\/strong> Vi\u00f0 h\u00f6fum b\u00e6tt vi\u00f0 litlum og st\u00f3rum framlei\u00f0slum\u00f3tum fyrir FAST l\u00e9tt skotheldan hj\u00e1lm til a\u00f0 m\u00e6ta notendum me\u00f0 mismunandi \u00fearfir. M er venjuleg st\u00e6r\u00f0 og passar flestum. Ef \u00fe\u00fa heldur a\u00f0 l\u00edtil st\u00e6r\u00f0 geti uppfyllt kr\u00f6fur \u00fe\u00ednar e\u00f0a kl\u00e6\u00f0astvenjur, vinsamlegast veldu S st\u00e6r\u00f0, annars veldu L st\u00e6r\u00f0.<\/p>\n<p><strong>Fast Light skotheldir hj\u00e1lmlitir:<\/strong> Litirnir \u00e1 Fast Light skotheldum hj\u00e1lmum sem vi\u00f0 framlei\u00f0um eru a\u00f0allega svartir, lj\u00f3sbr\u00fanir og gr\u00e6nir. En \u00e1 sama t\u00edma erum vi\u00f0 f\u00e6r um a\u00f0 b\u00faa til liti sem eru tilgreindir af vi\u00f0skiptavinum e\u00f0a \u00fdmis felulitur, eins og sk\u00f3garfelulitur, frumsk\u00f3garfelulitur, ey\u00f0imerkurfelulitur, sj\u00e1varfelulitur og \u00fe\u00e9ttb\u00fdlisfelu. Ef \u00fe\u00fa \u00e6tlar a\u00f0 panta fleiri en 10 hj\u00e1lma, vinsamlegast haf\u00f0u samband vi\u00f0 okkur, \u00fe\u00fa f\u00e6r\u00f0 \u00feessa s\u00e9rsni\u00f0nu lita\u00fej\u00f3nustu \u00f3keypis, sendu okkur bara litamynstri\u00f0 sem \u00fe\u00fa vilt.<\/p>\n<p>FAST skotheld tv\u00f6falt hj\u00e1lmstig: 0101.06 sta\u00f0la\u00f0 IIIA stig<\/p>\n<p>Efni: High Tenacity Kevlar-Dupont Aramid trefjar<\/p>\n<p>\u00cd samanbur\u00f0i vi\u00f0 venjulega herhj\u00e1lma eru FAST hj\u00e1lmar 25% l\u00e9ttari. Me\u00f0 hj\u00e1lmfj\u00f6\u00f0runarkerfinu geta notendur au\u00f0veldlega stillt \u00fe\u00e9ttleika e\u00f0a \u00fe\u00e9ttleika hj\u00e1lmsins me\u00f0 \u00fev\u00ed a\u00f0 sn\u00faa \u00e1 hnapp til a\u00f0 n\u00e1 sem bestum \u00fe\u00e6gindum.<\/p>\n","protected":false},"excerpt":{"rendered":"<p>FAST skotheldur hj\u00e1lmst\u00e6r\u00f0: Vi\u00f0 h\u00f6fum b\u00e6tt vi\u00f0 litlum og st\u00f3rum framlei\u00f0slum\u00f3tum fyrir FAST l\u00e9tt skotheldan hj\u00e1lm til a\u00f0 m\u00e6ta notendum&#8230;<\/p>\n","protected":false},"featured_media":10272,"comment_status":"open","ping_status":"closed","template":"","meta":[],"product_brand":[],"product_cat":[818,701],"product_tag":[],"woo-feed-brand":[],"class_list":{"0":"post-13676","1":"product","2":"type-product","3":"status-publish","4":"has-post-thumbnail","6":"product_cat-hratt","7":"product_cat-skotheldur-hjalmur","9":"first","10":"instock","11":"sale","12":"shipping-taxable","13":"purchasable","14":"product-type-variable","15":"has-default-attributes"},"_links":{"self":[{"href":"http:\/\/tyditiao.com\/is\/wp-json\/wp\/v2\/product\/13676","targetHints":{"allow":["GET"]}}],"collection":[{"href":"http:\/\/tyditiao.com\/is\/wp-json\/wp\/v2\/product"}],"about":[{"href":"http:\/\/tyditiao.com\/is\/wp-json\/wp\/v2\/types\/product"}],"replies":[{"embeddable":true,"href":"http:\/\/tyditiao.com\/is\/wp-json\/wp\/v2\/comments?post=13676"}],"wp:featuredmedia":[{"embeddable":true,"href":"http:\/\/tyditiao.com\/is\/wp-json\/wp\/v2\/media\/10272"}],"wp:attachment":[{"href":"http:\/\/tyditiao.com\/is\/wp-json\/wp\/v2\/media?parent=13676"}],"wp:term":[{"taxonomy":"product_brand","embeddable":true,"href":"http:\/\/tyditiao.com\/is\/wp-json\/wp\/v2\/product_brand?post=13676"},{"taxonomy":"product_cat","embeddable":true,"href":"http:\/\/tyditiao.com\/is\/wp-json\/wp\/v2\/product_cat?post=13676"},{"taxonomy":"product_tag","embeddable":true,"href":"http:\/\/tyditiao.com\/is\/wp-json\/wp\/v2\/product_tag?post=13676"},{"taxonomy":"woo-feed-brand","embeddable":true,"href":"http:\/\/tyditiao.com\/is\/wp-json\/wp\/v2\/woo-feed-brand?post=13676"}],"curies":[{"name":"wp","href":"https:\/\/api.w.org\/{rel}","templated":true}]}}