{"id":13810,"date":"2023-03-05T03:08:59","date_gmt":"2023-05-22T14:12:28","guid":{"rendered":"http:\/\/tyditiao.com\/product\/fullt-kevlar-kadall-klifurreipi-i-fallhlif-eldvarnarreipi-8-105-mm-10m\/"},"modified":"2023-05-22T16:12:28","modified_gmt":"2023-05-22T14:12:28","slug":"full-rafstodueiginleikar-kevlar-klifur-eldaoryggis-regnhlifar-reipi-8-105-mm-10m","status":"publish","type":"product","link":"http:\/\/tyditiao.com\/is\/product\/full-rafstodueiginleikar-kevlar-klifur-eldaoryggis-regnhlifar-reipi-8-105-mm-10m\/","title":{"rendered":"Fullt Kevlar ka\u00f0all, klifurreipi \u00ed fallhl\u00edf, eldvarnarreipi, 8, 10,5 mm (10m)"},"content":{"rendered":"<p>Ef \u00fe\u00fa vilt kaupa lengri reipi, eins og 50 metra, vinsamlegast keyptu 5*10 metra af reipi og skildu s\u00ed\u00f0an eftir skilabo\u00f0 til seljanda um a\u00f0 \u00fe\u00fa \u00feurfir heilt 50 metra streng.<\/p>\n<p><strong>Um karab\u00ednurnar:<\/strong> Ef \u00fe\u00fa kaupir reipi\u00f0 sem er meira en 10 metrar a\u00f0 lengd munum vi\u00f0 gefa \u00fe\u00e9r tv\u00e6r karab\u00ednur eins og merktar eru \u00e1 myndinni. \u00de\u00fa getur sett \u00fea\u00f0 \u00e1 b\u00e1\u00f0a enda reipisins, e\u00f0a \u00fe\u00fa getur l\u00e1ti\u00f0 \u00fea\u00f0 \u00ed fri\u00f0i og \u00fea\u00f0 er innifali\u00f0 \u00ed pakkanum. Sendu okkur bara l\u00ednu og l\u00e1ttu okkur vita \u00e1kv\u00f6r\u00f0un \u00fe\u00edna<\/p>\n<p>V\u00f6ruheiti: Full Kevlar Static Rope<br \/>\nEfni: Kevlar<br \/>\nLitur: Litur eins og myndin s\u00fdnir<br \/>\n\u00deverm\u00e1l: 10,5 mm, 8 mm<br \/>\nNett\u00f3\u00feyngd (\u00b15%): 10,5mm (75g\/m) 8mm (43g\/m)<br \/>\nTogkraftur: 10,5 mm (40kN\/4000kg) 8mm (28kN\/2800kg)<br \/>\nVottun: CE EN1891:1998<br \/>\nEiginleikar: h\u00e1r styrkur, h\u00e1r hiti vi\u00f0n\u00e1m, g\u00f3\u00f0 h\u00f6rku, sterk t\u00e1r\u00feol<br \/>\nFj\u00f6lvirkni: klifur, st\u00e6kkun, sl\u00f6kkvistarf, loftvinna, hellagangur, hangandi osfrv.<\/p>\n<p>Vingjarnleg \u00e1minning: \u00deegar \u00fe\u00fa vinnur e\u00f0a spilar \u00ed h\u00e6\u00f0, vinsamlegast athuga\u00f0u og vi\u00f0haldi\u00f0 b\u00fana\u00f0i \u00fe\u00ednum til a\u00f0 for\u00f0ast h\u00e6ttu af v\u00f6ldum misnotkunar<\/p>\n","protected":false},"excerpt":{"rendered":"<p>Ef \u00fe\u00fa vilt kaupa lengri reipi, eins og 50 metra, vinsamlegast keyptu 5*10 metra af reipi og skildu s\u00ed\u00f0an eftir&#8230;<\/p>\n","protected":false},"featured_media":12571,"comment_status":"open","ping_status":"closed","template":"","meta":[],"product_brand":[],"product_cat":[837],"product_tag":[],"woo-feed-brand":[],"class_list":{"0":"post-13810","1":"product","2":"type-product","3":"status-publish","4":"has-post-thumbnail","6":"product_cat-oryggisreipi","8":"first","9":"instock","10":"shipping-taxable","11":"purchasable","12":"product-type-variable","13":"has-default-attributes"},"_links":{"self":[{"href":"http:\/\/tyditiao.com\/is\/wp-json\/wp\/v2\/product\/13810","targetHints":{"allow":["GET"]}}],"collection":[{"href":"http:\/\/tyditiao.com\/is\/wp-json\/wp\/v2\/product"}],"about":[{"href":"http:\/\/tyditiao.com\/is\/wp-json\/wp\/v2\/types\/product"}],"replies":[{"embeddable":true,"href":"http:\/\/tyditiao.com\/is\/wp-json\/wp\/v2\/comments?post=13810"}],"wp:featuredmedia":[{"embeddable":true,"href":"http:\/\/tyditiao.com\/is\/wp-json\/wp\/v2\/media\/12571"}],"wp:attachment":[{"href":"http:\/\/tyditiao.com\/is\/wp-json\/wp\/v2\/media?parent=13810"}],"wp:term":[{"taxonomy":"product_brand","embeddable":true,"href":"http:\/\/tyditiao.com\/is\/wp-json\/wp\/v2\/product_brand?post=13810"},{"taxonomy":"product_cat","embeddable":true,"href":"http:\/\/tyditiao.com\/is\/wp-json\/wp\/v2\/product_cat?post=13810"},{"taxonomy":"product_tag","embeddable":true,"href":"http:\/\/tyditiao.com\/is\/wp-json\/wp\/v2\/product_tag?post=13810"},{"taxonomy":"woo-feed-brand","embeddable":true,"href":"http:\/\/tyditiao.com\/is\/wp-json\/wp\/v2\/woo-feed-brand?post=13810"}],"curies":[{"name":"wp","href":"https:\/\/api.w.org\/{rel}","templated":true}]}}