{"id":13875,"date":"2023-03-05T02:51:52","date_gmt":"2023-05-22T14:18:31","guid":{"rendered":"http:\/\/tyditiao.com\/product\/aramid-ytri-hud-nylon-innri-kjarna-statiskt-reipi-utanhuss-fjallgongur-oryggisreipi-68105-10m\/"},"modified":"2023-05-22T16:18:31","modified_gmt":"2023-05-22T14:18:31","slug":"kevlar-ytri-scoranylon-kjarna-truflanir-oryggisreipi-uti-6810-5-10m","status":"publish","type":"product","link":"http:\/\/tyditiao.com\/is\/product\/kevlar-ytri-scoranylon-kjarna-truflanir-oryggisreipi-uti-6810-5-10m\/","title":{"rendered":"Aramid ytri h\u00fa\u00f0 + nylon innri kjarna stat\u00edskt reipi utanh\u00fass fjallg\u00f6ngur \u00f6ryggisreipi 6,8,10,5 (10m)"},"content":{"rendered":"<p>Ef \u00fe\u00fa \u00fearft a\u00f0 kaupa lengra reipi, eins og 80 metra, vinsamlegast keyptu 8*10 metra af reipi og skildu s\u00ed\u00f0an eftir skilabo\u00f0 til seljanda um a\u00f0 \u00fe\u00fa \u00feurfir heilt 80 metra streng.<\/p>\n<p><strong>Um karab\u00ednur \u00e1 b\u00e1\u00f0um endum kyrrst\u00e6\u00f0a strengsins:<\/strong> Ef lengd strengsins sem \u00fe\u00fa keyptir er meiri en 10 metrar, munum vi\u00f0 gefa \u00fe\u00e9r tv\u00e6r karab\u00ednur merktar \u00e1 myndinni. \u00de\u00fa getur vali\u00f0 a\u00f0 festa \u00fea\u00f0 \u00e1 b\u00e1\u00f0a enda strengsins, e\u00f0a \u00fe\u00fa \u00fearft ekki a\u00f0 festa \u00fea\u00f0 og senda \u00fea\u00f0 me\u00f0 reipinu \u00ed pakkanum, sendu okkur bara athugasemd og l\u00e1ttu okkur vita af \u00e1kv\u00f6r\u00f0un \u00feinni<\/p>\n<p>V\u00f6ruheiti: Aramid trefjar + kyrrst\u00e6tt nylon reipi<br \/>\nLitur: Litur eins og myndin s\u00fdnir<br \/>\n\u00deverm\u00e1l: 6mm 8mm 10mm<br \/>\nNett\u00f3\u00feyngd (\u00b15%): 6mm (27g\/m) 8mm (42g\/m) 10mm (65g\/m)<br \/>\nTogkraftur: 6mm (7KN\/700KG) 8mm (16KN\/1600KG) 10mm (36KN\/3600KG)<br \/>\n\u00datlitsefni: aram\u00ed\u00f0<br \/>\nKjarnaefni: Nylon<br \/>\nVottun: CE EN1891:1998<br \/>\nFj\u00f6lvirkni: klifur, sj\u00f3nauka, sl\u00f6kkvistarf, vinna \u00ed h\u00e6\u00f0, krana osfrv.<\/p>\n","protected":false},"excerpt":{"rendered":"<p>Ef \u00fe\u00fa \u00fearft a\u00f0 kaupa lengra reipi, eins og 80 metra, vinsamlegast keyptu 8*10 metra af reipi og skildu s\u00ed\u00f0an&#8230;<\/p>\n","protected":false},"featured_media":12552,"comment_status":"open","ping_status":"closed","template":"","meta":[],"product_brand":[],"product_cat":[837],"product_tag":[],"woo-feed-brand":[50],"class_list":{"0":"post-13875","1":"product","2":"type-product","3":"status-publish","4":"has-post-thumbnail","6":"product_cat-oryggisreipi","7":"woo-feed-brand-tyditiao","9":"first","10":"instock","11":"shipping-taxable","12":"purchasable","13":"product-type-variable","14":"has-default-attributes"},"_links":{"self":[{"href":"http:\/\/tyditiao.com\/is\/wp-json\/wp\/v2\/product\/13875","targetHints":{"allow":["GET"]}}],"collection":[{"href":"http:\/\/tyditiao.com\/is\/wp-json\/wp\/v2\/product"}],"about":[{"href":"http:\/\/tyditiao.com\/is\/wp-json\/wp\/v2\/types\/product"}],"replies":[{"embeddable":true,"href":"http:\/\/tyditiao.com\/is\/wp-json\/wp\/v2\/comments?post=13875"}],"wp:featuredmedia":[{"embeddable":true,"href":"http:\/\/tyditiao.com\/is\/wp-json\/wp\/v2\/media\/12552"}],"wp:attachment":[{"href":"http:\/\/tyditiao.com\/is\/wp-json\/wp\/v2\/media?parent=13875"}],"wp:term":[{"taxonomy":"product_brand","embeddable":true,"href":"http:\/\/tyditiao.com\/is\/wp-json\/wp\/v2\/product_brand?post=13875"},{"taxonomy":"product_cat","embeddable":true,"href":"http:\/\/tyditiao.com\/is\/wp-json\/wp\/v2\/product_cat?post=13875"},{"taxonomy":"product_tag","embeddable":true,"href":"http:\/\/tyditiao.com\/is\/wp-json\/wp\/v2\/product_tag?post=13875"},{"taxonomy":"woo-feed-brand","embeddable":true,"href":"http:\/\/tyditiao.com\/is\/wp-json\/wp\/v2\/woo-feed-brand?post=13875"}],"curies":[{"name":"wp","href":"https:\/\/api.w.org\/{rel}","templated":true}]}}