{"id":13927,"date":"2023-01-16T12:36:49","date_gmt":"2023-01-16T10:36:49","guid":{"rendered":"http:\/\/tyditiao.com\/product\/hyljanleg-herklaedi-skotheld-vesti-med-nij-iiia-verndarstigi-personulegur-oryggisbunadur-utandyra\/"},"modified":"2026-01-26T09:12:34","modified_gmt":"2026-01-26T07:12:34","slug":"leynilegt-skotheld-vesti-skotheld-vesti-med-ni-iiia-verndarstigi-personuverndarbunadi-utandyra","status":"publish","type":"product","link":"http:\/\/tyditiao.com\/is\/product\/leynilegt-skotheld-vesti-skotheld-vesti-med-ni-iiia-verndarstigi-personuverndarbunadi-utandyra\/","title":{"rendered":"Hyljanleg herkl\u00e6\u00f0i, skotheld vesti me\u00f0 NIJ IIIA verndarstigi, pers\u00f3nulegur \u00f6ryggisb\u00fana\u00f0ur utandyra"},"content":{"rendered":"<p>Efni: Ofurmiki\u00f0 sameinda PE efni, sem \u00feolir m\u00f6rg skot \u00e1 me\u00f0an \u00fea\u00f0 er sveigjanlegt. \u00dea\u00f0 hefur einkenni l\u00e9ttleika, m\u00fdktar, \u00fe\u00e6ginda, fram\u00farskarandi UV m\u00f3tst\u00f6\u00f0u, l\u00e1gt rakastig og vatns\u00feol.<\/p>\n<p>Verndarflokkur: NIJ IIIA v\u00f6rn a\u00f0 framan og aftan<\/p>\n<p>Lokanleg skot:<br \/>\n.44 Magnum<br \/>\n.40 S&amp;W, .357 Magnum, .45<br \/>\nv\u00e9lbyssa 9mm<br \/>\nH\u00e1lfh\u00fa\u00f0a\u00f0ar holur punktar (SJHP) byssuk\u00falur<br \/>\nKv\u00f6r\u00f0un fullm\u00e1lms skothylkja 9 mm, nafn\u00feyngd 8,0 g (124 g), h\u00f6gghra\u00f0i 426 m\/s (1.400 fet\/s) e\u00f0a minna<br \/>\nVeitir einnig vernd gegn flestum skammbyssu\u00f3gnum sem og Class IIA og II \u00f3gnum<\/p>\n<p>Litur: Svartur<br \/>\nKyn: Unisex<br \/>\nTegund fatna\u00f0ar: Vestur, Toppur<br \/>\nErmager\u00f0: Ermalaus<br \/>\nVirkni: Skotheld<br \/>\nst\u00e6r\u00f0: ein st\u00e6r\u00f0<br \/>\n\u00deyngd: 2,5 kg<br \/>\n\u00devottur: H\u00e6gt er a\u00f0 a\u00f0skilja innra f\u00f3\u00f0ur og yfirfatna\u00f0, innra skothelda lagi\u00f0 er ekki h\u00e6gt a\u00f0 \u00fevo, hreinsa\u00f0u bara ytra lagi\u00f0<\/p>\n<p>Pakki: 1 x skotheld vesti (NIJ IIIA)<\/p>\n","protected":false},"excerpt":{"rendered":"<p>Mj\u00fakt og l\u00e9tt: sveigjanlegt, \u00fe\u00e6gilegt a\u00f0 kl\u00e6\u00f0ast, hefur \u00ed grundvallaratri\u00f0um ekki \u00e1hrif \u00e1 mannsl\u00edkamann a\u00f0 hlaupa e\u00f0a sitja<\/p>\n<p>Fr\u00e1b\u00e6r leynd: Stillanleg \u00e1 4 mismunandi st\u00f6\u00f0um me\u00f0 velcro \u00f3lum til a\u00f0 leyna au\u00f0veldlega undir f\u00f6tunum \u00fe\u00ednum<\/p>\n<p>NIJ IIIA v\u00f6rn: h\u00e6sta verndarstig sem n\u00fa er til fyrir skotheld vesti<\/p>\n<p>G\u00f3\u00f0 st\u00e6kkunar\u00e1rangur: h\u00e6gt er a\u00f0 festa fram- og aftari brynjuvasana me\u00f0 skotheldum st\u00e1lpl\u00f6tum til a\u00f0 veita vi\u00f0b\u00f3tarv\u00f6rn \u00ed samr\u00e6mi vi\u00f0 eigin \u00fearfir<\/p>\n<p>Vi\u00f0eigandi f\u00f3lk: Bla\u00f0amenn og hermenn fer\u00f0ast um str\u00ed\u00f0shrj\u00e1\u00f0 sv\u00e6\u00f0i og geta einnig veri\u00f0 nota\u00f0ir til heimavarna til a\u00f0 vernda eigi\u00f0 \u00f6ryggi og l\u00edkama fyrir byssuk\u00falum og rusli<\/p>\n","protected":false},"featured_media":12419,"comment_status":"open","ping_status":"closed","template":"","meta":[],"product_brand":[],"product_cat":[856],"product_tag":[],"woo-feed-brand":[50],"class_list":{"0":"post-13927","1":"product","2":"type-product","3":"status-publish","4":"has-post-thumbnail","6":"product_cat-taktiskt-vesti","7":"woo-feed-brand-tyditiao","9":"first","10":"instock","11":"sale","12":"shipping-taxable","13":"purchasable","14":"product-type-simple"},"_links":{"self":[{"href":"http:\/\/tyditiao.com\/is\/wp-json\/wp\/v2\/product\/13927","targetHints":{"allow":["GET"]}}],"collection":[{"href":"http:\/\/tyditiao.com\/is\/wp-json\/wp\/v2\/product"}],"about":[{"href":"http:\/\/tyditiao.com\/is\/wp-json\/wp\/v2\/types\/product"}],"replies":[{"embeddable":true,"href":"http:\/\/tyditiao.com\/is\/wp-json\/wp\/v2\/comments?post=13927"}],"wp:featuredmedia":[{"embeddable":true,"href":"http:\/\/tyditiao.com\/is\/wp-json\/wp\/v2\/media\/12419"}],"wp:attachment":[{"href":"http:\/\/tyditiao.com\/is\/wp-json\/wp\/v2\/media?parent=13927"}],"wp:term":[{"taxonomy":"product_brand","embeddable":true,"href":"http:\/\/tyditiao.com\/is\/wp-json\/wp\/v2\/product_brand?post=13927"},{"taxonomy":"product_cat","embeddable":true,"href":"http:\/\/tyditiao.com\/is\/wp-json\/wp\/v2\/product_cat?post=13927"},{"taxonomy":"product_tag","embeddable":true,"href":"http:\/\/tyditiao.com\/is\/wp-json\/wp\/v2\/product_tag?post=13927"},{"taxonomy":"woo-feed-brand","embeddable":true,"href":"http:\/\/tyditiao.com\/is\/wp-json\/wp\/v2\/woo-feed-brand?post=13927"}],"curies":[{"name":"wp","href":"https:\/\/api.w.org\/{rel}","templated":true}]}}