{"id":14269,"date":"2022-06-13T03:55:46","date_gmt":"2023-05-23T03:47:53","guid":{"rendered":"http:\/\/tyditiao.com\/product\/military-hjalmur-iiia-tactical-ballistic-hjalmur-polskur-kevlar-hjalmur-graenn\/"},"modified":"2026-03-14T23:16:57","modified_gmt":"2026-03-14T21:16:57","slug":"mich2000-skotheldur-hjalmur-kevlar-stig-3-graenn","status":"publish","type":"product","link":"http:\/\/tyditiao.com\/is\/product\/mich2000-skotheldur-hjalmur-kevlar-stig-3-graenn\/","title":{"rendered":"Military hj\u00e1lmur, IIIA Tactical Ballistic hj\u00e1lmur, p\u00f3lskur Kevlar hj\u00e1lmur, gr\u00e6nn"},"content":{"rendered":"<p><strong>Varnarflokkur:<\/strong><\/p>\n<p>\u00deessi skotheldi hj\u00e1lmur er NIJ Level IIIA skotheldur hj\u00e1lmur samkv\u00e6mt NIJ 0101.06 sta\u00f0li og h\u00e6gt er a\u00f0 \u00fatvega samsvarandi pr\u00f3funarsk\u00fdrslu.<\/p>\n<p>\u00deessi vara uppfyllir einnig skilyr\u00f0i sem Enhanced Combat Helmet (ECH) \u00feegar h\u00fan er notu\u00f0 me\u00f0 yfirbrynjupl\u00f6tu fyrir sanna riffilv\u00f6rn<\/p>\n<hr>\n<p><strong>V\u00f6rn skotf\u00e6ri f\u00e6ribreytur:<\/strong><\/p>\n<p>.44 Mag SJHP<br \/>\n.357 SIG FMJ FN<br \/>\n9mm FMJ RN<br \/>\n.357 Mag JSP<br \/>\n.40 S&amp;W FMJ<\/p>\n<p>Veitir einnig vernd gegn flestum skammbyssu\u00f3gnum sem og Class IIA og II \u00f3gnum<\/p>\n<hr>\n<p><strong>Skuluheldur hj\u00e1lmf\u00e6ribreytur:<\/strong><br \/>\nNafn: NIJ lllA MICH2000 skotheldur hj\u00e1lmur<\/p>\n<p>Efni: High Tensile Kevlar-DuPont Aramid trefjar<br \/>\nSaga eftir skot skots: &lt;20mm<br \/>\nH\u00f6fu\u00f0m\u00e1l: 52-60 cm<br \/>\nF\u00f3\u00f0ur: H\u00e6gt a\u00f0 endurstilla fro\u00f0uf\u00f3\u00f0ur me\u00f0 h\u00e6gum fr\u00e1kasti heldur hj\u00e1lminum \u00fe\u00e6gilegum og kemur \u00ed veg fyrir \u00fereytu og ofhitnun.<br \/>\nValfrj\u00e1ls aukab\u00fana\u00f0ur: skotheld gr\u00edma osfrv.<br \/>\nHj\u00e1lmur Litur: Gr\u00e6nn<br \/>\nMICH er hj\u00e1lmur sem st\u00f6\u00f0var skothr\u00ed\u00f0 og veitir \u00e1rei\u00f0anlega v\u00f6rn gegn rusli og fallandi rusli.<br \/>\nmun draga \u00far vernd.<\/p>\n<hr>\n<p><strong>&#8222;Fyrir f\u00f3lk:<\/strong><br \/>\nNIJ lllA Kevlar MICH2000 Ballistic hj\u00e1lmurinn h\u00f6ndlar skammbyssu- og sprengjuh\u00f3tanir me\u00f0 meiri festingargetu fyrir l\u00e9ttari, \u00fe\u00e6gilegri passa. \u00deessi hj\u00e1lmur hentar \u00f6llum tegundum notenda. Starfsf\u00f3lk fr\u00e1 stofnunum eins og hernum, l\u00f6greglunni, SWAT, innra \u00f6ryggi, tollg\u00e6slu og landam\u00e6rav\u00f6r\u00f0um getur veri\u00f0 \u00fatb\u00fai\u00f0 me\u00f0 auknum bardagah\u00e6fileikum. \u00dea\u00f0 er l\u00edka g\u00f3\u00f0ur kostur fyrir heimilisvernd og cosplay.<\/p>\n<p>MICH er hj\u00e1lmur sem st\u00f6\u00f0var skothr\u00ed\u00f0 og veitir \u00e1rei\u00f0anlega v\u00f6rn gegn rusli og fallandi rusli. Mich ballistic hj\u00e1lmurinn veitir ekki a\u00f0eins nau\u00f0synlega alhli\u00f0a v\u00f6rn gegn bareflum vopnum, ballistic og \u00f6\u00f0rum \u00f3gnum, heldur er hann einnig mj\u00f6g m\u00e1t og \u00fe\u00e6gilegur. \u00deessi vara uppfyllir einnig skilyr\u00f0i sem Enhanced Combat Helmet (ECH) \u00feegar h\u00fan er notu\u00f0 \u00ed tengslum vi\u00f0 efri brynjupl\u00f6tuna til a\u00f0 veita raunverulega v\u00f6rn fyrir riffilinn. L\u00e1gskur\u00f0urinn veitir betri \u00feekju \u00e1 b\u00e1\u00f0um hli\u00f0um h\u00f6fu\u00f0sins en yfireyrnahj\u00e1lmar. \u00deessir hj\u00e1lmar eru einnig me\u00f0 eyrnalokka til a\u00f0 h\u00fdsa heyrnart\u00f3l og annan samskiptab\u00fana\u00f0.<\/p>\n<hr>\n<p><strong>Hvor er vins\u00e6lli, MICH2000 e\u00f0a FAST takt\u00edsk ballistic hj\u00e1lmur?<\/strong><br \/>\nMICH2000 er me\u00f0 st\u00e6rra hl\u00edf\u00f0aryfirbor\u00f0, sem er gagnlegra ef \u00fe\u00fa \u00e6tlar ekki a\u00f0 setja upp marga aukahluti. Ef \u00fe\u00fa \u00e6tlar a\u00f0 velja miki\u00f0 af b\u00fana\u00f0i, til d\u00e6mis (me\u00f0 vasalj\u00f3s, h\u00e1va\u00f0adeyfandi heyrnart\u00f3l og samskiptab\u00fana\u00f0, n\u00e6tursj\u00f3ngleraugu e\u00f0a myndbandsuppt\u00f6kut\u00e6ki o.s.frv.) er m\u00e6lt me\u00f0 \u00fev\u00ed a\u00f0 nota FAST, \u00fev\u00ed \u00fea\u00f0 ver\u00f0ur ekki of miki\u00f0 \u00feungur til a\u00f0 valda \u00fer\u00fdstingi \u00e1 h\u00e1lsinn, sem hefur \u00f3beint \u00e1hrif \u00e1 getu athafna.<\/p>\n<hr>\n<p><strong>MICH2000 herhj\u00e1lmaver\u00f0<\/strong><br \/>\nKauptu \u00e1 vefs\u00ed\u00f0u okkar og spara\u00f0u 15% \u00e1 ver\u00f0i<\/p>\n<hr>\n<p>Ef \u00fe\u00fa vilt kaupa v\u00f6rur okkar e\u00f0a hefur einhverjar spurningar um v\u00f6rur okkar;<br \/>\nEf \u00fe\u00fa hefur einhverjar a\u00f0l\u00f6gunar\u00fearfir;<br \/>\nVinsamlegast (<a href=\"http:\/\/tyditiao.com\/en\/contact\/\">haf\u00f0u samband<\/a>) strax, vi\u00f0 munum svara \u00fe\u00e9r innan eins virks dags<\/p>\n","protected":false},"excerpt":{"rendered":"<p>G\u00f3\u00f0 g\u00e6\u00f0i: Ger\u00f0 \u00far h\u00e1g\u00e6\u00f0a DuPont Kevlar Aramid trefjum, hita\u00feolin og ekki au\u00f0veldlega afl\u00f6gu\u00f0<\/p>\n<p>G\u00f3\u00f0 ballistic \u00e1rangur: NIJ stig IIIA<\/p>\n<p>Slow Shape Memory Foam: Rakadrepandi efni til a\u00f0 au\u00f0velda \u00ferif, m\u00e1t p\u00fa\u00f0ar sem h\u00e6gt er a\u00f0 stilla af notandanum<\/p>\n<p>\u00deurrka\u00f0 smokkfiskakerfi: einnig \u00feekkt sem n\u00e6tursj\u00f3narst\u00f6\u00f0, h\u00e6gt a\u00f0 sameina vi\u00f0 fl\u00f3\u00f0lj\u00f3s, myndav\u00e9lar, n\u00e6tursj\u00f3nart\u00e6ki og annan b\u00fana\u00f0<\/p>\n<p>\u00dea\u00f0 eru j\u00e1rnbrautarh\u00f3par \u00e1 vinstri og h\u00e6gri hli\u00f0: h\u00e6gt a\u00f0 setja upp me\u00f0 sterku lj\u00f3sakerfi, au\u00f0kennislj\u00f3si, heyrnart\u00f3lav\u00f6rn<\/p>\n","protected":false},"featured_media":11412,"comment_status":"open","ping_status":"closed","template":"","meta":[],"product_brand":[],"product_cat":[886,701],"product_tag":[],"woo-feed-brand":[50],"class_list":{"0":"post-14269","1":"product","2":"type-product","3":"status-publish","4":"has-post-thumbnail","6":"product_cat-mich2000-is","7":"product_cat-skotheldur-hjalmur","8":"woo-feed-brand-tyditiao","10":"first","11":"instock","12":"sale","13":"shipping-taxable","14":"purchasable","15":"product-type-simple"},"_links":{"self":[{"href":"http:\/\/tyditiao.com\/is\/wp-json\/wp\/v2\/product\/14269","targetHints":{"allow":["GET"]}}],"collection":[{"href":"http:\/\/tyditiao.com\/is\/wp-json\/wp\/v2\/product"}],"about":[{"href":"http:\/\/tyditiao.com\/is\/wp-json\/wp\/v2\/types\/product"}],"replies":[{"embeddable":true,"href":"http:\/\/tyditiao.com\/is\/wp-json\/wp\/v2\/comments?post=14269"}],"wp:featuredmedia":[{"embeddable":true,"href":"http:\/\/tyditiao.com\/is\/wp-json\/wp\/v2\/media\/11412"}],"wp:attachment":[{"href":"http:\/\/tyditiao.com\/is\/wp-json\/wp\/v2\/media?parent=14269"}],"wp:term":[{"taxonomy":"product_brand","embeddable":true,"href":"http:\/\/tyditiao.com\/is\/wp-json\/wp\/v2\/product_brand?post=14269"},{"taxonomy":"product_cat","embeddable":true,"href":"http:\/\/tyditiao.com\/is\/wp-json\/wp\/v2\/product_cat?post=14269"},{"taxonomy":"product_tag","embeddable":true,"href":"http:\/\/tyditiao.com\/is\/wp-json\/wp\/v2\/product_tag?post=14269"},{"taxonomy":"woo-feed-brand","embeddable":true,"href":"http:\/\/tyditiao.com\/is\/wp-json\/wp\/v2\/woo-feed-brand?post=14269"}],"curies":[{"name":"wp","href":"https:\/\/api.w.org\/{rel}","templated":true}]}}