{"id":16846,"date":"2025-04-17T09:25:14","date_gmt":"2025-04-17T07:25:14","guid":{"rendered":"https:\/\/tyditiao.com\/product\/fast-ballistic-hjalmur-med-wendys-zorbium-liner-og-cam-fit-fjodrunarkerfi-nij-iiia-verndarstigi\/"},"modified":"2026-01-26T09:12:26","modified_gmt":"2026-01-26T07:12:26","slug":"fast-ballistic-hjalmur-med-wendys-zorbium-liner-og-cam-fit-fjodrunarkerfi-nij-iiia-verndarstigi","status":"publish","type":"product","link":"http:\/\/tyditiao.com\/is\/product\/fast-ballistic-hjalmur-med-wendys-zorbium-liner-og-cam-fit-fjodrunarkerfi-nij-iiia-verndarstigi\/","title":{"rendered":"FAST ballistic hj\u00e1lmur, me\u00f0 Wendy&#8217;s Zorbium liner og CAM FIT fj\u00f6\u00f0runarkerfi, NIJ IIIA verndarstigi"},"content":{"rendered":"<p><strong>S\u00e9rstakar athugasemdir:<\/strong><\/p>\n<p>\u00deetta er n\u00fdja flaggskipsm\u00f3deli\u00f0 okkar sem sameinar h\u00e1g\u00e6\u00f0a handverk og mestu \u00fe\u00e6gindi. Nema anna\u00f0 s\u00e9 teki\u00f0 fram er sj\u00e1lfgefna stillingin sem h\u00e9r segir: st\u00e6r\u00f0 L, gr\u00e6nn, FAST skotheldur hj\u00e1lmur me\u00f0 Zorbium fro\u00f0uf\u00f3\u00f0ri og CAM FIT fj\u00f6\u00f0runarkerfi, NIJ IIIA varnarstig. A\u00f0 auki bj\u00f3\u00f0um vi\u00f0 upp \u00e1 miki\u00f0 \u00farval af litum (gr\u00e6nn, sandur, svartur) og st\u00e6r\u00f0um (S, M, L, XL) til a\u00f0 velja \u00far.<\/p>\n<p>Sama hvar \u00fe\u00fa ert getur\u00f0u lagt inn p\u00f6ntunina beint \u00ed gegnum \u00feennan hlekk og gert kaupin \u00e1n vandr\u00e6\u00f0a. Tilgreindu bara st\u00e6r\u00f0 og lit sem \u00fe\u00fa \u00fearft \u00ed p\u00f6ntunarse\u00f0lum (til d\u00e6mis: XL-svartur) og \u00fe\u00fa f\u00e6r\u00f0 draumab\u00fana\u00f0inn \u00feinn. Vi\u00f0 munum ekki rukka nein aukagj\u00f6ld fyrir a\u00f0 velja a\u00f0ra liti og st\u00e6r\u00f0ir.<\/p>\n<hr \/>\n<p><strong>Varnarstig:<\/strong><\/p>\n<p>\u00deessi skotheldi hj\u00e1lmur er NIJ Level IIIA skotheldur hj\u00e1lmur samkv\u00e6mt NIJ 0101.06 sta\u00f0linum, vi\u00f0eigandi pr\u00f3funarsk\u00fdrslur geta veri\u00f0 veittar.<\/p>\n<hr \/>\n<p><strong>f\u00e6ribreytur varnarskeyta:<\/strong><\/p>\n<p>.44 Mag SJHP<br \/>\n.357 SIG FMJ FN<br \/>\n9mm FMJ RN<br \/>\n.357 Mag JSP<br \/>\n.40 S&amp;W FMJ<\/p>\n<p>\u00dea\u00f0 veitir einnig vernd gegn flestum skotvopna\u00f3gnum, sem og Class IIA og II \u00f3gnum.<\/p>\n<hr \/>\n<p><strong>Skotheldur hj\u00e1lm f\u00e6ribreytur:<\/strong><\/p>\n<p>Nafn: NIJ lllA FAST her skotheldur takt\u00edsk hj\u00e1lmur \u00far Kevlar me\u00f0 Wendy Zorbium fro\u00f0uf\u00f3\u00f0ri + CAM FIT fj\u00f6\u00f0runarkerfi<\/p>\n<p>Efni: DuPont Kevlar-aramid trefjar me\u00f0 miklum styrkleika<br \/>\nSt\u00e6r\u00f0ir: S, M, L, XL<br \/>\nLitur: gr\u00e6nn, sandur, svartur<br \/>\nValfrj\u00e1ls aukab\u00fana\u00f0ur: skotheld gr\u00edma osfrv.<br \/>\n\u00c1byrg\u00f0art\u00edmi: 5 \u00e1ra \u00e1byrg\u00f0art\u00edmi g\u00e6ti haft fulln\u00e6gjandi verndargetu, en ef \u00fea\u00f0 fer yfir \u00e1byrg\u00f0art\u00edmabili\u00f0<br \/>\nL\u00edfsg\u00e6\u00f0i munu draga \u00far getu til a\u00f0 vernda.<\/p>\n<p>&nbsp;<\/p>\n<hr \/>\n<p><strong>Uppl\u00fdsingar og st\u00e6r\u00f0arsamanbur\u00f0ur \u00e1 skotheldum hj\u00e1lmum:<\/strong><\/p>\n<p>&nbsp;<\/p>\n<table style=\"border-collapse: collapse;\" border=\"1\" cellspacing=\"0\" cellpadding=\"5\">\n<thead>\n<tr>\n<th>Ballistic hj\u00e1lm hj\u00e1lmst\u00e6r\u00f0<\/th>\n<th>S<\/th>\n<th>M<\/th>\n<th>L<\/th>\n<th>XL<\/th>\n<\/tr>\n<\/thead>\n<tbody>\n<tr>\n<td>H\u00fa\u00f0unar\u00feykkt<\/td>\n<td>9.5<\/td>\n<td>9.5<\/td>\n<td>10 (9.5)<\/td>\n<td>10 (9.5)<\/td>\n<\/tr>\n<tr>\n<td>Verndarstig<\/td>\n<td>3A.44<\/td>\n<td>3A.44<\/td>\n<td>3A.44<\/td>\n<td>3A.44<\/td>\n<\/tr>\n<tr>\n<td>Lang\u00e1s (langur \u00e1s\/mm)<\/td>\n<td>235<\/td>\n<td>240<\/td>\n<td>247<\/td>\n<td>263<\/td>\n<\/tr>\n<tr>\n<td>Stuttur \u00e1s (minni \u00e1s\/mm)<\/td>\n<td>182<\/td>\n<td>185<\/td>\n<td>193<\/td>\n<td>205<\/td>\n<\/tr>\n<tr>\n<td>Innri h\u00e6\u00f0\/mm<\/td>\n<td>146<\/td>\n<td>153<\/td>\n<td>158<\/td>\n<td>161<\/td>\n<\/tr>\n<tr>\n<td>H\u00f6fu\u00f0umm\u00e1l (me\u00f0 n\u00f6glum)<\/td>\n<td>53-59<\/td>\n<td>53-59<\/td>\n<td>56-59<\/td>\n<td>58-62<\/td>\n<\/tr>\n<tr>\n<td>Venjuleg \u00feyngd (\u00feyngd\/kg)<\/td>\n<td>1.24<\/td>\n<td>1.29<\/td>\n<td>1.32<\/td>\n<td>1.42<\/td>\n<\/tr>\n<tr>\n<td>\u00deyngdarfr\u00e1vik\/Kg<\/td>\n<td>0.05<\/td>\n<td>0.05<\/td>\n<td>0.05<\/td>\n<td>0.05<\/td>\n<\/tr>\n<tr>\n<td>Kassa\u00feyngd\/KG<\/td>\n<td>2<\/td>\n<td>2<\/td>\n<td>2<\/td>\n<td>2.1<\/td>\n<\/tr>\n<\/tbody>\n<\/table>\n","protected":false},"excerpt":{"rendered":"<p>Sambland af kostum FAST ballistic hj\u00e1lmsins og Wendy hj\u00e1lmsins veitir fram\u00farskarandi \u00fe\u00e6gindi og vernd, sem gerir \u00fe\u00e9r kleift a\u00f0 vi\u00f0halda fullri hreyfigetu og \u00f6ryggi vi\u00f0 hva\u00f0a verkefni sem er.<\/p>\n<p>L\u00e9ttur og \u00fe\u00e6gileg h\u00f6nnun: FAST hj\u00e1lmurinn me\u00f0 n\u00fat\u00edma l\u00e9ttri h\u00f6nnun dregur \u00far \u00feyngd \u00ed l\u00e1gmarki, sem gerir hann tilvalinn fyrir langt\u00edma notkun vi\u00f0 krefjandi a\u00f0st\u00e6\u00f0ur. Veitir einstaka \u00fe\u00e6gindi, jafnvel vi\u00f0 \u00e1kafar athafnir.<\/p>\n<p>N\u00e1kv\u00e6m fj\u00f6\u00f0runarkerfi: Zorbium innlegg og CAM FIT fj\u00f6\u00f0runarkerfi leyfa n\u00e1kv\u00e6ma a\u00f0l\u00f6gun a\u00f0 l\u00f6gun h\u00f6fu\u00f0sins, sem veitir st\u00f6\u00f0ugt, mj\u00fakt og \u00fe\u00e6gilegt passa, sem tryggir \u00fe\u00e6gindi \u00feegar \u00fea\u00f0 er nota\u00f0 \u00ed langan t\u00edma.<\/p>\n<p>\u00dea\u00f0 er engin \u00fe\u00f6rf fyrir sj\u00e1lfsamsetningu, sem gerir \u00fe\u00e9r kleift a\u00f0 spara t\u00edma og fyrirh\u00f6fn og nj\u00f3ta strax fullkomins takt\u00edsks b\u00fana\u00f0ar.<\/p>\n","protected":false},"featured_media":16567,"comment_status":"open","ping_status":"closed","template":"","meta":[],"product_brand":[],"product_cat":[587,818,701],"product_tag":[],"woo-feed-brand":[50],"class_list":{"0":"post-16846","1":"product","2":"type-product","3":"status-publish","4":"has-post-thumbnail","6":"product_cat-ballistic-grima","7":"product_cat-hratt","8":"product_cat-skotheldur-hjalmur","9":"woo-feed-brand-tyditiao","11":"first","12":"instock","13":"sale","14":"shipping-taxable","15":"purchasable","16":"product-type-simple"},"_links":{"self":[{"href":"http:\/\/tyditiao.com\/is\/wp-json\/wp\/v2\/product\/16846","targetHints":{"allow":["GET"]}}],"collection":[{"href":"http:\/\/tyditiao.com\/is\/wp-json\/wp\/v2\/product"}],"about":[{"href":"http:\/\/tyditiao.com\/is\/wp-json\/wp\/v2\/types\/product"}],"replies":[{"embeddable":true,"href":"http:\/\/tyditiao.com\/is\/wp-json\/wp\/v2\/comments?post=16846"}],"wp:featuredmedia":[{"embeddable":true,"href":"http:\/\/tyditiao.com\/is\/wp-json\/wp\/v2\/media\/16567"}],"wp:attachment":[{"href":"http:\/\/tyditiao.com\/is\/wp-json\/wp\/v2\/media?parent=16846"}],"wp:term":[{"taxonomy":"product_brand","embeddable":true,"href":"http:\/\/tyditiao.com\/is\/wp-json\/wp\/v2\/product_brand?post=16846"},{"taxonomy":"product_cat","embeddable":true,"href":"http:\/\/tyditiao.com\/is\/wp-json\/wp\/v2\/product_cat?post=16846"},{"taxonomy":"product_tag","embeddable":true,"href":"http:\/\/tyditiao.com\/is\/wp-json\/wp\/v2\/product_tag?post=16846"},{"taxonomy":"woo-feed-brand","embeddable":true,"href":"http:\/\/tyditiao.com\/is\/wp-json\/wp\/v2\/woo-feed-brand?post=16846"}],"curies":[{"name":"wp","href":"https:\/\/api.w.org\/{rel}","templated":true}]}}