{"id":3883,"date":"2022-08-22T03:11:18","date_gmt":"2022-08-22T01:11:18","guid":{"rendered":"http:\/\/tyditiao.com\/casa\/"},"modified":"2025-01-04T16:01:30","modified_gmt":"2025-01-04T14:01:30","slug":"casa","status":"publish","type":"page","link":"http:\/\/tyditiao.com\/it\/","title":{"rendered":"Casa"},"content":{"rendered":"\n<div class=\"wp-block-cover is-light\" style=\"min-height:240px;aspect-ratio:unset;\"><span aria-hidden=\"true\" class=\"wp-block-cover__background has-background-dim-20 has-background-dim\" style=\"background-color:#b7ad73\"><\/span><img loading=\"lazy\" decoding=\"async\" width=\"1401\" height=\"539\" class=\"wp-block-cover__image-background wp-image-1576\" alt=\"\" src=\"http:\/\/tyditiao.com\/wp-content\/uploads\/2022\/06\/2022-06-13_182159.png\" data-object-fit=\"cover\" srcset=\"http:\/\/tyditiao.com\/wp-content\/uploads\/2022\/06\/2022-06-13_182159.png 1401w, http:\/\/tyditiao.com\/wp-content\/uploads\/2022\/06\/2022-06-13_182159-600x231.png 600w, http:\/\/tyditiao.com\/wp-content\/uploads\/2022\/06\/2022-06-13_182159-300x115.png 300w, http:\/\/tyditiao.com\/wp-content\/uploads\/2022\/06\/2022-06-13_182159-1024x394.png 1024w, http:\/\/tyditiao.com\/wp-content\/uploads\/2022\/06\/2022-06-13_182159-768x295.png 768w, http:\/\/tyditiao.com\/wp-content\/uploads\/2022\/06\/2022-06-13_182159-1320x508.png 1320w\" sizes=\"auto, (max-width: 1401px) 100vw, 1401px\" \/><div class=\"wp-block-cover__inner-container is-layout-constrained wp-block-cover-is-layout-constrained\">\n<div class=\"wp-block-columns is-layout-flex wp-container-core-columns-is-layout-9d6595d7 wp-block-columns-is-layout-flex\">\n<div class=\"wp-block-column is-layout-flow wp-block-column-is-layout-flow\" style=\"flex-basis:25%\"><\/div>\n\n\n\n<div class=\"wp-block-column is-layout-flow wp-block-column-is-layout-flow\" style=\"flex-basis:50%\">\n<div style=\"height:20px\" aria-hidden=\"true\" class=\"wp-block-spacer\"><\/div>\n\n\n\n<p class=\"has-text-align-center custom-style has-text-color has-link-color has-large-font-size wp-elements-9ff42506cfeefb6abdf453ff045e0d97\" style=\"color:#ffffff\">Siamo specializzati nella produzione e vendita di vari stili di elmetto balistico militare tattico<\/p>\n<\/div>\n\n\n\n<div class=\"wp-block-column is-layout-flow wp-block-column-is-layout-flow\" style=\"flex-basis:25%\"><\/div>\n<\/div>\n<\/div><\/div>\n\n<div style=\"height:50px\" aria-hidden=\"true\" class=\"wp-block-spacer\"><\/div>\n\n<div class=\"wp-block-columns is-layout-flex wp-container-core-columns-is-layout-9d6595d7 wp-block-columns-is-layout-flex\">\n<div class=\"wp-block-column is-layout-flow wp-block-column-is-layout-flow\" style=\"flex-basis:10%\"><\/div>\n\n\n\n<div class=\"wp-block-column is-layout-flow wp-block-column-is-layout-flow\">\n<h2 class=\"wp-block-heading has-text-align-center\">VENDIAMO CASCHI BALISTICI<\/h2>\n\n\n\n<figure class=\"wp-block-gallery has-nested-images columns-4 is-cropped wp-block-gallery-1 is-layout-flex wp-block-gallery-is-layout-flex\">\n<figure class=\"wp-block-image size-medium\"><img decoding=\"async\" data-id=\"5154\" src=\"https:\/\/tyditiao.com\/wp-content\/uploads\/2022\/10\/&#x672A;&#x6807;&#x9898;-51-300x300.png\" alt=\"Gilet antiproiettile tattico da esterno dotato di display a pannello antiproiettile\" class=\"wp-image-5154\"\/><\/figure>\n\n\n<figure class=\"wp-block-image size-medium\"><img loading=\"lazy\" decoding=\"async\" width=\"300\" height=\"300\" data-id=\"1343\" src=\"http:\/\/tyditiao.com\/wp-content\/uploads\/2022\/06\/7-300x300.jpg\" alt=\"\" class=\"wp-image-1343\" srcset=\"http:\/\/tyditiao.com\/wp-content\/uploads\/2022\/06\/7-300x300.jpg 300w, http:\/\/tyditiao.com\/wp-content\/uploads\/2022\/06\/7-100x100.jpg 100w, http:\/\/tyditiao.com\/wp-content\/uploads\/2022\/06\/7-600x600.jpg 600w, http:\/\/tyditiao.com\/wp-content\/uploads\/2022\/06\/7-1024x1024.jpg 1024w, http:\/\/tyditiao.com\/wp-content\/uploads\/2022\/06\/7-150x150.jpg 150w, http:\/\/tyditiao.com\/wp-content\/uploads\/2022\/06\/7-768x768.jpg 768w, http:\/\/tyditiao.com\/wp-content\/uploads\/2022\/06\/7.jpg 1200w\" sizes=\"auto, (max-width: 300px) 100vw, 300px\" \/><\/figure>\n\n\n<figure class=\"wp-block-image size-medium\"><img decoding=\"async\" data-id=\"4955\" src=\"https:\/\/tyditiao.com\/wp-content\/uploads\/2022\/10\/&#x672A;&#x6807;&#x9898;-3-300x300.png\" alt=\"Schema della maschera balistica tattica NIJ IIIA a pieno facciale\" class=\"wp-image-4955\"\/><\/figure>\n\n\n<figure class=\"wp-block-image size-medium\"><img decoding=\"async\" data-id=\"5396\" src=\"https:\/\/tyditiao.com\/wp-content\/uploads\/2022\/10\/SICPE&#xFF0C;NIJ-Level-IV&#xFF0C;23MM&#xFF0C;2.5KG-300x300.png\" alt=\"SIC+PE, NIJ Level IV, 23MM, 2.5KG, inserto balistico corazza antiproiettile, 250X300MM\" class=\"wp-image-5396\"\/><\/figure><\/figure>\n\n\n\n<div style=\"height:50px\" aria-hidden=\"true\" class=\"wp-block-spacer\"><\/div>\n\n\n\n<h2 class=\"wp-block-heading has-text-align-center\">FAQ<\/h2>\n\n\n\n<div style=\"height:30px\" aria-hidden=\"true\" class=\"wp-block-spacer\"><\/div>\n\n\n\n<div class=\"wp-block-columns is-layout-flex wp-container-core-columns-is-layout-9d6595d7 wp-block-columns-is-layout-flex\">\n<div class=\"wp-block-column is-layout-flow wp-block-column-is-layout-flow\">\n<h6 class=\"wp-block-heading\">Hai una fabbrica fisica?<\/h6>\n\n\n\n<p>S\u00ec!\nAbbiamo una fabbrica fisica e forniamo all&#8217;ingrosso per i venditori di caschi europei e americani per 6 anni.\nSpediamo grandi quantit\u00e0 di caschi in tutto il mondo ogni giorno e questo \u00e8 il nostro negozio di fabbrica.  <\/p>\n<\/div>\n\n\n\n<div class=\"wp-block-column is-layout-flow wp-block-column-is-layout-flow\">\n<h6 class=\"wp-block-heading\">C&#8217;\u00e8 uno sconto per l&#8217;acquisto direttamente dalla fabbrica?<\/h6>\n\n\n\n<p>Ovviamente, effettuando un ordine direttamente dal nostro sito web di fabbrica, puoi risparmiare oltre il 20% rispetto al prezzo di vendita del rivenditore, perch\u00e9 risparmia il costo medio.\nAllo stesso tempo, intendiamo anche portare profitti ai consumatori finali per espandere la scala della nostra attivit\u00e0 di vendita al dettaglio. <\/p>\n<\/div>\n<\/div>\n\n\n\n<div class=\"wp-block-columns is-layout-flex wp-container-core-columns-is-layout-9d6595d7 wp-block-columns-is-layout-flex\">\n<div class=\"wp-block-column is-layout-flow wp-block-column-is-layout-flow\">\n<h6 class=\"wp-block-heading\">Qual \u00e8 il costo di spedizione di un articolo? In quanto tempo posso ottenerlo?<\/h6>\n\n\n\n<p>Le commissioni FedEx sono incluse in tutti i prezzi dei caschi, quindi non devi pagare un extra per la spedizione.\nFEDEX Express pu\u00f2 consegnarti il \u200b\u200bcasco entro 6-14 giorni lavorativi e il tuo spedizioniere Fedex locale ti chiamer\u00e0 non appena il pacco arriva nella tua citt\u00e0 e te lo spedir\u00e0 direttamente. <\/p>\n<\/div>\n\n\n\n<div class=\"wp-block-column is-layout-flow wp-block-column-is-layout-flow\">\n<h6 class=\"wp-block-heading\">Da dove viene spedito l&#8217;ordine e sono sicuro di riceverlo?<\/h6>\n\n\n\n<p>Spedito dal nostro magazzino di fabbrica in Cina, abbiamo venduto un gran numero di caschi antiproiettile negli Stati Uniti, Polonia, Germania, Giappone e molti altri paesi, ti invieremo un numero di tracciamento per posta dopo la consegna, puoi controllare lo stato del prodotto in qualsiasi momento Stato della spedizione.<\/p>\n<\/div>\n<\/div>\n\n\n\n<div class=\"wp-block-columns is-layout-flex wp-container-core-columns-is-layout-9d6595d7 wp-block-columns-is-layout-flex\">\n<div class=\"wp-block-column is-layout-flow wp-block-column-is-layout-flow\">\n<h6 class=\"wp-block-heading\">Come effettuare un ordine e come pagare<\/h6>\n\n\n\n<p>Accettiamo solo pagamenti per ordini tramite Paypal e Western Union. Se non hai ancora Paypal, registrati qui su www.paypal.com per acquistare e pagare in modo sicuro tramite Paypal. Se scegli di pagare con Western Union, ti preghiamo di contattarci per confermare le informazioni di pagamento.<\/p>\n<\/div>\n\n\n\n<div class=\"wp-block-column is-layout-flow wp-block-column-is-layout-flow\">\n<h6 class=\"wp-block-heading\">Devo acquistare pi\u00f9 caschi contemporaneamente, posso ottenere uno sconto aggiuntivo?<\/h6>\n\n\n\n<p>Naturalmente, se hai bisogno di pi\u00f9 di 5 caschi per uso personale o in vendita, contattaci direttamente.\nOtterrai prezzi migliori rispetto al nostro attuale negozio online.\nDa non perdere perch\u00e9 ti far\u00e0 risparmiare un sacco di soldi.  <\/p>\n<\/div>\n<\/div>\n\n\n\n<div style=\"height:50px\" aria-hidden=\"true\" class=\"wp-block-spacer\"><\/div>\n\n\n\n<h2 class=\"wp-block-heading has-text-align-center\">Spedizione gratuita in tutte le zone<\/h2>\n\n\n\n<h4 class=\"wp-block-heading has-text-align-center\">zona di consegna<\/h4>\n\n\n\n<p class=\"has-text-align-center\"><strong>Europa:<\/strong> Polonia, Lituania, Germania, Paesi Bassi, Ungheria, Regno Unito, Francia, Italia, Spagna, Austria, Belgio, Lussemburgo, Irlanda, Bulgaria, Croazia, Repubblica Ceca, Estonia, Finlandia, Lettonia, Malta, Portogallo, Romania, Slovacchia, Slovenia , Svezia, Danimarca, Grecia, Svizzera, Norvegia, Cipro<\/p>\n\n\n\n<p class=\"has-text-align-center\"><strong>Asia:<\/strong> Taiwan, Macao, Hong Kong, Singapore, Malesia, Tailandia, Vietnam, Filippine, Israele, Turchia, Corea, Giappone, Bahrein, Arabia Saudita, Libano, Emirati Arabi Uniti<\/p>\n\n\n\n<p class=\"has-text-align-center\"><strong>Nord America:<\/strong> Stati Uniti, Canada, Messico<\/p>\n\n\n\n<p class=\"has-text-align-center\"><strong>Sud America:<\/strong> Brasile, Cile, Colombia<\/p>\n\n\n\n<p class=\"has-text-align-center\"><strong>Oceania:<\/strong> Australia, Nuova Zelanda<\/p>\n\n\n\n<p class=\"has-text-align-center\"><strong>Africa:<\/strong> Sudafrica<\/p>\n\n\n\n<p class=\"has-text-align-center\"><strong>Nuova regione:<\/strong> Ucraina (non esiste un servizio di consegna nell&#8217;area contestata e l&#8217;ordine verr\u00e0 annullato)<\/p>\n\n\n\n<h4 class=\"wp-block-heading has-text-align-center\">spedizione gratuita<\/h4>\n\n\n\n<p class=\"has-text-align-center\">Al fine di espandere la scala del mercato al dettaglio, implementiamo una politica di consegna gratuita per le aree di consegna di cui sopra, il che significa che non \u00e8 necessario pagare le spese di spedizione oltre il prezzo del prodotto stesso.<\/p>\n\n\n\n<h4 class=\"wp-block-heading has-text-align-center\">tempo di consegna dell&#8217;ordine<\/h4>\n\n\n\n<p class=\"has-text-align-center\"><strong>Tempo di preparazione dell&#8217;ordine:<\/strong> entro 1-6 giorni lavorativi dalla ricezione del pagamento (ti invieremo il numero della lettera di vettura dopo la consegna del pacco al corriere)<\/p>\n\n\n\n<p class=\"has-text-align-center\"><strong>Tempo di spedizione espresso:<\/strong> 6-14 giorni lavorativi<\/p>\n\n\n\n<div style=\"height:50px\" aria-hidden=\"true\" class=\"wp-block-spacer\"><\/div>\n\n\n\n<h2 class=\"wp-block-heading has-text-align-center\">pagare<\/h2>\n\n\n\n<h4 class=\"wp-block-heading has-text-align-center\">Modalit\u00e0 di pagamento<\/h4>\n\n\n\n<p class=\"has-text-align-center\">Accedi alla pagina di checkout per il pagamento anticipato tramite PAYPAL oppure paga l&#8217;ordine tramite Western Union.<\/p>\n\n\n\n<p class=\"has-text-align-center\"><strong>A. Vai alla pagina di pagamento e paga in anticipo tramite PAYPAL<\/strong><br\/>1. Aggiungi il prodotto che ti piace al carrello<br\/>2. Fare clic sul pulsante del carrello nell&#8217;angolo in alto a destra per visualizzare e confermare la quantit\u00e0 del prodotto<br\/>3. Fare clic sul pulsante dell&#8217;ordine per accedere alla pagina di pagamento, fornire l&#8217;indirizzo di consegna, l&#8217;indirizzo e-mail e altre informazioni<br\/>4. Paga l&#8217;importo dell&#8217;ordine tramite PayPal<br\/>5. Acquisto completato, in attesa del ritiro della merce<\/p>\n\n\n\n<p class=\"has-text-align-center\"><strong>B. Pagamento Western Union per il tuo ordine<\/strong><br\/>1. La comunicazione via e-mail richiede informazioni come prodotto e quantit\u00e0, nonch\u00e9 l&#8217;indirizzo di ritiro<br\/>2. Bonifico per pagare l&#8217;importo dell&#8217;ordine<br\/>3. Acquisto completato, in attesa del ritiro della merce<\/p>\n\n\n\n<h4 class=\"wp-block-heading has-text-align-center\">Valuta di supporto<\/h4>\n\n\n\n<p class=\"has-text-align-center\">Possiamo accettare qualsiasi delle seguenti valute, quindi puoi scegliere la valuta pi\u00f9 adatta a te quando paghi<\/p>\n\n\n\n<p class=\"has-text-align-center\">Nuovo dollaro taiwanese (NT$) &#8211; TWD<br\/>Zloty polacco (PLN) &#8211; PLN<br\/>Dollaro degli Stati Uniti (US) ($) &#8211; USD<br\/>Sterlina britannica (\u00a3) &#8211; GBP<br\/>Euro (\u20ac) &#8211; EUR<br\/>Yen giapponese (\u00a5) &#8211; JPY<br\/>Dollaro canadese ($) &#8211; CAD<br\/>Corona ceca (K\u010d) &#8211; CZK<br\/>Peso messicano ($) &#8211; MXN<\/p>\n\n\n\n<div style=\"height:50px\" aria-hidden=\"true\" class=\"wp-block-spacer\"><\/div>\n\n\n\n<h2 class=\"wp-block-heading has-text-align-center\">Politica di restituzione di 30 giorni<\/h2>\n\n\n\n<h4 class=\"wp-block-heading has-text-align-center\">politica di ritorno<\/h4>\n\n\n\n<p class=\"has-text-align-center\">Abbiamo una politica di restituzione di 30 giorni, il che significa che puoi richiedere un reso entro 30 giorni dalla ricezione dell&#8217;articolo.<\/p>\n\n\n\n<p class=\"has-text-align-center\">Per essere idoneo al reso, l&#8217;articolo deve essere nelle stesse condizioni in cui lo hai ricevuto, mai indossato o non utilizzato e nella sua confezione originale.\nAvrai anche bisogno di una ricevuta o una prova d&#8217;acquisto. <\/p>\n\n\n\n<p class=\"has-text-align-center\">Per avviare un reso, puoi contattarci all&#8217;indirizzo <strong>tyditiao@gmail.com<\/strong>.\nSe il tuo reso viene approvato, ti invieremo un&#8217;etichetta di reso con le istruzioni su come e dove spedire il pacco.\nGli articoli restituiti senza previa richiesta di reso non saranno accettati.  <\/p>\n\n\n\n<p class=\"has-text-align-center\">Se c&#8217;\u00e8 qualche problema in cambio, puoi contattarci all&#8217;indirizzo <strong>tyditiao@gmail.com<\/strong> in qualsiasi momento.<\/p>\n\n\n\n<h4 class=\"wp-block-heading has-text-align-center\">danni e problemi<\/h4>\n\n\n\n<p class=\"has-text-align-center\">Ti preghiamo di controllare immediatamente il tuo ordine dopo averlo ricevuto, se l&#8217;articolo \u00e8 rotto, danneggiato o hai ricevuto l&#8217;articolo sbagliato (<a href=\"https:\/\/tyditiao.com\/it\/contatto\/\">contattaci<\/a>) in modo che possiamo trovare il problema e risolverlo immediatamente.<\/p>\n\n\n\n<h4 class=\"wp-block-heading has-text-align-center\">scambio<\/h4>\n\n\n\n<p class=\"has-text-align-center\">Il modo pi\u00f9 rapido per assicurarti di ottenere ci\u00f2 che desideri \u00e8 restituire l&#8217;articolo che hai e acquistare un nuovo articolo separatamente dopo aver accettato il reso.<\/p>\n\n\n\n<h4 class=\"wp-block-heading has-text-align-center\">Restituzione<\/h4>\n\n\n\n<p class=\"has-text-align-center\">Una volta che il tuo reso sar\u00e0 stato ricevuto e ispezionato, ti avviseremo e il rimborso verr\u00e0 automaticamente rimborsato sul metodo di pagamento originale.\nTuttavia, potrebbe essere necessario del tempo prima che la banca o l&#8217;istituto di emissione della carta di credito elabori ed emetta il pagamento. <\/p>\n<\/div>\n\n\n\n<div class=\"wp-block-column is-layout-flow wp-block-column-is-layout-flow\" style=\"flex-basis:10%\"><\/div>\n<\/div>\n\n<p><\/p>\n","protected":false},"excerpt":{"rendered":"<p>VENDIAMO CASCHI BALISTICI FAQ Hai una fabbrica fisica? S\u00ec! Abbiamo una fabbrica fisica e forniamo all&#8217;ingrosso per i venditori di&#8230;<\/p>\n","protected":false},"author":1,"featured_media":0,"parent":0,"menu_order":0,"comment_status":"closed","ping_status":"closed","template":"","meta":{"footnotes":""},"class_list":["post-3883","page","type-page","status-publish","hentry"],"_links":{"self":[{"href":"http:\/\/tyditiao.com\/it\/wp-json\/wp\/v2\/pages\/3883","targetHints":{"allow":["GET"]}}],"collection":[{"href":"http:\/\/tyditiao.com\/it\/wp-json\/wp\/v2\/pages"}],"about":[{"href":"http:\/\/tyditiao.com\/it\/wp-json\/wp\/v2\/types\/page"}],"author":[{"embeddable":true,"href":"http:\/\/tyditiao.com\/it\/wp-json\/wp\/v2\/users\/1"}],"replies":[{"embeddable":true,"href":"http:\/\/tyditiao.com\/it\/wp-json\/wp\/v2\/comments?post=3883"}],"version-history":[{"count":15,"href":"http:\/\/tyditiao.com\/it\/wp-json\/wp\/v2\/pages\/3883\/revisions"}],"predecessor-version":[{"id":16391,"href":"http:\/\/tyditiao.com\/it\/wp-json\/wp\/v2\/pages\/3883\/revisions\/16391"}],"wp:attachment":[{"href":"http:\/\/tyditiao.com\/it\/wp-json\/wp\/v2\/media?parent=3883"}],"curies":[{"name":"wp","href":"https:\/\/api.w.org\/{rel}","templated":true}]}}