{"id":3814,"date":"2022-08-20T04:12:32","date_gmt":"2022-08-20T02:12:32","guid":{"rendered":"http:\/\/tyditiao.com\/namai\/"},"modified":"2025-01-04T16:01:30","modified_gmt":"2025-01-04T14:01:30","slug":"namai","status":"publish","type":"page","link":"http:\/\/tyditiao.com\/lt\/","title":{"rendered":"Namai"},"content":{"rendered":"\n<div class=\"wp-block-cover is-light\" style=\"min-height:240px;aspect-ratio:unset;\"><span aria-hidden=\"true\" class=\"wp-block-cover__background has-background-dim-20 has-background-dim\" style=\"background-color:#b7ad73\"><\/span><img loading=\"lazy\" decoding=\"async\" width=\"1401\" height=\"539\" class=\"wp-block-cover__image-background wp-image-1576\" alt=\"\" src=\"http:\/\/tyditiao.com\/wp-content\/uploads\/2022\/06\/2022-06-13_182159.png\" data-object-fit=\"cover\" srcset=\"http:\/\/tyditiao.com\/wp-content\/uploads\/2022\/06\/2022-06-13_182159.png 1401w, http:\/\/tyditiao.com\/wp-content\/uploads\/2022\/06\/2022-06-13_182159-600x231.png 600w, http:\/\/tyditiao.com\/wp-content\/uploads\/2022\/06\/2022-06-13_182159-300x115.png 300w, http:\/\/tyditiao.com\/wp-content\/uploads\/2022\/06\/2022-06-13_182159-1024x394.png 1024w, http:\/\/tyditiao.com\/wp-content\/uploads\/2022\/06\/2022-06-13_182159-768x295.png 768w, http:\/\/tyditiao.com\/wp-content\/uploads\/2022\/06\/2022-06-13_182159-1320x508.png 1320w\" sizes=\"auto, (max-width: 1401px) 100vw, 1401px\" \/><div class=\"wp-block-cover__inner-container is-layout-constrained wp-block-cover-is-layout-constrained\">\n<div class=\"wp-block-columns is-layout-flex wp-container-core-columns-is-layout-9d6595d7 wp-block-columns-is-layout-flex\">\n<div class=\"wp-block-column is-layout-flow wp-block-column-is-layout-flow\" style=\"flex-basis:25%\"><\/div>\n\n\n\n<div class=\"wp-block-column is-layout-flow wp-block-column-is-layout-flow\" style=\"flex-basis:50%\">\n<div style=\"height:20px\" aria-hidden=\"true\" class=\"wp-block-spacer\"><\/div>\n\n\n\n<p class=\"has-text-align-center custom-style has-text-color has-link-color has-large-font-size wp-elements-25671ad4197bbde0b4a06269c0730864\" style=\"color:#ffffff\">Specializuojam\u0117s \u012fvairi\u0173 stili\u0173 taktini\u0173 karini\u0173 balistini\u0173 \u0161alm\u0173 gamyboje ir prekyboje<\/p>\n<\/div>\n\n\n\n<div class=\"wp-block-column is-layout-flow wp-block-column-is-layout-flow\" style=\"flex-basis:25%\"><\/div>\n<\/div>\n<\/div><\/div>\n\n<div style=\"height:50px\" aria-hidden=\"true\" class=\"wp-block-spacer\"><\/div>\n\n<div class=\"wp-block-columns is-layout-flex wp-container-core-columns-is-layout-9d6595d7 wp-block-columns-is-layout-flex\">\n<div class=\"wp-block-column is-layout-flow wp-block-column-is-layout-flow\" style=\"flex-basis:10%\"><\/div>\n\n\n\n<div class=\"wp-block-column is-layout-flow wp-block-column-is-layout-flow\">\n<h2 class=\"wp-block-heading has-text-align-center\">Parduodame balistinius \u0161almus<\/h2>\n\n\n\n<figure class=\"wp-block-gallery has-nested-images columns-4 is-cropped wp-block-gallery-1 is-layout-flex wp-block-gallery-is-layout-flex\">\n<figure class=\"wp-block-image size-medium\"><img decoding=\"async\" data-id=\"5154\" src=\"https:\/\/tyditiao.com\/wp-content\/uploads\/2022\/10\/&#x672A;&#x6807;&#x9898;-51-300x300.png\" alt=\"Lauko taktin&#x117; neper&#x161;aunama liemen&#x117; su neper&#x161;aunamu skydeliu\" class=\"wp-image-5154\"\/><\/figure>\n\n\n<figure class=\"wp-block-image size-medium\"><img loading=\"lazy\" decoding=\"async\" width=\"300\" height=\"300\" data-id=\"1343\" src=\"http:\/\/tyditiao.com\/wp-content\/uploads\/2022\/06\/7-300x300.jpg\" alt=\"\" class=\"wp-image-1343\" srcset=\"http:\/\/tyditiao.com\/wp-content\/uploads\/2022\/06\/7-300x300.jpg 300w, http:\/\/tyditiao.com\/wp-content\/uploads\/2022\/06\/7-100x100.jpg 100w, http:\/\/tyditiao.com\/wp-content\/uploads\/2022\/06\/7-600x600.jpg 600w, http:\/\/tyditiao.com\/wp-content\/uploads\/2022\/06\/7-1024x1024.jpg 1024w, http:\/\/tyditiao.com\/wp-content\/uploads\/2022\/06\/7-150x150.jpg 150w, http:\/\/tyditiao.com\/wp-content\/uploads\/2022\/06\/7-768x768.jpg 768w, http:\/\/tyditiao.com\/wp-content\/uploads\/2022\/06\/7.jpg 1200w\" sizes=\"auto, (max-width: 300px) 100vw, 300px\" \/><\/figure>\n\n\n<figure class=\"wp-block-image size-medium\"><img decoding=\"async\" data-id=\"4955\" src=\"https:\/\/tyditiao.com\/wp-content\/uploads\/2022\/10\/&#x672A;&#x6807;&#x9898;-3-300x300.png\" alt=\"NIJ IIIA viso veido taktin&#x117; balistin&#x117; kauk&#x117;-schema\" class=\"wp-image-4955\"\/><\/figure>\n\n\n<figure class=\"wp-block-image size-medium\"><img decoding=\"async\" data-id=\"5396\" src=\"https:\/\/tyditiao.com\/wp-content\/uploads\/2022\/10\/SICPE&#xFF0C;NIJ-Level-IV&#xFF0C;23MM&#xFF0C;2.5KG-300x300.png\" alt=\"SIC+PE, NIJ IV lygis, 23 mm, 2,5 kg, neper&#x161;aunamas kr&#x16B;tin&#x117;s balistinis &#x12F;d&#x117;klas, 250 x 300 mm\" class=\"wp-image-5396\"\/><\/figure><\/figure>\n\n\n\n<div style=\"height:50px\" aria-hidden=\"true\" class=\"wp-block-spacer\"><\/div>\n\n\n\n<h2 class=\"wp-block-heading has-text-align-center\">DUK<\/h2>\n\n\n\n<div style=\"height:30px\" aria-hidden=\"true\" class=\"wp-block-spacer\"><\/div>\n\n\n\n<div class=\"wp-block-columns is-layout-flex wp-container-core-columns-is-layout-9d6595d7 wp-block-columns-is-layout-flex\">\n<div class=\"wp-block-column is-layout-flow wp-block-column-is-layout-flow\">\n<h6 class=\"wp-block-heading\">Ar turite fizin\u0119 gamykl\u0105?<\/h6>\n\n\n\n<p>Taip!\nMes turime fizin\u0119 gamykl\u0105 ir 6 metus teikiame didmenin\u0119 prekyb\u0105 Europos ir Amerikos \u0161alm\u0173 pardav\u0117jams.\nKiekvien\u0105 dien\u0105 siun\u010diame didelius \u0161alm\u0173 kiekius visame pasaulyje ir tai yra m\u016bs\u0173 gamyklos parduotuv\u0117.  <\/p>\n<\/div>\n\n\n\n<div class=\"wp-block-column is-layout-flow wp-block-column-is-layout-flow\">\n<h6 class=\"wp-block-heading\">Ar yra nuolaida perkant tiesiai i\u0161 gamyklos?<\/h6>\n\n\n\n<p>\u017dinoma, pateik\u0119 u\u017esakym\u0105 tiesiai i\u0161 m\u016bs\u0173 gamyklos svetain\u0117s, galite sutaupyti daugiau nei 20%, palyginti su pardav\u0117jo pardavimo kaina, nes tai suma\u017eina vidutines i\u0161laidas.\nTuo pat metu taip pat ketiname atne\u0161ti pelno galutiniams vartotojams, kad padidintume savo ma\u017emenin\u0117s prekybos mast\u0105. <\/p>\n<\/div>\n<\/div>\n\n\n\n<div class=\"wp-block-columns is-layout-flex wp-container-core-columns-is-layout-9d6595d7 wp-block-columns-is-layout-flex\">\n<div class=\"wp-block-column is-layout-flow wp-block-column-is-layout-flow\">\n<h6 class=\"wp-block-heading\">Kokia yra prek\u0117s siuntimo kaina? Kaip greitai galiu j\u012f gauti?<\/h6>\n\n\n\n<p>FedEx mokes\u010diai yra \u012fskai\u010diuoti \u012f visas \u0161almo kainas, tod\u0117l jums nereik\u0117s papildomai mok\u0117ti u\u017e siuntim\u0105.\n\u201eFEDEX Express\u201c gali gauti j\u016bs\u0173 \u0161alm\u0105 per 6\u201314 darbo dien\u0173, o vietinis \u201eFedex\u201c siunt\u0117jas jums paskambins, kai tik siuntinys atvyks \u012f j\u016bs\u0173 miest\u0105 ir i\u0161si\u0173s j\u012f tiesiai jums. <\/p>\n<\/div>\n\n\n\n<div class=\"wp-block-column is-layout-flow wp-block-column-is-layout-flow\">\n<h6 class=\"wp-block-heading\">I\u0161 kur siun\u010diamas u\u017esakymas ir ar esu tikras, kad j\u012f gausiu?<\/h6>\n\n\n\n<p>Siun\u010diame i\u0161 m\u016bs\u0173 gamyklos sand\u0117lio Kinijoje, pardav\u0117me daugyb\u0119 neper\u0161aunam\u0173 \u0161alm\u0173 \u012f JAV, Lenkij\u0105, Vokietij\u0105, Japonij\u0105 ir daugel\u012f kit\u0173 \u0161ali\u0173, po pristatymo atsi\u0173sime jums sekimo numer\u012f pa\u0161tu, gal\u0117site patikrinti gaminio b\u016bsen\u0105. bet kuriuo metu Siuntimo b\u016bsena.<\/p>\n<\/div>\n<\/div>\n\n\n\n<div class=\"wp-block-columns is-layout-flex wp-container-core-columns-is-layout-9d6595d7 wp-block-columns-is-layout-flex\">\n<div class=\"wp-block-column is-layout-flow wp-block-column-is-layout-flow\">\n<h6 class=\"wp-block-heading\">Kaip pateikti u\u017esakym\u0105 ir kaip sumok\u0117ti<\/h6>\n\n\n\n<p>Apmok\u0117jim\u0105 priimame tik u\u017e u\u017esakymus per Paypal ir Western Union. Jei dar neturite Paypal, u\u017esiregistruokite \u010dia www.paypal.com, kad gal\u0117tum\u0117te saugiai pirkti ir mok\u0117ti per Paypal. Jei pasirenkate mok\u0117ti \u201eWestern Union\u201c, susisiekite su mumis ir patvirtinkite mok\u0117jimo informacij\u0105.<\/p>\n<\/div>\n\n\n\n<div class=\"wp-block-column is-layout-flow wp-block-column-is-layout-flow\">\n<h6 class=\"wp-block-heading\">Man reikia pirkti kelis \u0161almus vienu metu, ar galiu gauti papildom\u0105 nuolaid\u0105?<\/h6>\n\n\n\n<p>\u017dinoma, jei jums reikia daugiau nei 5 \u0161alm\u0173 savo reikm\u0117ms ar pardavimui, susisiekite su mumis tiesiogiai.\nJ\u016bs gausite geresnes kainas nei m\u016bs\u0173 dabartin\u0117 internetin\u0117 parduotuv\u0117.\nNepraleiskite to, nes taip sutaupysite daug pinig\u0173.  <\/p>\n<\/div>\n<\/div>\n\n\n\n<div style=\"height:50px\" aria-hidden=\"true\" class=\"wp-block-spacer\"><\/div>\n\n\n\n<h2 class=\"wp-block-heading has-text-align-center\">Nemokamas pristatymas \u012f visas teritorijas<\/h2>\n\n\n\n<h4 class=\"wp-block-heading has-text-align-center\">pristatymo sritis<\/h4>\n\n\n\n<p class=\"has-text-align-center\"><strong>Europa:<\/strong> Lenkija, Lietuva, Vokietija, Nyderlandai, Vengrija, JK, Pranc\u016bzija, Italija, Ispanija, Austrija, Belgija, Liuksemburgas, Airija, Bulgarija, Kroatija, \u010cekija, Estija, Suomija, Latvija, Malta, Portugalija, Rumunija, Slovakija, Slov\u0117nija , \u0160vedija, Danija, Graikija, \u0160veicarija, Norvegija, Kipras<\/p>\n\n\n\n<p class=\"has-text-align-center\"><strong>Azija:<\/strong> Taivanas, Makao, Honkongas, Singap\u016bras, Malaizija, Tailandas, Vietnamas, Filipinai, Izraelis, Turkija, Kor\u0117ja, Japonija, Bahreinas, Saudo Arabija, Libanas, Jungtiniai Arab\u0173 Emyratai<\/p>\n\n\n\n<p class=\"has-text-align-center\"><strong>\u0160iaur\u0117s Amerika:<\/strong> JAV, Kanada, Meksika<\/p>\n\n\n\n<p class=\"has-text-align-center\"><strong>Piet\u0173 Amerika:<\/strong> Brazilija, \u010cil\u0117, Kolumbija<\/p>\n\n\n\n<p class=\"has-text-align-center\"><strong>Okeanija:<\/strong> Australija, Naujoji Zelandija<\/p>\n\n\n\n<p class=\"has-text-align-center\"><strong>Afrika:<\/strong> Piet\u0173 Afrika<\/p>\n\n\n\n<p class=\"has-text-align-center\"><strong>Naujas regionas:<\/strong> Ukraina (gin\u010do teritorijoje n\u0117ra pristatymo paslaugos, o u\u017esakymas bus at\u0161auktas)<\/p>\n\n\n\n<h4 class=\"wp-block-heading has-text-align-center\">nemokamas pristatymas<\/h4>\n\n\n\n<p class=\"has-text-align-center\">Siekdami i\u0161pl\u0117sti ma\u017emenin\u0117s prekybos mast\u0105, auk\u0161\u010diau nurodytose pristatymo srityse \u012fgyvendiname nemokamo pristatymo politik\u0105, o tai rei\u0161kia, kad nereikia mok\u0117ti siuntimo mokes\u010dio, vir\u0161ijan\u010dio paties produkto kain\u0105.<\/p>\n\n\n\n<h4 class=\"wp-block-heading has-text-align-center\">u\u017esakymo pristatymo laikas<\/h4>\n\n\n\n<p class=\"has-text-align-center\"><strong>U\u017esakymo paruo\u0161imo laikas:<\/strong> per 1-6 darbo dienas nuo apmok\u0117jimo gavimo (va\u017etara\u0161\u010dio numer\u012f atsi\u0173sime po siuntos perdavimo kurjeri\u0173 \u012fmonei)<\/p>\n\n\n\n<p class=\"has-text-align-center\"><strong>Greitojo pristatymo laikas:<\/strong> 6-14 darbo dien\u0173<\/p>\n\n\n\n<div style=\"height:50px\" aria-hidden=\"true\" class=\"wp-block-spacer\"><\/div>\n\n\n\n<h2 class=\"wp-block-heading has-text-align-center\">mok\u0117ti<\/h2>\n\n\n\n<h4 class=\"wp-block-heading has-text-align-center\">Mok\u0117jimo metodai<\/h4>\n\n\n\n<p class=\"has-text-align-center\">\u012eeikite \u012f atsiskaitymo puslap\u012f, kad i\u0161 anksto apmok\u0117tum\u0117te per PAYPAL, arba sumok\u0117kite u\u017e u\u017esakym\u0105 per Western Union.<\/p>\n\n\n\n<p class=\"has-text-align-center\"><strong>A. Eikite \u012f atsiskaitymo puslap\u012f ir sumok\u0117kite i\u0161 anksto per PAYPAL<\/strong><br\/>1. \u012ed\u0117kite patinkan\u010di\u0105 prek\u0119 \u012f krep\u0161el\u012f<br\/>2. Spustel\u0117kite krep\u0161elio mygtuk\u0105 vir\u0161utiniame de\u0161iniajame kampe, nor\u0117dami per\u017ei\u016br\u0117ti ir patvirtinti prek\u0117s kiek\u012f<br\/>3. Spustel\u0117kite u\u017esakymo mygtuk\u0105, kad patektum\u0117te \u012f atsiskaitymo puslap\u012f, nurodytum\u0117te pristatymo adres\u0105, el. pa\u0161to adres\u0105 ir kit\u0105 informacij\u0105<br\/>4. Sumok\u0117kite u\u017esakymo sum\u0105 per PayPal<br\/>5. Apsipirkimas baigtas, laukiama preki\u0173 atsi\u0117mimo<\/p>\n\n\n\n<p class=\"has-text-align-center\"><strong>B. Western Union mok\u0117jimas u\u017e u\u017esakym\u0105<\/strong><br\/>1. Norint susisiekti el. pa\u0161tu, reikia tokios informacijos kaip produktas ir kiekis, taip pat atsi\u0117mimo adresas<br\/>2. Pavedimas u\u017esakymo sumai apmok\u0117ti<br\/>3. Apsipirkimas baigtas, laukiama preki\u0173 atsi\u0117mimo<\/p>\n\n\n\n<h4 class=\"wp-block-heading has-text-align-center\">Palaikymo valiuta<\/h4>\n\n\n\n<p class=\"has-text-align-center\">Galime priimti bet kuri\u0105 i\u0161 \u0161i\u0173 valiut\u0173, tod\u0117l mok\u0117dami gal\u0117site pasirinkti jums tinkamiausi\u0105 valiut\u0105<\/p>\n\n\n\n<p class=\"has-text-align-center\">Naujasis Taivano doleris (NT$) \u2013 TWD<br\/>Lenkijos zlotas (PLN) \u2013 PLN<br\/>Jungtini\u0173 Valstij\u0173 doleris (JAV) ($) \u2013 USD<br\/>Svaras sterling\u0173 (\u00a3) \u2013 GBP<br\/>Eurai (\u20ac) &#8211; EUR<br\/>Japonijos jena (\u00a5) \u2013 JPY<br\/>Kanados doleris ($) \u2013 CAD<br\/>\u010cekijos krona (K\u010d) \u2013 CZK<br\/>Meksikos pesas ($) \u2013 MXN<\/p>\n\n\n\n<div style=\"height:50px\" aria-hidden=\"true\" class=\"wp-block-spacer\"><\/div>\n\n\n\n<h2 class=\"wp-block-heading has-text-align-center\">30 dien\u0173 gr\u0105\u017einimo politika<\/h2>\n\n\n\n<h4 class=\"wp-block-heading has-text-align-center\">gra\u017einimo politika<\/h4>\n\n\n\n<p class=\"has-text-align-center\">Mes turime 30 dien\u0173 gr\u0105\u017einimo politik\u0105, o tai rei\u0161kia, kad galite pateikti pra\u0161ym\u0105 gr\u0105\u017einti per 30 dien\u0173 nuo prek\u0117s gavimo.<\/p>\n\n\n\n<p class=\"has-text-align-center\">Kad b\u016bt\u0173 galima gr\u0105\u017einti prek\u0119, ji turi b\u016bti tokios pat b\u016bkl\u0117s, kaip ir gauta prek\u0117, ned\u0117v\u0117ta ar nenaudota ir originalioje pakuot\u0117je.\nTaip pat reik\u0117s pirkimo kvito arba dokumento. <\/p>\n\n\n\n<p class=\"has-text-align-center\">Nor\u0117dami inicijuoti gr\u0105\u017einim\u0105, galite susisiekti su mumis adresu <strong>tyditiao@gmail.com<\/strong>.\nJei j\u016bs\u0173 gr\u0105\u017einimas bus patvirtintas, atsi\u0173sime jums gr\u0105\u017einimo etiket\u0119 su nurodymais, kaip ir kur i\u0161si\u0173sti pakuot\u0119.\nPrek\u0117s, siun\u010diamos mums be i\u0161ankstinio gr\u0105\u017einimo pra\u0161ymo, nepriimamos.  <\/p>\n\n\n\n<p class=\"has-text-align-center\">Jei kilt\u0173 koki\u0173 nors problem\u0173, galite bet kada susisiekti su mumis adresu <strong>tyditiao@gmail.com<\/strong>.<\/p>\n\n\n\n<h4 class=\"wp-block-heading has-text-align-center\">\u017eal\u0105 ir problemas<\/h4>\n\n\n\n<p class=\"has-text-align-center\">Gavus u\u017esakym\u0105 patikrinkite, jei prek\u0117 sugedo, sugadinta ar gavote ne t\u0105 prek\u0119, nedelsdami (<a href=\"https:\/\/tyditiao.com\/lt\/kontaktas\/\">susisiekite su mumis<\/a>), kad gal\u0117tume nedelsiant rasti problem\u0105 ir j\u0105 i\u0161spr\u0119sti.<\/p>\n\n\n\n<h4 class=\"wp-block-heading has-text-align-center\">mainai<\/h4>\n\n\n\n<p class=\"has-text-align-center\">Grei\u010diausias b\u016bdas \u012fsitikinti, kad gausite tai, ko norite, yra gr\u0105\u017einti turim\u0105 prek\u0119 ir pri\u0117mus gr\u0105\u017einim\u0105 atskirai nusipirkti nauj\u0105 prek\u0119.<\/p>\n\n\n\n<h4 class=\"wp-block-heading has-text-align-center\">gr\u0105\u017einti<\/h4>\n\n\n\n<p class=\"has-text-align-center\">Kai j\u016bs\u0173 gr\u0105\u017einimas bus gautas ir patikrintas, mes jus informuosime ir pinigai bus automati\u0161kai gr\u0105\u017einti \u012f pradin\u012f mok\u0117jimo b\u016bd\u0105.\nTa\u010diau gali praeiti \u0161iek tiek laiko, kol bankas ar kredito kortel\u0119 i\u0161davusi \u012fmon\u0117 apdoros ir i\u0161duos mok\u0117jim\u0105. <\/p>\n<\/div>\n\n\n\n<div class=\"wp-block-column is-layout-flow wp-block-column-is-layout-flow\" style=\"flex-basis:10%\"><\/div>\n<\/div>\n\n<p><\/p>\n","protected":false},"excerpt":{"rendered":"<p>Parduodame balistinius \u0161almus DUK Ar turite fizin\u0119 gamykl\u0105? Taip! Mes turime fizin\u0119 gamykl\u0105 ir 6 metus teikiame didmenin\u0119 prekyb\u0105 Europos&#8230;<\/p>\n","protected":false},"author":1,"featured_media":0,"parent":0,"menu_order":0,"comment_status":"closed","ping_status":"closed","template":"","meta":{"footnotes":""},"class_list":["post-3814","page","type-page","status-publish","hentry"],"_links":{"self":[{"href":"http:\/\/tyditiao.com\/lt\/wp-json\/wp\/v2\/pages\/3814","targetHints":{"allow":["GET"]}}],"collection":[{"href":"http:\/\/tyditiao.com\/lt\/wp-json\/wp\/v2\/pages"}],"about":[{"href":"http:\/\/tyditiao.com\/lt\/wp-json\/wp\/v2\/types\/page"}],"author":[{"embeddable":true,"href":"http:\/\/tyditiao.com\/lt\/wp-json\/wp\/v2\/users\/1"}],"replies":[{"embeddable":true,"href":"http:\/\/tyditiao.com\/lt\/wp-json\/wp\/v2\/comments?post=3814"}],"version-history":[{"count":15,"href":"http:\/\/tyditiao.com\/lt\/wp-json\/wp\/v2\/pages\/3814\/revisions"}],"predecessor-version":[{"id":16394,"href":"http:\/\/tyditiao.com\/lt\/wp-json\/wp\/v2\/pages\/3814\/revisions\/16394"}],"wp:attachment":[{"href":"http:\/\/tyditiao.com\/lt\/wp-json\/wp\/v2\/media?parent=3814"}],"curies":[{"name":"wp","href":"https:\/\/api.w.org\/{rel}","templated":true}]}}