{"id":13197,"date":"2022-10-12T08:35:45","date_gmt":"2022-10-12T06:35:45","guid":{"rendered":"http:\/\/tyditiao.com\/product\/caurspidiga-ballistiska-maska-nij-iiia-nonemama-kiverem-ar-sliedem-abas-puses\/"},"modified":"2026-01-25T18:34:17","modified_gmt":"2026-01-25T16:34:17","slug":"caurspidiga-lozu-necaurlaidiga-maska-nij-iiia-nonemama-kiverim-ar-sliedem-abas-puses-wendy-fast-utt","status":"publish","type":"product","link":"http:\/\/tyditiao.com\/lv\/product\/caurspidiga-lozu-necaurlaidiga-maska-nij-iiia-nonemama-kiverim-ar-sliedem-abas-puses-wendy-fast-utt\/","title":{"rendered":"Caursp\u012bd\u012bga ballistisk\u0101 maska NIJ IIIA no\u0146emama \u0137iver\u0113m ar slied\u0113m ab\u0101s pus\u0113s"},"content":{"rendered":"<p>No\u0146emam\u0101 ballistisk\u0101 maska ir jauna IIIA klases ballistisk\u0101 maska, kas piestiprin\u0101ma pie ballistisk\u0101s \u0137iveres.<\/p>\n<p>\u0160is produkts ir piem\u0113rots \u0137iver\u0113m ar slied\u0113m ab\u0101s pus\u0113s. Piem\u0113ram: WENDY, FAST utt.<\/p>\n<p>Aizsardz\u012bbas klase: NIJ IIIA l\u012bmenis<\/p>\n<p>Svars: 1,50\u00a0kg (3,31\u00a0m\u0101rci\u0146as)<\/p>\n<p>Materi\u0101ls: PC, PMMA utt.<\/p>\n<p>Izm\u0113rs: 350\u00a0mm (L) * 145\u00a0mm (H)<\/p>\n<p>Maskas biezums: 22mm<\/p>\n<p>Spilgtums: 83,9%<\/p>\n<p>Der\u012bguma termi\u0146\u0161: 5 gadi<\/p>\n<p>Ja jums ir nepiecie\u0161ama lo\u017eu necaurlaid\u012bga \u0137ivere, l\u016bdzu, dodieties uz m\u016bsu veikalu, lai to ieg\u0101d\u0101tos. Paldies!<\/p>\n<p>S\u012bk\u0101ka inform\u0101cija par iepakojumu: 1 * Lo\u017eu necaurlaid\u012bgs sejas aizsargs (\u0137ivere nav iek\u013cauta)<\/p>\n","protected":false},"excerpt":{"rendered":"<p>Galvenais materi\u0101ls ir izgatavots no augstas kvalit\u0101tes caursp\u012bd\u012bga polikarbon\u0101ta sve\u0137u PC un akrila pl\u0101tnes sendvi\u010da tipa kompoz\u012btmateri\u0101la, ar augstu iz\u0161\u0137irtsp\u0113ju, bez \u0161\u013cakat\u0101m, labu lo\u017eu necaurlaid\u012bgu efektu<\/p>\n<p>Lo\u017eu necaurlaid\u012bg\u0101s maskas kron\u0161teins ir izgatavots no t\u0113rauda un augstas stipr\u012bbas materi\u0101liem, ko var stabili piel\u0101got da\u017e\u0101dos le\u0146\u0137os<\/p>\n<p>M\u0113s esam cie\u0161i sadarboju\u0161ies ar lo\u0123istikas pakalpojumu sniedz\u0113jiem un varam garant\u0113t pre\u010du pieg\u0101di gandr\u012bz uz katru valsti un re\u0123ionu, un visas m\u016bsu r\u016bpn\u012bcas vietn\u0113 pas\u016bt\u012bt\u0101s preces ir bez pasta maksas<\/p>\n","protected":false},"featured_media":11718,"comment_status":"open","ping_status":"closed","template":"","meta":[],"product_brand":[],"product_cat":[591],"product_tag":[],"woo-feed-brand":[50],"class_list":{"0":"post-13197","1":"product","2":"type-product","3":"status-publish","4":"has-post-thumbnail","6":"product_cat-ballistiska-maska","7":"product_shipping_class-0-3-kg-lv","8":"woo-feed-brand-tyditiao","10":"first","11":"instock","12":"sale","13":"shipping-taxable","14":"purchasable","15":"product-type-simple"},"_links":{"self":[{"href":"http:\/\/tyditiao.com\/lv\/wp-json\/wp\/v2\/product\/13197","targetHints":{"allow":["GET"]}}],"collection":[{"href":"http:\/\/tyditiao.com\/lv\/wp-json\/wp\/v2\/product"}],"about":[{"href":"http:\/\/tyditiao.com\/lv\/wp-json\/wp\/v2\/types\/product"}],"replies":[{"embeddable":true,"href":"http:\/\/tyditiao.com\/lv\/wp-json\/wp\/v2\/comments?post=13197"}],"wp:featuredmedia":[{"embeddable":true,"href":"http:\/\/tyditiao.com\/lv\/wp-json\/wp\/v2\/media\/11718"}],"wp:attachment":[{"href":"http:\/\/tyditiao.com\/lv\/wp-json\/wp\/v2\/media?parent=13197"}],"wp:term":[{"taxonomy":"product_brand","embeddable":true,"href":"http:\/\/tyditiao.com\/lv\/wp-json\/wp\/v2\/product_brand?post=13197"},{"taxonomy":"product_cat","embeddable":true,"href":"http:\/\/tyditiao.com\/lv\/wp-json\/wp\/v2\/product_cat?post=13197"},{"taxonomy":"product_tag","embeddable":true,"href":"http:\/\/tyditiao.com\/lv\/wp-json\/wp\/v2\/product_tag?post=13197"},{"taxonomy":"woo-feed-brand","embeddable":true,"href":"http:\/\/tyditiao.com\/lv\/wp-json\/wp\/v2\/woo-feed-brand?post=13197"}],"curies":[{"name":"wp","href":"https:\/\/api.w.org\/{rel}","templated":true}]}}