{"id":13216,"date":"2022-10-11T16:42:26","date_gmt":"2022-10-11T14:42:26","guid":{"rendered":"http:\/\/tyditiao.com\/product\/viegla-ballistiska-aramida-maska-taktiska-lozu-necaurlaidiga-nij-iiia-full-face-maska\/"},"modified":"2026-01-25T18:34:27","modified_gmt":"2026-01-25T16:34:27","slug":"ballistic-mask-aramid-nij-iiia-full-face-tactical-bulletproof-mask","status":"publish","type":"product","link":"http:\/\/tyditiao.com\/lv\/product\/ballistic-mask-aramid-nij-iiia-full-face-tactical-bulletproof-mask\/","title":{"rendered":"viegla ballistisk\u0101 aram\u012bda maska, taktisk\u0101 lo\u017eu necaurlaid\u012bg\u0101 NIJ IIIA Full Face maska"},"content":{"rendered":"<p>Svars: 0,85 kg<\/p>\n<p>Materi\u0101ls: aram\u012bds<\/p>\n<p>Biezums: 8 mm biezs aram\u012bds un 1 mm p\u0101rkl\u0101jums<\/p>\n<p>Aizsardz\u012bbas klase: NIJ 0101.06 IIIA l\u012bmenis<\/p>\n<p>Izm\u0113rs: viens izm\u0113rs der visiem<\/p>\n<p>Der\u012bguma termi\u0146\u0161: 5 gadi<\/p>\n<p>Piem\u0113rojamie scen\u0101riji: m\u0101jas aizsardz\u012bba, apsardze, policijas apr\u012bkojums, faktisk\u0101 kauja, cosplay<\/p>\n<p>OEM\/ODM pakalpojums pieejams p\u0113c piepras\u012bjuma<\/p>\n<p>Iepakojuma saraksts: 1x pilnas sejas lo\u017eu necaurlaid\u012bga maska<\/p>\n","protected":false},"excerpt":{"rendered":"<p>Aizsarg\u0101 vissvar\u012bg\u0101k\u0101s zonas ar minim\u0101lu svaru: piln\u012bb\u0101 p\u0101rkl\u0101j lietot\u0101ja seju, lai apvainotos<\/p>\n<p>Materi\u0101ls: Izgatavots no uzlabot\u0101m viegl\u0101m kevlar \u0161\u0137iedr\u0101m, kas ir 15 reizes stipr\u0101kas par t\u0113raudu, lai samazin\u0101tu lo\u017eu draudus<\/p>\n<p>Unik\u0101ls ergonomisks dizains: 6\u00a0punktos regul\u0113jama neilona galvas saite un papildu polster\u0113jums atbilst jebkurai galvas formai un uzlabo valk\u0101\u0161anas komfortu<\/p>\n<p>Piem\u0113rojamie lietojumi: m\u0101jas aizsardz\u012bba, lauka apm\u0101c\u012bba, miesassargi, person\u0101ls, kas iesaist\u012bts b\u012bstam\u0101s oper\u0101cij\u0101s \u0101rvalstu bru\u0146otu konfliktu zon\u0101s, milit\u0101rpersonas, cosplay utt.<\/p>\n","protected":false},"featured_media":11642,"comment_status":"open","ping_status":"closed","template":"","meta":[],"product_brand":[],"product_cat":[591],"product_tag":[],"woo-feed-brand":[50],"class_list":{"0":"post-13216","1":"product","2":"type-product","3":"status-publish","4":"has-post-thumbnail","6":"product_cat-ballistiska-maska","7":"product_shipping_class-0-3-kg-lv","8":"woo-feed-brand-tyditiao","10":"first","11":"instock","12":"sale","13":"shipping-taxable","14":"purchasable","15":"product-type-simple"},"_links":{"self":[{"href":"http:\/\/tyditiao.com\/lv\/wp-json\/wp\/v2\/product\/13216","targetHints":{"allow":["GET"]}}],"collection":[{"href":"http:\/\/tyditiao.com\/lv\/wp-json\/wp\/v2\/product"}],"about":[{"href":"http:\/\/tyditiao.com\/lv\/wp-json\/wp\/v2\/types\/product"}],"replies":[{"embeddable":true,"href":"http:\/\/tyditiao.com\/lv\/wp-json\/wp\/v2\/comments?post=13216"}],"wp:featuredmedia":[{"embeddable":true,"href":"http:\/\/tyditiao.com\/lv\/wp-json\/wp\/v2\/media\/11642"}],"wp:attachment":[{"href":"http:\/\/tyditiao.com\/lv\/wp-json\/wp\/v2\/media?parent=13216"}],"wp:term":[{"taxonomy":"product_brand","embeddable":true,"href":"http:\/\/tyditiao.com\/lv\/wp-json\/wp\/v2\/product_brand?post=13216"},{"taxonomy":"product_cat","embeddable":true,"href":"http:\/\/tyditiao.com\/lv\/wp-json\/wp\/v2\/product_cat?post=13216"},{"taxonomy":"product_tag","embeddable":true,"href":"http:\/\/tyditiao.com\/lv\/wp-json\/wp\/v2\/product_tag?post=13216"},{"taxonomy":"woo-feed-brand","embeddable":true,"href":"http:\/\/tyditiao.com\/lv\/wp-json\/wp\/v2\/woo-feed-brand?post=13216"}],"curies":[{"name":"wp","href":"https:\/\/api.w.org\/{rel}","templated":true}]}}