{"id":13929,"date":"2023-01-16T12:36:49","date_gmt":"2023-01-16T10:36:49","guid":{"rendered":"http:\/\/tyditiao.com\/product\/noslepjamas-brunuvestes-lozu-necaurlaidiga-veste-ar-nij-iiia-aizsardzibas-limeni-personigais-ara-drosibas-aprikojums\/"},"modified":"2026-01-25T18:28:58","modified_gmt":"2026-01-25T16:28:58","slug":"noslepjama-lozu-necaurlaidiga-veste-lozu-necaurlaidiga-veste-ar-ni-iiia-aizsardzibas-personigas-drosibas-aprikojums-ara","status":"publish","type":"product","link":"http:\/\/tyditiao.com\/lv\/product\/noslepjama-lozu-necaurlaidiga-veste-lozu-necaurlaidiga-veste-ar-ni-iiia-aizsardzibas-personigas-drosibas-aprikojums-ara\/","title":{"rendered":"Nosl\u0113pjamas bru\u0146uvestes, lo\u017eu necaurlaid\u012bga veste ar NIJ IIIA aizsardz\u012bbas l\u012bmeni, person\u012bgais \u0101ra dro\u0161\u012bbas apr\u012bkojums"},"content":{"rendered":"<p>Materi\u0101ls: \u012bpa\u0161i augstas molekul\u0101r\u0101s PE materi\u0101ls, kas var iztur\u0113t vair\u0101kus \u0161\u0101vienus, vienlaikus saglab\u0101jot elast\u012bbu. Tam piem\u012bt viegluma, maiguma, komforta, izcilas UV iztur\u012bbas, zemas mitruma jut\u012bbas un \u016bdensiztur\u012bbas \u012bpa\u0161\u012bbas.<\/p>\n<p>Aizsardz\u012bbas klase: NIJ IIIA priek\u0161\u0113j\u0101 un aizmugur\u0113j\u0101 aizsardz\u012bba<\/p>\n<p>Blo\u0137\u0113jamas lodes:<br \/>\n.44 Magnum<br \/>\n0,40 S&amp;W, 0,357 Magnum, 0,45<br \/>\nlo\u017emet\u0113js 9mm<br \/>\nDa\u013c\u0113ji apvalkotas dob\u0101s (SJHP) lodes<br \/>\nPilna met\u0101la \u0161\u0101vi\u0146a kalibr\u0113\u0161ana 9\u00a0mm, nomin\u0101lais svars 8,0\u00a0g (124\u00a0g), trieciena \u0101trums 426\u00a0m\/s (1400\u00a0ft\/s) vai maz\u0101ks<br \/>\nNodro\u0161ina ar\u012b aizsardz\u012bbu pret liel\u0101ko da\u013cu iero\u010du draudu, k\u0101 ar\u012b IIA un II klases draudiem<\/p>\n<p>Kr\u0101sa: melna<br \/>\nDzimums: Unisex<br \/>\nAp\u0123\u0113rba veids: Veste, Tops<br \/>\nPiedurk\u0146u veids: bez piedurkn\u0113m<br \/>\nFunkcija: Lo\u017eu necaurlaid\u012bgs<br \/>\nizm\u0113rs: viens izm\u0113rs<br \/>\nSvars: 2,5 kg<br \/>\nMazg\u0101\u0161ana: iek\u0161\u0113jo oderi un virsdr\u0113bes var atdal\u012bt, iek\u0161\u0113jo lo\u017eu necaurlaid\u012bgo sl\u0101ni nevar mazg\u0101t, vienk\u0101r\u0161i not\u012briet \u0101r\u0113jo sl\u0101ni<\/p>\n<p>Iepakojum\u0101: 1 x lo\u017eu necaurlaid\u012bga veste (NIJ IIIA)<\/p>\n","protected":false},"excerpt":{"rendered":"<p>M\u012bksts un viegls: elast\u012bgs, \u0113rti valk\u0101jams, b\u016bt\u012bb\u0101 neietekm\u0113 cilv\u0113ka \u0137ermeni, lai skrietu vai tup\u0113tu<\/p>\n<p>Lielisks pasl\u0113pums: regul\u0113jams 4 da\u017e\u0101dos punktos ar velcro siksn\u0101m, lai viegli pasl\u0113ptu zem ap\u0123\u0113rba<\/p>\n<p>NIJ IIIA aizsardz\u012bba: augst\u0101kais aizsardz\u012bbas l\u012bmenis, kas \u0161obr\u012bd pieejams lo\u017eu necaurlaid\u012bg\u0101m vest\u0113m<\/p>\n<p>Laba izple\u0161an\u0101s veiktsp\u0113ja: priek\u0161\u0113j\u0101s un aizmugur\u0113j\u0101s bru\u0146u kabatas var piestiprin\u0101t ar lo\u017eu necaurlaid\u012bg\u0101m t\u0113rauda pl\u0101ksn\u0113m, lai nodro\u0161in\u0101tu papildu aizsardz\u012bbu atbilsto\u0161i sav\u0101m vajadz\u012bb\u0101m<\/p>\n<p>Piem\u0113rojam\u0101s personas: \u017durn\u0101listi un milit\u0101rpersonas ce\u013co pa kara plos\u012btaj\u0101m teritorij\u0101m, un tos var izmantot ar\u012b m\u0101jas aizsardz\u012bbai, lai aizsarg\u0101tu savu dro\u0161\u012bbu un \u0137ermeni no lod\u0113m un gru\u017eiem.<\/p>\n","protected":false},"featured_media":12421,"comment_status":"open","ping_status":"closed","template":"","meta":[],"product_brand":[],"product_cat":[858],"product_tag":[],"woo-feed-brand":[50],"class_list":{"0":"post-13929","1":"product","2":"type-product","3":"status-publish","4":"has-post-thumbnail","6":"product_cat-taktiska-veste","7":"woo-feed-brand-tyditiao","9":"first","10":"instock","11":"sale","12":"shipping-taxable","13":"purchasable","14":"product-type-simple"},"_links":{"self":[{"href":"http:\/\/tyditiao.com\/lv\/wp-json\/wp\/v2\/product\/13929","targetHints":{"allow":["GET"]}}],"collection":[{"href":"http:\/\/tyditiao.com\/lv\/wp-json\/wp\/v2\/product"}],"about":[{"href":"http:\/\/tyditiao.com\/lv\/wp-json\/wp\/v2\/types\/product"}],"replies":[{"embeddable":true,"href":"http:\/\/tyditiao.com\/lv\/wp-json\/wp\/v2\/comments?post=13929"}],"wp:featuredmedia":[{"embeddable":true,"href":"http:\/\/tyditiao.com\/lv\/wp-json\/wp\/v2\/media\/12421"}],"wp:attachment":[{"href":"http:\/\/tyditiao.com\/lv\/wp-json\/wp\/v2\/media?parent=13929"}],"wp:term":[{"taxonomy":"product_brand","embeddable":true,"href":"http:\/\/tyditiao.com\/lv\/wp-json\/wp\/v2\/product_brand?post=13929"},{"taxonomy":"product_cat","embeddable":true,"href":"http:\/\/tyditiao.com\/lv\/wp-json\/wp\/v2\/product_cat?post=13929"},{"taxonomy":"product_tag","embeddable":true,"href":"http:\/\/tyditiao.com\/lv\/wp-json\/wp\/v2\/product_tag?post=13929"},{"taxonomy":"woo-feed-brand","embeddable":true,"href":"http:\/\/tyditiao.com\/lv\/wp-json\/wp\/v2\/woo-feed-brand?post=13929"}],"curies":[{"name":"wp","href":"https:\/\/api.w.org\/{rel}","templated":true}]}}