{"id":14114,"date":"2022-10-18T05:26:18","date_gmt":"2022-10-18T03:26:18","guid":{"rendered":"http:\/\/tyditiao.com\/product\/areja-taktiska-atri-nolaizama-veste-cs-taktiska-veste-ar-2xpe-iiia-10x12-lozu-necaurlaidigu-plaksni\/"},"modified":"2026-01-25T18:32:30","modified_gmt":"2026-01-25T16:32:30","slug":"zewnetrzna-tactical-veste-ar-atras-izlaisanas-taktiska-veste-cs-ar-lozu-necaurlaidigo-plaksni-2xpe-iiia-10x12","status":"publish","type":"product","link":"http:\/\/tyditiao.com\/lv\/product\/zewnetrzna-tactical-veste-ar-atras-izlaisanas-taktiska-veste-cs-ar-lozu-necaurlaidigo-plaksni-2xpe-iiia-10x12\/","title":{"rendered":"\u0100r\u0113j\u0101 taktisk\u0101 \u0101tri nolai\u017eam\u0101 veste, CS taktisk\u0101 veste ar 2XPE IIIA 10&#215;12 lo\u017eu necaurlaid\u012bgu pl\u0101ksni"},"content":{"rendered":"<p>\u0160\u012b izstr\u0101d\u0101juma s\u0101ni un pleci ir regul\u0113jami ar Velcro, t\u0101p\u0113c to var valk\u0101t jebkura izm\u0113ra lietot\u0101ji.<br \/>\nIek\u0161\u0113jais sl\u0101nis: augstas stipr\u012bbas materi\u0101ls, \u016bdensiztur\u012bgs, ilgs kalpo\u0161anas laiks un stabils.<br \/>\n\u0100r\u0113jais sl\u0101nis: Oksforda, kokvilna vai neilons, nodilumiztur\u012bgs, iztur\u012bgs pret traipiem un iztur\u012bgs.<br \/>\nJaku var apr\u012bkot ar ballistiskajiem ielikt\u0146iem papildu aizsardz\u012bbai.<\/p>\n<p>Aizsardz\u012bbas l\u012bmenis: noklus\u0113juma PE lo\u017eu necaurlaid\u012bg\u0101 pl\u0101ksne, NIJIIIA,<br \/>\nAizsardz\u012bbas ieliktnis: UHMW-PE<br \/>\nBiezums: \uff5e8mm\/\uff5e0,3&#8242;<br \/>\nDer\u012bguma termi\u0146\u0161: 5 gadi<br \/>\nL\u0101di\u0146u veidi, pret kuriem var aizsarg\u0101ties:<br \/>\n9\u00a0mm pilna met\u0101la jaka (FMJ) \/ apa\u013ca galva (RN)<br \/>\n.44 Univers\u0101l\u0101 jaka Hollow Point (JHP)<\/p>\n<p>M\u0113r\u0137a lietot\u0101ji:<br \/>\nSl\u0113pt\u0101s NIJ IIIA klases lo\u017eu necaurlaid\u012bg\u0101s vestes pasarg\u0101 no ar iero\u010diem saist\u012btiem apdraud\u0113jumiem. Un tam ir vair\u0101k piederumu, un tas aiz\u0146em liel\u0101ku plat\u012bbu. Izm\u0113ru var regul\u0113t ar Velcro s\u0101niem un pleciem. M\u016bsu produktus var apr\u012bkot ar bru\u0146otajiem sp\u0113kiem, SWAT a\u0123ent\u016br\u0101m, iek\u0161\u0113j\u0101s dro\u0161\u012bbas a\u0123ent\u016br\u0101m, muitas un robe\u017eapsardz\u012bbas a\u0123ent\u016br\u0101m, imigr\u0101cijas kontroles a\u0123ent\u016br\u0101m un cit\u0101m a\u0123ent\u016br\u0101m, kur\u0101m ir \u0161aujamiero\u010du risks. Cilv\u0113ki g\u016bst lab\u0101kus rezult\u0101tus un maz\u0101k upuru.<\/p>\n","protected":false},"excerpt":{"rendered":"<p>\u012astenojiet \u0101tro atvieno\u0161anu: viduk\u013ca \u0101tr\u0101s atvieno\u0161anas spr\u0101dze ir viegli lietojama.<\/p>\n<p>Pla\u0161a kr\u0101tuve: ieb\u016bv\u0113ta glab\u0101\u0161anas kabata, un komun\u0101lo pakalpojumu kabatu var uzst\u0101d\u012bt vai no\u0146emt atbilsto\u0161i j\u016bsu vajadz\u012bb\u0101m.<\/p>\n<p>Apr\u012bkots ar priek\u0161\u0113j\u0101m un aizmugur\u0113j\u0101m NIJ IIIA lo\u017eu necaurlaid\u012bg\u0101m pl\u0101ksn\u0113m: var tikt gal\u0101 ar pistoles lo\u017eu draudiem.<\/p>\n<p>REGUL\u0112JAMS IZM\u0112RS: Regul\u0113jams izm\u0113rs ar Velcro uzliktni s\u0101nos un plecos.<\/p>\n","protected":false},"featured_media":11794,"comment_status":"open","ping_status":"closed","template":"","meta":[],"product_brand":[],"product_cat":[858],"product_tag":[],"woo-feed-brand":[50],"class_list":{"0":"post-14114","1":"product","2":"type-product","3":"status-publish","4":"has-post-thumbnail","6":"product_cat-taktiska-veste","7":"woo-feed-brand-tyditiao","9":"first","10":"instock","11":"sale","12":"shipping-taxable","13":"purchasable","14":"product-type-simple"},"_links":{"self":[{"href":"http:\/\/tyditiao.com\/lv\/wp-json\/wp\/v2\/product\/14114","targetHints":{"allow":["GET"]}}],"collection":[{"href":"http:\/\/tyditiao.com\/lv\/wp-json\/wp\/v2\/product"}],"about":[{"href":"http:\/\/tyditiao.com\/lv\/wp-json\/wp\/v2\/types\/product"}],"replies":[{"embeddable":true,"href":"http:\/\/tyditiao.com\/lv\/wp-json\/wp\/v2\/comments?post=14114"}],"wp:featuredmedia":[{"embeddable":true,"href":"http:\/\/tyditiao.com\/lv\/wp-json\/wp\/v2\/media\/11794"}],"wp:attachment":[{"href":"http:\/\/tyditiao.com\/lv\/wp-json\/wp\/v2\/media?parent=14114"}],"wp:term":[{"taxonomy":"product_brand","embeddable":true,"href":"http:\/\/tyditiao.com\/lv\/wp-json\/wp\/v2\/product_brand?post=14114"},{"taxonomy":"product_cat","embeddable":true,"href":"http:\/\/tyditiao.com\/lv\/wp-json\/wp\/v2\/product_cat?post=14114"},{"taxonomy":"product_tag","embeddable":true,"href":"http:\/\/tyditiao.com\/lv\/wp-json\/wp\/v2\/product_tag?post=14114"},{"taxonomy":"woo-feed-brand","embeddable":true,"href":"http:\/\/tyditiao.com\/lv\/wp-json\/wp\/v2\/woo-feed-brand?post=14114"}],"curies":[{"name":"wp","href":"https:\/\/api.w.org\/{rel}","templated":true}]}}